{"id":16797,"date":"2021-10-12T16:27:24","date_gmt":"2021-10-12T16:27:24","guid":{"rendered":"https:\/\/fancyadventurefactory.com\/?page_id=16797"},"modified":"2025-02-19T12:01:30","modified_gmt":"2025-02-19T12:01:30","slug":"contact-us","status":"publish","type":"page","link":"https:\/\/fancyadventurefactory.com\/lv\/contact-us\/","title":{"rendered":"Contact us"},"content":{"rendered":"\t\t<div data-elementor-type=\"wp-page\" data-elementor-id=\"16797\" class=\"elementor elementor-16797 elementor-4439\">\n\t\t\t\t<div class=\"wd-negative-gap elementor-element elementor-element-cb322d0 e-flex e-con-boxed e-con e-parent\" data-id=\"cb322d0\" data-element_type=\"container\" data-e-type=\"container\">\n\t\t\t\t\t<div class=\"e-con-inner\">\n\t\t<div class=\"elementor-element elementor-element-1f0abe4 e-con-full e-flex e-con e-child\" data-id=\"1f0abe4\" data-element_type=\"container\" data-e-type=\"container\">\n\t\t\t\t<div class=\"elementor-element elementor-element-071523a wd-width-100 elementor-widget elementor-widget-wd_title\" data-id=\"071523a\" data-element_type=\"widget\" data-e-type=\"widget\" data-widget_type=\"wd_title.default\">\n\t\t\t\t<div class=\"elementor-widget-container\">\n\t\t\t\t\t\t\t<div class=\"title-wrapper wd-set-mb reset-last-child wd-title-color-default wd-title-style-default wd-title-size-default text-left\">\n\n\t\t\t\t\t\t\t\t\t\t\t<div class=\"title-subtitle subtitle-color-default subtitle-style-default wd-fontsize-xs\">\n\t\t\t\t\tJaut\u0101jumi un atbildes\t\t\t\t<\/div>\n\t\t\t\n\t\t\t<div class=\"liner-continer\">\n\t\t\t\t<h4 class=\"woodmart-title-container title wd-fontsize-l\">Bie\u017e\u0101k uzdotie jaut\u0101jumi<\/h4> \n\t\t\t\t\t\t\t<\/div>\n\n\t\t\t\t\t<\/div>\n\t\t\t\t\t\t<\/div>\n\t\t\t\t<\/div>\n\t\t\t\t<div class=\"elementor-element elementor-element-2a7c1c6 elementor-widget elementor-widget-wd_accordion\" data-id=\"2a7c1c6\" data-element_type=\"widget\" data-e-type=\"widget\" data-widget_type=\"wd_accordion.default\">\n\t\t\t\t<div class=\"elementor-widget-container\">\n\t\t\t\t\t\n\t\t<div class=\"wd-accordion wd-style-default wd-titles-left wd-opener-pos-right wd-opener-style-arrow\" data-state=\"first\">\n\t\t\t\t\t\t\t\n\t\t\t\t<div class=\"wd-accordion-item\">\n\t\t\t\t\t<div class=\"wd-accordion-title wd-role-btn wd-active\" data-accordion-index=\"0\" tabindex=\"0\">\n\t\t\t\t\t\t<div class=\"wd-accordion-title-text\">\n\t\t\t\t\t\t\t\t\t\t\t\t\t\t<span>\n\t\t\t\t\t\t\t\tPas\u016bt\u012bjumi un maks\u0101jumi\t\t\t\t\t\t\t<\/span>\n\t\t\t\t\t\t<\/div>\n\t\t\t\t\t\t<span class=\"wd-accordion-opener\"><\/span>\n\t\t\t\t\t<\/div>\n\n\t\t\t\t\t<div class=\"wd-accordion-content wd-entry-content wd-active\" data-accordion-index=\"0\">\n\t\t\t\t\t\t\t\t\t\t\t\t\t\n\t\t\t\t\t\t\t<p data-sourcepos=\"1:1-1:75\">Pas\u016bt\u012bjumus var veikt m\u016bsu m\u0101jaslap\u0101 24 stundas diennakt\u012b, 7 dienas ned\u0113\u013c\u0101.<\/p><p data-sourcepos=\"3:1-3:230\">Pilns maks\u0101jums ir j\u0101veic pirms jebk\u0101das pas\u016bt\u012bjuma da\u013cas nos\u016bt\u012b\u0161anas vai apstr\u0101des. Maks\u0101jumu var veikt, izmantojot m\u016bsu dro\u0161\u0101s tie\u0161saistes maks\u0101jumu sist\u0113mas nor\u0113\u0137in\u0101\u0161an\u0101s laik\u0101, vai ar bankas p\u0101rskait\u012bjumu uz m\u016bsu bankas kontu.<\/p><p data-sourcepos=\"5:1-5:144\">J\u016bsu dro\u0161\u012bbai m\u0113s nepie\u0146emam maks\u0101jumus pa t\u0101lruni vai e-pastu, un m\u0113s iesak\u0101m neizpaust savu kred\u012btkartes vai bankas inform\u0101ciju \u0161ajos kan\u0101los.<\/p><p data-sourcepos=\"7:1-7:247\">Lai nov\u0113rstu kr\u0101pnieciskus pirkumus, m\u016bsu maks\u0101jumu sist\u0113mas izv\u0113rt\u0113 nor\u0113\u0137inu adresi, pieg\u0101des adresi, j\u016bsu izcelsmes valsti un vair\u0101kus citus faktorus. L\u016bdzu, p\u0101rliecinieties, ka sniegt\u0101 inform\u0101cija ir prec\u012bza, lai pa\u0101trin\u0101tu pas\u016bt\u012bjuma apstr\u0101di.<\/p>\n\t\t\t\t\t\t\t\t\t\t\t\t\t\t\t\t\t\t<\/div>\n\t\t\t\t<\/div>\n\t\t\t\t\t\t\t\n\t\t\t\t<div class=\"wd-accordion-item\">\n\t\t\t\t\t<div class=\"wd-accordion-title wd-role-btn\" data-accordion-index=\"1\" tabindex=\"0\">\n\t\t\t\t\t\t<div class=\"wd-accordion-title-text\">\n\t\t\t\t\t\t\t\t\t\t\t\t\t\t<span>\n\t\t\t\t\t\t\t\tPieg\u0101des laiks: Kad pien\u0101ks mans pas\u016bt\u012bjums?\t\t\t\t\t\t\t<\/span>\n\t\t\t\t\t\t<\/div>\n\t\t\t\t\t\t<span class=\"wd-accordion-opener\"><\/span>\n\t\t\t\t\t<\/div>\n\n\t\t\t\t\t<div class=\"wd-accordion-content wd-entry-content\" data-accordion-index=\"1\">\n\t\t\t\t\t\t\t\t\t\t\t\t\t\n\t\t\t\t\t\t\t<p data-sourcepos=\"1:1-1:227\">P\u0113c pirkuma pabeig\u0161anas pas\u016bt\u012bjumi parasti tiek apstr\u0101d\u0101ti nos\u016bt\u012b\u0161anai n\u0101kamaj\u0101 darba dien\u0101 (no pirmdienas l\u012bdz piektdienai, iz\u0146emot sv\u0113tku dienas). Piem\u0113ram, piektdienas r\u012bt\u0101 veiktie pas\u016bt\u012bjumi parasti tiek nos\u016bt\u012bti pirmdien\u0101.<\/p><p data-sourcepos=\"3:1-3:192\">Pas\u016bt\u012bjums tiks nos\u016bt\u012bts tikai p\u0113c pilna maks\u0101juma sa\u0146em\u0161anas un apstiprin\u0101\u0161anas. Bankas p\u0101rskait\u012bjumu gad\u012bjum\u0101 maks\u0101jums tiek uzskat\u012bts par sa\u0146emtu, kad nauda ir ieskait\u012bta m\u016bsu bankas kont\u0101.<\/p><p data-sourcepos=\"5:1-5:27\">Pieg\u0101des laiki ir aptuveni:<\/p><ul data-sourcepos=\"7:1-10:0\"><li data-sourcepos=\"7:1-7:76\">Blakus eso\u0161\u0101s 48 ASV valstis un Kan\u0101das dienvidu da\u013ca: 7-10 darba dienas<\/li><li data-sourcepos=\"8:1-8:25\">ES: 6-10 darba dienas<\/li><li data-sourcepos=\"9:1-10:0\">Citas vietas pasaul\u0113: 5-10 darba dienas<\/li><\/ul><p data-sourcepos=\"11:1-11:137\">Lai gan m\u0113s cen\u0161amies nodro\u0161in\u0101t savlaic\u012bgu pieg\u0101di, FancyAdventureFactory nav atbild\u012bgs par izmaks\u0101m, kas radu\u0161\u0101s pieg\u0101des kav\u0113jumu d\u0113\u013c.<\/p><p data-sourcepos=\"13:1-13:376\">M\u0113s visus pas\u016bt\u012bjumus s\u016bt\u0101m apdro\u0161in\u0101tus, izmantojot liel\u0101kos p\u0101rvad\u0101t\u0101jus (UPS, FedEx, DHL u.c.). P\u0113c nos\u016bt\u012b\u0161anas eti\u0137etes izveido\u0161anas uz e-pasta adresi, kuru nor\u0101d\u012bj\u0101t nor\u0113\u0137in\u0101\u0161an\u0101s laik\u0101, sa\u0146emsiet izseko\u0161anas numuru (kura aktiviz\u0113\u0161ana var ilgt l\u012bdz 24 stund\u0101m). L\u016bdzu, \u0146emiet v\u0113r\u0101, ka p\u0113c nos\u016bt\u012b\u0161anas pieg\u0101des laiku, pakalpojumu un paraksta pras\u012bbas nav iesp\u0113jams main\u012bt.<\/p><p data-sourcepos=\"15:1-15:345\">Lai gan CanvasCamp ir noliktavas un izplat\u012b\u0161anas centri \u010detros kontinentos, j\u016bsu pas\u016bt\u012bjums var tikt nos\u016bt\u012bts no m\u016bsu galven\u0101s m\u012btnes Be\u013c\u0123ij\u0101. Neuztraucieties, pas\u016bt\u012bjumi, kas tiek nos\u016bt\u012bti no Be\u013c\u0123ijas, bie\u017ei vien pien\u0101k \u0101tr\u0101k nek\u0101 pas\u016bt\u012bjumi, kas tiek nos\u016bt\u012bti no m\u016bsu citiem noliktavu centriem, jo tie vismaz da\u013c\u0113ji tiek transport\u0113ti pa gaisu.<\/p><p data-sourcepos=\"17:1-17:232\">Retos gad\u012bjumos pirkumam var b\u016bt nepiecie\u0161ama sekund\u0101r\u0101 kr\u0101p\u0161anas p\u0101rbaude, kas var ilgt l\u012bdz div\u0101m darba dien\u0101m pirms pas\u016bt\u012bjuma nos\u016bt\u012b\u0161anas. L\u016bdzu, skatiet m\u016bsu sada\u013cu par aizsardz\u012bbu pret kr\u0101p\u0161anu, lai ieg\u016btu papildu inform\u0101ciju.<\/p>\n\t\t\t\t\t\t\t\t\t\t\t\t\t\t\t\t\t\t<\/div>\n\t\t\t\t<\/div>\n\t\t\t\t\t\t\t\n\t\t\t\t<div class=\"wd-accordion-item\">\n\t\t\t\t\t<div class=\"wd-accordion-title wd-role-btn\" data-accordion-index=\"2\" tabindex=\"0\">\n\t\t\t\t\t\t<div class=\"wd-accordion-title-text\">\n\t\t\t\t\t\t\t\t\t\t\t\t\t\t<span>\n\t\t\t\t\t\t\t\tAtgrie\u0161ana un mai\u0146a\t\t\t\t\t\t\t<\/span>\n\t\t\t\t\t\t<\/div>\n\t\t\t\t\t\t<span class=\"wd-accordion-opener\"><\/span>\n\t\t\t\t\t<\/div>\n\n\t\t\t\t\t<div class=\"wd-accordion-content wd-entry-content\" data-accordion-index=\"2\">\n\t\t\t\t\t\t\t\t\t\t\t\t\t\n\t\t\t\t\t\t\t<div id=\"model-response-message-contentr_78b432f1bbfcf8f8\" class=\"markdown markdown-main-panel stronger\" dir=\"ltr\"><p data-sourcepos=\"1:1-1:405\">M\u0113s esam p\u0101rliecin\u0101ti, ka jums patiks j\u016bsu CanvasCamp produkts. Tom\u0113r, ja neesat piln\u012bb\u0101 apmierin\u0101ts, varat ierosin\u0101t atgrie\u0161anu vai apmai\u0146u 14 dienu laik\u0101 p\u0113c pieg\u0101des. L\u016bdzu, sazinieties ar mums \u0161aj\u0101 termi\u0146\u0101, lai sa\u0146emtu atgrie\u0161anas at\u013cauju. Ja nevarat p\u0101rbaud\u012bt savas preces 14 dienu laik\u0101, l\u016bdzu, inform\u0113jiet m\u016bs par to pirkuma br\u012bd\u012b. Atgrie\u0161ana un apmai\u0146a netiks apstr\u0101d\u0101ta bez iepriek\u0161\u0113jas at\u013caujas.<\/p><p data-sourcepos=\"3:1-3:261\">Atgrie\u0161anas un apmai\u0146as pieg\u0101des izmaksas sedz klients. \u0145emot v\u0113r\u0101 m\u016bsu tel\u0161u, tipu un kr\u0101\u0161\u0146u izm\u0113ru un svaru, pieg\u0101de var b\u016bt iev\u0113rojama. M\u0113s iesak\u0101m r\u016bp\u012bgi izlas\u012bt produktu aprakstus un sazin\u0101ties ar mums, ja jums ir k\u0101di jaut\u0101jumi pirms pas\u016bt\u012bjuma veik\u0161anas.<\/p><p data-sourcepos=\"5:1-5:75\">P\u0113c tam, kad b\u016bsim sa\u0146\u0113mu\u0161i j\u016bsu at\u013cauto atgrie\u0161anu, m\u0113s p\u0101rbaud\u012bsim preci.<\/p><p data-sourcepos=\"7:1-7:98\">Pilna pirkuma cenas atmaksa vai ekvivalents veikala kred\u012bts var tikt izsniegts par prec\u0113m, kas ir:<\/p><ul data-sourcepos=\"9:1-13:0\"><li data-sourcepos=\"9:1-9:24\">Jaunas un nelietotas<\/li><li data-sourcepos=\"10:1-10:69\">Komplekt\u0101 ar vis\u0101m ori\u0123in\u0101laj\u0101m da\u013c\u0101m, iepakojumu un instrukcij\u0101m<\/li><li data-sourcepos=\"11:1-11:89\">Bezm\u0113sliem, boj\u0101jumiem un nolietojuma no lieto\u0161anas, uzglab\u0101\u0161anas vai transport\u0113\u0161anas<\/li><li data-sourcepos=\"12:1-13:0\">Iepakotas t\u0101pat k\u0101 sa\u0146emtas (mieti\u0146i, stabi\u0146i, da\u013cas, k\u0101rti, durvis un virves to maisi\u0146os; teltis sarull\u0113tas, sasietas un iepakotas; kr\u0101snis izjauktas un nostiprin\u0101tas)<\/li><\/ul><p data-sourcepos=\"14:1-14:144\">Da\u013c\u0113ja atmaksa vai veikala kred\u012bts (p\u0113c CanvasCamp ieskatiem, ar 150 USD atjauno\u0161anas maksu) var tikt izsniegts par atgrieztaj\u0101m prec\u0113m, kas ir:<\/p><ul data-sourcepos=\"16:1-21:0\"><li data-sourcepos=\"16:1-16:12\">Lietotas<\/li><li data-sourcepos=\"17:1-17:34\">Viegli notraip\u012btas vai net\u012bras<\/li><li data-sourcepos=\"18:1-18:23\">Nepareizi iepakotas<\/li><li data-sourcepos=\"19:1-19:39\">Atgrieztas bez ori\u0123in\u0101l\u0101 iepakojuma<\/li><li data-sourcepos=\"20:1-21:0\">Atgrieztas 15 vai vair\u0101k dienas p\u0113c pieg\u0101des<\/li><\/ul><p data-sourcepos=\"22:1-22:57\">Atmaksa netiks izsniegta par atgrieztaj\u0101m prec\u0113m, kas ir:<\/p><ul data-sourcepos=\"24:1-29:40\"><li data-sourcepos=\"24:1-24:30\">Nepiln\u012bgas vai tr\u016bkst da\u013cu<\/li><li data-sourcepos=\"25:1-25:25\">Jebk\u0101d\u0101 veid\u0101 boj\u0101tas<\/li><li data-sourcepos=\"26:1-26:11\">Net\u012bras<\/li><li data-sourcepos=\"27:1-27:48\">Pazaud\u0113tas atgrie\u0161anas transport\u0113\u0161anas laik\u0101<\/li><li data-sourcepos=\"28:1-28:48\">Atgrieztas 30 vai vair\u0101k dienas p\u0113c pieg\u0101des<\/li><li data-sourcepos=\"29:1-29:40\">Atgrieztas bez iepriek\u0161\u0113jas at\u013caujas<\/li><\/ul><\/div>\n\t\t\t\t\t\t\t\t\t\t\t\t\t\t\t\t\t\t<\/div>\n\t\t\t\t<\/div>\n\t\t\t\t\t<\/div>\n\t\t\t\t\t\t<\/div>\n\t\t\t\t<\/div>\n\t\t\t\t<\/div>\n\t\t<div class=\"elementor-element elementor-element-789122a e-con-full e-flex e-con e-child\" data-id=\"789122a\" data-element_type=\"container\" data-e-type=\"container\">\n\t\t\t\t<div class=\"elementor-element elementor-element-775ddc4 wd-width-100 elementor-widget elementor-widget-wd_title\" data-id=\"775ddc4\" data-element_type=\"widget\" data-e-type=\"widget\" data-widget_type=\"wd_title.default\">\n\t\t\t\t<div class=\"elementor-widget-container\">\n\t\t\t\t\t\t\t<div class=\"title-wrapper wd-set-mb reset-last-child wd-title-color-default wd-title-style-default wd-title-size-default text-left\">\n\n\t\t\t\t\t\t\t\t\t\t\t<div class=\"title-subtitle subtitle-color-default subtitle-style-default wd-fontsize-xs\">\n\t\t\t\t\tKontakti\t\t\t\t<\/div>\n\t\t\t\n\t\t\t<div class=\"liner-continer\">\n\t\t\t\t<h4 class=\"woodmart-title-container title wd-fontsize-l\">Jums ir jaut\u0101jumi? Rakstiet un m\u0113s ar prieku atbild\u0113sim.<\/h4> \n\t\t\t\t\t\t\t<\/div>\n\n\t\t\t\t\t<\/div>\n\t\t\t\t\t\t<\/div>\n\t\t\t\t<\/div>\n\t\t\t\t<div class=\"elementor-element elementor-element-3c67846 wd-cf7 elementor-widget elementor-widget-wd_contact_form_7\" data-id=\"3c67846\" data-element_type=\"widget\" data-e-type=\"widget\" data-widget_type=\"wd_contact_form_7.default\">\n\t\t\t\t<div class=\"elementor-widget-container\">\n\t\t\t\t\t\n<div class=\"wpcf7 no-js\" id=\"wpcf7-f1572-o1\" lang=\"en-US\" dir=\"ltr\" data-wpcf7-id=\"1572\">\n<div class=\"screen-reader-response\"><p role=\"status\" aria-live=\"polite\" aria-atomic=\"true\"><\/p> <ul><\/ul><\/div>\n<form action=\"\/lv\/wp-json\/wp\/v2\/pages\/16797#wpcf7-f1572-o1\" method=\"post\" class=\"wpcf7-form init\" aria-label=\"Contact form\" novalidate=\"novalidate\" data-status=\"init\">\n<fieldset class=\"hidden-fields-container\"><input type=\"hidden\" name=\"_wpcf7\" value=\"1572\" \/><input type=\"hidden\" name=\"_wpcf7_version\" value=\"6.1.1\" \/><input type=\"hidden\" name=\"_wpcf7_locale\" value=\"en_US\" \/><input type=\"hidden\" name=\"_wpcf7_unit_tag\" value=\"wpcf7-f1572-o1\" \/><input type=\"hidden\" name=\"_wpcf7_container_post\" value=\"0\" \/><input type=\"hidden\" name=\"_wpcf7_posted_data_hash\" value=\"\" \/>\n<\/fieldset>\n<div class=\"row\">\n\t<p class=\"col-md-6\"><label>Your Name<\/label><span class=\"wpcf7-form-control-wrap\" data-name=\"your-name\"><input size=\"40\" maxlength=\"400\" class=\"wpcf7-form-control wpcf7-text wpcf7-validates-as-required\" aria-required=\"true\" aria-invalid=\"false\" value=\"\" type=\"text\" name=\"your-name\" \/><\/span>\n\t<\/p>\n\t<p class=\"col-md-6\"><label>Your Email<\/label><span class=\"wpcf7-form-control-wrap\" data-name=\"your-email\"><input size=\"40\" maxlength=\"400\" class=\"wpcf7-form-control wpcf7-email wpcf7-validates-as-required wpcf7-text wpcf7-validates-as-email\" aria-required=\"true\" aria-invalid=\"false\" value=\"\" type=\"email\" name=\"your-email\" \/><\/span>\n\t<\/p>\n<\/div>\n<div class=\"row\">\n\t<p class=\"col-md-6\"><label>Phone Number<\/label><span class=\"wpcf7-form-control-wrap\" data-name=\"tel-767\"><input size=\"40\" maxlength=\"400\" class=\"wpcf7-form-control wpcf7-tel wpcf7-text wpcf7-validates-as-tel\" aria-invalid=\"false\" value=\"\" type=\"tel\" name=\"tel-767\" \/><\/span>\n\t<\/p>\n\t<p class=\"col-md-6\"><label>Company<\/label><span class=\"wpcf7-form-control-wrap\" data-name=\"text-1\"><input size=\"40\" maxlength=\"400\" class=\"wpcf7-form-control wpcf7-text\" aria-invalid=\"false\" value=\"\" type=\"text\" name=\"text-1\" \/><\/span>\n\t<\/p>\n<\/div>\n<p><label>Your Message<\/label><span class=\"wpcf7-form-control-wrap\" data-name=\"your-message\"><textarea cols=\"40\" rows=\"10\" maxlength=\"2000\" class=\"wpcf7-form-control wpcf7-textarea\" aria-invalid=\"false\" name=\"your-message\"><\/textarea><\/span>\n<\/p>\n<p><input class=\"wpcf7-form-control wpcf7-submit has-spinner btn-color-black\" type=\"submit\" value=\"ASK A QUESTION\" \/>\n<\/p><div class=\"wpcf7-response-output\" aria-hidden=\"true\"><\/div>\n<\/form>\n<\/div>\n\t\t\t\t<\/div>\n\t\t\t\t<\/div>\n\t\t\t\t<\/div>\n\t\t\t\t\t<\/div>\n\t\t\t\t<\/div>\n\t\t\t\t<\/div>\n\t\t","protected":false},"excerpt":{"rendered":"<p>Jaut\u0101jumi un atbildes Bie\u017e\u0101k uzdotie jaut\u0101jumi Pas\u016bt\u012bjumi un maks\u0101jumi Pas\u016bt\u012bjumus var veikt m\u016bsu m\u0101jaslap\u0101 24 stundas diennakt\u012b, 7 dienas ned\u0113\u013c\u0101.<\/p>\n","protected":false},"author":1,"featured_media":0,"parent":0,"menu_order":0,"comment_status":"closed","ping_status":"closed","template":"","meta":{"footnotes":""},"class_list":["post-16797","page","type-page","status-publish","hentry"],"_hostinger_reach_plugin_has_subscription_block":false,"_hostinger_reach_plugin_is_elementor":false,"jetpack_sharing_enabled":true,"_links":{"self":[{"href":"https:\/\/fancyadventurefactory.com\/lv\/wp-json\/wp\/v2\/pages\/16797","targetHints":{"allow":["GET"]}}],"collection":[{"href":"https:\/\/fancyadventurefactory.com\/lv\/wp-json\/wp\/v2\/pages"}],"about":[{"href":"https:\/\/fancyadventurefactory.com\/lv\/wp-json\/wp\/v2\/types\/page"}],"author":[{"embeddable":true,"href":"https:\/\/fancyadventurefactory.com\/lv\/wp-json\/wp\/v2\/users\/1"}],"replies":[{"embeddable":true,"href":"https:\/\/fancyadventurefactory.com\/lv\/wp-json\/wp\/v2\/comments?post=16797"}],"version-history":[{"count":4,"href":"https:\/\/fancyadventurefactory.com\/lv\/wp-json\/wp\/v2\/pages\/16797\/revisions"}],"predecessor-version":[{"id":16890,"href":"https:\/\/fancyadventurefactory.com\/lv\/wp-json\/wp\/v2\/pages\/16797\/revisions\/16890"}],"wp:attachment":[{"href":"https:\/\/fancyadventurefactory.com\/lv\/wp-json\/wp\/v2\/media?parent=16797"}],"curies":[{"name":"wp","href":"https:\/\/api.w.org\/{rel}","templated":true}]}}