{"id":16801,"date":"2025-02-16T09:53:40","date_gmt":"2025-02-16T09:53:40","guid":{"rendered":"https:\/\/fancyadventurefactory.com\/?page_id=16801"},"modified":"2025-02-16T10:07:08","modified_gmt":"2025-02-16T10:07:08","slug":"delivery","status":"publish","type":"page","link":"https:\/\/fancyadventurefactory.com\/lv\/delivery\/","title":{"rendered":"Pieg\u0101de"},"content":{"rendered":"\t\t<div data-elementor-type=\"wp-page\" data-elementor-id=\"16801\" class=\"elementor elementor-16801 elementor-16776\">\n\t\t\t\t<div class=\"wd-negative-gap elementor-element elementor-element-029450e e-flex e-con-boxed e-con e-parent\" data-id=\"029450e\" data-element_type=\"container\">\n\t\t\t\t\t<div class=\"e-con-inner\">\n\t\t\t\t<div class=\"elementor-element elementor-element-a18c0d7 color-scheme-inherit text-left elementor-widget elementor-widget-text-editor\" data-id=\"a18c0d7\" data-element_type=\"widget\" data-widget_type=\"text-editor.default\">\n\t\t\t\t<div class=\"elementor-widget-container\">\n\t\t\t\t\t\t\t\t\t<p>M\u0113s pa\u0161laik pied\u0101v\u0101jam pieg\u0101di ar DPD pakom\u0101tiem par fiks\u0113tu maksu 2,89 EUR par pas\u016bt\u012bjumu. Kad J\u016bsu s\u016bt\u012bjums b\u016bs izs\u016bt\u012bts, J\u016bs sa\u0146emsiet pazi\u0146ojumu (e-past\u0101 vai \u012bszi\u0146\u0101) ar visu nepiecie\u0161amo inform\u0101ciju, lai iz\u0146emtu savu pas\u016bt\u012bjumu no atbilsto\u0161\u0101 DPD pakom\u0101ta. L\u016bdzu, \u0146emiet v\u0113r\u0101, ka pieg\u0101des laiki var at\u0161\u0137irties atkar\u012bb\u0101 no pas\u016bt\u012bjumu skaita un pakom\u0101tu pieejam\u012bbas.<\/p>\t\t\t\t\t\t\t\t<\/div>\n\t\t\t\t<\/div>\n\t\t\t\t\t<\/div>\n\t\t\t\t<\/div>\n\t\t\t\t<\/div>\n\t\t","protected":false},"excerpt":{"rendered":"<p>M\u0113s pa\u0161laik pied\u0101v\u0101jam pieg\u0101di ar DPD pakom\u0101tiem par fiks\u0113tu maksu 2,89 EUR par pas\u016bt\u012bjumu. Kad J\u016bsu s\u016bt\u012bjums b\u016bs izs\u016bt\u012bts, J\u016bs<\/p>\n","protected":false},"author":1,"featured_media":0,"parent":0,"menu_order":0,"comment_status":"closed","ping_status":"closed","template":"","meta":{"footnotes":""},"class_list":["post-16801","page","type-page","status-publish","hentry"],"_hostinger_reach_plugin_has_subscription_block":false,"_hostinger_reach_plugin_is_elementor":false,"jetpack_sharing_enabled":true,"_links":{"self":[{"href":"https:\/\/fancyadventurefactory.com\/lv\/wp-json\/wp\/v2\/pages\/16801","targetHints":{"allow":["GET"]}}],"collection":[{"href":"https:\/\/fancyadventurefactory.com\/lv\/wp-json\/wp\/v2\/pages"}],"about":[{"href":"https:\/\/fancyadventurefactory.com\/lv\/wp-json\/wp\/v2\/types\/page"}],"author":[{"embeddable":true,"href":"https:\/\/fancyadventurefactory.com\/lv\/wp-json\/wp\/v2\/users\/1"}],"replies":[{"embeddable":true,"href":"https:\/\/fancyadventurefactory.com\/lv\/wp-json\/wp\/v2\/comments?post=16801"}],"version-history":[{"count":5,"href":"https:\/\/fancyadventurefactory.com\/lv\/wp-json\/wp\/v2\/pages\/16801\/revisions"}],"predecessor-version":[{"id":16806,"href":"https:\/\/fancyadventurefactory.com\/lv\/wp-json\/wp\/v2\/pages\/16801\/revisions\/16806"}],"wp:attachment":[{"href":"https:\/\/fancyadventurefactory.com\/lv\/wp-json\/wp\/v2\/media?parent=16801"}],"curies":[{"name":"wp","href":"https:\/\/api.w.org\/{rel}","templated":true}]}}