{"id":16807,"date":"2025-01-29T15:01:37","date_gmt":"2025-01-29T15:01:37","guid":{"rendered":"https:\/\/fancyadventurefactory.com\/?page_id=16807"},"modified":"2025-02-16T10:10:05","modified_gmt":"2025-02-16T10:10:05","slug":"privatuma-politika","status":"publish","type":"page","link":"https:\/\/fancyadventurefactory.com\/lv\/privatuma-politika\/","title":{"rendered":"Priv\u0101tuma politika"},"content":{"rendered":"\t\t<div data-elementor-type=\"wp-page\" data-elementor-id=\"16807\" class=\"elementor elementor-16807 elementor-3\">\n\t\t\t\t<div class=\"wd-negative-gap elementor-element elementor-element-194161cc e-flex e-con-boxed e-con e-parent\" data-id=\"194161cc\" data-element_type=\"container\">\n\t\t\t\t\t<div class=\"e-con-inner\">\n\t\t\t\t<div class=\"elementor-element elementor-element-812d63b color-scheme-inherit text-left elementor-widget elementor-widget-text-editor\" data-id=\"812d63b\" data-element_type=\"widget\" data-widget_type=\"text-editor.default\">\n\t\t\t\t<div class=\"elementor-widget-container\">\n\t\t\t\t\t\t\t\t\t<p data-start=\"0\" data-end=\"441\"><strong data-start=\"0\" data-end=\"22\">Za\u013c\u0101 Republika SIA<\/strong> (\u201cUz\u0146\u0113mums\u201d, \u201cm\u0113s\u201d vai \u201cmums\u201d) iev\u0113ro j\u016bsu priv\u0101tumu un ap\u0146emas to aizsarg\u0101t, iev\u0113rojot \u0161aj\u0101 politik\u0101 noteiktos nosac\u012bjumus. \u0160aj\u0101 Priv\u0101tuma politik\u0101 ir aprakst\u012bts, k\u0101da veida inform\u0101ciju m\u0113s varam iev\u0101kt no jums vai ko j\u016bs varat sniegt mums, apmekl\u0113jot m\u016bsu t\u012bmek\u013ca vietni vai cit\u0101di mijiedarbojoties ar mums, k\u0101 ar\u012b m\u016bsu praksi attiec\u012bb\u0101 uz \u0161\u012bs inform\u0101cijas v\u0101k\u0161anu, izmanto\u0161anu, uztur\u0113\u0161anu, aizsardz\u012bbu un izpau\u0161anu.<\/p><hr data-start=\"443\" data-end=\"446\" \/><h2 data-start=\"448\" data-end=\"485\">1. \u0160\u012bs Politikas Piem\u0113ro\u0161anas Joma<\/h2><p data-start=\"487\" data-end=\"543\">\u0160\u012b politika attiecas uz personas datiem, ko m\u0113s iev\u0101cam:<\/p><ul data-start=\"545\" data-end=\"1005\"><li data-start=\"545\" data-end=\"665\">Izmantojot m\u016bsu t\u012bmek\u013ca vietni un jebk\u0101dus ar to saist\u012btus tie\u0161saistes vai bezsaistes pakalpojumus, ko m\u0113s sniedzam.<\/li><li data-start=\"666\" data-end=\"746\">E-pasta, \u012bszi\u0146u un citu elektronisko pazi\u0146ojumu ietvaros starp jums un mums.<\/li><li data-start=\"747\" data-end=\"921\">Kad mijiedarbojaties ar m\u016bsu rekl\u0101m\u0101m un lietojumprogramm\u0101m tre\u0161o pu\u0161u vietn\u0113s un pakalpojumos, ja \u0161aj\u0101s lietojumprogramm\u0101s vai rekl\u0101m\u0101s ir iek\u013cauta saite uz \u0161o politiku.<\/li><li data-start=\"922\" data-end=\"1005\">Jebk\u0101dos citos veidos, kas ir saist\u012bti ar m\u016bsu uz\u0146\u0113m\u0113jdarb\u012bbu vai attiecas uz to.<\/li><\/ul><p data-start=\"1007\" data-end=\"1406\">Izmantojot m\u016bsu pakalpojumus, j\u016bs piekr\u012btat \u0161ai Priv\u0101tuma politikai. Ja j\u016bs nepiekr\u012btat m\u016bsu politik\u0101m un praks\u0113m, l\u016bdzam neizmantot m\u016bsu pakalpojumus. \u0160\u012b politika laiku pa laikam var tikt main\u012bta. Turpinot izmantot m\u016bsu pakalpojumus p\u0113c tam, kad tajos ir veiktas izmai\u0146as, tiek uzskat\u012bts, ka piekr\u012btat \u0161\u012bm izmai\u0146\u0101m, t\u0101d\u0113\u013c, l\u016bdzu, periodiski p\u0101rbaudiet \u0161o politiku, lai uzzin\u0101tu par atjaunin\u0101jumiem.<\/p><hr data-start=\"1408\" data-end=\"1411\" \/><h2 data-start=\"1413\" data-end=\"1431\">2. Kas M\u0113s Esam<\/h2><ul data-start=\"1433\" data-end=\"1739\"><li data-start=\"1433\" data-end=\"1479\"><strong data-start=\"1435\" data-end=\"1458\">Uz\u0146\u0113muma nosaukums:<\/strong> Za\u013c\u0101 Republika SIA<\/li><li data-start=\"1480\" data-end=\"1545\"><strong data-start=\"1482\" data-end=\"1503\">Juridisk\u0101 adrese:<\/strong> Br\u012bv\u012bbas iela 155\/k-3, LV-1012, Latvija<\/li><li data-start=\"1546\" data-end=\"1587\"><strong data-start=\"1548\" data-end=\"1573\">Re\u0123istr\u0101cijas numurs:<\/strong> 40103899121<\/li><li data-start=\"1588\" data-end=\"1625\"><strong data-start=\"1590\" data-end=\"1609\">T\u0101lru\u0146a numurs:<\/strong> +371 20202022<\/li><li data-start=\"1626\" data-end=\"1739\"><strong data-start=\"1628\" data-end=\"1649\">Bankas rekviz\u012bti:<\/strong><ul data-start=\"1654\" data-end=\"1739\"><li data-start=\"1654\" data-end=\"1673\">Banka: PARXLV22<\/li><li data-start=\"1676\" data-end=\"1700\">SWIFT kods: PARXLV22<\/li><li data-start=\"1703\" data-end=\"1739\">IBAN: LV71 PARX 0016 5686 5000 1<\/li><\/ul><\/li><\/ul><p data-start=\"1741\" data-end=\"1878\">M\u0113s apstr\u0101d\u0101jam personas datus saska\u0146\u0101 ar piem\u0113rojamiem datu aizsardz\u012bbas noteikumiem, tostarp Visp\u0101r\u012bgo datu aizsardz\u012bbas regulu (GDPR).<\/p><hr data-start=\"1880\" data-end=\"1883\" \/><h2 data-start=\"1885\" data-end=\"1941\">3. K\u0101du Inform\u0101ciju M\u0113s V\u0101cam Par Jums un K\u0101 To V\u0101cam<\/h2><p data-start=\"1943\" data-end=\"2033\">M\u0113s iev\u0101cam vair\u0101kus inform\u0101cijas veidus par m\u016bsu lietot\u0101jiem un no tiem, kas var ietvert:<\/p><ol data-start=\"2035\" data-end=\"2980\"><li data-start=\"2035\" data-end=\"2375\"><p data-start=\"2038\" data-end=\"2069\"><strong data-start=\"2038\" data-end=\"2069\">Personas Dati, Ko Sniedzat:<\/strong><\/p><ul data-start=\"2073\" data-end=\"2375\"><li data-start=\"2073\" data-end=\"2270\"><strong data-start=\"2075\" data-end=\"2098\">Kontaktinform\u0101cija:<\/strong> Piem\u0113ram, v\u0101rds, t\u0101lru\u0146a numurs un cita inform\u0101cija, ko sniedzat, aizpildot veidlapas, abon\u0113jot jaunumu v\u0113stules vai sazinoties ar mums, lai sa\u0146emtu klientu apkalpo\u0161anu.<\/li><li data-start=\"2274\" data-end=\"2375\"><strong data-start=\"2276\" data-end=\"2307\">Maks\u0101jumu un Dar\u012bjumu Dati:<\/strong> Piem\u0113ram, bankas vai maks\u0101jumu kartes inform\u0101cija (ja attiecin\u0101ms).<\/li><\/ul><\/li><li data-start=\"2377\" data-end=\"2980\"><p data-start=\"2380\" data-end=\"2424\"><strong data-start=\"2380\" data-end=\"2424\">Inform\u0101cija, Kas Tiek V\u0101kta Autom\u0101tiski:<\/strong><\/p><ul data-start=\"2428\" data-end=\"2980\"><li data-start=\"2428\" data-end=\"2635\"><strong data-start=\"2430\" data-end=\"2453\">Lieto\u0161anas Deta\u013cas:<\/strong> Kad piek\u013c\u016bstat un lietojat m\u016bsu pakalpojumus, m\u0113s varam autom\u0101tiski iev\u0101kt noteiktus datus par j\u016bsu darb\u012bb\u0101m, tostarp inform\u0101ciju par trafiku, \u017eurn\u0101lfailus un citus sazi\u0146as datus.<\/li><li data-start=\"2639\" data-end=\"2795\"><strong data-start=\"2641\" data-end=\"2665\">Ier\u012bces Inform\u0101cija:<\/strong> M\u0113s varam iev\u0101kt inform\u0101ciju par j\u016bsu ier\u012bci un interneta savienojumu, tostarp j\u016bsu IP adresi, oper\u0113t\u0101jsist\u0113mu un p\u0101rl\u016bka tipu.<\/li><li data-start=\"2799\" data-end=\"2980\"><strong data-start=\"2801\" data-end=\"2840\">S\u012bkdatnes un L\u012bdz\u012bgas Tehnolo\u0123ijas:<\/strong> M\u0113s izmantojam s\u012bkdatnes un l\u012bdz\u012bgas izseko\u0161anas tehnolo\u0123ijas, lai sekotu lietot\u0101ju darb\u012bb\u0101m m\u016bsu vietn\u0113 un saglab\u0101tu noteiktu inform\u0101ciju.<\/li><\/ul><\/li><\/ol><hr data-start=\"2982\" data-end=\"2985\" \/><h2 data-start=\"2987\" data-end=\"3027\">4. K\u0101 M\u0113s Izmantojam J\u016bsu Inform\u0101ciju<\/h2><p data-start=\"3029\" data-end=\"3141\">M\u0113s izmantojam inform\u0101ciju, ko iev\u0101cam par jums vai ko j\u016bs mums sniedzat, vienam vai vair\u0101kiem no \u0161iem nol\u016bkiem:<\/p><ol data-start=\"3143\" data-end=\"4080\"><li data-start=\"3143\" data-end=\"3305\"><strong data-start=\"3146\" data-end=\"3176\">Pakalpojumu Nodro\u0161in\u0101\u0161ana:<\/strong> Lai nodro\u0161in\u0101tu m\u016bsu pakalpojumus un to saturu, k\u0101 ar\u012b lai sniegtu jums inform\u0101ciju, produktus vai pakalpojumus, ko piepras\u0101t.<\/li><li data-start=\"3306\" data-end=\"3485\"><strong data-start=\"3309\" data-end=\"3320\">Sazi\u0146a:<\/strong> Lai sazin\u0101tos ar jums, tostarp, lai nos\u016bt\u012btu pazi\u0146ojumus, kas saist\u012bti ar pakalpojumu izmanto\u0161anu, vai atbild\u0113tu uz j\u016bsu jaut\u0101jumiem un\/vai citiem piepras\u012bjumiem.<\/li><li data-start=\"3486\" data-end=\"3700\"><strong data-start=\"3489\" data-end=\"3515\">M\u0101rketings un Rekl\u0101ma:<\/strong> Lai inform\u0113tu j\u016bs par jaun\u0101m funkcij\u0101m, produktiem vai pakalpojumiem, kurus m\u0113s pied\u0101v\u0101jam. Ja to pieprasa likums, pirms m\u0101rketinga pazi\u0146ojumu nos\u016bt\u012b\u0161anas m\u0113s l\u016bgsim j\u016bsu piekri\u0161anu.<\/li><li data-start=\"3701\" data-end=\"3857\"><strong data-start=\"3704\" data-end=\"3738\">Uzlabo\u0161ana un Personaliz\u0101cija:<\/strong> Lai saprastu, k\u0101 lietot\u0101ji izmanto m\u016bsu pakalpojumus, piel\u0101gotu lietot\u0101ja pieredzi un pilnveidotu m\u016bsu pakalpojumus.<\/li><li data-start=\"3858\" data-end=\"4080\"><strong data-start=\"3861\" data-end=\"3887\">Atbilst\u012bba un Izpilde:<\/strong> Lai izpild\u012btu m\u016bsu saist\u012bbas un aizsarg\u0101tu m\u016bsu ties\u012bbas, kas izriet no jebk\u0101diem l\u012bgumiem starp jums un mums, tostarp r\u0113\u0137inu izrakst\u012b\u0161anai un piedzi\u0146ai, vai lai izpild\u012btu juridisk\u0101s pras\u012bbas.<\/li><\/ol><hr data-start=\"4082\" data-end=\"4085\" \/><h2 data-start=\"4087\" data-end=\"4137\">5. Tiesiskais Pamats J\u016bsu Datu Apstr\u0101dei (GDPR)<\/h2><p data-start=\"4139\" data-end=\"4243\">M\u0113s apstr\u0101d\u0101jam j\u016bsu personas datus tikai, ja mums ir tam atbilsto\u0161s tiesiskais pamats, kuru var veidot:<\/p><ol data-start=\"4245\" data-end=\"4829\"><li data-start=\"4245\" data-end=\"4336\"><strong data-start=\"4248\" data-end=\"4263\">Piekri\u0161ana:<\/strong> Ja esat devis savu piekri\u0161anu vienam vai vair\u0101kiem konkr\u0113tiem m\u0113r\u0137iem.<\/li><li data-start=\"4337\" data-end=\"4500\"><strong data-start=\"4340\" data-end=\"4359\">L\u012bguma Izpilde:<\/strong> Ja apstr\u0101de ir nepiecie\u0161ama, lai izpild\u012btu l\u012bgumu, kur\u0101 esat puse, vai lai veiktu darb\u012bbas p\u0113c j\u016bsu piepras\u012bjuma pirms l\u012bguma nosl\u0113g\u0161anas.<\/li><li data-start=\"4501\" data-end=\"4616\"><strong data-start=\"4504\" data-end=\"4528\">Juridisks Pien\u0101kums:<\/strong> Ja apstr\u0101de ir nepiecie\u0161ama, lai izpild\u012btu juridisku pien\u0101kumu, kas attiecas uz mums.<\/li><li data-start=\"4617\" data-end=\"4829\"><strong data-start=\"4620\" data-end=\"4644\">Le\u0123it\u012bmas Intereses:<\/strong> Ja apstr\u0101de ir nepiecie\u0161ama m\u016bsu vai tre\u0161\u0101s puses le\u0123it\u012bmo intere\u0161u nodro\u0161in\u0101\u0161anai, iz\u0146emot gad\u012bjumus, kad j\u016bsu intereses vai pamatties\u012bbas un br\u012bv\u012bbas ir svar\u012bg\u0101kas par \u0161\u012bm interes\u0113m.<\/li><\/ol><hr data-start=\"4831\" data-end=\"4834\" \/><h2 data-start=\"4836\" data-end=\"4869\">6. J\u016bsu Inform\u0101cijas Izpau\u0161ana<\/h2><p data-start=\"4871\" data-end=\"5107\">M\u0113s varam izpaust apkoptu inform\u0101ciju par m\u016bsu lietot\u0101jiem, k\u0101 ar\u012b inform\u0101ciju, kas neidentific\u0113 konkr\u0113tu personu, bez ierobe\u017eojumiem. M\u0113s varam izpaust personas datus, ko iev\u0101cam vai j\u016bs sniedzat, k\u0101 aprakst\u012bts \u0161aj\u0101 Priv\u0101tuma politik\u0101:<\/p><ol data-start=\"5109\" data-end=\"5930\"><li data-start=\"5109\" data-end=\"5212\"><strong data-start=\"5112\" data-end=\"5162\">M\u016bsu Meitasuz\u0146\u0113mumiem un Saist\u012bt\u0101m Komp\u0101nij\u0101m:<\/strong> Saska\u0146\u0101 ar \u0161\u012bs Priv\u0101tuma politikas noteikumiem.<\/li><li data-start=\"5213\" data-end=\"5415\"><strong data-start=\"5216\" data-end=\"5244\">Pakalpojumu Sniedz\u0113jiem:<\/strong> Uz\u0146\u0113mumiem, kas sniedz pakalpojumus m\u016bsu v\u0101rd\u0101 un ir l\u012bgumiski ap\u0146\u0113mu\u0161ies glab\u0101t personas datus konfidenci\u0101li un lietot tos tikai tiem m\u0113r\u0137iem, k\u0101diem m\u0113s tos izpau\u017eam.<\/li><li data-start=\"5416\" data-end=\"5589\"><strong data-start=\"5419\" data-end=\"5444\">Juridiska Atbilst\u012bba:<\/strong> Lai izpild\u012btu jebk\u0101du tiesas r\u012bkojumu, likumu vai juridisku procesu, tostarp, lai atbild\u0113tu uz vald\u012bbas vai uzraudz\u012bbas iest\u0101des piepras\u012bjumu.<\/li><li data-start=\"5590\" data-end=\"5756\"><strong data-start=\"5593\" data-end=\"5605\">Izpilde:<\/strong> Lai \u012bstenotu vai piem\u0113rotu m\u016bsu lieto\u0161anas noteikumus, p\u0101rdo\u0161anas noteikumus un citus l\u012bgumus, tostarp r\u0113\u0137inu izrakst\u012b\u0161anas un piedzi\u0146as vajadz\u012bb\u0101m.<\/li><li data-start=\"5757\" data-end=\"5930\"><strong data-start=\"5760\" data-end=\"5776\">Aizsardz\u012bba:<\/strong> Ja uzskat\u0101m, ka izpau\u0161ana ir nepiecie\u0161ama vai lietder\u012bga, lai aizsarg\u0101tu Za\u013c\u0101 Republika SIA, m\u016bsu klientu vai citu personu ties\u012bbas, \u012bpa\u0161umu vai dro\u0161\u012bbu.<\/li><\/ol><hr data-start=\"5932\" data-end=\"5935\" \/><h2 data-start=\"5937\" data-end=\"5955\">7. Datu Dro\u0161\u012bba<\/h2><p data-start=\"5957\" data-end=\"6351\">M\u0113s esam ieviesu\u0161i pas\u0101kumus, lai aizsarg\u0101tu j\u016bsu personas datus no nejau\u0161a zuduma, nesankcion\u0113tas piek\u013cuves, \u013caunpr\u0101t\u012bgas lieto\u0161anas, groz\u012b\u0161anas un izpau\u0161anas. Tom\u0113r datu p\u0101rraide internet\u0101 nav piln\u012bgi dro\u0161a. Lai gan m\u0113s cen\u0161amies aizsarg\u0101t j\u016bsu personas datus, m\u0113s nevaram garant\u0113t j\u016bsu datu dro\u0161\u012bbu, kam\u0113r tie tiek s\u016bt\u012bti uz m\u016bsu pakalpojumiem; jebk\u0101da p\u0101rs\u016bt\u012b\u0161ana notiek uz j\u016bsu pa\u0161u risku.<\/p><hr data-start=\"6353\" data-end=\"6356\" \/><h2 data-start=\"6358\" data-end=\"6378\">8. Datu Glab\u0101\u0161ana<\/h2><p data-start=\"6380\" data-end=\"6635\">M\u0113s glab\u0101jam j\u016bsu personas datus tikai tik ilgi, cik tas ir nepiecie\u0161ams, lai izpild\u012btu \u0161aj\u0101 Priv\u0101tuma politik\u0101 nor\u0101d\u012btos nol\u016bkus, un tik ilgi, cik to prasa m\u016bsu juridisk\u0101s saist\u012bbas, lai risin\u0101tu str\u012bdus un \u012bstenotu savus juridiskos l\u012bgumus un politikas.<\/p><hr data-start=\"6637\" data-end=\"6640\" \/><h2 data-start=\"6642\" data-end=\"6677\">9. Starptautisk\u0101 Datu Nos\u016bt\u012b\u0161ana<\/h2><p data-start=\"6679\" data-end=\"6966\">Ja m\u0113s nos\u016bt\u0101m personas datus \u0101rpus Eiropas Ekonomikas zonas (EEZ), m\u0113s nodro\u0161in\u0101m atbilsto\u0161us aizsardz\u012bbas pas\u0101kumus, piem\u0113ram, Eiropas Komisijas Standarta L\u012bguma Klauzulas vai datu nos\u016bt\u012b\u0161anu uz jurisdikcij\u0101m, kuras Eiropas Komisija ir atzinusi par nodro\u0161ino\u0161\u0101m pietiekamu aizsardz\u012bbu.<\/p><hr data-start=\"6968\" data-end=\"6971\" \/><h2 data-start=\"6973\" data-end=\"7009\">10. J\u016bsu Ties\u012bbas Saska\u0146\u0101 ar GDPR<\/h2><p data-start=\"7011\" data-end=\"7149\">Ja esat EEZ vai Apvienot\u0101s Karalistes rezidents, jums ir \u0161\u0101das datu aizsardz\u012bbas ties\u012bbas (noteiktiem ierobe\u017eojumiem var b\u016bt piem\u0113rojami):<\/p><ul data-start=\"7151\" data-end=\"7803\"><li data-start=\"7151\" data-end=\"7223\"><strong data-start=\"7153\" data-end=\"7166\">Piek\u013cuve:<\/strong> Jums ir ties\u012bbas piepras\u012bt savu personas datu kopijas.<\/li><li data-start=\"7224\" data-end=\"7338\"><strong data-start=\"7226\" data-end=\"7239\">Labojumi:<\/strong> Jums ir ties\u012bbas piepras\u012bt labot jebk\u0101du inform\u0101ciju, kuru uzskat\u0101t par neprec\u012bzu vai nepiln\u012bgu.<\/li><li data-start=\"7339\" data-end=\"7439\"><strong data-start=\"7341\" data-end=\"7353\">Dz\u0113\u0161ana:<\/strong> Jums ir ties\u012bbas piepras\u012bt, lai m\u0113s dz\u0113stu j\u016bsu personas datus noteiktos apst\u0101k\u013cos.<\/li><li data-start=\"7440\" data-end=\"7567\"><strong data-start=\"7442\" data-end=\"7469\">Apstr\u0101des Ierobe\u017eo\u0161ana:<\/strong> Jums ir ties\u012bbas noteiktos apst\u0101k\u013cos piepras\u012bt, lai m\u0113s ierobe\u017eotu j\u016bsu personas datu apstr\u0101di.<\/li><li data-start=\"7568\" data-end=\"7707\"><strong data-start=\"7570\" data-end=\"7591\">Datu P\u0101rnesam\u012bba:<\/strong> Jums ir ties\u012bbas piepras\u012bt savu personas datu p\u0101rs\u016bt\u012b\u0161anu citai organiz\u0101cijai vai tie\u0161i jums noteiktos apst\u0101k\u013cos.<\/li><li data-start=\"7708\" data-end=\"7803\"><strong data-start=\"7710\" data-end=\"7724\">Iebildumi:<\/strong> Jums ir ties\u012bbas iebilst pret j\u016bsu personas datu apstr\u0101di noteiktos apst\u0101k\u013cos.<\/li><\/ul><p data-start=\"7805\" data-end=\"8110\">Lai izmantotu jebkuru no iepriek\u0161 min\u0113taj\u0101m ties\u012bb\u0101m, l\u016bdzu, sazinieties ar mums, izmantojot t\u0101l\u0101k nor\u0101d\u012bto kontaktinform\u0101ciju. Jums ir ar\u012b ties\u012bbas iesniegt s\u016bdz\u012bbu uzraudz\u012bbas iest\u0101dei ES dal\u012bbvalst\u012b, kur\u0101 dz\u012bvojat, str\u0101d\u0101jat vai kur\u0101, j\u016bsupr\u0101t, ir noticis iesp\u0113jams datu aizsardz\u012bbas ties\u012bbu p\u0101rk\u0101pums.<\/p><hr data-start=\"8112\" data-end=\"8115\" \/><h2 data-start=\"8117\" data-end=\"8142\">11. Tre\u0161o Pu\u0161u Vietnes<\/h2><p data-start=\"8144\" data-end=\"8457\">M\u016bsu pakalpojumos var b\u016bt saites uz cit\u0101m t\u012bmek\u013ca vietn\u0113m, spraud\u0146iem un lietojumprogramm\u0101m. Noklik\u0161\u0137inot uz \u0161\u0101d\u0101m sait\u0113m vai aktiviz\u0113jot t\u0101s, tre\u0161\u0101s personas var iev\u0101kt vai kop\u012bgot inform\u0101ciju par jums. M\u0113s neuzraug\u0101m un nekontrol\u0113jam \u0161o tre\u0161o pu\u0161u pakalpojumus un neesam atbild\u012bgi par to priv\u0101tuma pazi\u0146ojumiem.<\/p><hr data-start=\"8459\" data-end=\"8462\" \/><h2 data-start=\"8464\" data-end=\"8503\">12. Izmai\u0146as M\u016bsu Priv\u0101tuma Politik\u0101<\/h2><p data-start=\"8505\" data-end=\"8824\">M\u016bsu politika ir public\u0113t \u0161aj\u0101 lap\u0101 visas izmai\u0146as, kuras veicam \u0161aj\u0101 Priv\u0101tuma politik\u0101. Ja m\u0113s veiksim b\u016btiskas izmai\u0146as tam, k\u0101 apstr\u0101d\u0101jam m\u016bsu lietot\u0101ju personas datus, m\u0113s j\u016bs inform\u0113sim, ievietojot pazi\u0146ojumu m\u016bsu t\u012bmek\u013ca vietnes s\u0101kumlap\u0101 un\/vai nos\u016btot pazi\u0146ojumu uz j\u016bsu kont\u0101 nor\u0101d\u012bto prim\u0101ro e-pasta adresi.<\/p><hr data-start=\"8826\" data-end=\"8829\" \/><h2 data-start=\"8831\" data-end=\"8856\">13. Kontaktinform\u0101cija<\/h2><p data-start=\"8858\" data-end=\"9024\">Lai uzdotu jaut\u0101jumus vai sniegtu koment\u0101rus par \u0161o Priv\u0101tuma politiku un m\u016bsu priv\u0101tuma praksi, vai lai izmantotu k\u0101das no j\u016bsu ties\u012bb\u0101m, l\u016bdzu, sazinieties ar mums:<\/p><p data-start=\"9026\" data-end=\"9122\"><strong data-start=\"9026\" data-end=\"9048\">Za\u013c\u0101 Republika SIA<\/strong><br data-start=\"9048\" data-end=\"9051\" \/>Br\u012bv\u012bbas iela 155\/k-3,<br data-start=\"9073\" data-end=\"9076\" \/>LV-1012, Latvija<br data-start=\"9092\" data-end=\"9095\" \/><strong data-start=\"9095\" data-end=\"9108\">T\u0101lrunis:<\/strong> +371 20202022<\/p><p data-start=\"9124\" data-end=\"9312\">Ja jums rodas ba\u017eas par m\u016bsu veikto j\u016bsu personas datu apstr\u0101di, m\u0113s priec\u0101simies t\u0101s risin\u0101t tie\u0161i. Jums ir ar\u012b ties\u012bbas jebkur\u0101 laik\u0101 iesniegt s\u016bdz\u012bbu atbilsto\u0161ajai uzraudz\u012bbas iest\u0101dei.<\/p>\t\t\t\t\t\t\t\t<\/div>\n\t\t\t\t<\/div>\n\t\t\t\t\t<\/div>\n\t\t\t\t<\/div>\n\t\t\t\t<\/div>\n\t\t","protected":false},"excerpt":{"rendered":"<p>Za\u013c\u0101 Republika SIA (\u201cUz\u0146\u0113mums\u201d, \u201cm\u0113s\u201d vai \u201cmums\u201d) iev\u0113ro j\u016bsu priv\u0101tumu un ap\u0146emas to aizsarg\u0101t, iev\u0113rojot \u0161aj\u0101 politik\u0101 noteiktos nosac\u012bjumus. \u0160aj\u0101<\/p>\n","protected":false},"author":1,"featured_media":0,"parent":0,"menu_order":0,"comment_status":"closed","ping_status":"open","template":"","meta":{"footnotes":""},"class_list":["post-16807","page","type-page","status-publish","hentry"],"_hostinger_reach_plugin_has_subscription_block":false,"_hostinger_reach_plugin_is_elementor":false,"jetpack_sharing_enabled":true,"_links":{"self":[{"href":"https:\/\/fancyadventurefactory.com\/lv\/wp-json\/wp\/v2\/pages\/16807","targetHints":{"allow":["GET"]}}],"collection":[{"href":"https:\/\/fancyadventurefactory.com\/lv\/wp-json\/wp\/v2\/pages"}],"about":[{"href":"https:\/\/fancyadventurefactory.com\/lv\/wp-json\/wp\/v2\/types\/page"}],"author":[{"embeddable":true,"href":"https:\/\/fancyadventurefactory.com\/lv\/wp-json\/wp\/v2\/users\/1"}],"replies":[{"embeddable":true,"href":"https:\/\/fancyadventurefactory.com\/lv\/wp-json\/wp\/v2\/comments?post=16807"}],"version-history":[{"count":4,"href":"https:\/\/fancyadventurefactory.com\/lv\/wp-json\/wp\/v2\/pages\/16807\/revisions"}],"predecessor-version":[{"id":16811,"href":"https:\/\/fancyadventurefactory.com\/lv\/wp-json\/wp\/v2\/pages\/16807\/revisions\/16811"}],"wp:attachment":[{"href":"https:\/\/fancyadventurefactory.com\/lv\/wp-json\/wp\/v2\/media?parent=16807"}],"curies":[{"name":"wp","href":"https:\/\/api.w.org\/{rel}","templated":true}]}}