{"id":15713,"date":"2025-02-07T07:29:35","date_gmt":"2025-02-07T07:29:35","guid":{"rendered":"https:\/\/fancyadventurefactory.com\/product\/sibley-600-protech-double-door\/"},"modified":"2025-03-22T08:49:46","modified_gmt":"2025-03-22T08:49:46","slug":"sibley-600-protech-double-door","status":"publish","type":"product","link":"https:\/\/fancyadventurefactory.com\/lv\/product\/sibley-600-protech-double-door\/","title":{"rendered":"Sibley 600 ProTech Double Door"},"content":{"rendered":"<p>600 ir ide\u0101li piem\u0113rota 6 cilv\u0113kiem, kas izmanto queen izm\u0113ra gultas, vai l\u012bdz pat 12 cilv\u0113kiem uz gu\u013camajiem pakl\u0101jiem.<br \/>\nDubult\u0101s A-veida durvis: Ar div\u0101m A-veida durv\u012bm, kas atrodas pret\u0113j\u0101s teltis pus\u0113s, 600 Double Door ir m\u016bsu liel\u0101k\u0101 un pieejam\u0101k\u0101 Sibley telts l\u012bdz \u0161im! Dubult\u0101s durvis nodro\u0161ina neierobe\u017eotu skatu divos virzienos. Otr\u0101s durvis \u013cauj liel\u0101k\u0101m grup\u0101m vai \u0123imen\u0113m iek\u013c\u016bt vai izk\u013c\u016bt no telts no jebkuras puses, netrauc\u0113jot otru pusi. Sibley rakstur\u012bg\u0101s A-veida durvis nodro\u0161ina vieglu ieeju un izie\u0161anu, un notur audumu 90 gr\u0101du le\u0146\u0137\u012b pret zemi, ne\u013caujot lietum iek\u013c\u016bt telt\u012b. Gr\u012bda ir apr\u012bkota ar \u010detriem k\u0101p\u0161\u013ciem, kas dro\u0161i notur durvju stabus viet\u0101. Durvju aug\u0161pus\u0113 ir tapa, kas iek\u013caujas acu stiprin\u0101jum\u0101 durvju virsotn\u0113, nodro\u0161inot pareizu izvietojumu. P\u0113c tam tapa un acu stiprin\u0101jums tiek p\u0101rkl\u0101ti ar lietus v\u0101ci\u0146u, lai nov\u0113rstu lietus nok\u013c\u016b\u0161anu uz stabiem. Auduma durvis vertik\u0101li aizvelk ar r\u0101v\u0113jsl\u0113dz\u0113ju, k\u0101 ar\u012b savienojas ar gr\u012bdas malas pac\u0113lumu. Katr\u0101 durvju pus\u0113 ir cilpas un auklas, kas \u013cauj k\u0101rt\u012bgi nostiprin\u0101t auduma vai sietveida durvis, kad t\u0101s netiek izmantotas. Katru Sibley telti var savienot ar Sibley Connector, loku formas pievienojumu, ko var izmantot k\u0101 nojum\u012bti. To var izmantot ar\u012b k\u0101 p\u0101rkl\u0101tu p\u0101reju starp vien\u0101m dubultdurv\u012bm un otru telti, radot vair\u0101ku telpu sist\u0113mu.<\/p>\n<p>Sietveida sienas: 360\u00b0 ProTech aizsardz\u012bba: Klasiski kempinga kait\u0113k\u013ci, k\u0101 kukai\u0146i un dz\u012bvnieki, rada arvien liel\u0101ku apdraud\u0113jumu nometniekiem, \u0146emot v\u0113r\u0101 pieaugo\u0161o infekcijas slim\u012bbu izplat\u012bbu, piem\u0113ram, Zika v\u012brusu un Rietumn\u012blas v\u012brusu. M\u016bsu ProTech s\u0113rija ietver sietveida sienu, kas ar r\u0101v\u0113jsl\u0113dz\u0113ju savienojas ar gr\u012bdu un audeklu, \u013caujot norull\u0113t auduma sienas maksim\u0101lai ventil\u0101cijai, vienlaikus saglab\u0101jot telti aizv\u0113rtu pret kait\u0113k\u013ciem. Sietveida sienas savienojas ar sietveida durv\u012bm, izmantojot \u012bpa\u0161i stipru Velcro, nodro\u0161inot piln\u012bgu 360\u00b0 sietveida aizsardz\u012bbu. Kad sienas nav nepiecie\u0161amas, t\u0101s var tikt norull\u0113tas un k\u0101rt\u012bgi piestiprin\u0101tas, vai ar\u012b piln\u012bb\u0101 no\u0146emtas.<\/p>\n<p>&nbsp;<\/p>\n","protected":false},"excerpt":{"rendered":"<p>600 ir ide\u0101li piem\u0113rota 6 cilv\u0113kiem, kas izmanto queen izm\u0113ra gultas, vai l\u012bdz pat 12 cilv\u0113kiem uz gu\u013camajiem pakl\u0101jiem. Dubult\u0101s<\/p>\n","protected":false},"featured_media":15715,"comment_status":"closed","ping_status":"closed","template":"","meta":[],"product_brand":[],"product_cat":[118,123],"product_tag":[],"class_list":{"0":"post-15713","1":"product","2":"type-product","3":"status-publish","4":"has-post-thumbnail","6":"product_cat-audekla-teltis","7":"product_cat-sibley-protech-lv","9":"first","10":"instock","11":"purchasable","12":"product-type-simple"},"jetpack_sharing_enabled":true,"_links":{"self":[{"href":"https:\/\/fancyadventurefactory.com\/lv\/wp-json\/wp\/v2\/product\/15713","targetHints":{"allow":["GET"]}}],"collection":[{"href":"https:\/\/fancyadventurefactory.com\/lv\/wp-json\/wp\/v2\/product"}],"about":[{"href":"https:\/\/fancyadventurefactory.com\/lv\/wp-json\/wp\/v2\/types\/product"}],"replies":[{"embeddable":true,"href":"https:\/\/fancyadventurefactory.com\/lv\/wp-json\/wp\/v2\/comments?post=15713"}],"version-history":[{"count":3,"href":"https:\/\/fancyadventurefactory.com\/lv\/wp-json\/wp\/v2\/product\/15713\/revisions"}],"predecessor-version":[{"id":17277,"href":"https:\/\/fancyadventurefactory.com\/lv\/wp-json\/wp\/v2\/product\/15713\/revisions\/17277"}],"wp:featuredmedia":[{"embeddable":true,"href":"https:\/\/fancyadventurefactory.com\/lv\/wp-json\/wp\/v2\/media\/15715"}],"wp:attachment":[{"href":"https:\/\/fancyadventurefactory.com\/lv\/wp-json\/wp\/v2\/media?parent=15713"}],"wp:term":[{"taxonomy":"product_brand","embeddable":true,"href":"https:\/\/fancyadventurefactory.com\/lv\/wp-json\/wp\/v2\/product_brand?post=15713"},{"taxonomy":"product_cat","embeddable":true,"href":"https:\/\/fancyadventurefactory.com\/lv\/wp-json\/wp\/v2\/product_cat?post=15713"},{"taxonomy":"product_tag","embeddable":true,"href":"https:\/\/fancyadventurefactory.com\/lv\/wp-json\/wp\/v2\/product_tag?post=15713"}],"curies":[{"name":"wp","href":"https:\/\/api.w.org\/{rel}","templated":true}]}}