{"id":16904,"date":"2025-02-24T20:45:08","date_gmt":"2025-02-24T20:45:08","guid":{"rendered":"https:\/\/fancyadventurefactory.com\/product\/apalais-kubls-ar-perlamutra-vannu-areja-malkas-krasns\/"},"modified":"2025-07-15T09:13:56","modified_gmt":"2025-07-15T09:13:56","slug":"apalais-kubls-ar-perlamutra-vannu-areja-malkas-krasns","status":"publish","type":"product","link":"https:\/\/fancyadventurefactory.com\/lv\/product\/apalais-kubls-ar-perlamutra-vannu-areja-malkas-krasns\/","title":{"rendered":"Apa\u013cais kubls ar perlamutra vannu (\u0101r\u0113j\u0101 malkas kr\u0101sns)"},"content":{"rendered":"","protected":false},"excerpt":{"rendered":"<p>Latvij\u0101 izgatavots vislab\u0101k\u0101s kvalit\u0101tes, ilgm\u016b\u017e\u012bgs, klasiskais apa\u013cais kubls ar \u0101r\u0113jo kr\u0101sni, siltin\u0101ts un ar pilnu komplekt\u0101ciju.<\/p>\n","protected":false},"featured_media":16902,"comment_status":"open","ping_status":"closed","template":"","meta":[],"product_brand":[],"product_cat":[146],"product_tag":[],"class_list":{"0":"post-16904","1":"product","2":"type-product","3":"status-publish","4":"has-post-thumbnail","6":"product_cat-kubli","8":"first","9":"instock","10":"taxable","11":"shipping-taxable","12":"purchasable","13":"product-type-simple"},"jetpack_sharing_enabled":true,"_links":{"self":[{"href":"https:\/\/fancyadventurefactory.com\/lv\/wp-json\/wp\/v2\/product\/16904","targetHints":{"allow":["GET"]}}],"collection":[{"href":"https:\/\/fancyadventurefactory.com\/lv\/wp-json\/wp\/v2\/product"}],"about":[{"href":"https:\/\/fancyadventurefactory.com\/lv\/wp-json\/wp\/v2\/types\/product"}],"replies":[{"embeddable":true,"href":"https:\/\/fancyadventurefactory.com\/lv\/wp-json\/wp\/v2\/comments?post=16904"}],"version-history":[{"count":1,"href":"https:\/\/fancyadventurefactory.com\/lv\/wp-json\/wp\/v2\/product\/16904\/revisions"}],"predecessor-version":[{"id":16931,"href":"https:\/\/fancyadventurefactory.com\/lv\/wp-json\/wp\/v2\/product\/16904\/revisions\/16931"}],"wp:featuredmedia":[{"embeddable":true,"href":"https:\/\/fancyadventurefactory.com\/lv\/wp-json\/wp\/v2\/media\/16902"}],"wp:attachment":[{"href":"https:\/\/fancyadventurefactory.com\/lv\/wp-json\/wp\/v2\/media?parent=16904"}],"wp:term":[{"taxonomy":"product_brand","embeddable":true,"href":"https:\/\/fancyadventurefactory.com\/lv\/wp-json\/wp\/v2\/product_brand?post=16904"},{"taxonomy":"product_cat","embeddable":true,"href":"https:\/\/fancyadventurefactory.com\/lv\/wp-json\/wp\/v2\/product_cat?post=16904"},{"taxonomy":"product_tag","embeddable":true,"href":"https:\/\/fancyadventurefactory.com\/lv\/wp-json\/wp\/v2\/product_tag?post=16904"}],"curies":[{"name":"wp","href":"https:\/\/api.w.org\/{rel}","templated":true}]}}