{"id":16920,"date":"2025-02-24T20:45:19","date_gmt":"2025-02-24T20:45:19","guid":{"rendered":"https:\/\/fancyadventurefactory.com\/product\/kvadratveida-kubls-ar-perlamutra-vannu-elektriska-apsilde\/"},"modified":"2025-07-15T09:13:56","modified_gmt":"2025-07-15T09:13:56","slug":"kvadratveida-kubls-ar-perlamutra-vannu-elektriska-apsilde","status":"publish","type":"product","link":"https:\/\/fancyadventurefactory.com\/lv\/product\/kvadratveida-kubls-ar-perlamutra-vannu-elektriska-apsilde\/","title":{"rendered":"Kvadr\u0101tveida kubls ar perlamutra vannu (elektrisk\u0101 apsilde)"},"content":{"rendered":"","protected":false},"excerpt":{"rendered":"<p>Latvij\u0101 izgatavots izcilas kvalit\u0101tes moderns kvadr\u0101tveida kubls ar m\u016bsdien\u012bgu elektrisko apsildi, siltin\u0101ts un ar pilnu komplekt\u0101ciju.<\/p>\n","protected":false},"featured_media":16918,"comment_status":"open","ping_status":"closed","template":"","meta":[],"product_brand":[],"product_cat":[91],"product_tag":[],"class_list":{"0":"post-16920","1":"product","2":"type-product","3":"status-publish","4":"has-post-thumbnail","6":"product_cat-tubs","8":"first","9":"instock","10":"taxable","11":"shipping-taxable","12":"purchasable","13":"product-type-simple"},"jetpack_sharing_enabled":true,"_links":{"self":[{"href":"https:\/\/fancyadventurefactory.com\/lv\/wp-json\/wp\/v2\/product\/16920","targetHints":{"allow":["GET"]}}],"collection":[{"href":"https:\/\/fancyadventurefactory.com\/lv\/wp-json\/wp\/v2\/product"}],"about":[{"href":"https:\/\/fancyadventurefactory.com\/lv\/wp-json\/wp\/v2\/types\/product"}],"replies":[{"embeddable":true,"href":"https:\/\/fancyadventurefactory.com\/lv\/wp-json\/wp\/v2\/comments?post=16920"}],"version-history":[{"count":1,"href":"https:\/\/fancyadventurefactory.com\/lv\/wp-json\/wp\/v2\/product\/16920\/revisions"}],"predecessor-version":[{"id":16925,"href":"https:\/\/fancyadventurefactory.com\/lv\/wp-json\/wp\/v2\/product\/16920\/revisions\/16925"}],"wp:featuredmedia":[{"embeddable":true,"href":"https:\/\/fancyadventurefactory.com\/lv\/wp-json\/wp\/v2\/media\/16918"}],"wp:attachment":[{"href":"https:\/\/fancyadventurefactory.com\/lv\/wp-json\/wp\/v2\/media?parent=16920"}],"wp:term":[{"taxonomy":"product_brand","embeddable":true,"href":"https:\/\/fancyadventurefactory.com\/lv\/wp-json\/wp\/v2\/product_brand?post=16920"},{"taxonomy":"product_cat","embeddable":true,"href":"https:\/\/fancyadventurefactory.com\/lv\/wp-json\/wp\/v2\/product_cat?post=16920"},{"taxonomy":"product_tag","embeddable":true,"href":"https:\/\/fancyadventurefactory.com\/lv\/wp-json\/wp\/v2\/product_tag?post=16920"}],"curies":[{"name":"wp","href":"https:\/\/api.w.org\/{rel}","templated":true}]}}