{"id":17174,"date":"2025-03-04T12:31:43","date_gmt":"2025-03-04T12:31:43","guid":{"rendered":"https:\/\/fancyadventurefactory.com\/?post_type=product&#038;p=17174"},"modified":"2025-03-21T14:04:04","modified_gmt":"2025-03-21T14:04:04","slug":"pirts-krasns-skamet-p-11640-gl-vrv-8-18m%c2%b3-ar-udens-tvertni","status":"publish","type":"product","link":"https:\/\/fancyadventurefactory.com\/lv\/product\/pirts-krasns-skamet-p-11640-gl-vrv-8-18m%c2%b3-ar-udens-tvertni\/","title":{"rendered":"Pirts kr\u0101sns Skamet P-11640-GL-VRV (8-18m\u00b3) ar \u016bdens tvertni"},"content":{"rendered":"<p>Kurin\u0101\u0161ana notiek pirts telp\u0101. Standarta kr\u0101snis tiek b\u016bv\u0113tas paredzot iesp\u0113ju savienot t\u0101s ar kr\u0101sns skursteni, kas n\u0101k no aug\u0161as vai iziet no aizmugur\u0113j\u0101s sienas.<br \/>\nIr iesp\u0113ja pas\u016bt\u012bt apgriezta veida modeli, t.i. ar caurules piesl\u0113gvietu tikai aug\u0161pus\u0113, no durti\u0146u puses.<\/p>\n<p>Pieg\u0101de vis\u0101 Latvij\u0101!<\/p>\n","protected":false},"excerpt":{"rendered":"<p>Pirts kr\u0101sns augstums 73cm;<br \/>\n40-litru \u016bdens tvertne;<br \/>\nNepiecie\u0161amais akmens daudzums \u2013 40 kg (nav iek\u013cauts);<br \/>\nIzm\u0113ri \u2013 73 x 61 x 51cm (augstums x platums x dzi\u013cums);<br \/>\nSvars \u2013 70kg;<br \/>\nDurvis ar stiklu (230 x 230 mm);<br \/>\nDurvju e\u0146\u0123es kreisaj\u0101 pus\u0113;<br \/>\nKr\u0101sa \u2013 melna (karstumiztur\u012bga);<br \/>\nSavienojums ar d\u016bmvadu aug\u0161\u0101. D=115 mm<\/p>\n","protected":false},"featured_media":17198,"comment_status":"closed","ping_status":"closed","template":"","meta":[],"product_brand":[],"product_cat":[],"product_tag":[],"class_list":{"0":"post-17174","1":"product","2":"type-product","3":"status-publish","4":"has-post-thumbnail","7":"first","8":"instock","9":"taxable","10":"shipping-taxable","11":"purchasable","12":"product-type-simple"},"jetpack_sharing_enabled":true,"_links":{"self":[{"href":"https:\/\/fancyadventurefactory.com\/lv\/wp-json\/wp\/v2\/product\/17174","targetHints":{"allow":["GET"]}}],"collection":[{"href":"https:\/\/fancyadventurefactory.com\/lv\/wp-json\/wp\/v2\/product"}],"about":[{"href":"https:\/\/fancyadventurefactory.com\/lv\/wp-json\/wp\/v2\/types\/product"}],"replies":[{"embeddable":true,"href":"https:\/\/fancyadventurefactory.com\/lv\/wp-json\/wp\/v2\/comments?post=17174"}],"version-history":[{"count":1,"href":"https:\/\/fancyadventurefactory.com\/lv\/wp-json\/wp\/v2\/product\/17174\/revisions"}],"predecessor-version":[{"id":17203,"href":"https:\/\/fancyadventurefactory.com\/lv\/wp-json\/wp\/v2\/product\/17174\/revisions\/17203"}],"wp:featuredmedia":[{"embeddable":true,"href":"https:\/\/fancyadventurefactory.com\/lv\/wp-json\/wp\/v2\/media\/17198"}],"wp:attachment":[{"href":"https:\/\/fancyadventurefactory.com\/lv\/wp-json\/wp\/v2\/media?parent=17174"}],"wp:term":[{"taxonomy":"product_brand","embeddable":true,"href":"https:\/\/fancyadventurefactory.com\/lv\/wp-json\/wp\/v2\/product_brand?post=17174"},{"taxonomy":"product_cat","embeddable":true,"href":"https:\/\/fancyadventurefactory.com\/lv\/wp-json\/wp\/v2\/product_cat?post=17174"},{"taxonomy":"product_tag","embeddable":true,"href":"https:\/\/fancyadventurefactory.com\/lv\/wp-json\/wp\/v2\/product_tag?post=17174"}],"curies":[{"name":"wp","href":"https:\/\/api.w.org\/{rel}","templated":true}]}}