{"id":17308,"date":"2025-02-07T07:29:35","date_gmt":"2025-02-07T07:29:35","guid":{"rendered":"https:\/\/fancyadventurefactory.com\/product\/sibley-500-protech\/"},"modified":"2025-03-26T17:49:51","modified_gmt":"2025-03-26T17:49:51","slug":"sibley-500-protech","status":"publish","type":"product","link":"https:\/\/fancyadventurefactory.com\/lv\/product\/sibley-500-protech\/","title":{"rendered":"Sibley 500 ProTech"},"content":{"rendered":"<p class=\"\" data-start=\"38\" data-end=\"162\"><strong data-start=\"38\" data-end=\"60\">Sibley 500 ProTech<\/strong> ir ide\u0101li piem\u0113rots 4 glampiem, kuriem ir \u0137\u0113ni\u0161a gultas, vai l\u012bdz pat 8 kemp\u0113riem uz gu\u013camspilveniem.<\/p>\n<p class=\"\" data-start=\"164\" data-end=\"1003\"><strong data-start=\"164\" data-end=\"198\">Sieta sienas: 360\u00b0 ProTechtion<\/strong><br data-start=\"198\" data-end=\"201\" \/>Tradicion\u0101lie kempinga kait\u0113k\u013ci, piem\u0113ram, kukai\u0146i un mazie dz\u012bvnieki, rada liel\u0101ku apdraud\u0113jumu kemp\u0113riem, \u0146emot v\u0113r\u0101 pieaugo\u0161o vektoru p\u0101rn\u0113s\u0101to slim\u012bbu izplat\u012bbu, piem\u0113ram, Ziku, Rietumn\u012blas v\u012brusu un m\u0113ri. M\u016bsu ProTech s\u0113rija ietver sieta sienu, kas piestiprin\u0101s pie gr\u012bdas segas un kupola, \u013caujot jums pacelt auduma sienas, lai nodro\u0161in\u0101tu maksim\u0101lu ventil\u0101ciju, vienlaikus saglab\u0101jot teltis herm\u0113tiskas pret kait\u0113k\u013ciem. Sieta sienas savienojas ar sieta durv\u012bm, izmantojot \u012bpa\u0161i stipras Velcro lentes, nodro\u0161inot dro\u0161u herm\u0113tiskumu un piln\u012bgu 360\u00b0 sieta p\u0101rkl\u0101jumu. Ja sieta siena netiek izmantota, to var rull\u0113t un novietot, izmantojot iek\u0161\u0113j\u0101 kupola uzst\u0101d\u012bto \u0101\u0137a un cilpas sist\u0113mu, vai piln\u012bb\u0101 iz\u0146emt, ar r\u0101v\u0113jsl\u0113dz\u0113ju to no\u0146emot. Sieta sienas ir paz\u012bstamas ar\u012b k\u0101 dubult\u0101s sienas zvana telt\u0113s.<\/p>\n<p class=\"\" data-start=\"1005\" data-end=\"1935\"><strong data-start=\"1005\" data-end=\"1069\">Roll Up s\u0101nu sienas un r\u0101v\u0113jsl\u0113dz\u0113ja gr\u012bdas sega: Pro klases<\/strong><br data-start=\"1069\" data-end=\"1072\" \/>M\u016bsu ProTech gr\u012bdas segas piestiprin\u0101s pie telts ar r\u0101v\u0113jsl\u0113dz\u0113ju, un t\u0101s ir izgatavotas no bieza, termiski metin\u0101ta, rip-stop PVC (650 gr\/m\u00b2 vai 19.17 oz\/yd\u00b2). Piln\u012bgi \u016bdens un tvaika necaurlaid\u012bgas, \u201cbathtub stila\u201d gr\u012bda pace\u013cas par 10 cm, lai j\u016bs paliktu sausi pat st\u0101vo\u0161\u0101 \u016bden\u012b. Izmantojot iztur\u012bgu 10. izm\u0113ra r\u0101v\u0113jsl\u0113dz\u0113ju, lai pievienotu s\u0101nu sienu pie gr\u012bdas, j\u016bs varat atv\u0113rt gr\u012bdu, lai paceltu auduma sienas, nodro\u0161inot maksim\u0101lu ventil\u0101ciju, vai piln\u012bb\u0101 no\u0146emt gr\u012bdas segu transport\u0113\u0161anai, uzglab\u0101\u0161anai, t\u012br\u012b\u0161anai vai, lai izbaud\u012btu z\u0101li vai smiltis zem k\u0101j\u0101m. Dro\u0161\u012bbas \u0101\u0137u un cilpu sist\u0113ma \u013cauj nolaist bathtuba sienu net\u0101lu no durv\u012bm un piestiprin\u0101t to horizont\u0101li, lai nov\u0113rstu trauc\u0113k\u013cus un atvieglotu t\u012br\u012b\u0161anu. Mazs att\u0101lums starp diviem r\u0101v\u0113jsl\u0113dz\u0113jiem aizmugur\u0113 \u013cauj ievietot elektrisko vadu telt\u012b, netrauc\u0113jot aizsardz\u012bbu no lietus un kukai\u0146iem.<\/p>\n<p class=\"\" data-start=\"1937\" data-end=\"2182\"><strong data-start=\"1937\" data-end=\"1968\">Pro integr\u0113tas sieta durvis<\/strong><br data-start=\"1968\" data-end=\"1971\" \/>Sibley 500 ProTech ietver pie\u0161\u016btas \u201cno-see-um\u201d sieta durvis, papildus tradicion\u0101laj\u0101m auduma durv\u012bm. Telts ir apr\u012bkota ar cilp\u0101m ab\u0101s durvju pus\u0113s, lai, kad t\u0101s netiek izmantotas, b\u016btu \u0113rti piesiet sieta durvis.<\/p>\n<p class=\"\" data-start=\"2184\" data-end=\"2609\"><strong data-start=\"2184\" data-end=\"2221\">Pro stabi un spriedzes regul\u0113t\u0101ji<\/strong><br data-start=\"2221\" data-end=\"2224\" \/>Pirmo reizi uzst\u0101d\u012b\u0161ana ir \u013coti viegla ar Pro stabiem, kas ir iepriek\u0161 pievienoti pie telts un ie\u0161\u0137\u0113rsoju\u0161i m\u016bsu spriedzes regul\u0113t\u0101jus. Pro klases stabi ir uzlaboti ar nylon virv\u0113m, lai viegl\u0101k regul\u0113tu spriedzi uz staba. Pro stabi ir 5 mm biezi un tiem ir papildu UV iztur\u012bga apstr\u0101de. Plastik\u0101ta spriedzes regul\u0113t\u0101ji nov\u0113r\u0161 stabu apmalju sagrie\u0161anos un pagarin\u0101\u0161 to kalpo\u0161anas laiku.<\/p>\n<p class=\"\" data-start=\"2611\" data-end=\"3244\"><strong data-start=\"2611\" data-end=\"2640\">Pro stiprin\u0101jumi un tapas<\/strong><br data-start=\"2640\" data-end=\"2643\" \/>\u012apa\u0161i izstr\u0101d\u0101ti augstiem v\u0113jiem vai cietai un akme\u0146ainai zemei, m\u016bsu Pro stiprin\u0101jumi ir izgatavoti no t\u0101 pa\u0161a augstas kvalit\u0101tes ni\u0137el\u0113ta t\u0113rauda, k\u0101 m\u016bsu stabi. CanvasCamp ekskluz\u012bvie Pro stiprin\u0101jumi ir 24 cm (9.5 collu) le\u0146\u0137veida un zobaini, lai tos var\u0113tu ieb\u0113rt ar\u012b sald\u0113tas vai akme\u0146ainas zemes dzi\u013cum\u0101. T formas \u0101\u0137is ir dro\u0161i pie\u0161\u0137elts stiprin\u0101jumam, lai nov\u0113rstu stabu nolai\u0161anos pat augst\u0101 v\u0113ja laik\u0101. Pro gr\u012bdas tapas ir 50% biez\u0101kas nek\u0101 standarta tapas. Tapas gr\u012bdai ir apa\u013cas formas, lai t\u0101s viegli ievietotu gr\u012bdas segas caurumiem, un t\u0101s ir ar \u0101\u0137veida aug\u0161u, lai notur\u0113tu gr\u012bdu viet\u0101.<\/p>\n<p class=\"\" data-start=\"3246\" data-end=\"3666\"><strong data-start=\"3246\" data-end=\"3267\">Pro atsperu stabi<\/strong><br data-start=\"3267\" data-end=\"3270\" \/>Pro s\u0113rijas stabi ir nostiprin\u0101ti sal\u012bdzin\u0101jum\u0101 ar standarta stabiem, kas iek\u013cauti Standard, Deluxe un Ultimate s\u0113rij\u0101s. Pro durvju stabi ir 23 mm (.91 collas) diametr\u0101, un centr\u0101lais stabs ir 32 mm (1.25 collas) diametr\u0101. Iek\u0161\u0113j\u0101s atsperes stieples pal\u012bdz \u0101tri un viegli salikt staba da\u013cas. Centr\u0101lajam stabam ir pie\u0161\u016bts lentas gredzens, ko var izmantot, lai pakarin\u0101tu iek\u0161\u0113jo telti vai lustru.<\/p>\n<p class=\"\" data-start=\"3668\" data-end=\"4882\"><strong data-start=\"3668\" data-end=\"3682\">Pro audums<\/strong><br data-start=\"3682\" data-end=\"3685\" \/>Pro audums (320 gr\/m\u00b2 vai 9.44 oz\/yd\u00b2) ir lab\u0101kais audums premium zvana telt\u0113m; bet tas nav tikai svara jaut\u0101jums. M\u016bsu patent\u0113t\u0101 Pro apstr\u0101de pievieno papildu \u016bdensiztur\u012bbu dabiski \u016bdensiztur\u012bgajam audumam, k\u0101 ar\u012b pel\u0113juma un UV iztur\u012bbu. Pro audums ir paredz\u0113ts ilgtermi\u0146a lieto\u0161anai un pla\u0161am klimatu diapazonam. L\u012bdzsvars starp elpojam\u012bbu, \u016bdensiztur\u012bbu un iztur\u012bbu; Pro audums ir ide\u0101li piem\u0113rots \u0113rtai nometnei vis\u0101s 4 sezon\u0101s. Remont\u0113jams un atk\u0101rtoti apstr\u0101d\u0101jams, pien\u0101c\u012bgi uztur\u0113ts Pro audums var kalpot gadiem ilgi. Divreiz iz\u0161\u016btas, plakanas krokas jumta un s\u0101nu sienu \u0161uves, \u0161uves stiprin\u0101jumi un dubult\u0101 sl\u0101\u0146a konstrukcija visos spriedzes punktos rada zvana telti, kas ir tikpat iztur\u012bga k\u0101 skaista.<br data-start=\"4397\" data-end=\"4400\" \/>100% kokvilnas audums nodro\u0161ina dabisku \u016bdensiztur\u012bbu un elpojam\u012bbu. Kokvilnas \u0161\u0137iedras uzbriest mitrum\u0101, cie\u0161a auduma austs ne\u013cauj lietus \u016bdenim iek\u013c\u016bt, un mitruma pilieni uz \u0101r\u0113j\u0101s virsmas, apvienojum\u0101 ar straujo kupola le\u0146\u0137i, \u013cauj \u016bdenim pil\u0113t un noskriet. Gais\u0101 iek\u0161pus\u0113 notur\u0113tais mitrums joproj\u0101m var tie\u0161i iztvaikot caur audumu, saglab\u0101jot zemu iek\u0161\u0113jo mitrumu un nov\u0113r\u0161ot kondens\u0101ciju.<br data-start=\"4793\" data-end=\"4796\" \/>Skatiet m\u016bsu <strong data-start=\"4809\" data-end=\"4816\">FAQ<\/strong> vair\u0101k inform\u0101cijas par kokvilnas audumu un pareizu telts apkopi.<\/p>\n<p class=\"\" data-start=\"4884\" data-end=\"5320\"><strong data-start=\"4884\" data-end=\"4909\">100% kokvilnas audums<\/strong><br data-start=\"4909\" data-end=\"4912\" \/>M\u016bsu Sibley audums ir izgatavots tikai no 100% kokvilnas. Kokvilna tiek ieg\u016bta no \u0161\u012bs iztur\u012bg\u0101s un sausumu iztur\u012bg\u0101s augu s\u0113kl\u0101m. Ilgtsp\u0113j\u012bga, atjaunojama un viena no visvair\u0101k biolo\u0123iski no\u0101rd\u0101m\u0101m auduma sug\u0101m pasaul\u0113. M\u016bsu audums ir maigs, dabisks, zemes to\u0146a b\u0113\u0161s, kas sp\u012bd iek\u0161pus\u0113 un \u0101rpus\u0113 ar dabisku vai m\u0101ksl\u012bgu gaismu. CanvasCamp ir vien\u012bgais tel\u0161u ra\u017eot\u0101js, kas nes ofici\u0101lo Seal of Cotton\u00ae z\u012bmogu.<\/p>\n<p class=\"\" data-start=\"5322\" data-end=\"5815\"><strong data-start=\"5322\" data-end=\"5354\">Logi un ventil\u0101cijas atveres<\/strong><br data-start=\"5354\" data-end=\"5357\" \/>Katra Sibley telts ir piln\u012bb\u0101 apr\u012bkota ar logiem un ventil\u0101cijas atver\u0113m, kas p\u0101rkl\u0101ti ar \u201cno-see-um\u201d sieta audumu, lai tur\u0113tu kukai\u0146us \u0101r\u0101, nodro\u0161inot ventil\u0101ciju un gaisa pl\u016bsmu. M\u016bsu pusm\u0113ness logi ir apr\u012bkoti ar r\u0101v\u0113jsl\u0113dz\u0113ja p\u0101rkl\u0101jiem, lai j\u016bs var\u0113tu piel\u0101got v\u0113lamo ventil\u0101cijas un priv\u0101tuma l\u012bmeni. Katrs logs ir apr\u012bkots ar cilpu aizdares sist\u0113mu, lai k\u0101rt\u012bgi notur\u0113tu p\u0101rkl\u0101jus, kad logi ir atv\u0113rtas. Sibley 500 ir 4 logi un 4 ventil\u0101cijas atveres.<\/p>\n<p class=\"\" data-start=\"5817\" data-end=\"6685\"><strong data-start=\"5817\" data-end=\"5836\">Kr\u0101sns sader\u012bba<\/strong><br data-start=\"5836\" data-end=\"5839\" \/>Visas CanvasCamp teltis viegli piel\u0101gojamas lieto\u0161anai ar koka deg\u0161anas telts kr\u0101sni. Pareiza kr\u0101sns izvieto\u0161ana ir atkar\u012bga no kr\u0101sns lieluma, telts lieluma, d\u016bmu izejas veida, v\u0113lam\u0101s temperat\u016bras un vides, kur\u0101 j\u016bs v\u0113laties nometoties. Viens izm\u0113rs der visiem, iepriek\u0161 uzst\u0101d\u012btie kr\u0101sns caurumi ne\u013cauj klientiem piel\u0101got kr\u0101sns izvietojumu un maksim\u0101lo lietder\u012bbu. Lai nodro\u0161in\u0101tu pareizu izvietojumu un ide\u0101lu efektivit\u0101ti, CanvasCamp pied\u0101v\u0101 modul\u0101rus kr\u0101sns caurumus (p\u0101rdod atsevi\u0161\u0137i), kurus var viegli uzst\u0101d\u012bt jebkur\u0101 kokvilnas zvana telt\u012b da\u017eu min\u016b\u0161u laik\u0101. Kr\u0101sns caurumi ir pieejami da\u017e\u0101dos formas un izm\u0113ros, lai j\u016bs var\u0113tu izv\u0113l\u0113ties caurumu, kas piln\u012bb\u0101 atbilst j\u016bsu teltij un kr\u0101snij.<br data-start=\"6540\" data-end=\"6543\" \/>Lasiet m\u016bsu <strong data-start=\"6555\" data-end=\"6564\">blogu<\/strong> vai <strong data-start=\"6569\" data-end=\"6592\">sazinieties ar mums<\/strong>, lai uzzin\u0101tu vair\u0101k par vispiem\u0113rot\u0101ko kr\u0101sni un t\u0101s izvietojumu j\u016bsu konkr\u0113taj\u0101 situ\u0101cij\u0101.<\/p>\n<p class=\"\" data-start=\"6687\" data-end=\"7288\">Canvas zvana teltis nav paredz\u0113tas izmanto\u0161anai ar atkl\u0101t\u0101m ugunskura bedr\u0113m. Ugunsdro\u0161\u012bba ir lietot\u0101ja atbild\u012bba. M\u0113s aicin\u0101m j\u016bs izgl\u012btot sevi un iev\u0113rot ugunsdro\u0161\u012bbu. Lasiet m\u016bsu <strong data-start=\"6869\" data-end=\"6876\">FAQ<\/strong> un blogus, lai uzzin\u0101tu vair\u0101k par ugunsdro\u0161\u012bbu. Nevilcinieties sazin\u0101ties ar mums, ja jums ir k\u0101di jaut\u0101jumi vai ba\u017eas. Vienm\u0113r p\u0101rbaudiet viet\u0113jos uguns noteikumus pirms uguns uzs\u0101k\u0161anas, jo noteikumi var main\u012bties visu gadu. CanvasCamp nevar uz\u0146emties atbild\u012bbu par boj\u0101jumiem vai ievainojumiem, kas radu\u0161ies uguns vai viegli uzliesmojo\u0161u materi\u0101lu izmanto\u0161anas vai \u013caunpr\u0101t\u012bgas izmanto\u0161anas d\u0113\u013c m\u016bsu telt\u012bs.<\/p>\n<p class=\"\" data-start=\"7290\" data-end=\"8022\"><strong data-start=\"7290\" data-end=\"7313\">Papildu inform\u0101cija<\/strong><br data-start=\"7313\" data-end=\"7316\" \/>Gr\u012bdas plat\u012bba: 19,6 m\u00b2 (210 ft\u00b2)<br data-start=\"7349\" data-end=\"7352\" \/>Diametrs: 500 (5m\/16ft 5in)<br data-start=\"7379\" data-end=\"7382\" \/>Augstums: 300 cm (9ft 10in)<br data-start=\"7409\" data-end=\"7412\" \/>Durvju augstums: 175 cm (5ft 9in)<br data-start=\"7445\" data-end=\"7448\" \/>Maksim\u0101l\u0101 kapacit\u0101te: 8<br data-start=\"7471\" data-end=\"7474\" \/>Auduma veids: Pro (320 gr\/m\u00b2 vai 9.44 oz\/yd\u00b2)<br data-start=\"7519\" data-end=\"7522\" \/>\u016adens kolonna: 3500mm<br data-start=\"7543\" data-end=\"7546\" \/>Gr\u012bdas materi\u0101ls: Pro (650 gr\/m\u00b2 vai 19.17 oz\/yd\u00b2)<br data-start=\"7596\" data-end=\"7599\" \/>Gr\u012bdas piestiprin\u0101\u0161ana: R\u0101v\u0113jsl\u0113dz\u0113js<br data-start=\"7636\" data-end=\"7639\" \/>Sieta durvju tips: Ie\u0161\u016btas integr\u0113tas sieta sienas: J\u0101<br data-start=\"7693\" data-end=\"7696\" \/>Tapu tips: Smagas devas<br data-start=\"7719\" data-end=\"7722\" \/>Sader\u012bba ar iek\u0161\u0113jo telti: J\u0101<br data-start=\"7751\" data-end=\"7754\" \/>Kop\u0113jais svars (kg \/ lbs): 40.6 \/ 90.2<br data-start=\"7792\" data-end=\"7795\" \/>Auduma svars (kg \/ lbs): 34 \/ 75.6<br data-start=\"7829\" data-end=\"7832\" \/>Stabu svars (kg \/ lbs): 6.6 \/ 14.7<br data-start=\"7866\" data-end=\"7869\" \/>Kast\u0113 ietilpsto\u0161ie izm\u0113ri (1) (cm): 78 x 39 x 30<br data-start=\"7917\" data-end=\"7920\" \/>Kast\u0113 ietilpsto\u0161ie izm\u0113ri (2) (cm): 78 x 39 x 17<br data-start=\"7968\" data-end=\"7971\" \/>Kast\u0113 ietilpsto\u0161ie izm\u0113ri (3) (cm): 100 x 16 x 12<\/p>\n<p><strong data-start=\"766\" data-end=\"810\">Rokasgr\u0101mata uzst\u0101d\u012b\u0161anai Sibley ProTech<\/strong><br data-start=\"810\" data-end=\"813\" \/>Pro Canvas telts (320 gr\/m\u00b2 vai 9,44 oz\/yd\u00b2)<br data-start=\"857\" data-end=\"860\" \/>R\u0101v\u0113jsl\u0113dz\u0113ja ProTech gr\u012bdas segums (650 gr\/m\u00b2 vai 19,17 oz\/yd\u00b2)<br data-start=\"924\" data-end=\"927\" \/>32mm (1-1\/4\u201d) atsperu iel\u0101d\u0113ts pulvera p\u0101rkl\u0101juma t\u0113rauda centr\u0101lais stabs ar gumijas k\u0101j\u0101m<br data-start=\"1018\" data-end=\"1021\" \/>23mm (7\/8\u201d) atsperu iel\u0101d\u0113ts pulvera p\u0101rkl\u0101juma t\u0113rauda A formas stabs ar gumijas k\u0101j\u0101m<br data-start=\"1108\" data-end=\"1111\" \/>1 \u0161\u016bts iek\u0161\u0113jais sieta durvis<br data-start=\"1140\" data-end=\"1143\" \/>Sieta sienas, kas tiek ievietotas\/iz\u0146emtas<br data-start=\"1185\" data-end=\"1188\" \/>14 5mm UV iztur\u012bgas enkura auklas ar sprieguma regulatoriem<br data-start=\"1247\" data-end=\"1250\" \/>14 profesion\u0101lie enkuri<br data-start=\"1273\" data-end=\"1276\" \/>13 profesion\u0101lie gr\u012bdas seguma enkuri<br data-start=\"1313\" data-end=\"1316\" \/>4 sieta p\u0101rkl\u0101ti aug\u0161\u0113jie ventil\u0101cijas logi<br data-start=\"1359\" data-end=\"1362\" \/>4 sieta p\u0101rkl\u0101ti pusm\u0113ness logi ar r\u0101v\u0113jsl\u0113dz\u0113ja auduma p\u0101rkl\u0101jumu<br data-start=\"1428\" data-end=\"1431\" \/>Kokvilnas auduma p\u0101rn\u0113s\u0101\u0161anas soma<br data-start=\"1465\" data-end=\"1468\" \/>Stabu un enkuru somas<br data-start=\"1489\" data-end=\"1492\" \/>Stabu atsperu remonta komplekts<\/p>\n","protected":false},"excerpt":{"rendered":"<p>Sibley 500 ProTech ir ide\u0101li piem\u0113rots 4 glampiem, kuriem ir \u0137\u0113ni\u0161a gultas, vai l\u012bdz pat 8 kemp\u0113riem uz gu\u013camspilveniem. Sieta<\/p>\n","protected":false},"featured_media":16528,"comment_status":"closed","ping_status":"closed","template":"","meta":[],"product_brand":[80],"product_cat":[118,123],"product_tag":[],"class_list":{"0":"post-17308","1":"product","2":"type-product","3":"status-publish","4":"has-post-thumbnail","6":"product_brand-canvas-camps","7":"product_cat-audekla-teltis","8":"product_cat-sibley-protech-lv","10":"first","11":"instock","12":"purchasable","13":"product-type-simple"},"jetpack_sharing_enabled":true,"_links":{"self":[{"href":"https:\/\/fancyadventurefactory.com\/lv\/wp-json\/wp\/v2\/product\/17308","targetHints":{"allow":["GET"]}}],"collection":[{"href":"https:\/\/fancyadventurefactory.com\/lv\/wp-json\/wp\/v2\/product"}],"about":[{"href":"https:\/\/fancyadventurefactory.com\/lv\/wp-json\/wp\/v2\/types\/product"}],"replies":[{"embeddable":true,"href":"https:\/\/fancyadventurefactory.com\/lv\/wp-json\/wp\/v2\/comments?post=17308"}],"version-history":[{"count":3,"href":"https:\/\/fancyadventurefactory.com\/lv\/wp-json\/wp\/v2\/product\/17308\/revisions"}],"predecessor-version":[{"id":17377,"href":"https:\/\/fancyadventurefactory.com\/lv\/wp-json\/wp\/v2\/product\/17308\/revisions\/17377"}],"wp:featuredmedia":[{"embeddable":true,"href":"https:\/\/fancyadventurefactory.com\/lv\/wp-json\/wp\/v2\/media\/16528"}],"wp:attachment":[{"href":"https:\/\/fancyadventurefactory.com\/lv\/wp-json\/wp\/v2\/media?parent=17308"}],"wp:term":[{"taxonomy":"product_brand","embeddable":true,"href":"https:\/\/fancyadventurefactory.com\/lv\/wp-json\/wp\/v2\/product_brand?post=17308"},{"taxonomy":"product_cat","embeddable":true,"href":"https:\/\/fancyadventurefactory.com\/lv\/wp-json\/wp\/v2\/product_cat?post=17308"},{"taxonomy":"product_tag","embeddable":true,"href":"https:\/\/fancyadventurefactory.com\/lv\/wp-json\/wp\/v2\/product_tag?post=17308"}],"curies":[{"name":"wp","href":"https:\/\/api.w.org\/{rel}","templated":true}]}}