{"id":17314,"date":"2025-02-07T07:24:50","date_gmt":"2025-02-07T07:24:50","guid":{"rendered":"https:\/\/fancyadventurefactory.com\/?post_type=product&#038;p=17314"},"modified":"2025-03-26T17:18:45","modified_gmt":"2025-03-26T17:18:45","slug":"sibley-300-ultimate","status":"publish","type":"product","link":"https:\/\/fancyadventurefactory.com\/lv\/product\/sibley-300-ultimate\/","title":{"rendered":"Sibley 300 Ultimate"},"content":{"rendered":"<p class=\"\" data-start=\"51\" data-end=\"92\"><strong data-start=\"51\" data-end=\"92\">Sibley 300 Ultimate Telts Uzst\u0101d\u012b\u0161ana<\/strong><\/p>\n<p class=\"\" data-start=\"94\" data-end=\"980\">Sibley 300 ir ide\u0101la diviem kempingot\u0101jiem uz divgu\u013cam\u0101s gultas vai trim kempingot\u0101jiem uz gu\u013camaj\u0101m pakl\u0101jiem. Lai maksim\u0101li izmantotu lietojamo telpu maz\u0101kaj\u0101 no Sibley telt\u012bm, m\u0113s esam nomain\u012bju\u0161i tradicion\u0101lo centr\u0101lo stabu ar tr\u012bsk\u0101ju stabu sist\u0113mu. M\u0113s pa\u0146\u0113m\u0101m klasisko zvana teltu dizainu un piepild\u012bj\u0101m to ar funkcij\u0101m, koncentr\u0113joties uz lieto\u0161anas vieglumu, komfortu, stilu un daudzveid\u012bbu. Ultimate atbilst vis\u0101m pras\u012bb\u0101m \u0123imenes kempingam, luksusa nometn\u0113m, br\u012bvdienu glampingam, festiv\u0101liem, d\u0101rza ball\u012bt\u0113m, automa\u0161\u012bnu kempingam, pagalma atp\u016btai un tr\u012bs sezonu lieto\u0161anai. Rupj\u0101s, \u016bdens un tvaiku necaurlaid\u012bg\u0101s zemes pl\u0101ksnes piestiprin\u0101s pie teltis ar stipru izm\u0113ra 10 r\u0101v\u0113jsl\u0113dz\u0113ju, kas iet apk\u0101rt visai perimetram. Tas \u013cauj pacelt kanvas s\u0101nu sienas, lai \u013cautu iepl\u016bst gaisam, vai piln\u012bb\u0101 no\u0146emt gr\u012bdu p\u0101rvad\u0101\u0161anai, t\u012br\u012b\u0161anai, uzglab\u0101\u0161anai vai lai justu z\u0101li zem k\u0101j\u0101m!<\/p>\n<p class=\"\" data-start=\"982\" data-end=\"1735\"><strong data-start=\"982\" data-end=\"1040\">T\u012bkls Sienas: Ultimate 360\u00b0 Aizsardz\u012bba un Ventil\u0101cija<\/strong> CanvasCamp Sibley Ultimate s\u0113rija tagad ietver neizskat\u0101mu sieta sienu, kas nodro\u0161ina 360\u00b0 ventil\u0101ciju un aizsardz\u012bbu pret kukai\u0146iem. Sieta siena pievienojas zemes pl\u0101ksnei un nojumei ar iztur\u012bgu #10 r\u0101v\u0113jsl\u0113dz\u0113ju, un ir piestiprin\u0101ta pie ieb\u016bv\u0113taj\u0101m sieta durv\u012bm ar papildu l\u012bm\u0113jo\u0161o Velcro, lai nodro\u0161in\u0101tu dro\u0161u herm\u0113tiskumu. Ja tas netiek lietots, sieta siena var tikt piln\u012bb\u0101 no\u0146emta vai r\u016bp\u012bgi sarull\u0113ta un uzglab\u0101ta ar ieb\u016bv\u0113to \u0101\u0137a un cilpas sist\u0113mu nojumes iek\u0161pus\u0113. Divk\u0101r\u0161\u0101 sienas zvana telts ir popul\u0101ra izv\u0113le, lai saglab\u0101tu v\u0113sumu karst\u0101 un mitr\u0101 laik\u0101 \u2013 vienlaikus samazinot kontaktu ar kukai\u0146iem, kas var p\u0101rn\u0113s\u0101t vektoru p\u0101rn\u0113s\u0101tas slim\u012bbas, piem\u0113ram, Ziku un Rietumn\u012blas v\u012brusu.<\/p>\n<p class=\"\" data-start=\"1737\" data-end=\"2759\"><strong data-start=\"1737\" data-end=\"1777\">Pavasara L\u0101d\u0113ts Tr\u012bsk\u0101ju Stabu R\u0101mis<\/strong> Lai maksim\u0101li izmantotu lietojamo telpu m\u016bsu maz\u0101kaj\u0101 Sibley telt\u012b, m\u0113s esam izstr\u0101d\u0101ju\u0161i tr\u012bsk\u0101ju stabu sist\u0113mu, nevis tradicion\u0101los centr\u0101los stabus, kas pieejami m\u016bsu liel\u0101kaj\u0101s zvanu telt\u012bs. 10 gabalu r\u0101mis ir pavasara l\u0101d\u0113ts vieglai uzst\u0101d\u012b\u0161anai. Katrs tr\u012bsk\u0101ja k\u0101js ir izgatavots no div\u0101m stabu sekcij\u0101m, kas piestiprin\u0101s pie 3-zaru virsotnes gabala. Gumijas stabu k\u0101jas aizsarg\u0101 telti un gr\u012bdu no stabu galiem. Lai gan 300 nav tik viegli uzst\u0101d\u0101ms k\u0101 400 vai 500 ar to vienu centr\u0101lo stabu, kad tas ir uzst\u0101d\u012bts, \u0161is mazais z\u0113ns ir iztur\u012bgs \u2013 v\u0113ja tests l\u012bdz 120 km\/h (75 j\u016bdzes stund\u0101). Durvju A formas aug\u0161pus\u0113 ir ieliktne, kas atrodas uz durvju virsotnes acu, nodro\u0161inot pareizu novietojumu. Virs ieliktnes tiek uzlikta lietus cepure, lai nov\u0113rstu lietus teko\u0161anu pa stabiem. Kanvas durvis tiek aiztais\u012btas vertik\u0101li un gar vannas gr\u012bdu. Katrs durvju s\u0101ns ir apr\u012bkots ar cilp\u0101m un aukl\u0101m, lai r\u016bp\u012bgi sasietu kanvas durvis un tur\u0113tu t\u0101s atv\u0113rtas, ja t\u0101s netiek izmantotas.<\/p>\n<p class=\"\" data-start=\"2761\" data-end=\"3529\"><strong data-start=\"2761\" data-end=\"2817\">Rol\u0113jo\u0161\u0101s S\u0101nu Sienas un R\u0101v\u0113jsl\u0113dz\u0113ja Zemes Pl\u0101ksne<\/strong> M\u016bsu Ultimate zemes pl\u0101ksnes ir piestiprin\u0101tas pie teltis ar r\u0101v\u0113jsl\u0113dz\u0113ju un ir izgatavotas no iztur\u012bga, termiski metin\u0101ta PVC (540 gr\/m\u00b2 vai 15.93 oz\/yd\u00b2). Piln\u012bgi \u016bdens un tvaika necaurlaid\u012bgas, &#8216;vannas tipa&#8217; gr\u012bda pace\u013cas par 4 coll\u0101m, lai j\u016bs saglab\u0101tu sausus pat st\u0101vo\u0161\u0101 \u016bden\u012b. Izmantojot iztur\u012bgu izm\u0113ra 10 r\u0101v\u0113jsl\u0113dz\u0113ju, lai pievienotu s\u0101nu sienu zemes pl\u0101ksnei, j\u016bs varat atv\u0113rt gr\u012bdu, lai paceltu kanvas sienas maksim\u0101lai ventil\u0101cijai, vai piln\u012bb\u0101 no\u0146emt zemes pl\u0101ksni p\u0101rvad\u0101\u0161anai, uzglab\u0101\u0161anai, t\u012br\u012b\u0161anai vai lai izbaud\u012btu z\u0101li vai smiltis zem k\u0101j\u0101m. Aizmugur\u0113 eso\u0161ais maza atstarpe starp diviem r\u0101v\u0113jsl\u0113dz\u0113jiem \u013cauj elektriskajai vadam iek\u013c\u016bt telt\u012b, neapdraudot aizsardz\u012bbu pret lietu un kukai\u0146iem.<\/p>\n<p class=\"\" data-start=\"3531\" data-end=\"4173\"><strong data-start=\"3531\" data-end=\"3554\">Pro Naglas un Stabi<\/strong> \u012apa\u0161i izstr\u0101d\u0101tas augsta v\u0113ja vai gr\u016btiem un akme\u0146ainiem zemes apst\u0101k\u013ciem, m\u016bsu Pro naglas ir izgatavotas no t\u0101 pa\u0161a augstas kvalit\u0101tes nikli p\u0101rkl\u0101t\u0101 t\u0113rauda, no kura izgatavoti m\u016bsu stabi. CanvasCamp ekskluz\u012bv\u0101s Pro st\u0101v\u0113t\u0101ja l\u012bnijas naglas ir 24 cm (9.5 collas) le\u0146\u0137isk\u0101s un z\u0101\u0123\u0113tas, lai iztur\u0113tu iebakst\u012b\u0161anu sasalu\u0161\u0101 vai akme\u0146ain\u0101 zem\u0113. T veida \u0101\u0137is ir dro\u0161i metin\u0101ts pie galvas, lai nov\u0113rstu auklu sl\u012bd\u0113\u0161anu pat augst\u0101 v\u0113ja laik\u0101. Pro gr\u012bdas pl\u0101ksnes naglas ir 50% biez\u0101kas nek\u0101 standarta naglas. Gr\u012bdas naglas ir apa\u013cas, lai viegli iek\u013c\u016btu zemes pl\u0101ksnes ac\u012bs, un t\u0101m ir \u0101\u0137a formas galva, kas notur gr\u012bdu viet\u0101.<\/p>\n<p class=\"\" data-start=\"4175\" data-end=\"4411\"><strong data-start=\"4175\" data-end=\"4201\">Ieb\u016bv\u0113tas Sieta Durvis<\/strong> Sibley 300 Ultimate ietver ieb\u016bv\u0113tas neizskat\u0101mas sieta durvis papildus tradicion\u0101laj\u0101m kanvas durv\u012bm. Telts ir apr\u012bkota ar cilp\u0101m katr\u0101 durvju pus\u0113, lai r\u016bp\u012bgi sasietu sieta durvis, kad t\u0101s netiek izmantotas.<\/p>\n<p class=\"\" data-start=\"4413\" data-end=\"4801\"><strong data-start=\"4413\" data-end=\"4437\">Logi un Ventil\u0101cijas<\/strong> Katram Sibley ir logi un ventil\u0101cijas, kas p\u0101rkl\u0101ti ar neizskat\u0101mu sieta materi\u0101lu, lai notur\u0113tu kukai\u0146us, nodro\u0161inot ventil\u0101ciju un gaisa pl\u016bsmu. M\u016bsu pusm\u0113ness logiem ir r\u0101v\u0113jsl\u0113dz\u0113ja v\u0101ki, lai \u013cautu piel\u0101got v\u0113lamo ventil\u0101cijas un priv\u0101tuma l\u012bmeni. Katram logam ir cilpu \u0101\u0137i, lai r\u016bp\u012bgi tur\u0113tu v\u0101ku, kad logi ir atv\u0113rti. Sibley 300 ir 3 logi un 3 ventil\u0101cijas.<\/p>\n<p class=\"\" data-start=\"4803\" data-end=\"5221\"><strong data-start=\"4803\" data-end=\"4841\">Pro Auklas un Sprieguma Regul\u0113t\u0101ji<\/strong> Pirm\u0101s uzst\u0101d\u012b\u0161anas process ir \u013coti viegls ar Pro aukl\u0101m, kas ir iepriek\u0161 pievienotas teltij un caurv\u012btotas caur m\u016bsu sprieguma regul\u0113t\u0101jiem. Pro l\u012bme\u0146a auklas ir uzlabotas ar kord\u0113tu neilona auklu, lai viegl\u0101k piel\u0101gotu spriegumu. Pro auklas ir 5mm biezas un ir papildus UV iztur\u012bgas. Plastmasas sprieguma regul\u0113t\u0101ji nov\u0113r\u0161 malu grie\u0161anos un pagarin\u0101s j\u016bsu teltis dz\u012bves ilgumu.<\/p>\n<p class=\"\" data-start=\"5223\" data-end=\"5801\"><strong data-start=\"5223\" data-end=\"5241\">Klasisk\u0101 Kanva<\/strong> M\u016bsu Klasisk\u0101 Kanva (285 gr\/m\u00b2 vai 8.44 oz\/yd\u00b2 polikotons) Ultimate, Deluxe un Standard s\u0113rij\u0101 ir ide\u0101ls l\u012bdzsvars starp veiktsp\u0113ju un elpojam\u012bbu. M\u016bsu patent\u0113t\u0101 apstr\u0101de uzlabo dabisko \u016bdens iztur\u012bbu, kas ir lieliska aizsardz\u012bba m\u0113reniem klimatiskajiem apst\u0101k\u013ciem un ikdienas lieto\u0161anai. Iev\u0113rojami remont\u0113jama un atk\u0101rtoti apstr\u0101d\u0101jama, pareizi uztur\u0113ta Klasisk\u0101 Kanvas telts var ilgt gadiem. Divk\u0101r\u0161a \u0161uve, plakana galvi\u0146a jumta un s\u0101nu sienas \u0161uves, \u0161uvju kabati\u0146as un dubult\u0101 sl\u0101\u0146a konstrukcija visos stresa punktos rada klasisku un iztur\u012bgu zvana telti.<\/p>\n<p class=\"\" data-start=\"5803\" data-end=\"6268\"><strong data-start=\"5803\" data-end=\"5822\">Kr\u0101sns Sader\u012bba<\/strong> Visas CanvasCamp teltis ir viegli piel\u0101gojamas lieto\u0161anai ar koka deg\u0161anas kr\u0101sni. Pareiza kr\u0101sns novieto\u0161ana ir atkar\u012bga no kr\u0101sns izm\u0113ra, telts izm\u0113ra, skurste\u013ca izn\u0101k\u0161anas stila, v\u0113lam\u0101s temperat\u016bras un vides, kur\u0101 pl\u0101nojat kempingu. &#8220;Vien\u0101 izm\u0113r\u0101 der visiem&#8221; iepriek\u0161 uzst\u0101d\u012btie kr\u0101sns v\u0101rti nesniedz klientiem nepiecie\u0161amo piel\u0101gojumu l\u012bmeni, lai sasniegtu ide\u0101lu kr\u0101sns novietojumu un maksim\u0101lu lietder\u012bbu.<\/p>\n<p class=\"\" data-start=\"72\" data-end=\"627\"><strong data-start=\"72\" data-end=\"96\">Papildus Inform\u0101cija<\/strong> Gr\u012bdas Plat\u012bba: 7 m\u00b2 (75 ft\u00b2)<br data-start=\"126\" data-end=\"129\" \/>Diametrs: 300 cm (3m \/ 9ft 10in)<br data-start=\"161\" data-end=\"164\" \/>Augstums: 190 cm (6ft 3in)<br data-start=\"190\" data-end=\"193\" \/>Durvju Augstums: 140 cm (4ft 7in)<br data-start=\"226\" data-end=\"229\" \/>Maksim\u0101l\u0101 Kapacit\u0101te: 3<br data-start=\"252\" data-end=\"255\" \/>Kanvas Tips: Klasiska (285 gr\/m\u00b2 vai 8.44 oz\/yd\u00b2)<br data-start=\"304\" data-end=\"307\" \/>\u016adens Kolonna: 3000mm<br data-start=\"328\" data-end=\"331\" \/>Gr\u012bdas Materi\u0101ls: Klasiska (540 gr\/m\u00b2 vai 15.93 oz\/yd\u00b2)<br data-start=\"386\" data-end=\"389\" \/>Gr\u012bdas Piestiprin\u0101jums: R\u0101v\u0113jsl\u0113dz\u0113js<br data-start=\"426\" data-end=\"429\" \/>Sieta Durvju Tips: Ieb\u016bv\u0113ts<br data-start=\"456\" data-end=\"459\" \/>Integr\u0113ta Sieta Sienas: J\u0101<br data-start=\"485\" data-end=\"488\" \/>Naglu Tips: Iztur\u012bgs<br data-start=\"508\" data-end=\"511\" \/>Sader\u012bba ar Iek\u0161\u0113jo Telti: Nav<br data-start=\"541\" data-end=\"544\" \/>Kop\u0113jais Svars (kg \/ lbs): 20.8 \/ 46.2<br data-start=\"582\" data-end=\"585\" \/>Iepakojuma Izm\u0113ri (1) (cm): 79 x 32 x 32<\/p>\n<p class=\"\" data-start=\"629\" data-end=\"1279\"><strong data-start=\"629\" data-end=\"658\">Uzst\u0101d\u012b\u0161anas Instrukcijas<\/strong><br data-start=\"658\" data-end=\"661\" \/>Sibley 300 Ultimate<br data-start=\"680\" data-end=\"683\" \/>Klasisk\u0101 Kanvas Telts (285 gr\/m\u00b2 vai 8.44 oz\/yd\u00b2 polikotons)<br data-start=\"743\" data-end=\"746\" \/>R\u0101v\u0113jsl\u0113dz\u0113js Ultimate Gr\u012bdas Pl\u0101ksne (540 gr\/m\u00b2 vai 15.93 oz\/yd\u00b2)<br data-start=\"812\" data-end=\"815\" data-is-only-node=\"\" \/>Ieb\u016bv\u0113tas sieta durvis<br data-start=\"837\" data-end=\"840\" \/>28mm (1-1\/8\u201d) pavasara l\u0101d\u0113ts nikli p\u0101rkl\u0101ts t\u0113rauda tr\u012bsk\u0101ju staba r\u0101mis ar gumijas p\u0113d\u0101m<br data-start=\"930\" data-end=\"933\" \/>10x 5mm auklas ar sprieguma regul\u0113t\u0101jiem, j\u0101pievelk pirmaj\u0101 uzst\u0101d\u012b\u0161an\u0101<br data-start=\"1004\" data-end=\"1007\" \/>10x auklu naglas<br data-start=\"1023\" data-end=\"1026\" \/>9x gr\u012bdas pl\u0101ksnes naglas<br data-start=\"1051\" data-end=\"1054\" \/>3x neizskat\u0101ma sieta p\u0101rkl\u0101ti virsotnes ventil\u0101cijas caurumi<br data-start=\"1114\" data-end=\"1117\" \/>3x neizskat\u0101mas sieta pusm\u0113ness logi ar r\u0101v\u0113jsl\u0113dz\u0113ja kanvas v\u0101kiem<br data-start=\"1184\" data-end=\"1187\" \/>Kokvilnas kanvas p\u0101rvad\u0101\u0161anas soma<br data-start=\"1221\" data-end=\"1224\" \/>Stabu un naglu somas<br data-start=\"1244\" data-end=\"1247\" \/>Stabu pavasara remonta komplekts<\/p>\n","protected":false},"excerpt":{"rendered":"<p>Sibley 300 Ultimate Telts Uzst\u0101d\u012b\u0161ana Sibley 300 ir ide\u0101la diviem kempingot\u0101jiem uz divgu\u013cam\u0101s gultas vai trim kempingot\u0101jiem uz gu\u013camaj\u0101m pakl\u0101jiem.<\/p>\n","protected":false},"featured_media":16480,"comment_status":"closed","ping_status":"closed","template":"","meta":[],"product_brand":[80],"product_cat":[118,124],"product_tag":[],"class_list":{"0":"post-17314","1":"product","2":"type-product","3":"status-publish","4":"has-post-thumbnail","6":"product_brand-canvas-camps","7":"product_cat-audekla-teltis","8":"product_cat-sibley-ultimate-lv","10":"first","11":"instock","12":"purchasable","13":"product-type-simple"},"jetpack_sharing_enabled":true,"_links":{"self":[{"href":"https:\/\/fancyadventurefactory.com\/lv\/wp-json\/wp\/v2\/product\/17314","targetHints":{"allow":["GET"]}}],"collection":[{"href":"https:\/\/fancyadventurefactory.com\/lv\/wp-json\/wp\/v2\/product"}],"about":[{"href":"https:\/\/fancyadventurefactory.com\/lv\/wp-json\/wp\/v2\/types\/product"}],"replies":[{"embeddable":true,"href":"https:\/\/fancyadventurefactory.com\/lv\/wp-json\/wp\/v2\/comments?post=17314"}],"version-history":[{"count":4,"href":"https:\/\/fancyadventurefactory.com\/lv\/wp-json\/wp\/v2\/product\/17314\/revisions"}],"predecessor-version":[{"id":17351,"href":"https:\/\/fancyadventurefactory.com\/lv\/wp-json\/wp\/v2\/product\/17314\/revisions\/17351"}],"wp:featuredmedia":[{"embeddable":true,"href":"https:\/\/fancyadventurefactory.com\/lv\/wp-json\/wp\/v2\/media\/16480"}],"wp:attachment":[{"href":"https:\/\/fancyadventurefactory.com\/lv\/wp-json\/wp\/v2\/media?parent=17314"}],"wp:term":[{"taxonomy":"product_brand","embeddable":true,"href":"https:\/\/fancyadventurefactory.com\/lv\/wp-json\/wp\/v2\/product_brand?post=17314"},{"taxonomy":"product_cat","embeddable":true,"href":"https:\/\/fancyadventurefactory.com\/lv\/wp-json\/wp\/v2\/product_cat?post=17314"},{"taxonomy":"product_tag","embeddable":true,"href":"https:\/\/fancyadventurefactory.com\/lv\/wp-json\/wp\/v2\/product_tag?post=17314"}],"curies":[{"name":"wp","href":"https:\/\/api.w.org\/{rel}","templated":true}]}}