{"id":17322,"date":"2025-02-07T07:29:35","date_gmt":"2025-02-07T07:29:35","guid":{"rendered":"https:\/\/fancyadventurefactory.com\/?post_type=product&#038;p=17322"},"modified":"2025-03-26T16:49:55","modified_gmt":"2025-03-26T16:49:55","slug":"sibley-700-protech-quad-door","status":"publish","type":"product","link":"https:\/\/fancyadventurefactory.com\/lv\/product\/sibley-700-protech-quad-door\/","title":{"rendered":"Sibley 700 ProTech Quad Door"},"content":{"rendered":"<p class=\"\" data-start=\"69\" data-end=\"101\"><strong data-start=\"69\" data-end=\"101\">Sibley 700 ProTech Quad Door<\/strong><\/p>\n<p class=\"\" data-start=\"103\" data-end=\"584\">Sibley 700 ir tikpat liels k\u0101 2 automa\u0161\u012bnu gar\u0101\u017ea, t\u0101s diametrs ir 7 metri (23 p\u0113das) un gr\u012bdas plat\u012bba ir 38,48 m\u00b2 (415 kvadr\u0101tp\u0113das). Sibley 700 komfortabli izmitina 8 glamping dal\u012bbniekus uz 4 queen gult\u0101m vai 14 kempinga dal\u012bbniekus uz gu\u013camaj\u0101m matrac\u0113m. Pla\u0161\u0101 gr\u012bdas plat\u012bba, augstie griesti un \u010detri durvju varianti Sibley 700 Quad Door telt\u012b pied\u0101v\u0101 daudz iesp\u0113ju gan ultra-luksusa glamping konfigur\u0101cij\u0101m ar pilnu m\u0113be\u013cu komplektu, gan augstas kapacit\u0101tes grupu kempingam.<\/p>\n<p class=\"\" data-start=\"586\" data-end=\"1096\">Visi m\u016bsu ProTech mode\u013ci ir piln\u012bb\u0101 apr\u012bkoti ar funkcij\u0101m, kas nodro\u0161ina \u0113rtu lieto\u0161anu un piel\u0101gojam\u012bbu da\u017e\u0101dos klimatiskajos apst\u0101k\u013cos. \u013boti elpojo\u0161s, m\u016bsu PRO kanvas (320 gr\/m\u00b2 vai 9,44 oz\/yd\u00b2) ir impregn\u0113ts ar \u016bdens, pel\u0113juma un UV iztur\u012bbu. Gr\u012bdas segums ir necaurlaid\u012bgs \u016bdenim un tvaikiem, tagad tas ir \u0101rk\u0101rt\u012bgi iztur\u012bgs ar rip-stop tehnolo\u0123iju (650 gr\/m\u00b2 vai 19,17 oz\/yd\u00b2). 360\u00b0 sieta sienas ventil\u0101cijai un aizsardz\u012bbai pret kukai\u0146iem var viegli uzglab\u0101t vai piln\u012bb\u0101 no\u0146emt, ja t\u0101s netiek izmantotas.<\/p>\n<h3 class=\"\" data-start=\"1098\" data-end=\"1132\"><strong data-start=\"1102\" data-end=\"1132\">Quad Doors (\u010cetras Durvis)<\/strong><\/h3>\n<p class=\"\" data-start=\"1134\" data-end=\"1505\">\u010cetras A-veida durvis nodro\u0161ina vair\u0101k nek\u0101 tikai pla\u0161u piek\u013cuvi no katras puses. Katras durvis ir apr\u012bkotas ar kanvas v\u0113tras durv\u012bm un atsevi\u0161\u0137\u0101m ekr\u0101na durv\u012bm, \u013caujot piel\u0101got telts &#8220;pl\u016bsmu&#8221; atbilsto\u0161i j\u016bsu iek\u0161telp\u0101m, \u012bpa\u0161umam un laikapst\u0101k\u013ciem. Ar 200 cm (6,5 p\u0113das) br\u012bvu augstumu visos virzienos, Sibley 700 Quad Door nodro\u0161ina pla\u0161u piek\u013cuvi un netrauc\u0113tus skatus.<\/p>\n<p class=\"\" data-start=\"1507\" data-end=\"2129\">Sibley rakstur\u012bg\u0101s A-veida durvis \u013cauj viegli iek\u013c\u016bt un izk\u013c\u016bt, un t\u0101s tur kanvas 90 gr\u0101du le\u0146\u0137\u012b no zemes, nov\u0113r\u0161ot lietus iek\u013c\u016b\u0161anu telt\u012b, p\u0101rvietojoties iek\u0161\u0101 un \u0101r\u0101. Gr\u012bda ir apr\u012bkota ar \u010detr\u0101m izsist\u0113m, kas dro\u0161i tur durvju stabus viet\u0101. A-veida durvju aug\u0161da\u013ca ir apr\u012bkota ar tapu, kas s\u0113\u017e uz caurules aug\u0161pus\u0113, lai nodro\u0161in\u0101tu pareizu izvietojumu. P\u0101rslu v\u0101ci\u0146\u0161 tiek uzlikts uz tapu, lai nov\u0113rstu lietus iek\u013c\u016b\u0161anu pa stabiem. Kanvas durvis aizveras vertik\u0101li un gar gr\u012bdas bathtub zonu. Katras durvis ir apr\u012bkotas ar cilp\u0101m un virv\u0113m, lai \u0113rt\u0101k tur\u0113tu atv\u0113rtas kanvas un\/vai ekr\u0101na durvis, kad t\u0101s netiek izmantotas.<\/p>\n<p class=\"\" data-start=\"2131\" data-end=\"2394\">Katru Sibley ir iesp\u0113jams savienot ar <strong data-start=\"2169\" data-end=\"2189\">Sibley Connector<\/strong>, kas ir savienot\u0101js formas veid\u0101, ko var izmantot k\u0101 nojumi. Sibley Connector var ar\u012b izmantot k\u0101 p\u0101rkl\u0101tu tiltu starp vien\u0101m no dubult\u0101m durv\u012bm un otro zvanu telti, \u013caujot izveidot vair\u0101kas telpas telt\u012b.<\/p>\n<h3 class=\"\" data-start=\"2396\" data-end=\"2465\"><strong data-start=\"2400\" data-end=\"2465\">Mesh Walls: 360\u00b0 ProTechtion (Sieta Sienas: 360\u00b0 ProTechtion)<\/strong><\/h3>\n<p class=\"\" data-start=\"2467\" data-end=\"3150\">Tradicion\u0101l\u0101s kempinga kait\u0113k\u013ci, piem\u0113ram, kukai\u0146i un dz\u012bvnieki, k\u013c\u016bst par liel\u0101ku apdraud\u0113jumu kempingot\u0101jiem ar aizvien pieaugo\u0161o vektora p\u0101rn\u0113s\u0101to slim\u012bbu, piem\u0113ram, Zika, Rietumu N\u012bles un m\u0113ra, izplat\u012bbu. M\u016bsu ProTech s\u0113rija ietver sieta sienas, kas pievienojas gr\u012bdas segumam un nojumei, \u013caujot uzrull\u0113t kanvas sienas maksim\u0101lai ventil\u0101cijai, vienlaikus saglab\u0101jot telti aizsarg\u0101tu no kait\u0113k\u013ciem. Sieta sienas savienojas ar sieta durv\u012bm, izmantojot \u013coti stipru Velcro, lai nodro\u0161in\u0101tu dro\u0161u bl\u012bv\u0113jumu, pied\u0101v\u0101jot pilnu 360\u00b0 sietu. Ja t\u0101s netiek izmantotas, sieta sienas var uzrull\u0113t un uzglab\u0101t ar ieb\u016bv\u0113to cilpas un aizdares sist\u0113mu nojumes iek\u0161pus\u0113 vai t\u0101s var piln\u012bb\u0101 iz\u0146emt.<\/p>\n<h3 class=\"\" data-start=\"3152\" data-end=\"3284\"><strong data-start=\"3156\" data-end=\"3284\">Roll Up Side Walls and Zipper Groundsheet: Pro Grade (S\u0101nu sienas ar uzrull\u0113\u0161anu un r\u0101v\u0113jsl\u0113dz\u0113ja gr\u012bdas segums: Pro klases)<\/strong><\/h3>\n<p class=\"\" data-start=\"3286\" data-end=\"3874\">M\u016bsu ProTech gr\u012bdas segumi tiek pievienoti teltij ar r\u0101v\u0113jsl\u0113dz\u0113ju, un tie ir izgatavoti no bieza, termiski lod\u0113ta, rip-stop PVC (650 gr\/m\u00b2 vai 19,17 oz\/yd\u00b2). Piln\u012bgi necaurlaid\u012bgi \u016bdenim un tvaikiem, &#8220;bathtub style&#8221; gr\u012bda pace\u013cas 10 cm (4 collas) augstum\u0101, lai j\u016bs paliktu sausi, pat st\u0101vo\u0161\u0101 \u016bden\u012b. Izmantojot iztur\u012bgu 10. izm\u0113ra r\u0101v\u0113jsl\u0113dz\u0113ju, lai piestiprin\u0101tu s\u0101nu sienu pie gr\u012bdas seguma, varat atv\u0113rt gr\u012bdu, lai uzrull\u0113tu kanvas sienas maksim\u0101lai ventil\u0101cijai, vai piln\u012bb\u0101 no\u0146emt gr\u012bdas segumu transport\u0113\u0161anai, uzglab\u0101\u0161anai, t\u012br\u012b\u0161anai vai, lai izbaud\u012btu z\u0101li vai smiltis zem k\u0101j\u0101m.<\/p>\n<h3 class=\"\" data-start=\"3876\" data-end=\"3939\"><strong data-start=\"3880\" data-end=\"3939\">Pro Integrated Mesh Doors (Pro integr\u0113t\u0101s sieta durvis)<\/strong><\/h3>\n<p class=\"\" data-start=\"3941\" data-end=\"4179\">Sibley 700 ProTech Quad Door ietver \u010detras \u0161\u016btas no-see-um sieta durvis papildus tradicion\u0101laj\u0101m kanvas durv\u012bm. Telts ir apr\u012bkota ar cilp\u0101m katr\u0101 durvju pus\u0113, lai p\u0113c nepiecie\u0161am\u012bbas viegli sasietu sieta durvis, kad t\u0101s netiek izmantotas.<\/p>\n<h3 class=\"\" data-start=\"4181\" data-end=\"4259\"><strong data-start=\"4185\" data-end=\"4259\">Pro Guy Lines and Tensioners (Pro pal\u012bgvirves un spriego\u0161anas ier\u012bces)<\/strong><\/h3>\n<p class=\"\" data-start=\"4261\" data-end=\"4657\">Pirmreiz\u0113ja uzst\u0101d\u012b\u0161ana ir viegla ar Pro pal\u012bgvirv\u0113m, kas ir iepriek\u0161 pievienotas teltij un cauri izt\u012br\u012bt\u0101m spriego\u0161anas ier\u012bc\u0113m. Pro l\u012bnijas ir uzlabotas ar neilona virvi, lai viegl\u0101k piel\u0101gotu spriegojumu uz l\u012bnij\u0101m. Pro l\u012bnijas ir 5 mm biezas un papildus apstr\u0101d\u0101tas ar UV iztur\u012bbu. Plastmasas spriego\u0161anas ier\u012bces nov\u0113r\u0161 malu grie\u0161anos iek\u0161\u0113j\u0101s l\u012bnij\u0101s, pagarinot j\u016bsu telts kalpo\u0161anas laiku.<\/p>\n<h3 class=\"\" data-start=\"4659\" data-end=\"4705\"><strong data-start=\"4663\" data-end=\"4705\">Pro Stakes and Pegs (Pro mieti un \u0101\u0137i)<\/strong><\/h3>\n<p class=\"\" data-start=\"4707\" data-end=\"5199\">\u012apa\u0161i izstr\u0101d\u0101ti augstiem v\u0113jiem vai gr\u016btiem un akme\u0146ainiem zemes apst\u0101k\u013ciem, m\u016bsu Pro stabi ir izgatavoti no t\u0101da pa\u0161a augst\u0101k\u0101s kvalit\u0101tes ni\u0137e\u013ca p\u0101rkl\u0101ta t\u0113rauda, k\u0101 m\u016bsu stabi. CanvasCamp ekskluz\u012bvie Pro guy line stakes ir 24 cm (9,5 collas) le\u0146\u0137i un zoboti, lai notur\u0113tu piek\u013c\u016b\u0161anu uz sasalst\u0101m\u0101m vai akme\u0146ain\u0101m virsm\u0101m. T formas \u0101\u0137is ir dro\u0161i pielod\u0113ts pie staba, lai nov\u0113rstu pal\u012bgvirves no sl\u012bd\u0113\u0161anas pat augst\u0101 v\u0113ja apst\u0101k\u013cos. Pro gr\u012bdas seguma \u0101\u0137i ir 50% biez\u0101ki nek\u0101 standarta \u0101\u0137i.<\/p>\n<h3 class=\"\" data-start=\"5201\" data-end=\"5262\"><strong data-start=\"5205\" data-end=\"5262\">Pro Spring Loaded Poles (Pro atsperes iel\u0101d\u0113ti stabi)<\/strong><\/h3>\n<p class=\"\" data-start=\"5264\" data-end=\"5684\">Pro s\u0113rijas stabi ir stiprin\u0101ti sal\u012bdzin\u0101jum\u0101 ar standarta stabiem, kas iek\u013cauti Standarta, Deluxe un Ultimate s\u0113rij\u0101s. Pro durvju stabi ir 23 mm (.91 collas) diametr\u0101, bet centr\u0101lais stabs ir 32 mm (1,25 collas) diametr\u0101. Iek\u0161\u0113jie atsperu stie\u0146i vada stabu sekcijas kop\u0101 \u0101trai un vieglai mont\u0101\u017eai. Centr\u0101lais stabs ir apr\u012bkots ar metin\u0101tu lentu gredzenu, kas var tikt izmantots, lai pievienotu iek\u0161\u0113jo telti vai lustru.<\/p>\n<h3 class=\"\" data-start=\"5686\" data-end=\"5717\"><strong data-start=\"5690\" data-end=\"5717\">Pro Canvas (Pro kanvas)<\/strong><\/h3>\n<p class=\"\" data-start=\"5719\" data-end=\"6405\">Pro Canvas (320 gr\/m\u00b2 vai 9,44 oz\/yd\u00b2) ir vislab\u0101kais audums premium zvanu telt\u012bm; ta\u010du tas nav tikai par svaru. M\u016bsu patent\u0113tais Pro apstr\u0101des process pievieno papildu \u016bdensiztur\u012bbu un pel\u0113juma un UV iztur\u012bbu. Pro kanvas ir izstr\u0101d\u0101ts ilgtermi\u0146a lieto\u0161anai un da\u017e\u0101diem klimatiskajiem apst\u0101k\u013ciem. Tas nodro\u0161ina elpojam\u012bbu, \u016bdensiztur\u012bbu un iztur\u012bbu; Pro kanvas ir ide\u0101li piem\u0113rots kempingam visos \u010detros gadalaikos. Piem\u0113rots remontam un p\u0101rstr\u0101dei, pareizi uztur\u0113ts Pro var kalpot gadiem ilgi. Divreiz \u0161\u016bti, plakani \u0161uvju un s\u0101nu sienu savienojumi, \u0161uvju stiprin\u0101jumi un dubult\u0101 sl\u0101\u0146a konstrukcija pie vis\u0101m slodzes viet\u0101m padara \u0161o zvanu telti ne tikai skaistu, bet ar\u012b \u013coti iztur\u012bgu.<\/p>\n<h3 class=\"\" data-start=\"6407\" data-end=\"6457\"><strong data-start=\"6411\" data-end=\"6457\">100% Cotton Canvas (100% kokvilnas kanvas)<\/strong><\/h3>\n<p class=\"\" data-start=\"6459\" data-end=\"6866\">M\u016bsu Sibley kanvas ir izgatavota tikai no 100% kokvilnas. Kokvilna tiek ieg\u016bta no \u0161\u012b iztur\u012bg\u0101 un sausuma iztur\u012bg\u0101 auga s\u0113kl\u0101m. Ilgtsp\u0113j\u012bga, atjaunojama un viena no visvair\u0101k biolo\u0123iski no\u0101rd\u0101m\u0101m auduma \u0161\u0137iedr\u0101m uz Zemes. M\u016bsu kanvas ir maigs, dab\u012bgs, zemes tonis, kas mirdz iek\u0161pus\u0113 un \u0101rpus\u0113 ar dabisko vai m\u0101ksl\u012bgo gaismu. CanvasCamp ir vien\u012bgais teltu ra\u017eot\u0101js, kas valk\u0101 ofici\u0101lo Seal of Cotton\u00ae z\u012bmogu.<\/p>\n<h3 class=\"\" data-start=\"6868\" data-end=\"6916\"><strong data-start=\"6872\" data-end=\"6916\">Windows and Vents (Logi un ventil\u0101cijas)<\/strong><\/h3>\n<p class=\"\" data-start=\"6918\" data-end=\"7313\">Katra Sibley ir apr\u012bkota ar logiem un ventil\u0101cij\u0101m, kas p\u0101rkl\u0101ti ar no-see-um sieta materi\u0101lu, lai aizsarg\u0101tu pret kukai\u0146iem, vienlaikus nodro\u0161inot ventil\u0101ciju un gaisa pl\u016bsmu. M\u016bsu pusm\u0113ness formas logi ir apr\u012bkoti ar r\u0101v\u0113jsl\u0113dz\u0113ju aizsargiem, kas \u013cauj piel\u0101got v\u0113lamo ventil\u0101cijas un priv\u0101tuma l\u012bmeni. Katrs logs ir apr\u012bkots ar cilpas \u0101\u0137iem, lai k\u0101rt\u012bgi tur\u0113tu aizsargus, kad logi ir atv\u0113rtas.<\/p>\n<h3 class=\"\" data-start=\"7315\" data-end=\"7364\"><strong data-start=\"7319\" data-end=\"7364\">Stove Compatibility (Piem\u0113rot\u012bba kr\u0101sn\u012bm)<\/strong><\/h3>\n<p class=\"\" data-start=\"62\" data-end=\"1683\">Visas CanvasCamp teltis ir viegli piel\u0101gojamas lieto\u0161anai ar koka dedzin\u0101\u0161anas telts kr\u0101sn\u012bm. Pareiza kr\u0101sns izvietojums ir atkar\u012bgs no kr\u0101sns lieluma, telts lieluma, izpl\u016bdes stila, v\u0113lam\u0101s temperat\u016bras un vides, kur\u0101 pl\u0101nojat nometni. Univers\u0101li uzst\u0101d\u012btie kr\u0101sns caurules caurules pied\u0101v\u0101jumi nav pietiekami piel\u0101gojami, lai nodro\u0161in\u0101tu v\u0113lamo kr\u0101sns izvietojumu un maksim\u0101lu lietder\u012bbu. Lai nodro\u0161in\u0101tu pareizu izvietojumu un ide\u0101lu efektivit\u0101ti, CanvasCamp pied\u0101v\u0101 modul\u0101ras kr\u0101sns caurules (p\u0101rdod atsevi\u0161\u0137i), kuras var viegli uzst\u0101d\u012bt jebkur\u0101 kokvilnas auduma zvanu telt\u012b tikai da\u017e\u0101s min\u016bt\u0113s. Kr\u0101sns caurules ir pieejamas da\u017e\u0101dos veidos un izm\u0113ros, lai j\u016bs var\u0113tu izv\u0113l\u0113ties to, kas perfekti atbilst j\u016bsu telt\u012bm un kr\u0101sn\u012bm.<br data-start=\"828\" data-end=\"831\" \/>Lasiet m\u016bsu\u00a0blogu\u00a0vai sazinieties ar mums, lai uzzin\u0101tu vair\u0101k par lab\u0101ko kr\u0101sns un t\u0101s izvietojuma izv\u0113li j\u016bsu konkr\u0113tajam pielietojumam.<br data-start=\"969\" data-end=\"972\" \/>Canvas zvanu teltis nav paredz\u0113tas lieto\u0161anai ar atkl\u0101t\u0101m ugunskura bedr\u0113m. Ugunsdro\u0161\u012bba ir lietot\u0101ja atbild\u012bba. M\u0113s aicin\u0101m j\u016bs izgl\u012btot sevi un iev\u0113rot piesardz\u012bbas pas\u0101kumus ugunsdro\u0161\u012bb\u0101. Lasiet m\u016bsu FAQ un blogus, lai uzzin\u0101tu vair\u0101k par ugunsdro\u0161\u012bbu. Nevilcinieties sazin\u0101ties ar mums, ja jums ir k\u0101di jaut\u0101jumi vai ba\u017eas jebkur\u0101 laik\u0101. Vienm\u0113r p\u0101rbaudiet viet\u0113jos ugunsdro\u0161\u012bbas ierobe\u017eojumus pirms uguns uzs\u0101k\u0161anas, jo noteikumi un regulas var main\u012bties bie\u017ei visa gada garum\u0101. CanvasCamp nevar tikt atbild\u012bga par jebk\u0101diem boj\u0101jumiem vai ievainojumiem, kas radu\u0161ies personas vai \u012bpa\u0161uma lieto\u0161anas vai \u013caunpr\u0101t\u012bgas izmanto\u0161anas d\u0113\u013c, izmantojot uguni vai viegli uzliesmojo\u0161us materi\u0101lus telt\u012bs vai ap t\u0101m.<\/p>\n<p class=\"\" data-start=\"1685\" data-end=\"2426\"><strong data-start=\"1685\" data-end=\"1708\">Papildu Inform\u0101cija<\/strong><br data-start=\"1708\" data-end=\"1711\" \/>Gr\u012bdas plat\u012bba: 38,48 m\u00b2 (415 ft\u00b2)<br data-start=\"1745\" data-end=\"1748\" \/>Diametrs: 700 cm (7m)<br data-start=\"1769\" data-end=\"1772\" \/>Augstums: 400 cm (13ft 1in)<br data-start=\"1799\" data-end=\"1802\" data-is-only-node=\"\" \/>Durvju augstums: 200 cm (6ft 6in)<br data-start=\"1835\" data-end=\"1838\" \/>Maksim\u0101l\u0101 ietilp\u012bba: 20<br data-start=\"1861\" data-end=\"1864\" \/>Auduma veids: Pro (320 gr\/m\u00b2 vai 9,44 oz\/yd\u00b2)<br data-start=\"1909\" data-end=\"1912\" \/>\u016adens stabs: 3500mm<br data-start=\"1931\" data-end=\"1934\" \/>Gr\u012bdas materi\u0101ls: Pro (650 gr\/m\u00b2 vai 19,17 oz\/yd\u00b2)<br data-start=\"1984\" data-end=\"1987\" \/>Gr\u012bdas piestiprin\u0101jums: \u0160\u016bts iek\u0161\u0101<br data-start=\"2021\" data-end=\"2024\" \/>Sieta durvju tips: \u0160\u016bts iek\u0161\u0101<br data-start=\"2053\" data-end=\"2056\" \/>Integr\u0113ts sieta siena: J\u0101<br data-start=\"2081\" data-end=\"2084\" \/>Sp\u0113ru veids: Heavy Duty<br data-start=\"2107\" data-end=\"2110\" \/>Iek\u0161\u0113j\u0101s telts sader\u012bba: N\u0113<br data-start=\"2137\" data-end=\"2140\" \/>Sienas augstums: 75 cm (2ft 5in)<br data-start=\"2172\" data-end=\"2175\" \/>Kop\u0113jais svars (kg \/ lbs): 87,3<br data-start=\"2206\" data-end=\"2209\" \/>Auduma svars (kg \/ lbs): 66,7<br data-start=\"2238\" data-end=\"2241\" \/>Stabu svars (kg \/ lbs): 20,6<br data-start=\"2269\" data-end=\"2272\" \/>Iepakojuma izm\u0113ri (1) (cm): 78x39x50 cm | 42,7 kg<br data-start=\"2321\" data-end=\"2324\" \/>Iepakojuma izm\u0113ri (2) (cm): 78x39x20 cm | 24 kg<br data-start=\"2371\" data-end=\"2374\" \/>Iepakojuma izm\u0113ri (3) (cm): 120x20x20 cm | 20,6 kg<\/p>\n","protected":false},"excerpt":{"rendered":"<p>Sibley 700 ProTech Quad Door Sibley 700 ir tikpat liels k\u0101 2 automa\u0161\u012bnu gar\u0101\u017ea, t\u0101s diametrs ir 7 metri (23<\/p>\n","protected":false},"featured_media":16520,"comment_status":"closed","ping_status":"closed","template":"","meta":[],"product_brand":[80],"product_cat":[118,123],"product_tag":[],"class_list":{"0":"post-17322","1":"product","2":"type-product","3":"status-publish","4":"has-post-thumbnail","6":"product_brand-canvas-camps","7":"product_cat-audekla-teltis","8":"product_cat-sibley-protech-lv","10":"first","11":"instock","12":"purchasable","13":"product-type-simple"},"jetpack_sharing_enabled":true,"_links":{"self":[{"href":"https:\/\/fancyadventurefactory.com\/lv\/wp-json\/wp\/v2\/product\/17322","targetHints":{"allow":["GET"]}}],"collection":[{"href":"https:\/\/fancyadventurefactory.com\/lv\/wp-json\/wp\/v2\/product"}],"about":[{"href":"https:\/\/fancyadventurefactory.com\/lv\/wp-json\/wp\/v2\/types\/product"}],"replies":[{"embeddable":true,"href":"https:\/\/fancyadventurefactory.com\/lv\/wp-json\/wp\/v2\/comments?post=17322"}],"version-history":[{"count":1,"href":"https:\/\/fancyadventurefactory.com\/lv\/wp-json\/wp\/v2\/product\/17322\/revisions"}],"predecessor-version":[{"id":17323,"href":"https:\/\/fancyadventurefactory.com\/lv\/wp-json\/wp\/v2\/product\/17322\/revisions\/17323"}],"wp:featuredmedia":[{"embeddable":true,"href":"https:\/\/fancyadventurefactory.com\/lv\/wp-json\/wp\/v2\/media\/16520"}],"wp:attachment":[{"href":"https:\/\/fancyadventurefactory.com\/lv\/wp-json\/wp\/v2\/media?parent=17322"}],"wp:term":[{"taxonomy":"product_brand","embeddable":true,"href":"https:\/\/fancyadventurefactory.com\/lv\/wp-json\/wp\/v2\/product_brand?post=17322"},{"taxonomy":"product_cat","embeddable":true,"href":"https:\/\/fancyadventurefactory.com\/lv\/wp-json\/wp\/v2\/product_cat?post=17322"},{"taxonomy":"product_tag","embeddable":true,"href":"https:\/\/fancyadventurefactory.com\/lv\/wp-json\/wp\/v2\/product_tag?post=17322"}],"curies":[{"name":"wp","href":"https:\/\/api.w.org\/{rel}","templated":true}]}}