{"id":17327,"date":"2025-02-07T07:26:25","date_gmt":"2025-02-07T07:26:25","guid":{"rendered":"https:\/\/fancyadventurefactory.com\/?post_type=product&#038;p=17327"},"modified":"2025-03-26T16:58:47","modified_gmt":"2025-03-26T16:58:47","slug":"altai-tent","status":"publish","type":"product","link":"https:\/\/fancyadventurefactory.com\/lv\/product\/altai-tent\/","title":{"rendered":"Altai Tent"},"content":{"rendered":"<p class=\"\" data-start=\"30\" data-end=\"319\"><strong data-start=\"30\" data-end=\"67\">Viedais Dizains Panor\u0101mas Skatiem<\/strong><br data-start=\"67\" data-end=\"70\" \/>Gareniski atveram\u0101 ieeja nodro\u0161ina 270\u00b0 panor\u0101mas skatu un optim\u0101lu ventil\u0101ciju. Papildu vied\u0101s funkcijas ietver iek\u0161\u0113jos cilpas aksesu\u0101riem, integr\u0113tus organizatorus un \u0101trus piesl\u0113g\u0161anas elementus durv\u012bm un logiem, nodro\u0161inot maksim\u0101lu komfortu.<\/p>\n<p class=\"\" data-start=\"321\" data-end=\"751\"><strong data-start=\"321\" data-end=\"380\">Integr\u0113tais patv\u0113rums Altai telts ar vieglu uzst\u0101d\u012b\u0161anu<\/strong><br data-start=\"380\" data-end=\"383\" \/>Izmantojiet 2 teleskopiskos stabus \u0101trai un \u0113rtai uzst\u0101d\u012b\u0161anai, nodro\u0161inot papildu \u0113nojumu, kur tas nepiecie\u0161ams, un pied\u0101v\u0101jot br\u012bvu un uzlabotu skatu. Portat\u012bv\u0101 Altai telts gudrais dizains nodro\u0161ina kompakto iepakojuma izm\u0113ru 75x30x30 cm un kop\u0113jo svaru, kas ir maz\u0101ks par 14 kg ar aksesu\u0101riem, ieskaitot visus uzst\u0101d\u012b\u0161anas komponentus. Altai padara ce\u013co\u0161anu vieglu!<\/p>\n<p class=\"\" data-start=\"753\" data-end=\"1221\"><strong data-start=\"753\" data-end=\"792\">Audums, P\u0101rkl\u0101jums un Gr\u012bdas Audums<\/strong><br data-start=\"792\" data-end=\"795\" \/>Kokvilna: 210 gr\/m\u00b2 polikotons. Tentex\u00ae PC21, augstas kvalit\u0101tes atjaunojams tehnisks kokvilnas audums, kas izstr\u0101d\u0101ts Eirop\u0101 \u0101ra industrijai (65% poliesters, 35% kokvilna). UV iztur\u012bgs, notur\u012bgs pret kr\u0101su izmai\u0146\u0101m, \u016bdens atgr\u016bdo\u0161s, pel\u0113juma un puves iztur\u012bgs, saglab\u0101jot elpojam\u012bbu. Poliestera un kokvilnas mais\u012bjums pied\u0101v\u0101 dabisko \u016bdens atgr\u016b\u0161anu sal\u012bdzin\u0101jum\u0101 ar 100% kokvilnu. Optimiz\u0113ti auduma parametri \u0101ra lieto\u0161anai!<\/p>\n<p class=\"\" data-start=\"1223\" data-end=\"1256\"><strong data-start=\"1223\" data-end=\"1241\">Gr\u012bdas audums:<\/strong> 400 gr\/m\u00b2 PVC.<\/p>\n<p class=\"\" data-start=\"1258\" data-end=\"1500\"><strong data-start=\"1258\" data-end=\"1281\">Papildu Inform\u0101cija<\/strong><br data-start=\"1281\" data-end=\"1284\" \/>\u016adens kolonna: 3000mm<br data-start=\"1305\" data-end=\"1308\" \/>Maksim\u0101l\u0101 kapacit\u0101te: 3<br data-start=\"1331\" data-end=\"1334\" \/>Garums: 230 cm<br data-start=\"1348\" data-end=\"1351\" \/>Platums: 210 cm<br data-start=\"1366\" data-end=\"1369\" \/>Augstums: 130 cm (4ft 2in)<br data-start=\"1395\" data-end=\"1398\" data-is-only-node=\"\" \/>Kop\u0113jais svars (kg \/ lbs): 13.25 kg<br data-start=\"1433\" data-end=\"1436\" \/>Auduma svars (kg \/ lbs): 11 kg<br data-start=\"1466\" data-end=\"1469\" \/>Stabu svars (kg \/ lbs): 2.25 kg<\/p>\n","protected":false},"excerpt":{"rendered":"<p>Viedais Dizains Panor\u0101mas SkatiemGareniski atveram\u0101 ieeja nodro\u0161ina 270\u00b0 panor\u0101mas skatu un optim\u0101lu ventil\u0101ciju. Papildu vied\u0101s funkcijas ietver iek\u0161\u0113jos cilpas aksesu\u0101riem,<\/p>\n","protected":false},"featured_media":16492,"comment_status":"closed","ping_status":"closed","template":"","meta":[],"product_brand":[],"product_cat":[119,118],"product_tag":[],"class_list":{"0":"post-17327","1":"product","2":"type-product","3":"status-publish","4":"has-post-thumbnail","6":"product_cat-kabinu-teltis","7":"product_cat-audekla-teltis","9":"first","10":"instock","11":"purchasable","12":"product-type-simple"},"jetpack_sharing_enabled":true,"_links":{"self":[{"href":"https:\/\/fancyadventurefactory.com\/lv\/wp-json\/wp\/v2\/product\/17327","targetHints":{"allow":["GET"]}}],"collection":[{"href":"https:\/\/fancyadventurefactory.com\/lv\/wp-json\/wp\/v2\/product"}],"about":[{"href":"https:\/\/fancyadventurefactory.com\/lv\/wp-json\/wp\/v2\/types\/product"}],"replies":[{"embeddable":true,"href":"https:\/\/fancyadventurefactory.com\/lv\/wp-json\/wp\/v2\/comments?post=17327"}],"version-history":[{"count":1,"href":"https:\/\/fancyadventurefactory.com\/lv\/wp-json\/wp\/v2\/product\/17327\/revisions"}],"predecessor-version":[{"id":17328,"href":"https:\/\/fancyadventurefactory.com\/lv\/wp-json\/wp\/v2\/product\/17327\/revisions\/17328"}],"wp:featuredmedia":[{"embeddable":true,"href":"https:\/\/fancyadventurefactory.com\/lv\/wp-json\/wp\/v2\/media\/16492"}],"wp:attachment":[{"href":"https:\/\/fancyadventurefactory.com\/lv\/wp-json\/wp\/v2\/media?parent=17327"}],"wp:term":[{"taxonomy":"product_brand","embeddable":true,"href":"https:\/\/fancyadventurefactory.com\/lv\/wp-json\/wp\/v2\/product_brand?post=17327"},{"taxonomy":"product_cat","embeddable":true,"href":"https:\/\/fancyadventurefactory.com\/lv\/wp-json\/wp\/v2\/product_cat?post=17327"},{"taxonomy":"product_tag","embeddable":true,"href":"https:\/\/fancyadventurefactory.com\/lv\/wp-json\/wp\/v2\/product_tag?post=17327"}],"curies":[{"name":"wp","href":"https:\/\/api.w.org\/{rel}","templated":true}]}}