{"id":17329,"date":"2025-02-07T07:26:25","date_gmt":"2025-02-07T07:26:25","guid":{"rendered":"https:\/\/fancyadventurefactory.com\/?post_type=product&#038;p=17329"},"modified":"2025-03-26T17:01:58","modified_gmt":"2025-03-26T17:01:58","slug":"mess-tent-iii","status":"publish","type":"product","link":"https:\/\/fancyadventurefactory.com\/lv\/product\/mess-tent-iii\/","title":{"rendered":"Mess Tent III"},"content":{"rendered":"<p class=\"\" data-start=\"30\" data-end=\"544\"><strong data-start=\"30\" data-end=\"42\">Mess III<\/strong> balst\u0101s uz veco milit\u0101ro telts modeli, un taj\u0101 var gul\u0113t l\u012bdz 16 cilv\u0113kiem uz gu\u013camspilveniem. Mess ieguvis nosaukumu no t\u0101 popularit\u0101tes k\u0101 liela telts \u0113diena gatavo\u0161anai, \u0113\u0161anai un san\u0101ksm\u0113m. Mess teltis tiek sauktas ar\u012b par &#8220;chow&#8221; telt\u012bm. \u0160\u012b sienu telts ir iecien\u012bta milit\u0101riem poste\u0146iem un skautu grup\u0101m, un t\u0101 ir pier\u0101d\u012bjusi savu daudzpus\u012bbu. P\u0113d\u0113j\u0101 laik\u0101 \u0161\u012b telts k\u013c\u016bst aizvien popul\u0101r\u0101ka glamping un Airbnb tel\u0161u nomai. Liel\u0101 iek\u0161\u0113j\u0101 telpa un pla\u0161ie sieta logi rada pla\u0161u un greznu atmosf\u0113ru.<\/p>\n<p class=\"\" data-start=\"546\" data-end=\"913\"><strong data-start=\"546\" data-end=\"569\">Logi un Ventil\u0101cija<\/strong><br data-start=\"569\" data-end=\"572\" \/>Mess III ir apr\u012bkota ar 6 \u013coti lieliem sieta logiem, kurus var k\u0101rt\u012bgi sarull\u0113t un uzglab\u0101t ar cilpas aizdares pal\u012bdz\u012bbu ventil\u0101cijai un gaisa pl\u016bsmai. Pla\u0161\u0101s durvis katr\u0101 telts gal\u0101 nodro\u0161ina vieglu piek\u013cuvi un t\u0101s ar\u012b var sarull\u0113t un piestiprin\u0101t. Virs ab\u0101m durv\u012bm sieta logi nodro\u0161ina ventil\u0101ciju pat tad, ja telts ir sl\u0113gta priv\u0101tumam.<\/p>\n<p class=\"\" data-start=\"915\" data-end=\"1514\"><strong data-start=\"915\" data-end=\"930\">Z\u0101les Flaps<\/strong><br data-start=\"930\" data-end=\"933\" \/>Tradicion\u0101li kokvilnas teltis neietv\u0113ra gr\u012bdas un viet\u0101 t\u0101s izmantoja z\u0101les flapu, lai nosl\u0113gtu telti pret v\u0113ju un dz\u012bvniekiem. Z\u0101les flaps ir 30 cm (10 collas) PVC flaps, kas pie\u0161\u016bts pie s\u0101nu sienas apak\u0161as un gu\u013c uz zemes iek\u0161pus\u0113 telt\u012b. Tradicion\u0101l\u0101kai pieejai var izrakst\u012bt nelielu gr\u0101vi ap telts perimetru un z\u0101les flapu var p\u0101rkl\u0101t ar zemi un akme\u0146iem no gr\u0101vja. Gr\u0101vis var darboties k\u0101 notek\u016bde\u0146u sist\u0113ma, kas no\u0137er lietus \u016bdeni, kas kr\u012bt uz teltis un ap to, samazinot st\u0101vo\u0161a \u016bdens ietekmi uz zemi zem teltis. Ja flaps tiek pagriezts uz \u0101ru, tas var kalpot k\u0101 sniega flaps.<\/p>\n<p class=\"\" data-start=\"1516\" data-end=\"1784\"><strong data-start=\"1516\" data-end=\"1543\">Pavasara Iel\u0101d\u0113ti Stabi<\/strong><br data-start=\"1543\" data-end=\"1546\" \/>Lai uzst\u0101d\u012b\u0161anu padar\u012btu \u0101tru un vieglu, visi stabi ir pavasara iel\u0101d\u0113ti. Visi ir izgatavoti no iztur\u012bga nik\u0113la p\u0101rkl\u0101ta t\u0113rauda ar diametru 25mm (1\u201d). Pavasara iel\u0101d\u0113tie stabi veido stabilu strukt\u016bru, kas iztur visus skarbos apst\u0101k\u013cus.<\/p>\n<p class=\"\" data-start=\"1786\" data-end=\"2612\"><strong data-start=\"1786\" data-end=\"1807\">Klasisk\u0101 Kokvilna<\/strong><br data-start=\"1807\" data-end=\"1810\" \/>Klasisk\u0101 kokvilna (320 gr\/m\u00b2 vai 9.5 oz\/yd\u00b2) Mess III telt\u012b ir t\u0101ds pats l\u012bdzsvars starp veiktsp\u0113ju un elpojam\u012bbu k\u0101 m\u016bsu Sibley Ultimate, Deluxe un Standart bell telt\u012bs. M\u016bsu patent\u0113tais apstr\u0101des process uzlabo dabisko \u016bdens atgr\u016b\u0161anu, un tas ir lieliska aizsardz\u012bba m\u0113reniem klimatiem un ikdienas lieto\u0161anai. Remont\u0113jama un p\u0101rstr\u0101d\u0101jama, pareizi uztur\u0113ta Klasisk\u0101s Kokvilnas telts var kalpot gadiem. 100% kokvilnas audums nodro\u0161ina dabisku \u016bdensnecaurlaid\u012bbu un elpojam\u012bbu. Kokvilnas \u0161\u0137iedras uzbriest, kad t\u0101s ir mitras, cie\u0161\u0101 auduma austs nov\u0113r\u0161 lietus iek\u013c\u016b\u0161anu, un mitruma pilieni uz virsmas, apvienojum\u0101 ar st\u0101v\u0101 le\u0146\u0137a kanap\u0113, \u013cauj \u016bdenim saciet\u0113t un notec\u0113t. Mitrums, kas paliek gais\u0101 iek\u0161pus\u0113, joproj\u0101m var izk\u013c\u016bt tie\u0161i caur audumu, saglab\u0101jot zemu iek\u0161\u0113jo mitrumu un mazinot kondens\u0101ciju.<\/p>\n<p class=\"\" data-start=\"2614\" data-end=\"3081\"><strong data-start=\"2614\" data-end=\"2631\">Standarta \u0100\u0137i<\/strong><br data-start=\"2631\" data-end=\"2634\" \/>Spie\u0137i un \u0101\u0137i ir izstr\u0101d\u0101ti vieglai ievieto\u0161anai un iz\u0146em\u0161anai no vid\u0113ja zemes, piem\u0113ram, z\u0101les vai me\u017ea gr\u012bdas. Telts \u0101\u0137iem ir izliekts formas k\u0101 l\u0101psts, lai dro\u0161i tur\u0113tu spriegumu zem\u0113, un tiem ir malas aug\u0161pus\u0113, lai nov\u0113rstu \u0101\u0137u no\u0146em\u0161anu. Gr\u012bdas \u0101\u0137iem ir apa\u013cas formas, lai tos ievietotu caur cilp\u0101m, kas pievienotas pie s\u0101nu sienas apak\u0161as, tiem ir \u0101\u0137a formas virsotne un tur gr\u012bdu viet\u0101. Visi standarta \u0101\u0137i un k\u0101ti\u0146i ir 22 cm (8,6 collas).<\/p>\n<p class=\"\" data-start=\"3083\" data-end=\"3441\"><strong data-start=\"3083\" data-end=\"3128\">Iztur\u012bgas Siksnas un Sprieguma Regulatori<\/strong><br data-start=\"3128\" data-end=\"3131\" \/>M\u016bsu Mess III telt\u012bm ir 3mm siksnas papildu stabilit\u0101tei, kuras j\u0101pie\u0161uj pirms pirm\u0101s uzst\u0101d\u012b\u0161anas. Izmantojiet m\u016bsu uzst\u0101d\u012b\u0161anas instrukcijas, lai ieg\u016btu priek\u0161statu par s\u0101kotn\u0113jo uzst\u0101d\u012b\u0161anas procesu. Plastik\u0101ta sprieguma regulatori nov\u0113r\u0161 malu saskr\u0101p\u0113\u0161anu ar siksn\u0101m un pagarin\u0101s teltis kalpo\u0161anas laiku.<\/p>\n<p class=\"\" data-start=\"3443\" data-end=\"4346\"><strong data-start=\"3443\" data-end=\"3466\">Piem\u0113rot\u012bba Kr\u0101snim<\/strong><br data-start=\"3466\" data-end=\"3469\" \/>Visas CanvasCamp teltis ir viegli piel\u0101gojamas lieto\u0161anai ar koka deg\u013ca telts kr\u0101sni. Pareiza kr\u0101sns novietojums ir atkar\u012bgs no kr\u0101sns izm\u0113ra, teltis izm\u0113ra, skurste\u0146a izejas stila, v\u0113lam\u0101s temperat\u016bras un vides, kur\u0101 pl\u0101nojat kempingot. Viena izm\u0113ra der visiem, iepriek\u0161 uzst\u0101d\u012btas kr\u0101sns atveres nesniedz klientiem nepiecie\u0161amo piel\u0101gojuma l\u012bmeni, lai sasniegtu ide\u0101lu kr\u0101sns novietojumu un maksim\u0101lu lietder\u012bbu. Lai nodro\u0161in\u0101tu pareizu novietojumu un ide\u0101lu efektivit\u0101ti, CanvasCamp pied\u0101v\u0101 modul\u0101ras kr\u0101sns atveres (p\u0101rdod atsevi\u0161\u0137i), kuras var viegli uzst\u0101d\u012bt jebkur\u0101 kokvilnas auduma telt\u012b tikai da\u017eu min\u016b\u0161u laik\u0101. Kr\u0101sns atveres ir pieejamas da\u017e\u0101dos formas un izm\u0113ros, lai j\u016bs var\u0113tu izv\u0113l\u0113ties atveri, kas perfekti der j\u016bsu teltij un kr\u0101snij. Lasiet m\u016bsu blogu vai sazinieties ar mums, lai uzzin\u0101tu vair\u0101k par lab\u0101ko kr\u0101sni un novietojumu j\u016bsu konkr\u0113tajai vajadz\u012bbai.<\/p>\n<p class=\"\" data-start=\"4348\" data-end=\"5023\">Canvas teltis nav paredz\u0113tas izmanto\u0161anai ar atkl\u0101t\u0101m ugunskura bedr\u0113m. Ugunsdro\u0161\u012bba ir lietot\u0101ja atbild\u012bba. M\u0113s mudin\u0101m j\u016bs izgl\u012btot sevi un praktiz\u0113t r\u016bp\u012bgu ugunsdro\u0161\u012bbu. Izlasiet m\u016bsu FAQ un blogus, lai uzzin\u0101tu vair\u0101k par ugunsdro\u0161\u012bbu. Nevilcinieties sazin\u0101ties ar mums, ja jums ir k\u0101di jaut\u0101jumi vai ba\u017eas jebkur\u0101 laik\u0101. Vienm\u0113r p\u0101rbaudiet viet\u0113jos uguns ierobe\u017eojumus pirms uguns s\u0101k\u0161anas, jo noteikumi un regul\u0113jumi var main\u012bties vis\u0101 gad\u0101. CanvasCamp nevar uz\u0146emties atbild\u012bbu par jebk\u0101diem boj\u0101jumiem vai ievainojumiem person\u0101m vai \u012bpa\u0161umiem, kas radu\u0161ies uguns vai uzliesmojo\u0161u materi\u0101lu izmanto\u0161anas vai \u013caunpr\u0101t\u012bgas izmanto\u0161anas d\u0113\u013c m\u016bsu telt\u012bs vai to apk\u0101rtn\u0113.<\/p>\n<p class=\"\" data-start=\"5025\" data-end=\"5565\"><strong data-start=\"5025\" data-end=\"5048\">Papildu inform\u0101cija<\/strong><br data-start=\"5048\" data-end=\"5051\" \/>Auduma tips: Klasisks (285 gr\/m\u00b2 vai 8.44 oz\/yd\u00b2)<br data-start=\"5100\" data-end=\"5103\" \/>\u016adens kolonna: 3000mm<br data-start=\"5124\" data-end=\"5127\" \/>Maksim\u0101l\u0101 kapacit\u0101te: 16<br data-start=\"5151\" data-end=\"5154\" \/>Garums: 600 cm (19ft 6in)<br data-start=\"5179\" data-end=\"5182\" \/>Platums: 450 cm (14ft 10in)<br data-start=\"5209\" data-end=\"5212\" \/>Augstums: 220 cm (7ft 2in)<br data-start=\"5238\" data-end=\"5241\" \/>Gr\u012bdas plat\u012bba: 27 m\u00b2 (290 ft\u00b2)<br data-start=\"5272\" data-end=\"5275\" \/>\u0100\u0137u tips: Klasisks<br data-start=\"5293\" data-end=\"5296\" \/>S\u0101nu sienas augstums: 180 cm<br data-start=\"5324\" data-end=\"5327\" data-is-only-node=\"\" \/>Kop\u0113jais svars (kg \/ lbs): 63.9 \/ 140.6<br data-start=\"5366\" data-end=\"5369\" \/>Auduma svars (kg \/ lbs): 27.4 \/ 60.3<br data-start=\"5405\" data-end=\"5408\" \/>Stabu svars (kg \/ lbs): 36.5 \/ 80.3<br data-start=\"5443\" data-end=\"5446\" \/>Iepakojuma izm\u0113rs (1) (cm): 110x36x27<br data-start=\"5483\" data-end=\"5486\" \/>Iepakojuma izm\u0113rs (2) (cm): 114x36x21<br data-start=\"5523\" data-end=\"5526\" \/>Iepakojuma izm\u0113rs (3) (cm): 114x25x15<\/p>\n<p class=\"\" data-start=\"5567\" data-end=\"6154\"><strong data-start=\"5567\" data-end=\"5596\">Uzst\u0101d\u012b\u0161anas instrukcijas<\/strong><br data-start=\"5596\" data-end=\"5599\" \/>Mess teltis<br data-start=\"5610\" data-end=\"5613\" \/>Mess III instrukcijas (da\u013ca 2)<br data-start=\"5643\" data-end=\"5646\" \/>Klasiska kokvilnas telts (320 gr\/m\u00b2 vai 9.5 oz\/yd\u00b2)<br data-start=\"5697\" data-end=\"5700\" \/>3 25mm (1\u201d) pavasara iel\u0101d\u0113ti nik\u0113l\u0113t\u0101 t\u0113rauda centr\u0101lie stabi ar gumijas k\u0101j\u0101m<br data-start=\"5779\" data-end=\"5782\" \/>25 21mm (3\/4\u201d) pavasara iel\u0101d\u0113ti nik\u0113l\u0113t\u0101 t\u0113rauda A formas stabi ar gumijas k\u0101j\u0101m<br data-start=\"5863\" data-end=\"5866\" \/>12 gabalu le\u0146\u0137a komplekts<br data-start=\"5891\" data-end=\"5894\" \/>23cm (9\u201d) pie\u0161\u016bts PVC z\u0101les flaps<br data-start=\"5927\" data-end=\"5930\" \/>3mm siksnas ar sprieguma regul\u0101toriem, j\u0101pie\u0161uj pirms pirm\u0101s uzst\u0101d\u012b\u0161anas<br data-start=\"6003\" data-end=\"6006\" \/>Piln\u012bgs \u0101\u0137u un k\u0101ti\u0146u komplekts<br data-start=\"6037\" data-end=\"6040\" data-is-only-node=\"\" \/>6 neredzamie sieta logi ar r\u0101v\u0113jsl\u0113dz\u0113ju un auduma v\u0101ci\u0146u<br data-start=\"6097\" data-end=\"6100\" \/>Kokvilnas auduma n\u0113s\u0101\u0161anas soma<br data-start=\"6131\" data-end=\"6134\" \/>Stabu un \u0101\u0137u somas<\/p>\n","protected":false},"excerpt":{"rendered":"<p>Mess III balst\u0101s uz veco milit\u0101ro telts modeli, un taj\u0101 var gul\u0113t l\u012bdz 16 cilv\u0113kiem uz gu\u013camspilveniem. Mess ieguvis nosaukumu<\/p>\n","protected":false},"featured_media":16496,"comment_status":"closed","ping_status":"closed","template":"","meta":[],"product_brand":[],"product_cat":[119,118],"product_tag":[],"class_list":{"0":"post-17329","1":"product","2":"type-product","3":"status-publish","4":"has-post-thumbnail","6":"product_cat-kabinu-teltis","7":"product_cat-audekla-teltis","9":"first","10":"instock","11":"purchasable","12":"product-type-simple"},"jetpack_sharing_enabled":true,"_links":{"self":[{"href":"https:\/\/fancyadventurefactory.com\/lv\/wp-json\/wp\/v2\/product\/17329","targetHints":{"allow":["GET"]}}],"collection":[{"href":"https:\/\/fancyadventurefactory.com\/lv\/wp-json\/wp\/v2\/product"}],"about":[{"href":"https:\/\/fancyadventurefactory.com\/lv\/wp-json\/wp\/v2\/types\/product"}],"replies":[{"embeddable":true,"href":"https:\/\/fancyadventurefactory.com\/lv\/wp-json\/wp\/v2\/comments?post=17329"}],"version-history":[{"count":1,"href":"https:\/\/fancyadventurefactory.com\/lv\/wp-json\/wp\/v2\/product\/17329\/revisions"}],"predecessor-version":[{"id":17330,"href":"https:\/\/fancyadventurefactory.com\/lv\/wp-json\/wp\/v2\/product\/17329\/revisions\/17330"}],"wp:featuredmedia":[{"embeddable":true,"href":"https:\/\/fancyadventurefactory.com\/lv\/wp-json\/wp\/v2\/media\/16496"}],"wp:attachment":[{"href":"https:\/\/fancyadventurefactory.com\/lv\/wp-json\/wp\/v2\/media?parent=17329"}],"wp:term":[{"taxonomy":"product_brand","embeddable":true,"href":"https:\/\/fancyadventurefactory.com\/lv\/wp-json\/wp\/v2\/product_brand?post=17329"},{"taxonomy":"product_cat","embeddable":true,"href":"https:\/\/fancyadventurefactory.com\/lv\/wp-json\/wp\/v2\/product_cat?post=17329"},{"taxonomy":"product_tag","embeddable":true,"href":"https:\/\/fancyadventurefactory.com\/lv\/wp-json\/wp\/v2\/product_tag?post=17329"}],"curies":[{"name":"wp","href":"https:\/\/api.w.org\/{rel}","templated":true}]}}