{"id":17331,"date":"2025-02-07T07:26:25","date_gmt":"2025-02-07T07:26:25","guid":{"rendered":"https:\/\/fancyadventurefactory.com\/?post_type=product&#038;p=17331"},"modified":"2025-03-26T17:03:29","modified_gmt":"2025-03-26T17:03:29","slug":"mouflon-tent","status":"publish","type":"product","link":"https:\/\/fancyadventurefactory.com\/lv\/product\/mouflon-tent\/","title":{"rendered":"Mouflon Tent"},"content":{"rendered":"<p class=\"\" data-start=\"30\" data-end=\"337\"><strong data-start=\"30\" data-end=\"133\">Iepaz\u012bstiet n\u0101kotnes kempingu ar m\u016bsu Mouflon telti, kas ir \u012bsta sp\u0113les main\u012bt\u0101ja \u0101ra entuziastiem.<\/strong> Kempinga uzst\u0101d\u012b\u0161ana nekad nav bijusi tik \u0101tra un vienk\u0101r\u0161a, pateicoties m\u016bsu inovat\u012bvajai &#8220;pull-to-open&#8221; stabu sist\u0113mai. Maz\u0101k nek\u0101 min\u016bt\u0113 j\u016bs varat sagatavot savu \u0113rtu patv\u0113rumu, bez liek\u0101m gr\u016bt\u012bb\u0101m.<\/p>\n<p class=\"\" data-start=\"339\" data-end=\"776\">Izgatavota no viegla polikotona, Mouflon telts nodro\u0161ina perfektu l\u012bdzsvaru starp iztur\u012bbu un p\u0101rn\u0113s\u0101jamiem apst\u0101k\u013ciem. Tas, kas m\u016bs at\u0161\u0137ir, ir m\u016bsu unik\u0101l\u0101 divsl\u0101\u0146u konstrukcija. Iek\u0161\u0113jais sieta sl\u0101nis nodro\u0161ina netrauc\u0113tas iesp\u0113jas skat\u012bties zvaigznes nakt\u012b, savuk\u0101rt \u0101r\u0113jais polikotona sl\u0101nis var tikt piln\u012bb\u0101 atv\u0113rts no vis\u0101m pus\u0113m, pied\u0101v\u0101jot elpu aizraujo\u0161u 360\u00b0 panor\u0101mas skatu, lai ieg\u016btu vislab\u0101ko zvaig\u017e\u0146u v\u0113ro\u0161anas pieredzi.<\/p>\n<p class=\"\" data-start=\"778\" data-end=\"898\">Nepiecie\u0161ama \u0113na dienas laik\u0101? Vienk\u0101r\u0161i p\u0101rv\u0113rtiet polikotona sl\u0101ni par daudzfunkcion\u0101lu segumu, atverot s\u0101nu jumtus.<\/p>\n<p class=\"\" data-start=\"900\" data-end=\"1028\">Pat bez telts \u0101\u0137iem m\u016bsu Mouflon telts st\u0101v stingri, lai gan m\u0113s iesak\u0101m \u0101\u0137us, lai nodro\u0161in\u0101tu stabilit\u0101ti parastos apst\u0101k\u013cos.<\/p>\n<p class=\"\" data-start=\"1030\" data-end=\"1204\">Ar vieglu svaru, kas nedaudz p\u0101rsniedz 8 kg, un kompaktiem izm\u0113riem iepakojum\u0101 \u2013 1,2 m x 20 x 20 cm \u2013 to ir viegli transport\u0113t un uzst\u0101d\u012bt jebkur, kur piedz\u012bvojums j\u016bs ved.<\/p>\n<p class=\"\" data-start=\"1206\" data-end=\"1331\">At\u0161\u0137ir\u012bb\u0101 no konkurentiem, m\u016bsu divi sl\u0101\u0146i ir bez piep\u016bles savienoti kop\u0101, pieg\u0101d\u0101jot k\u0101 vienu gabalu vieglai uzst\u0101d\u012b\u0161anai.<\/p>\n<p class=\"\" data-start=\"1333\" data-end=\"1482\">Uzlabojiet savu kempinga pieredzi ar Mouflon telti \u2013 kur \u0113rt\u012bbas un daba sastopas perfekt\u0101 harmonij\u0101. Kempingojiet gudr\u0101k, v\u0113rojiet zvaigznes spo\u017e\u0101k!<\/p>\n<p class=\"\" data-start=\"1484\" data-end=\"1573\"><strong data-start=\"1484\" data-end=\"1507\">Papildu inform\u0101cija<\/strong><br data-start=\"1507\" data-end=\"1510\" \/>Garums: 210 cm<br data-start=\"1524\" data-end=\"1527\" \/>Platums: 205 cm<br data-start=\"1542\" data-end=\"1545\" \/>Augstums: 130 cm (4ft 2in)<\/p>\n","protected":false},"excerpt":{"rendered":"<p>Iepaz\u012bstiet n\u0101kotnes kempingu ar m\u016bsu Mouflon telti, kas ir \u012bsta sp\u0113les main\u012bt\u0101ja \u0101ra entuziastiem. Kempinga uzst\u0101d\u012b\u0161ana nekad nav bijusi tik<\/p>\n","protected":false},"featured_media":16486,"comment_status":"closed","ping_status":"closed","template":"","meta":[],"product_brand":[],"product_cat":[119,118],"product_tag":[],"class_list":{"0":"post-17331","1":"product","2":"type-product","3":"status-publish","4":"has-post-thumbnail","6":"product_cat-kabinu-teltis","7":"product_cat-audekla-teltis","9":"first","10":"instock","11":"purchasable","12":"product-type-simple"},"jetpack_sharing_enabled":true,"_links":{"self":[{"href":"https:\/\/fancyadventurefactory.com\/lv\/wp-json\/wp\/v2\/product\/17331","targetHints":{"allow":["GET"]}}],"collection":[{"href":"https:\/\/fancyadventurefactory.com\/lv\/wp-json\/wp\/v2\/product"}],"about":[{"href":"https:\/\/fancyadventurefactory.com\/lv\/wp-json\/wp\/v2\/types\/product"}],"replies":[{"embeddable":true,"href":"https:\/\/fancyadventurefactory.com\/lv\/wp-json\/wp\/v2\/comments?post=17331"}],"version-history":[{"count":1,"href":"https:\/\/fancyadventurefactory.com\/lv\/wp-json\/wp\/v2\/product\/17331\/revisions"}],"predecessor-version":[{"id":17332,"href":"https:\/\/fancyadventurefactory.com\/lv\/wp-json\/wp\/v2\/product\/17331\/revisions\/17332"}],"wp:featuredmedia":[{"embeddable":true,"href":"https:\/\/fancyadventurefactory.com\/lv\/wp-json\/wp\/v2\/media\/16486"}],"wp:attachment":[{"href":"https:\/\/fancyadventurefactory.com\/lv\/wp-json\/wp\/v2\/media?parent=17331"}],"wp:term":[{"taxonomy":"product_brand","embeddable":true,"href":"https:\/\/fancyadventurefactory.com\/lv\/wp-json\/wp\/v2\/product_brand?post=17331"},{"taxonomy":"product_cat","embeddable":true,"href":"https:\/\/fancyadventurefactory.com\/lv\/wp-json\/wp\/v2\/product_cat?post=17331"},{"taxonomy":"product_tag","embeddable":true,"href":"https:\/\/fancyadventurefactory.com\/lv\/wp-json\/wp\/v2\/product_tag?post=17331"}],"curies":[{"name":"wp","href":"https:\/\/api.w.org\/{rel}","templated":true}]}}