{"id":17336,"date":"2025-02-07T07:26:25","date_gmt":"2025-02-07T07:26:25","guid":{"rendered":"https:\/\/fancyadventurefactory.com\/?post_type=product&#038;p=17336"},"modified":"2025-03-26T17:09:13","modified_gmt":"2025-03-26T17:09:13","slug":"patrol-deluxe","status":"publish","type":"product","link":"https:\/\/fancyadventurefactory.com\/lv\/product\/patrol-deluxe\/","title":{"rendered":"Patrol Deluxe"},"content":{"rendered":"<p class=\"\" data-start=\"30\" data-end=\"67\"><strong data-start=\"30\" data-end=\"67\">1 Patrol Deluxe Telts Uzst\u0101d\u012b\u0161ana<\/strong><\/p>\n<p class=\"\" data-start=\"69\" data-end=\"650\">Ide\u0101la izv\u0113le liel\u0101m grup\u0101m: Patrol Deluxe var uz\u0146emt l\u012bdz 12 cilv\u0113kiem uz gu\u013cammaisiem. Patrol Deluxe ir popul\u0101rs izv\u0113le preperiem, izdz\u012bvo\u0161anas speci\u0101listiem un me\u017esargiem.<br data-start=\"243\" data-end=\"246\" \/>Patrol telts ir unik\u0101ls dizains, ar kuru liel\u0101k\u0101 da\u013ca cilv\u0113ku, iesp\u0113jams, nav paz\u012bstami, ta\u010du tas balst\u0101s uz klasisko milit\u0101ro dizainu. Neatkar\u012bgi no t\u0101, vai esat aizraut\u012bgs skauts vai neesat bie\u017ei g\u0101jis kemping\u0101, j\u016bs nov\u0113rt\u0113siet jaunu teltis ar ilgu v\u0113sturi. Patrol ir \u2018Deluxe\u2019 telts, jo taj\u0101 ir iek\u013cauts integr\u0113ts vannas istabas stila gr\u012bdas p\u0101rkl\u0101jums un sieta logi, l\u012bdz\u012bgi k\u0101 t\u0101s Sibley radiniekiem.<\/p>\n<p class=\"\" data-start=\"652\" data-end=\"1130\"><strong data-start=\"652\" data-end=\"670\">Logi un Durvis<\/strong><br data-start=\"670\" data-end=\"673\" \/>Katrs telts gals ir apr\u012bkots ar durv\u012bm, kuras var piln\u012bb\u0101 sarull\u0113t, lai nodro\u0161in\u0101tu vieglu piek\u013cuvi vai \u013cautu pat\u012bkamam v\u0113jam iek\u013c\u016bt. Durvis var tikt aizv\u0113rtas l\u012bdz gr\u012bdas p\u0101rkl\u0101jumam, nodro\u0161inot aizsardz\u012bbu pret nelielu pl\u016bdu l\u012bdz 10 cm (4&#8243;) vai tad, kad j\u016bsu kempinga vieta ir dub\u013cu bedres. Katr\u0101m durv\u012bm ir divi sieta logi, t\u0101p\u0113c pat karst\u0101s vasaras nakt\u012bs j\u016bs varat \u013caut v\u0113sajam gaisam iek\u013c\u016bt telt\u012b, vienlaikus saglab\u0101jot mosk\u012btu un citu kukai\u0146u \u0101rpus\u0113.<\/p>\n<p class=\"\" data-start=\"1132\" data-end=\"1501\"><strong data-start=\"1132\" data-end=\"1158\">Pavasara Slodzes Stabi<\/strong><br data-start=\"1158\" data-end=\"1161\" \/>Lai telts mont\u0101\u017ea b\u016btu \u0101tra un viegla, visi stabi ir apr\u012bkoti ar pavasara slodz\u0113m. Visi stabi ir izgatavoti no iztur\u012bga ni\u0137el\u0113ta t\u0113rauda ar diametru 25 mm (1\u201d). Centr\u0101lie stabi ir apr\u012bkoti ar metin\u0101tu auklas gredzenu, lai piek\u0101rtu lampa vai kempinga lukturi. Pavasara slodzes stabi veido iztur\u012bgu strukt\u016bru, kas iztur vissmag\u0101kos apst\u0101k\u013cus.<\/p>\n<p class=\"\" data-start=\"1503\" data-end=\"1793\"><strong data-start=\"1503\" data-end=\"1537\">Pievienotais Gr\u012bdas P\u0101rkl\u0101jums<\/strong><br data-start=\"1537\" data-end=\"1540\" \/>Ripstop PVC gr\u012bdas p\u0101rkl\u0101jums (540 g\/m\u00b2 vai 15.9 oz\/yd\u00b2) ir past\u0101v\u012bgi piestiprin\u0101ts pie kanvas 10 cm (4&#8243;) augstum\u0101 pie s\u0101nu sienas, veidojot vannas istabas formu. Vannas stila dizains pal\u012bdz saglab\u0101t j\u016bs un j\u016bsu mantas t\u012bras un sausas pat st\u0101vo\u0161\u0101 \u016bden\u012b.<\/p>\n<p class=\"\" data-start=\"1795\" data-end=\"2750\"><strong data-start=\"1795\" data-end=\"1813\">Klasisk\u0101 Kanva<\/strong><br data-start=\"1813\" data-end=\"1816\" \/>Izgatavota no t\u0101das pa\u0161as Klasisk\u0101s Kanvas (320 gr\/m\u00b2 vai 9.5 oz\/yd\u00b2), k\u0101 Sibley Ultimate, Deluxe un Standard s\u0113rij\u0101s, Patrol Deluxe pied\u0101v\u0101 gan elpojam\u012bbu, gan veiktsp\u0113jas \u016bdensiztur\u012bbu. M\u016bsu \u012bpa\u0161\u0101 apstr\u0101de uzlabo kanvas dabisko \u016bdens iztur\u012bbu, nodro\u0161inot lielisku aizsardz\u012bbu m\u0113reniem klimatiem un ikdienas lieto\u0161anai. Labojama un atk\u0101rtoti apstr\u0101d\u0101jama, pareizi uztur\u0113ta Klasisk\u0101 Kanvas telts var kalpot gadiem.<br data-start=\"2230\" data-end=\"2233\" \/>100% kokvilnas kanva nodro\u0161ina dabisku \u016bdensiztur\u012bbu un elpojam\u012bbu. Kokvilnas \u0161\u0137iedras uzbriest mitrum\u0101, cie\u0161i austais audums nov\u0113r\u0161 lietus iek\u013c\u016b\u0161anu, un mitruma pilienu virsmas spriedze uz \u0101ru apvienojum\u0101 ar st\u0101v\u0101s jumta le\u0146\u0137i \u013cauj \u016bdenim pil\u0113ties un nobirst. Mitrums, kas uzkr\u0101jas gais\u0101 telpas iek\u0161pus\u0113, joproj\u0101m var izk\u013c\u016bt tie\u0161i caur audumu, uzturot zemu iek\u0161\u0113jo mitrumu un samazinot kondens\u0101ciju.<br data-start=\"2633\" data-end=\"2636\" \/>Skatiet m\u016bsu bie\u017ei uzdotos jaut\u0101jumus, lai ieg\u016btu vair\u0101k inform\u0101cijas par kokvilnas kanvu un pareizu tel\u0161u apkopi.<\/p>\n<p class=\"\" data-start=\"2752\" data-end=\"3246\"><strong data-start=\"2752\" data-end=\"2781\">Standarta Naglas un Stabi<\/strong><br data-start=\"2781\" data-end=\"2784\" \/>Naglas un stabi ir izstr\u0101d\u0101ti, lai viegli ievietotu un iz\u0146emtu no vid\u0113jas zemes, piem\u0113ram, z\u0101les vai me\u017ea grunts. Telts naglas, kas paredz\u0113tas l\u012bnij\u0101m, ir izliekta k\u0101 l\u0101psta, lai dro\u0161i tur\u0113tu spriedzi zem\u0113, un aug\u0161pus\u0113 ir l\u016bpa, lai nov\u0113rstu l\u012bnijas nosl\u012bd\u0113\u0161anu. Gr\u012bdas naglas ir apa\u013cas, lai iek\u013c\u016btu cilp\u0101s, kas piestiprin\u0101tas pie s\u0101nu sienas apak\u0161as, ar \u0101\u0137a formas virsotni, lai notur\u0113tu gr\u012bdu viet\u0101. Visas standarta naglas un stabi ir 22 cm (8.6 collas) garum\u0101.<\/p>\n<p class=\"\" data-start=\"3248\" data-end=\"3598\"><strong data-start=\"3248\" data-end=\"3284\">Iztur\u012bgas L\u012bnijas un Spriegot\u0101ji<\/strong><br data-start=\"3284\" data-end=\"3287\" \/>M\u016bsu Patrol Deluxe teltis ir apr\u012bkotas ar 3 mm l\u012bnij\u0101m, kuras b\u016bs j\u0101aizsien pirms pirm\u0101s uzst\u0101d\u012b\u0161anas. Skatiet m\u016bsu mont\u0101\u017eas nor\u0101d\u012bjumus Specifik\u0101ciju ciln\u0113, lai ieg\u016btu priek\u0161statu par s\u0101kotn\u0113jo uzst\u0101d\u012b\u0161anas procesu. Plastmasas spriegot\u0101ji nov\u0113r\u0161 asme\u0146u grie\u0161anu l\u012bnij\u0101s un pagarina j\u016bsu telts kalpo\u0161anas laiku.<\/p>\n<p class=\"\" data-start=\"3600\" data-end=\"5196\"><strong data-start=\"3600\" data-end=\"3619\">Kr\u0101sns Sader\u012bba<\/strong><br data-start=\"3619\" data-end=\"3622\" \/>Visas CanvasCamp teltis ir viegli piel\u0101gojamas koka dedzin\u0101\u0161anai paredz\u0113t\u0101m telt\u012bm. Pareiza kr\u0101sns novietojums ir atkar\u012bgs no kr\u0101sns izm\u0113ra, telts izm\u0113ra, skurste\u013ca izpl\u016bdes stila, v\u0113lam\u0101s temperat\u016bras un vides, kur\u0101 pl\u0101nojat kempingot. Viena izm\u0113ra pieejas, kas pied\u0101v\u0101 iepriek\u0161 uzst\u0101d\u012btus kr\u0101sns savienojumus, neapmierina klientus ar nepiecie\u0161amo piel\u0101go\u0161anas l\u012bmeni ide\u0101lam kr\u0101sns novietojumam un maksim\u0101lai efektivit\u0101tei. Lai nodro\u0161in\u0101tu pareizu novietojumu un ide\u0101lu efektivit\u0101ti, CanvasCamp pied\u0101v\u0101 modul\u0101ras kr\u0101sns savienojumus (p\u0101rdod atsevi\u0161\u0137i), kurus var viegli uzst\u0101d\u012bt jebkur\u0101 kokvilnas kanvas telt\u012b tikai da\u017eu min\u016b\u0161u laik\u0101. Kr\u0101sns savienojumi ir pieejami da\u017e\u0101d\u0101s form\u0101s un izm\u0113ros, lai j\u016bs var\u0113tu izv\u0113l\u0113ties savam teltim un kr\u0101snim piem\u0113rot\u0101ko savienot\u0101ju.<br data-start=\"4391\" data-end=\"4394\" \/>Izlasiet m\u016bsu blogu vai sazinieties ar mums, lai uzzin\u0101tu vair\u0101k par lab\u0101ko kr\u0101sni un novietojumu j\u016bsu konkr\u0113taj\u0101 lietojum\u0101.<br data-start=\"4518\" data-end=\"4521\" \/>Kanvas teltis nav paredz\u0113tas lieto\u0161anai ar atkl\u0101tiem uguns bedr\u0113m. Ugunsdro\u0161\u012bba ir lietot\u0101ja atbild\u012bba. M\u0113s aicin\u0101m j\u016bs izgl\u012btot sevi un iev\u0113rot r\u016bp\u012bgu ugunsdro\u0161\u012bbu. Izlasiet m\u016bsu FAQ un blogus, lai uzzin\u0101tu vair\u0101k par ugunsdro\u0161\u012bbu. Nevilcinieties sazin\u0101ties ar mums, ja jums ir k\u0101di jaut\u0101jumi vai ba\u017eas jebkur\u0101 laik\u0101. Vienm\u0113r p\u0101rbaudiet viet\u0113jos uguns ierobe\u017eojumus pirms uguns uzs\u0101k\u0161anas, jo noteikumi un regul\u0113jumi var main\u012bties bie\u017ei gada laik\u0101. CanvasCamp nevar uz\u0146emties atbild\u012bbu par jebk\u0101diem boj\u0101jumiem vai ievainojumiem cilv\u0113kiem vai \u012bpa\u0161umam, kas radu\u0161ies, izmantojot vai nepareizi lietojot uguni vai viegli uzliesmojo\u0161us materi\u0101lus m\u016bsu tel\u0161u iek\u0161pus\u0113 vai apk\u0101rt.<\/p>\n<p class=\"\" data-start=\"5198\" data-end=\"5651\"><strong data-start=\"5198\" data-end=\"5221\">Papildu Inform\u0101cija<\/strong><br data-start=\"5221\" data-end=\"5224\" \/>Kanvas Tips: Klasiska (285 gr\/m\u00b2 vai 8.44 oz\/yd\u00b2)<br data-start=\"5273\" data-end=\"5276\" \/>\u016adens Kolonna: 3000mm<br data-start=\"5297\" data-end=\"5300\" \/>Maksim\u0101l\u0101 Kapacit\u0101te: 10<br data-start=\"5324\" data-end=\"5327\" \/>Garums: 400 cm<br data-start=\"5341\" data-end=\"5344\" \/>Platums: 350 cm<br data-start=\"5359\" data-end=\"5362\" \/>Augstums: 210 cm (6ft 11in)<br data-start=\"5389\" data-end=\"5392\" \/>Gr\u012bdas Plat\u012bba: 14 m\u00b2 (150 ft\u00b2)<br data-start=\"5423\" data-end=\"5426\" \/>Gr\u012bdas Materi\u0101ls: Klasiska (540 gr\/m\u00b2 vai 15.93 oz\/yd\u00b2)<br data-start=\"5481\" data-end=\"5484\" \/>Gr\u012bdas Piestiprin\u0101jums: \u0160\u016bts iek\u0161\u0101<br data-start=\"5518\" data-end=\"5521\" \/>Naglas Tips: Klasiska<br data-start=\"5542\" data-end=\"5545\" \/>S\u0101nu Sienas Augstums: 45 cm<br data-start=\"5572\" data-end=\"5575\" \/>Kop\u0113jais Svars (kg \/ lbs): 32.3 \/ 71.1<br data-start=\"5613\" data-end=\"5616\" \/>Kastes Izm\u0113ri (1) (cm): 118x34x30<\/p>\n<p class=\"\" data-start=\"5653\" data-end=\"6129\"><strong data-start=\"5653\" data-end=\"5678\">Mont\u0101\u017eas Instrukcijas<\/strong><br data-start=\"5678\" data-end=\"5681\" \/>Patrol Telts<br data-start=\"5693\" data-end=\"5696\" \/>Klasiska Kanvas Telts (320 gr\/m\u00b2 vai 9.5 oz\/yd\u00b2)<br data-start=\"5744\" data-end=\"5747\" \/>\u0160\u016bts Deluxe Gr\u012bdas P\u0101rkl\u0101jums (540 gr\/m\u00b2 vai 15.93 oz\/yd\u00b2)<br data-start=\"5805\" data-end=\"5808\" \/>25 mm (1\u201d) ni\u0137el\u0113ts t\u0113rauda centr\u0101lais stabs ar gumijas k\u0101j\u0101m<br data-start=\"5869\" data-end=\"5872\" \/>21 mm (3\/4\u201d) ni\u0137el\u0113ts t\u0113rauda A-veida stabs ar gumijas k\u0101j\u0101m<br data-start=\"5932\" data-end=\"5935\" \/>3 mm l\u012bnijas ar spriegot\u0101jiem, j\u0101aizsien pirmo reizi<br data-start=\"5987\" data-end=\"5990\" \/>Piln\u012bgs naglu un stabu komplekts<br data-start=\"6022\" data-end=\"6025\" \/>4 sieta logi ar r\u0101v\u0113jsl\u0113dz\u0113ju kanvas p\u0101rkl\u0101jumu<br data-start=\"6072\" data-end=\"6075\" \/>Kokvilnas kanvas n\u0113s\u0101\u0161anas soma<br data-start=\"6106\" data-end=\"6109\" \/>Stabu un naglu maisi<\/p>\n","protected":false},"excerpt":{"rendered":"<p>1 Patrol Deluxe Telts Uzst\u0101d\u012b\u0161ana Ide\u0101la izv\u0113le liel\u0101m grup\u0101m: Patrol Deluxe var uz\u0146emt l\u012bdz 12 cilv\u0113kiem uz gu\u013cammaisiem. Patrol Deluxe<\/p>\n","protected":false},"featured_media":16488,"comment_status":"closed","ping_status":"closed","template":"","meta":[],"product_brand":[],"product_cat":[119,118],"product_tag":[],"class_list":{"0":"post-17336","1":"product","2":"type-product","3":"status-publish","4":"has-post-thumbnail","6":"product_cat-kabinu-teltis","7":"product_cat-audekla-teltis","9":"first","10":"outofstock","11":"purchasable","12":"product-type-simple"},"jetpack_sharing_enabled":true,"_links":{"self":[{"href":"https:\/\/fancyadventurefactory.com\/lv\/wp-json\/wp\/v2\/product\/17336","targetHints":{"allow":["GET"]}}],"collection":[{"href":"https:\/\/fancyadventurefactory.com\/lv\/wp-json\/wp\/v2\/product"}],"about":[{"href":"https:\/\/fancyadventurefactory.com\/lv\/wp-json\/wp\/v2\/types\/product"}],"replies":[{"embeddable":true,"href":"https:\/\/fancyadventurefactory.com\/lv\/wp-json\/wp\/v2\/comments?post=17336"}],"version-history":[{"count":1,"href":"https:\/\/fancyadventurefactory.com\/lv\/wp-json\/wp\/v2\/product\/17336\/revisions"}],"predecessor-version":[{"id":17338,"href":"https:\/\/fancyadventurefactory.com\/lv\/wp-json\/wp\/v2\/product\/17336\/revisions\/17338"}],"wp:featuredmedia":[{"embeddable":true,"href":"https:\/\/fancyadventurefactory.com\/lv\/wp-json\/wp\/v2\/media\/16488"}],"wp:attachment":[{"href":"https:\/\/fancyadventurefactory.com\/lv\/wp-json\/wp\/v2\/media?parent=17336"}],"wp:term":[{"taxonomy":"product_brand","embeddable":true,"href":"https:\/\/fancyadventurefactory.com\/lv\/wp-json\/wp\/v2\/product_brand?post=17336"},{"taxonomy":"product_cat","embeddable":true,"href":"https:\/\/fancyadventurefactory.com\/lv\/wp-json\/wp\/v2\/product_cat?post=17336"},{"taxonomy":"product_tag","embeddable":true,"href":"https:\/\/fancyadventurefactory.com\/lv\/wp-json\/wp\/v2\/product_tag?post=17336"}],"curies":[{"name":"wp","href":"https:\/\/api.w.org\/{rel}","templated":true}]}}