{"id":17340,"date":"2025-02-07T07:26:25","date_gmt":"2025-02-07T07:26:25","guid":{"rendered":"https:\/\/fancyadventurefactory.com\/?post_type=product&#038;p=17340"},"modified":"2025-03-26T17:10:10","modified_gmt":"2025-03-26T17:10:10","slug":"patrol-pro-green","status":"publish","type":"product","link":"https:\/\/fancyadventurefactory.com\/lv\/product\/patrol-pro-green\/","title":{"rendered":"Patrol Pro &#8211; Za\u013ca"},"content":{"rendered":"<p><strong data-start=\"30\" data-end=\"53\">Papildu Inform\u0101cija<\/strong><br data-start=\"53\" data-end=\"56\" \/>Kanvas Tips: Pro (320 gr\/m\u00b2 vai 9.44 oz\/yd\u00b2)<br data-start=\"100\" data-end=\"103\" data-is-only-node=\"\" \/>\u016adens Kolonna: 3500mm<br data-start=\"124\" data-end=\"127\" \/>Maksim\u0101l\u0101 Kapacit\u0101te: 8<br data-start=\"150\" data-end=\"153\" \/>Garums: 4 m (13 ft)<br data-start=\"172\" data-end=\"175\" \/>Platums: 3.5 m (11.4 ft)<br data-start=\"199\" data-end=\"202\" \/>Augstums: 210 cm (6ft 11in)<br data-start=\"229\" data-end=\"232\" \/>Gr\u012bdas Plat\u012bba: 14 m\u00b2 (150 ft\u00b2)<br data-start=\"263\" data-end=\"266\" \/>Gr\u012bdas Materi\u0101ls: Pro (650 gr\/m\u00b2 vai 19.17 oz\/yd\u00b2)<br data-start=\"316\" data-end=\"319\" \/>Gr\u012bdas Piestiprin\u0101jums: \u0160\u016bts iek\u0161\u0101<br data-start=\"353\" data-end=\"356\" \/>Savietojam\u012bba ar Iek\u0161\u0113jo Telti: Nav<br data-start=\"391\" data-end=\"394\" \/>Naglas Tips: Heavy Duty<\/p>\n","protected":false},"excerpt":{"rendered":"<p>Papildu Inform\u0101cijaKanvas Tips: Pro (320 gr\/m\u00b2 vai 9.44 oz\/yd\u00b2)\u016adens Kolonna: 3500mmMaksim\u0101l\u0101 Kapacit\u0101te: 8Garums: 4 m (13 ft)Platums: 3.5 m (11.4<\/p>\n","protected":false},"featured_media":16494,"comment_status":"closed","ping_status":"closed","template":"","meta":[],"product_brand":[],"product_cat":[119,118],"product_tag":[],"class_list":{"0":"post-17340","1":"product","2":"type-product","3":"status-publish","4":"has-post-thumbnail","6":"product_cat-kabinu-teltis","7":"product_cat-audekla-teltis","9":"first","10":"instock","11":"purchasable","12":"product-type-simple"},"jetpack_sharing_enabled":true,"_links":{"self":[{"href":"https:\/\/fancyadventurefactory.com\/lv\/wp-json\/wp\/v2\/product\/17340","targetHints":{"allow":["GET"]}}],"collection":[{"href":"https:\/\/fancyadventurefactory.com\/lv\/wp-json\/wp\/v2\/product"}],"about":[{"href":"https:\/\/fancyadventurefactory.com\/lv\/wp-json\/wp\/v2\/types\/product"}],"replies":[{"embeddable":true,"href":"https:\/\/fancyadventurefactory.com\/lv\/wp-json\/wp\/v2\/comments?post=17340"}],"version-history":[{"count":2,"href":"https:\/\/fancyadventurefactory.com\/lv\/wp-json\/wp\/v2\/product\/17340\/revisions"}],"predecessor-version":[{"id":17342,"href":"https:\/\/fancyadventurefactory.com\/lv\/wp-json\/wp\/v2\/product\/17340\/revisions\/17342"}],"wp:featuredmedia":[{"embeddable":true,"href":"https:\/\/fancyadventurefactory.com\/lv\/wp-json\/wp\/v2\/media\/16494"}],"wp:attachment":[{"href":"https:\/\/fancyadventurefactory.com\/lv\/wp-json\/wp\/v2\/media?parent=17340"}],"wp:term":[{"taxonomy":"product_brand","embeddable":true,"href":"https:\/\/fancyadventurefactory.com\/lv\/wp-json\/wp\/v2\/product_brand?post=17340"},{"taxonomy":"product_cat","embeddable":true,"href":"https:\/\/fancyadventurefactory.com\/lv\/wp-json\/wp\/v2\/product_cat?post=17340"},{"taxonomy":"product_tag","embeddable":true,"href":"https:\/\/fancyadventurefactory.com\/lv\/wp-json\/wp\/v2\/product_tag?post=17340"}],"curies":[{"name":"wp","href":"https:\/\/api.w.org\/{rel}","templated":true}]}}