{"id":17347,"date":"2025-02-07T07:26:25","date_gmt":"2025-02-07T07:26:25","guid":{"rendered":"https:\/\/fancyadventurefactory.com\/?post_type=product&#038;p=17347"},"modified":"2025-03-26T17:15:29","modified_gmt":"2025-03-26T17:15:29","slug":"roman-deluxe","status":"publish","type":"product","link":"https:\/\/fancyadventurefactory.com\/lv\/product\/roman-deluxe\/","title":{"rendered":"Roman Deluxe"},"content":{"rendered":"<p class=\"\" data-start=\"80\" data-end=\"114\"><strong data-start=\"80\" data-end=\"114\">Roman Deluxe Telts Uzst\u0101d\u012b\u0161ana<\/strong><\/p>\n<p class=\"\" data-start=\"116\" data-end=\"653\">Roman Deluxe ir izstr\u0101d\u0101ta, lai uz\u0146emtu l\u012bdz 8 kempingot\u0101jiem ar gu\u013camsp\u0113kiem. Roman Deluxe ir popul\u0101ra kab\u012bnes tipa telts starp preperiem, izdz\u012bvo\u0161anas entuziastiem un dabas ce\u013cve\u017eiem. Ar savu unik\u0101lo dizainu, kas ir iztur\u0113jis laika p\u0101rbaudi, tai nav nepiecie\u0161ama liela ievads. Roman Deluxe pied\u0101v\u0101 daudz vietas un var tikt apr\u012bkota ar iek\u0161\u0113jo telti, kas p\u0101rv\u0113r\u0161 pusi no telts par norobe\u017eotu zonu (p\u0101rdod atsevi\u0161\u0137i). T\u0101 ir bijusi pirm\u0101 izv\u0113le daudz\u0101m \u0123imen\u0113m vai piedz\u012bvojumu mekl\u0113t\u0101jiem, kas v\u0113las izveidot for\u0161u un \u0113rtu b\u0101zes nometni.<\/p>\n<p class=\"\" data-start=\"655\" data-end=\"899\"><strong data-start=\"655\" data-end=\"673\">Logi un Durvis<\/strong><br data-start=\"673\" data-end=\"676\" \/>Katrai telts pusei ir durvis ar ekr\u0101na logu katr\u0101 pus\u0113, kop\u0101 veidojot 4 logus. Durvis un logus var sarull\u0113t un nostiprin\u0101t ar cilpu stiprin\u0101jumiem, nodro\u0161inot pietiekamu ventil\u0101ciju un gaisa pl\u016bsmu, kad tas ir nepiecie\u0161ams.<\/p>\n<p class=\"\" data-start=\"901\" data-end=\"1385\"><strong data-start=\"901\" data-end=\"931\">Pievienotais Grunts Segums<\/strong><br data-start=\"931\" data-end=\"934\" \/>Roman Deluxe grunts segums (540 gr\/m\u00b2 vai 15,93 oz\/yd\u00b2) ir izgatavots no iztur\u012bga, termiski piededzin\u0101ta PVC un ir tie\u0161i pie\u0161\u016bts pie telts sien\u0101m. Tas ir piln\u012bgi \u016bdens un tvaiku necaurlaid\u012bgs, un \u201evannas stila\u201d gr\u012bda pace\u013cas 4 collas, lai saglab\u0101tu sausumu pat st\u0101vo\u0161\u0101 \u016bden\u012b. Dubult\u0101 \u0161uv\u0113\u0161ana piestiprina grunts segumu pie telts, padarot to vienk\u0101r\u0161u, bet iztur\u012bgu. T\u0101 k\u0101 grunts segums ir pie\u0161\u016bts pie telts, Deluxe mode\u013ca sienas nevar tikt sarull\u0113tas.<\/p>\n<p class=\"\" data-start=\"1387\" data-end=\"1724\"><strong data-start=\"1387\" data-end=\"1404\">Atsperu Stabi<\/strong><br data-start=\"1404\" data-end=\"1407\" \/>Lai \u0101tri un viegli uzst\u0101d\u012btu telti, visi stabi ir apr\u012bkoti ar atsper\u0113m. Visi stabi ir izgatavoti no iztur\u012bga nikel\u0113ta t\u0113rauda ar 25 mm (1\u201d) diametru. Centr\u0101lie stabi ir apr\u012bkoti ar metin\u0101tu cilpu, lai piek\u0101rtu lustras vai kempinga laternas. Atsperu stabi veido iztur\u012bgu strukt\u016bru, kas iztur pat vissmag\u0101kos apst\u0101k\u013cus.<\/p>\n<p class=\"\" data-start=\"1726\" data-end=\"2529\"><strong data-start=\"1726\" data-end=\"1747\">Klasiskais Audums<\/strong><br data-start=\"1747\" data-end=\"1750\" \/>M\u016bsu Klasiskais Audums (320 gr\/m\u00b2 vai 9,5 oz\/yd\u00b2) Ultimate, Deluxe un Standard s\u0113rij\u0101s ir lielisks l\u012bdzsvars starp veiktsp\u0113ju un elpojam\u012bbu. M\u016bsu patent\u0113t\u0101 apstr\u0101de uzlabo auduma dabisko \u016bdens iztur\u012bbu, un tas ir lieliska aizsardz\u012bba m\u0113reniem klimatiskajiem apst\u0101k\u013ciem un ikdienas lieto\u0161anai. To var labot un atk\u0101rtoti apstr\u0101d\u0101t, un pareizi uztur\u0113ta Klasiska Auduma telts var kalpot gadiem ilgi. 100% kokvilnas audums nodro\u0161ina dabisku \u016bdensiztur\u012bbu un elpojam\u012bbu. Kokvilnas \u0161\u0137iedras uzbriest mitrum\u0101, cie\u0161ais auduma austs nov\u0113r\u0161 lietus iek\u013c\u016b\u0161anu, un mitruma pilieni uz \u0101rpuses, apvienojoties ar st\u0101vo kanopijas le\u0146\u0137i, \u013cauj \u016bdenim norit\u0113t. Mitrums, kas paliek gais\u0101 telpas iek\u0161pus\u0113, joproj\u0101m var izpl\u016bst tie\u0161i caur audumu, saglab\u0101jot zemu iek\u0161\u0113jo mitrumu un mazinot kondens\u0101ciju.<\/p>\n<p class=\"\" data-start=\"2531\" data-end=\"3052\"><strong data-start=\"2531\" data-end=\"2550\">Standarta Stabi<\/strong><br data-start=\"2550\" data-end=\"2553\" \/>Stabi ir izstr\u0101d\u0101ti vieglai ievieto\u0161anai un iz\u0146em\u0161anai no parasta zemes, piem\u0113ram, z\u0101les vai me\u017ea gr\u012bdas. Telts stabi, kas piestiprin\u0101ti pie l\u012bnijas stabiem, ir izliekta l\u0101psti\u0146as form\u0101, lai dro\u0161i tur\u0113tu spriegumu zem\u0113, un tiem ir l\u016bpa aug\u0161pus\u0113, lai nov\u0113rstu l\u012bnijas staba sl\u012bd\u0113\u0161anu. Gr\u012bdas stabi ir apa\u013ci, lai tie iek\u013c\u016btu caur cilp\u0101m, kas pie\u0161\u016btas pie s\u0101nu sienas apak\u0161\u0113j\u0101s da\u013cas, un tiem ir \u0101\u0137a formas aug\u0161da\u013ca, kas notur gr\u012bdu viet\u0101. Visi standarta stabi un piestiprin\u0101jumi ir 22 cm (8,6 collas).<\/p>\n<p class=\"\" data-start=\"3054\" data-end=\"3328\"><strong data-start=\"3054\" data-end=\"3080\">Papildu Iek\u0161\u0113j\u0101 Teltis<\/strong><br data-start=\"3080\" data-end=\"3083\" \/>Iek\u0161\u0113j\u0101 telts Roman Deluxe ir pieejama Sibley aksesu\u0101ru kategorij\u0101. T\u0101 ir vien\u012bg\u0101 kab\u012bnes tipa telts, kas ir savietojama ar iek\u0161\u0113jo telti&#8230; t\u0101p\u0113c m\u0113s to grup\u0113j\u0101m ar Sibley mode\u013ciem, lai gan Roman Deluxe vair\u0101k ir ce\u013cve\u017eu telts nek\u0101 zvana telts.<\/p>\n<p class=\"\" data-start=\"3330\" data-end=\"3717\"><strong data-start=\"3330\" data-end=\"3384\">Iztur\u012bgas L\u012bnijas un Sprieguma Regul\u0113\u0161anas Ier\u012bces<\/strong><br data-start=\"3384\" data-end=\"3387\" \/>M\u016bsu Roman Deluxe teltis tiek pied\u0101v\u0101tas ar 3 mm l\u012bniju virv\u0113m, kuras b\u016bs j\u0101pievelk pirms pirm\u0101s uzst\u0101d\u012b\u0161anas. Plastmasas sprieguma regulatori nov\u0113r\u0161 malu grie\u0161anos l\u012bnijas virv\u0113m, pagarinot telts kalpo\u0161anas laiku. Apskatiet m\u016bsu uzst\u0101d\u012b\u0161anas instrukcijas specifik\u0101cij\u0101s, lai ieg\u016btu priek\u0161statu par s\u0101kotn\u0113jo uzst\u0101d\u012b\u0161anas procesu.<\/p>\n<p class=\"\" data-start=\"3719\" data-end=\"5349\"><strong data-start=\"3719\" data-end=\"3738\">Kr\u0101sns Sader\u012bba<\/strong><br data-start=\"3738\" data-end=\"3741\" \/>Visas CanvasCamp teltis ir viegli piel\u0101gojamas izmanto\u0161anai ar koka dedzin\u0101\u0161anas kr\u0101sni. Pareiza kr\u0101sns novieto\u0161ana ir atkar\u012bga no kr\u0101sns izm\u0113ra, telts izm\u0113ra, izpl\u016bdes caurules tipa, v\u0113lam\u0101s temperat\u016bras un vides, kur\u0101 pl\u0101nojat nometni. Viens izm\u0113rs der visiem, jo iepriek\u0161 uzst\u0101d\u012btie kr\u0101sns v\u0101rsti nevar nodro\u0161in\u0101t klientiem nepiecie\u0161amo piel\u0101go\u0161anas l\u012bmeni, lai sasniegtu ide\u0101lu kr\u0101sns novietojumu un maksim\u0101lu efektivit\u0101ti. Lai nodro\u0161in\u0101tu pareizu novietojumu un ide\u0101lu efektivit\u0101ti, CanvasCamp pied\u0101v\u0101 modul\u0101rus kr\u0101sns v\u0101rstus (p\u0101rdod atsevi\u0161\u0137i), kas var tikt viegli uzst\u0101d\u012bti jebkur\u0101 kokvilnas auduma telt\u012b tikai da\u017eu min\u016b\u0161u laik\u0101. Kr\u0101sns v\u0101rsti ir pieejami da\u017e\u0101d\u0101s form\u0101s un izm\u0113ros, lai j\u016bs var\u0113tu izv\u0113l\u0113ties v\u0101rstu, kas perfekt atbilst j\u016bsu teltij un kr\u0101snij. Izlasiet m\u016bsu blogu vai sazinieties ar mums, lai uzzin\u0101tu vair\u0101k par lab\u0101ko kr\u0101sni un t\u0101s novietojumu j\u016bsu konkr\u0113tajai pielietojumam. Canvas teltis nav piem\u0113rotas lieto\u0161anai ar atkl\u0101t\u0101m ugunskura bedr\u0113m. Ugunsdro\u0161\u012bba ir lietot\u0101ja atbild\u012bba. M\u0113s mudin\u0101m j\u016bs izgl\u012btot sevi un praktiz\u0113t v\u0113r\u012bgu ugunsdro\u0161\u012bbu. Lasiet m\u016bsu bie\u017e\u0101k uzdotajos jaut\u0101jumos un blogos, lai uzzin\u0101tu vair\u0101k par ugunsdro\u0161\u012bbu. Nekautr\u0113jieties sazin\u0101ties ar mums, ja jums ir k\u0101di jaut\u0101jumi vai ba\u017eas jebkur\u0101 laik\u0101. Pirms uguns aizdedzin\u0101\u0161anas vienm\u0113r p\u0101rbaudiet viet\u0113jos uguns aizliegumus, jo noteikumi un regul\u0113jumi var bie\u017ei main\u012bties vis\u0101 gad\u0101. CanvasCamp nevar tikt tur\u0113ts atbild\u012bgs par jebk\u0101diem boj\u0101jumiem vai ievainojumiem person\u0101m vai \u012bpa\u0161umam, kas radu\u0161ies, izmantojot vai \u013caunpr\u0101t\u012bgi izmantojot uguni vai viegli uzliesmojo\u0161us materi\u0101lus telts iek\u0161pus\u0113 vai tuvum\u0101.<\/p>\n<p class=\"\" data-start=\"5351\" data-end=\"5826\"><strong data-start=\"5351\" data-end=\"5374\">Papildu Inform\u0101cija<\/strong><br data-start=\"5374\" data-end=\"5377\" \/>Auduma tips: Klasisks (285 gr\/m\u00b2 vai 8.44 oz\/yd\u00b2)<br data-start=\"5426\" data-end=\"5429\" \/>\u016adens kolonna: 3000mm<br data-start=\"5450\" data-end=\"5453\" \/>Maksim\u0101l\u0101 ietilp\u012bba: 8<br data-start=\"5475\" data-end=\"5478\" \/>Garums: 440 cm<br data-start=\"5492\" data-end=\"5495\" \/>Platums: 300 cm<br data-start=\"5510\" data-end=\"5513\" \/>Augstums: 250 cm (8ft 2in)<br data-start=\"5539\" data-end=\"5542\" \/>Gr\u012bdas plat\u012bba: 13,2 m\u00b2 (142 ft\u00b2)<br data-start=\"5575\" data-end=\"5578\" \/>Gr\u012bdas materi\u0101ls: Klasisks (540 gr\/m\u00b2 vai 15.93 oz\/yd\u00b2)<br data-start=\"5633\" data-end=\"5636\" \/>Gr\u012bdas pievienojums: Pie\u0161\u016bts<br data-start=\"5664\" data-end=\"5667\" \/>Savietojam\u012bba ar iek\u0161\u0113jo telti: J\u0101<br data-start=\"5701\" data-end=\"5704\" \/>Stabi: Klasisks<br data-start=\"5719\" data-end=\"5722\" \/>S\u0101nu sienas augstums: 40cm<br data-start=\"5748\" data-end=\"5751\" \/>Kop\u0113jais svars (kg \/ lbs): 30 \/ 66<br data-start=\"5785\" data-end=\"5788\" \/>Kastes izm\u0113ri (1) (cm): 98 x 38 x 34<\/p>\n<p class=\"\" data-start=\"5828\" data-end=\"6381\"><strong data-start=\"5828\" data-end=\"5866\">Mont\u0101\u017eas Instrukcijas Roman Deluxe<\/strong><br data-start=\"5866\" data-end=\"5869\" \/>Klasisks audums (320 gr\/m\u00b2 vai 9.5 oz\/yd\u00b2)<br data-start=\"5911\" data-end=\"5914\" \/>Pie\u0161\u016bts Deluxe grunts segums (540 gr\/m\u00b2 vai 15.93 oz\/yd\u00b2)<br data-start=\"5971\" data-end=\"5974\" \/>25mm (1\u201d) atsperu stabi no nikel\u0113ta t\u0113rauda ar gumijas p\u0113d\u0101m<br data-start=\"6034\" data-end=\"6037\" \/>21mm (3\/4\u201d) atsperu stabi no nikel\u0113ta t\u0113rauda s\u0101nu sien\u0101m<br data-start=\"6094\" data-end=\"6097\" \/>3mm l\u012bniju virves ar sprieguma regul\u0113t\u0101jiem, j\u0101pievelk pirms pirm\u0101s uzst\u0101d\u012b\u0161anas<br data-start=\"6177\" data-end=\"6180\" \/>L\u012bnijas stabi<br data-start=\"6193\" data-end=\"6196\" \/>Grunts seguma stabi<br data-start=\"6215\" data-end=\"6218\" \/>4 ne-redzam\u0101s sieta tr\u012bsst\u016brveida logi ar r\u0101v\u0113jsl\u0113dz\u0113ju auduma p\u0101rkl\u0101jumu<br data-start=\"6291\" data-end=\"6294\" \/>Kokvilnas auduma n\u0113s\u0101\u0161anas soma<br data-start=\"6325\" data-end=\"6328\" \/>Stabu un stabu soma<br data-start=\"6347\" data-end=\"6350\" \/>Stabu atsperu remonts komplekts<\/p>\n","protected":false},"excerpt":{"rendered":"<p>Roman Deluxe Telts Uzst\u0101d\u012b\u0161ana Roman Deluxe ir izstr\u0101d\u0101ta, lai uz\u0146emtu l\u012bdz 8 kempingot\u0101jiem ar gu\u013camsp\u0113kiem. Roman Deluxe ir popul\u0101ra kab\u012bnes<\/p>\n","protected":false},"featured_media":16490,"comment_status":"closed","ping_status":"closed","template":"","meta":[],"product_brand":[],"product_cat":[119,118],"product_tag":[],"class_list":{"0":"post-17347","1":"product","2":"type-product","3":"status-publish","4":"has-post-thumbnail","6":"product_cat-kabinu-teltis","7":"product_cat-audekla-teltis","9":"first","10":"instock","11":"purchasable","12":"product-type-simple"},"jetpack_sharing_enabled":true,"_links":{"self":[{"href":"https:\/\/fancyadventurefactory.com\/lv\/wp-json\/wp\/v2\/product\/17347","targetHints":{"allow":["GET"]}}],"collection":[{"href":"https:\/\/fancyadventurefactory.com\/lv\/wp-json\/wp\/v2\/product"}],"about":[{"href":"https:\/\/fancyadventurefactory.com\/lv\/wp-json\/wp\/v2\/types\/product"}],"replies":[{"embeddable":true,"href":"https:\/\/fancyadventurefactory.com\/lv\/wp-json\/wp\/v2\/comments?post=17347"}],"version-history":[{"count":1,"href":"https:\/\/fancyadventurefactory.com\/lv\/wp-json\/wp\/v2\/product\/17347\/revisions"}],"predecessor-version":[{"id":17349,"href":"https:\/\/fancyadventurefactory.com\/lv\/wp-json\/wp\/v2\/product\/17347\/revisions\/17349"}],"wp:featuredmedia":[{"embeddable":true,"href":"https:\/\/fancyadventurefactory.com\/lv\/wp-json\/wp\/v2\/media\/16490"}],"wp:attachment":[{"href":"https:\/\/fancyadventurefactory.com\/lv\/wp-json\/wp\/v2\/media?parent=17347"}],"wp:term":[{"taxonomy":"product_brand","embeddable":true,"href":"https:\/\/fancyadventurefactory.com\/lv\/wp-json\/wp\/v2\/product_brand?post=17347"},{"taxonomy":"product_cat","embeddable":true,"href":"https:\/\/fancyadventurefactory.com\/lv\/wp-json\/wp\/v2\/product_cat?post=17347"},{"taxonomy":"product_tag","embeddable":true,"href":"https:\/\/fancyadventurefactory.com\/lv\/wp-json\/wp\/v2\/product_tag?post=17347"}],"curies":[{"name":"wp","href":"https:\/\/api.w.org\/{rel}","templated":true}]}}