{"id":17357,"date":"2025-02-07T07:29:35","date_gmt":"2025-02-07T07:29:35","guid":{"rendered":"https:\/\/fancyadventurefactory.com\/?post_type=product&#038;p=17357"},"modified":"2025-03-26T17:29:02","modified_gmt":"2025-03-26T17:29:02","slug":"sibley-450-protech","status":"publish","type":"product","link":"https:\/\/fancyadventurefactory.com\/lv\/product\/sibley-450-protech\/","title":{"rendered":"Sibley 450 ProTech"},"content":{"rendered":"<p class=\"\" data-start=\"0\" data-end=\"257\">Sibley 450 ir ide\u0101la 3 glamping viet\u0101m ar karalienes izm\u0113ra matra\u010du un gultu, vai pat l\u012bdz 6 kempingot\u0101jiem ar gu\u013camspilveniem. Karalienes gulta lieliski iederas telt\u012b \u00bc da\u013c\u0101, nodro\u0161inot pla\u0161u vietu viesiem, apr\u012bkojumam, su\u0146iem, galdam, kr\u0113sliem un atp\u016btai.<\/p>\n<p class=\"\" data-start=\"259\" data-end=\"678\">Sekojot Sibley Ultimate s\u0113rijas kokvilnas kanvas zvanu telt\u012bm popularit\u0101tei, m\u0113s sa\u0146\u0113m\u0101m piepras\u012bjumus no klientiem, kuri mekl\u0113ja visas t\u0101s pa\u0161as luksusa iez\u012bmes, bet smag\u0101k\u0101 izpild\u012bjum\u0101, lai apmierin\u0101tu pras\u012bbas t\u0101diem pielietojumiem k\u0101 vair\u0101ku dienu festiv\u0101lu kempings, glampings, tel\u0161u nomas, b\u0101zes nometnes, bushcraft patvertnes, izdz\u012bvo\u0161ana, ilgtermi\u0146a lieto\u0161ana un ekstr\u0113mi laika apst\u0101k\u013ci visos \u010detros gadalaikos.<\/p>\n<p class=\"\" data-start=\"680\" data-end=\"1216\">Atbildot uz \u0161iem piepras\u012bjumiem, CanvasCamp atgriez\u0101s pie z\u012bm\u0113\u0161anas d\u0113\u013ca un izstr\u0101d\u0101ja ProTech s\u0113riju. Gr\u012bda ir biez\u0101ka. Kanva ir iztur\u012bg\u0101ka. Stabi ir stipr\u0101ki. Pat ekr\u0101na materi\u0101ls, \u0161\u016bpu\u013cstie\u0146i un tapas ir daudz stipr\u0101ki. Lai papildin\u0101tu, m\u0113s pievienoj\u0101m pievienojamu t\u012bkla sienu un \u0161\u016bto t\u012bkla durvju sist\u0113mu, lai nodro\u0161in\u0101tu maksim\u0101lu ventil\u0101ciju un aizsardz\u012bbu pret kukai\u0146iem. \u0160\u012bs ekskluz\u012bv\u0101s iez\u012bmes un uzlabotie materi\u0101li ir padar\u012bju\u0161i CanvasCamp ProTech s\u0113riju par augst\u0101k\u0101s kvalit\u0101tes un popul\u0101r\u0101ko Sibley (Zvanu) telti l\u012bdz \u0161im.<\/p>\n<p class=\"\" data-start=\"1218\" data-end=\"2058\">T\u012bkla sienas: 360\u00b0 ProTechtion Tradicion\u0101lie kempinga kait\u0113k\u013ci, piem\u0113ram, kukai\u0146i un dz\u012bvnieki, k\u013c\u016bst par liel\u0101ku draudu kempingot\u0101jiem ar aizvien pieaugo\u0161o vektoru p\u0101rn\u0113s\u0101to slim\u012bbu, piem\u0113ram, Zika, Rietumu N\u012blas un m\u0113ra, izplat\u012bbu. M\u016bsu ProTech s\u0113rija ietver t\u012bkla sienu, kas ar r\u0101v\u0113jsl\u0113dz\u0113ju pievienojas gr\u012bdas segumam un nojumei, \u013caujot jums uzrull\u0113t kanvas sienas maksim\u0101lai ventil\u0101cijai, vienlaikus saglab\u0101jot j\u016bsu telti nosl\u0113gtu pret kait\u0113k\u013ciem. T\u012bkla sienas savienojas ar t\u012bkla durv\u012bm ar papildu sp\u0113c\u012bgu Velcro aizdari, lai nodro\u0161in\u0101tu dro\u0161u aizdari, pied\u0101v\u0101jot piln\u012bgu 360\u00b0 t\u012bklu. Kad tas netiek izmantots, t\u012bkla siena var tikt uzrull\u0113ta un uzglab\u0101ta k\u0101rt\u012bgi, izmantojot iek\u0161\u0113jo \u0101\u0137a un cilpas sist\u0113mu uz nojumes iek\u0161puses, vai ar\u012b t\u0101 var tikt piln\u012bb\u0101 iz\u0146emt un no\u0146emta. T\u012bkla sienas ir paz\u012bstamas ar\u012b k\u0101 dubult\u0101 siena zvanu telt\u0113s.<\/p>\n<p class=\"\" data-start=\"2060\" data-end=\"2816\">Uzrull\u0113jamas s\u0101nu sienas un r\u0101v\u0113jsl\u0113dz\u0113ja gr\u012bda: Pro l\u012bme\u0146a kvalit\u0101te M\u016bsu ProTech gr\u012bdas segumi tiek pievienoti telts ar r\u0101v\u0113jsl\u0113dz\u0113ju un ir izgatavoti no bieza, termiski salod\u0113ta, rip-stop PVC (650 gr\/m\u00b2 vai 19,17 oz\/yd\u00b2). Piln\u012bb\u0101 \u016bdens un tvaikiem necaurlaid\u012bga, \u201cvannas stila\u201d gr\u012bda pace\u013cas 4 collas augstu, lai j\u016bs paliktu sausi pat st\u0101vo\u0161\u0101 \u016bden\u012b. Ar smaga izm\u0113ra 10 r\u0101mja r\u0101v\u0113jsl\u0113dz\u0113ju, kas pievieno s\u0101nu sienu gr\u012bdas segumam, j\u016bs varat atv\u0113rt gr\u012bdu, lai uzrull\u0113tu kanvas sienas maksim\u0101lai ventil\u0101cijai, vai ar\u012b piln\u012bb\u0101 no\u0146emt gr\u012bdu transport\u0113\u0161anai, uzglab\u0101\u0161anai, t\u012br\u012b\u0161anai vai lai izbaud\u012btu z\u0101li vai smiltis zem k\u0101j\u0101m. Aizmugur\u0113 neliela plaisa starp abiem r\u0101v\u0113jsl\u0113dz\u0113jiem \u013cauj ievad\u012bt elektrisko vadu, nezaud\u0113jot aizsardz\u012bbu pret lietu un kukai\u0146iem.<\/p>\n<p class=\"\" data-start=\"2818\" data-end=\"3048\">Pro integr\u0113tas t\u012bkla durvis Sibley 450 ProTech ietver \u0161\u016btu t\u012bkla durvis, kas papildus tradicion\u0101laj\u0101m kanvas durv\u012bm. Telts ir apr\u012bkota ar cilp\u0101m uz katras durvju puses, lai k\u0101rt\u012bgi piesietu t\u012bkla durvis, kad t\u0101s netiek izmantotas.<\/p>\n<p class=\"\" data-start=\"3050\" data-end=\"3508\">Pro \u0161\u016bpu\u013cstie\u0146i un spriego\u0161anas sist\u0113ma Pirm\u0101s uzst\u0101d\u012b\u0161anas laik\u0101 ir viegli lietojamas Pro \u0161\u016bpu\u013cstie\u0146i, kas jau ir pievienoti telts un caur kuriem ir izvad\u012btas m\u016bsu spriego\u0161anas sist\u0113mas. Pro \u0161\u016bpu\u013cstie\u0146i ir uzlaboti ar auklas neilona virvi, kas padara spriegojuma regul\u0113\u0161anu viegl\u0101ku. Pro \u0161\u016bpu\u013cstie\u0146i ir 5mm biezum\u0101 un tiem ir papildu UV iztur\u012bba. Plastik\u0101ta spriego\u0161anas sist\u0113mas nov\u0113r\u0161 st\u016bru ievainojumus \u0161\u016bpu\u013cstie\u0146os, pagarina j\u016bsu telts kalpo\u0161anas laiku.<\/p>\n<p class=\"\" data-start=\"3510\" data-end=\"4124\">Pro tapas un \u0101\u0137i \u012apa\u0161i izstr\u0101d\u0101ti stipra v\u0113ja vai cietas un akme\u0146ainas zemes apst\u0101k\u013ciem, m\u016bsu Pro tapas ir izgatavotas no t\u0101da pa\u0161a augstas kvalit\u0101tes ni\u0137el\u0113ta t\u0113rauda, k\u0101di ir m\u016bsu stabi. CanvasCamp ekskluz\u012bv\u0101s Pro \u0161\u016bpu\u013cstie\u0146u tapas ir 24 cm (9,5 collas) le\u0146\u0137otas un zobainas, lai notur\u0113tu ar\u012b sasald\u0113tus vai akme\u0146ainus gruntus. T-veida \u0101\u0137is ir stingri pielod\u0113ts pie tapas, lai nov\u0113rstu \u0161\u016bpu\u013cstie\u0146u sl\u012bd\u0113\u0161anu pat stipr\u0101 v\u0113ja apst\u0101k\u013cos. Pro gr\u012bdas tapas ir 50% biez\u0101kas nek\u0101 standarta tapas. Gr\u012bdas tapas ir apa\u013cas, lai t\u0101s viegli ieliktu gromet\u0113s gr\u012bdas segum\u0101, un t\u0101m ir \u0101\u0137a formas virsotne, kas tur gr\u012bdu viet\u0101.<\/p>\n<p class=\"\" data-start=\"4126\" data-end=\"4542\">Pro atsperu stiprin\u0101tie stabi Pro s\u0113rijas stabi ir iztur\u012bg\u0101ki nek\u0101 standarta stabi, kas ietverti Standarta, Deluxe un Ultimate s\u0113rij\u0101s. Pro durvju stabi ir 23mm (.91 collas) un centr\u0101lais stabs ir 32mm (1,25 collas) diametr\u0101. Iek\u0161\u0113jie atsperu vad\u012bt\u0101ji pal\u012bdz savienot stabu sekcijas \u0101tri un viegli. Centr\u0101lais stabs ir apr\u012bkots ar pievienotu lanyard gredzenu, ko var izmantot, lai piek\u0101rtu iek\u0161\u0113jo telti vai lustras.<\/p>\n<p class=\"\" data-start=\"4544\" data-end=\"5258\">Pro kanva Pro kanva (320 gr\/m\u00b2 vai 9.44 oz\/yd\u00b2) ir lab\u0101k\u0101 kanva augst\u0101k\u0101s kvalit\u0101tes zvanu telt\u012bm; ta\u010du tas nav tikai par svaru. M\u016bsu patent\u0113tais Pro apstr\u0101des l\u012bdzeklis pievieno papildu \u016bdensnecaurlaid\u012bbu kanvas dabiskajai \u016bdensiztur\u012bbai, k\u0101 ar\u012b pel\u0113juma un UV iztur\u012bbu. Pro kanva ir paredz\u0113ta ilgtermi\u0146a lieto\u0161anai un pla\u0161am klimatu diapazonam. L\u012bdzsvars starp elpojam\u012bbu, \u016bdensnecaurlaid\u012bbu un iztur\u012bbu; Pro kanva ir ide\u0101li piem\u0113rota \u0113rtai kempingam visos \u010detros gadalaikos. Remont\u0113jama un apstr\u0101d\u0101jama, pareizi apkopta Pro kanva var ilgt gadus. Divreiz \u0161\u016btas, plakanas jumta un s\u0101nu sienas \u0161uves, \u0161uves gusseti un divsl\u0101\u0146u konstrukcija visos stresa punktos veido zvanu telti, kas ir tikpat iztur\u012bga k\u0101 skaista.<\/p>\n<p class=\"\" data-start=\"5260\" data-end=\"5694\">100% Kokvilnas kanva M\u016bsu Sibley kanva ir izgatavota tikai no 100% kokvilnas. Kokvilna tiek ieg\u016bta no \u0161\u012bs iztur\u012bg\u0101s un sausumu iztur\u012bg\u0101s auga s\u0113kl\u0101m. Ilgtsp\u0113j\u012bga, atjaunojama un viena no visbiolo\u0123iski no\u0101rd\u0101maj\u0101m audumiem uz zemes. M\u016bsu kanva ir m\u012bksta, dab\u012bga, zemes kr\u0101sas, kas izstaro gaismu iek\u0161pus\u0113 un \u0101rpus\u0113 gan ar dabisko, gan m\u0101ksl\u012bgo apgaismojumu. CanvasCamp ir vien\u012bgais teltju ra\u017eot\u0101js, kas izmanto ofici\u0101lo Cotton\u00ae z\u012bmogu.<\/p>\n<p class=\"\" data-start=\"5696\" data-end=\"6105\">Logi un ventil\u0101cijas Katram Sibley teltim ir logi un ventil\u0101cijas atveres, kas p\u0101rkl\u0101tas ar t\u012bkla sietu, lai notur\u0113tu kukai\u0146us un nodro\u0161in\u0101tu ventil\u0101ciju un gaisa pl\u016bsmu. M\u016bsu pusm\u0113ness logiem ir r\u0101v\u0113jsl\u0113dz\u0113ja v\u0101ki, lai \u013cautu jums piel\u0101got v\u0113lamo ventil\u0101cijas un priv\u0101tuma l\u012bmeni. Katrs logs ir apr\u012bkots ar cilp\u0101m, lai k\u0101rt\u012bgi tur\u0113tu v\u0101ku, kad logi ir atv\u0113rtas. Sibley 450 ir 4 logi un 4 ventil\u0101cijas atveres.<\/p>\n<p class=\"\" data-start=\"6107\" data-end=\"6889\">Kr\u0101sns savietojam\u012bba Visas CanvasCamp teltis ir viegli piel\u0101gojamas lieto\u0161anai ar koka dedzin\u0101mu tel\u0161u kr\u0101sni. Pareiza kr\u0101sns novietojums ir atkar\u012bgs no kr\u0101sns izm\u0113ra, telts izm\u0113ra, izp\u016b\u0161anas stila, v\u0113lam\u0101s temperat\u016bras un vides, kur\u0101 pl\u0101nojat kempot. Viena izm\u0113ra piem\u0113rot\u012bba visiem, iepriek\u0161 uzst\u0101d\u012btie kr\u0101sns caurumi nesniedz klientiem nepiecie\u0161amo piel\u0101gojumu l\u012bmeni, lai sasniegtu ide\u0101lu kr\u0101sns novietojumu un maksim\u0101lu efektivit\u0101ti. Lai nodro\u0161in\u0101tu pareizu novietojumu un ide\u0101lu efektivit\u0101ti, CanvasCamp pied\u0101v\u0101 modul\u0101ras kr\u0101sns caurules (p\u0101rdod atsevi\u0161\u0137i), kuras var viegli uzst\u0101d\u012bt jebkur\u0101 kokvilnas kanvas zvanu telt\u012b tikai da\u017e\u0101s min\u016bt\u0113s. Kr\u0101sns caurules ir pieejamas da\u017e\u0101dos form\u0101tos un izm\u0113ros, lai j\u016bs var\u0113tu izv\u0113l\u0113ties t\u0101du, kas perfekti atbilst j\u016bsu teltij un kr\u0101snij.<\/p>\n<p class=\"\" data-start=\"6891\" data-end=\"7523\">Canvas zvanu teltis nav piem\u0113rotas atkl\u0101tu ugunskuru izmanto\u0161anai. Ugunsdro\u0161\u012bba ir lietot\u0101ja atbild\u012bba. M\u0113s aicin\u0101m j\u016bs apg\u016bt ugunsdro\u0161\u012bbas zin\u0101\u0161anas un iev\u0113rot piesardz\u012bbu. Lasiet m\u016bsu FAQ un blogus, lai uzzin\u0101tu vair\u0101k par ugunsdro\u0161\u012bbu. Nevilcinieties sazin\u0101ties ar mums, ja jums ir jaut\u0101jumi vai ba\u017eas. Vienm\u0113r p\u0101rbaudiet viet\u0113j\u0101s uguns ierobe\u017eojumus pirms uguns uzs\u0101k\u0161anas, jo noteikumi un regulas var main\u012bties bie\u017ei visu gadu. CanvasCamp nevar tikt uzskat\u012bts par atbild\u012bgu par jebk\u0101diem boj\u0101jumiem vai ievainojumiem, kas rodas no uguns vai viegli uzliesmojo\u0161u materi\u0101lu izmanto\u0161anas vai \u013caunpr\u0101t\u012bgas izmanto\u0161anas m\u016bsu telt\u012bs.<\/p>\n<p class=\"\" data-start=\"7525\" data-end=\"8205\">Papildu inform\u0101cija Gr\u012bdas plat\u012bba: 16 m\u00b2 (172 ft\u00b2) Diametrs: 450 (4,5m \/ 14ft 9in) Augstums: 275 cm (9ft) Durvju augstums: 165 cm (5ft 5in) Maksim\u0101lais ietilp\u012bbas skaits: 6 Kanvas tips: Pro (320 gr\/m\u00b2 vai 9.44 oz\/yd\u00b2) \u016adens kolonna: 3500mm Gr\u012bdas materi\u0101ls: Pro (650 gr\/m\u00b2 vai 19.17 oz\/yd\u00b2) Gr\u012bdas piesaistes veids: r\u0101v\u0113jsl\u0113dz\u0113js T\u012bkla durvju tips: \u0160\u016btas Integr\u0113tas t\u012bkla sienas: J\u0101 Taps tips: Smag\u0101 darba tapas Savietojam\u012bba ar iek\u0161\u0113jo telti: J\u0101 Kop\u0113jais svars (kg \/ lbs): 36.1 \/ 80.2 Kanvas svars (kg \/ lbs): 30.1 \/ 66.9 Stabu svars (kg \/ lbs): 6 \/ 13.3 Iepakojuma izm\u0113ri (1) (cm): 80 x 39 x 24 Iepakojuma izm\u0113ri (2) (cm): 80 x 39 x 14 Iepakojuma izm\u0113ri (3) (cm): 100 x 16 x 12<\/p>\n<p>Instrukcijas Sibley ProTech uzst\u0101d\u012b\u0161anai<\/p>\n<p>Pro auduma telts (320 gr\/m\u00b2 vai 9.44 oz\/yd\u00b2)<\/p>\n<p>Atsl\u0113dzama Pro gr\u012bda (650 gr\/m\u00b2 vai 19.17 oz\/yd\u00b2)<\/p>\n<p>32mm (1-1\/4\u201d) atsperu slodzes pulverkr\u0101sota t\u0113rauda centr\u0101l\u0101 stabs ar gumijas k\u0101j\u0101m<\/p>\n<p>20mm (3\/4\u201d) atsperu slodzes pulverkr\u0101sota t\u0113rauda A veida stabs ar gumijas k\u0101j\u0101m<\/p>\n<p>1 pie\u0161\u016bta mosk\u012btu t\u012bkla durvis<\/p>\n<p>Mosk\u012btu t\u012bkla sienas, atslejamas\/ievietojamas<\/p>\n<p>14 UV iztur\u012bgas vadu auklas ar sprieguma regul\u0113t\u0101jiem (5mm)<\/p>\n<p>14 niklota t\u0113rauda smag\u0101 kaluma stakes<\/p>\n<p>13 gr\u012bdas stiprin\u0101juma tapas<\/p>\n<p>4 mosk\u012btu t\u012bkla p\u0101rkl\u0101ti virsotnes ventil\u0101cijas caurumi<\/p>\n<p>4 mosk\u012btu t\u012bkla pusm\u0113ness logi ar auduma aizsegumu, kuru var aizsist ar r\u0101v\u0113jsl\u0113dz\u0113ju<\/p>\n<p>Kokvilnas auduma n\u0113s\u0101\u0161anas soma<\/p>\n<p>Ripstop PVC stabu un tapu maisi<\/p>\n<p>Stabu atsperu remonta komplekts<\/p>\n<p>&nbsp;<\/p>\n","protected":false},"excerpt":{"rendered":"<p>Sibley 450 ir ide\u0101la 3 glamping viet\u0101m ar karalienes izm\u0113ra matra\u010du un gultu, vai pat l\u012bdz 6 kempingot\u0101jiem ar gu\u013camspilveniem.<\/p>\n","protected":false},"featured_media":16542,"comment_status":"closed","ping_status":"closed","template":"","meta":[],"product_brand":[],"product_cat":[118,123],"product_tag":[],"class_list":{"0":"post-17357","1":"product","2":"type-product","3":"status-publish","4":"has-post-thumbnail","6":"product_cat-audekla-teltis","7":"product_cat-sibley-protech-lv","9":"first","10":"instock","11":"purchasable","12":"product-type-simple"},"jetpack_sharing_enabled":true,"_links":{"self":[{"href":"https:\/\/fancyadventurefactory.com\/lv\/wp-json\/wp\/v2\/product\/17357","targetHints":{"allow":["GET"]}}],"collection":[{"href":"https:\/\/fancyadventurefactory.com\/lv\/wp-json\/wp\/v2\/product"}],"about":[{"href":"https:\/\/fancyadventurefactory.com\/lv\/wp-json\/wp\/v2\/types\/product"}],"replies":[{"embeddable":true,"href":"https:\/\/fancyadventurefactory.com\/lv\/wp-json\/wp\/v2\/comments?post=17357"}],"version-history":[{"count":1,"href":"https:\/\/fancyadventurefactory.com\/lv\/wp-json\/wp\/v2\/product\/17357\/revisions"}],"predecessor-version":[{"id":17358,"href":"https:\/\/fancyadventurefactory.com\/lv\/wp-json\/wp\/v2\/product\/17357\/revisions\/17358"}],"wp:featuredmedia":[{"embeddable":true,"href":"https:\/\/fancyadventurefactory.com\/lv\/wp-json\/wp\/v2\/media\/16542"}],"wp:attachment":[{"href":"https:\/\/fancyadventurefactory.com\/lv\/wp-json\/wp\/v2\/media?parent=17357"}],"wp:term":[{"taxonomy":"product_brand","embeddable":true,"href":"https:\/\/fancyadventurefactory.com\/lv\/wp-json\/wp\/v2\/product_brand?post=17357"},{"taxonomy":"product_cat","embeddable":true,"href":"https:\/\/fancyadventurefactory.com\/lv\/wp-json\/wp\/v2\/product_cat?post=17357"},{"taxonomy":"product_tag","embeddable":true,"href":"https:\/\/fancyadventurefactory.com\/lv\/wp-json\/wp\/v2\/product_tag?post=17357"}],"curies":[{"name":"wp","href":"https:\/\/api.w.org\/{rel}","templated":true}]}}