{"id":17360,"date":"2025-02-07T07:24:50","date_gmt":"2025-02-07T07:24:50","guid":{"rendered":"https:\/\/fancyadventurefactory.com\/?post_type=product&#038;p=17360"},"modified":"2025-03-26T17:35:32","modified_gmt":"2025-03-26T17:35:32","slug":"sibley-450-ultimate","status":"publish","type":"product","link":"https:\/\/fancyadventurefactory.com\/lv\/product\/sibley-450-ultimate\/","title":{"rendered":"Sibley 450 Ultimate"},"content":{"rendered":"<p class=\"\" data-start=\"0\" data-end=\"266\">450 ir ide\u0101ls 3 glamp\u0113riem uz queen izm\u0113ra matrac\u012b\u0161a un gultas vai l\u012bdz pat 6 kempingot\u0101jiem uz gu\u013camajiem pakl\u0101jiem. Queen izm\u0113ra gulta lieliski iederas telt\u012b ceturtda\u013c\u0101, nodro\u0161inot pietiekami daudz vietas viesiem, apr\u012bkojumam, su\u0146iem, galdiem, kr\u0113sliem un atp\u016btai.<\/p>\n<p class=\"\" data-start=\"268\" data-end=\"598\">CanvasCamp \u0146\u0113ma klasisk\u0101 zvana formas telts dizainu un papildin\u0101ja to ar funkcij\u0101m, kas koncentr\u0113jas uz lieto\u0161anas \u0113rtumu, komfortu, stilu un daudzpus\u012bbu. Ultimate modelis atbilst visiem \u0123imenes kempinga, luksusa kempinga, viegl\u0101 glampinga, festiv\u0101lu, d\u0101rza ball\u012b\u0161u, auto kempinga, pagalma atp\u016btas un 3 sezonu lieto\u0161anas pras\u012bb\u0101m.<\/p>\n<p class=\"\" data-start=\"600\" data-end=\"905\">\u016adens un tvaika necaurlaid\u012bgais gr\u012bdas p\u0101rkl\u0101js piestiprin\u0101s pie telts ar iztur\u012bgu, lieluma 10 r\u0101v\u0113jsl\u0113dz\u0113ju, kas iet vis\u0101 telt\u012b 360 gr\u0101du ap perimetru. Tas \u013cauj pacelt kanvas s\u0101nu sienas, lai iepl\u016bstu v\u0113j\u0161, vai piln\u012bb\u0101 no\u0146emt gr\u012bdu transport\u0113\u0161anai, t\u012br\u012b\u0161anai, glab\u0101\u0161anai vai lai izbaud\u012btu z\u0101li zem k\u0101j\u0101m!<\/p>\n<p class=\"\" data-start=\"907\" data-end=\"1689\"><strong data-start=\"907\" data-end=\"966\">Rull\u0113jam\u0101s s\u0101nu sienas un r\u0101v\u0113jsl\u0113dz\u0113ja gr\u012bdas p\u0101rkl\u0101js<\/strong><br data-start=\"966\" data-end=\"969\" \/>M\u016bsu Ultimate gr\u012bdas p\u0101rkl\u0101ji pievienojas telts r\u0101v\u0113jsl\u0113dz\u0113ja pal\u012bdz\u012bbu un ir izgatavoti no iztur\u012bgas, termiski savienotas PVC (540 gr\/m\u00b2 vai 15.93 oz\/yd\u00b2). Piln\u012bgi \u016bdens un tvaika necaurlaid\u012bga &#8220;vannas stila&#8221; gr\u012bda pace\u013cas 10 cm (4 collas) augstum\u0101, lai saglab\u0101tu sausumu pat st\u0101vo\u0161\u0101 \u016bden\u012b. Izmantojot iztur\u012bgu lieluma 10 r\u0101v\u0113jsl\u0113dz\u0113ju, lai pievienotu s\u0101nu sienu pie gr\u012bdas p\u0101rkl\u0101ja, j\u016bs varat atv\u0113rt gr\u012bdu un rull\u0113t kanvas sienas maksim\u0101lai ventil\u0101cijai vai piln\u012bb\u0101 no\u0146emt gr\u012bdu transport\u0113\u0161anai, glab\u0101\u0161anai, t\u012br\u012b\u0161anai vai lai izbaud\u012btu z\u0101li vai smiltis zem k\u0101j\u0101m. Aizmugur\u0113 eso\u0161ais nelielais atstarpe starp abiem r\u0101v\u0113jsl\u0113dz\u0113jiem \u013cauj ievad\u012bt elektroener\u0123ijas vadu telt\u012b, nepazeminot aizsardz\u012bbu no lietus un kukai\u0146iem.<\/p>\n<p class=\"\" data-start=\"1691\" data-end=\"2100\"><strong data-start=\"1691\" data-end=\"1723\">Pro Guy Lines un spriegot\u0101ji<\/strong><br data-start=\"1723\" data-end=\"1726\" \/>Pirmo reizi uzst\u0101d\u012b\u0161ana ir viegla ar Pro guy l\u012bnij\u0101m, kas ir iepriek\u0161 pievienotas teltij un izstieptas caur m\u016bsu spriegot\u0101jiem. Pro l\u012bnijas ir uzlabotas ar auklas neilona virvi, lai viegl\u0101k noregul\u0113tu spriegumu uz l\u012bnijas. Pro l\u012bnij\u0101m ir 5 mm biezums un papildus UV iztur\u012bga apstr\u0101de. Plastmasas spriegot\u0101ji nov\u0113r\u0161 mal\u0101m boj\u0101\u0161anu l\u012bnij\u0101m un pagarina teltis kalpo\u0161anas laiku.<\/p>\n<p class=\"\" data-start=\"2102\" data-end=\"2723\"><strong data-start=\"2102\" data-end=\"2124\">Pro asis un s\u0113jumi<\/strong><br data-start=\"2124\" data-end=\"2127\" \/>\u012apa\u0161i izstr\u0101d\u0101tas augsta v\u0113ja vai smagas un akme\u0146ainas zemes apst\u0101k\u013cos, m\u016bsu Pro asis ir izgatavotas no t\u0101 pa\u0161a augst\u0101k\u0101s kvalit\u0101tes ni\u0137el\u0113ta t\u0113rauda, k\u0101das ir m\u016bsu stabiem. CanvasCamp ekskluz\u012bv\u0101s Pro guy l\u012bnijas asis ir 24 cm (9,5 collas) le\u0146\u0137otas un s\u0113n\u012btes formas, lai iztur\u0113tu triecienus pret sasalu\u0161o vai akme\u0146aino zemi. T veida \u0101\u0137is ir metin\u0101ts pie apak\u0161as, lai nov\u0113rstu l\u012bniju sl\u012bd\u0113\u0161anu pat sp\u0113c\u012bg\u0101 v\u0113j\u0101. Pro gr\u012bdas p\u0101rkl\u0101ja enkuri ir 50% biez\u0101ki nek\u0101 standarta enkuri. Enkuri gr\u012bdai ir apa\u013ci, lai caursp\u012bd\u0113tu gromet\u0113m uz gr\u012bdas p\u0101rkl\u0101ja, un tiem ir \u0101\u0137a formas virsma, kas tur gr\u012bdu viet\u0101.<\/p>\n<p class=\"\" data-start=\"2725\" data-end=\"2969\"><strong data-start=\"2725\" data-end=\"2756\">Pro integr\u0113t\u0101s sieta durvis<\/strong><br data-start=\"2756\" data-end=\"2759\" \/>Sibley 450 Ultimate ietver pie\u0161\u016btu &#8220;no-see-um&#8221; sieta durvis papildus tradicion\u0101laj\u0101m kanvas durv\u012bm. Telts ir apr\u012bkota ar cilp\u0101m katr\u0101 durvju pus\u0113, lai k\u0101rt\u012bgi pievienotu sieta durvis, kad t\u0101s netiek izmantotas.<\/p>\n<p class=\"\" data-start=\"2971\" data-end=\"3648\"><strong data-start=\"2971\" data-end=\"2989\">Klasisk\u0101 kanva<\/strong><br data-start=\"2989\" data-end=\"2992\" \/>M\u016bsu Classic Canvas (285 gr\/m\u00b2 vai 8.44 oz\/yd\u00b2 polikotons) Ultimate s\u0113rij\u0101 ir ide\u0101ls veiktsp\u0113jas un elpojam\u012bbas l\u012bdzsvars. M\u016bsu patent\u0113t\u0101 apstr\u0101de uzlabo kanvas dabisko \u016bdens iztur\u012bbu, un tas ir lielisks aizsardz\u012bbas l\u012bdzeklis m\u0113reniem klimatam un ikdienas lieto\u0161anai. Labojams un atk\u0101rtoti apstr\u0101d\u0101jams, pareizi uztur\u0113ta Classic Canvas telts var kalpot gadiem ilgi. Divreiz iz\u0161\u016btas, plakanas, apstr\u0101d\u0101tas jumta un s\u0101nu sienu \u0161uves, \u0161uvju stiprin\u0101jumi un dubult\u0101s sl\u0101\u0146a konstrukcija visos stresa punktos rada klasisku un iztur\u012bgu zvana formu telti. P\u0101rmainot klimatus, \u010detr\u0101m sezon\u0101m vai ilgsto\u0161ai lieto\u0161anai skatiet m\u016bsu Pro kanvas Pro un ProTech s\u0113rij\u0101s.<\/p>\n<p class=\"\" data-start=\"3650\" data-end=\"4100\"><strong data-start=\"3650\" data-end=\"3682\">Logi un ventil\u0101cijas atveres<\/strong><br data-start=\"3682\" data-end=\"3685\" \/>Katram Sibley modelim ir logi un ventil\u0101cijas atveres, kas p\u0101rkl\u0101ti ar &#8220;no-see-um&#8221; sietu, lai tur\u0113tu kukai\u0146us \u0101r\u0101, vienlaikus nodro\u0161inot ventil\u0101ciju un gaisa pl\u016bsmu. M\u016bsu pusm\u0113ness formas logiem ir r\u0101v\u0113jsl\u0113dz\u0113ja p\u0101rkl\u0101jumi, kas \u013cauj piel\u0101got v\u0113lamo ventil\u0101cijas un priv\u0101tuma l\u012bmeni. Katrs logs ir apr\u012bkots ar cilp\u0101m, lai k\u0101rt\u012bgi tur\u0113tu p\u0101rkl\u0101jus, kad logi ir atv\u0113rti. Sibley 450 ir 4 logi un 4 ventil\u0101cijas atveres.<\/p>\n<p class=\"\" data-start=\"4102\" data-end=\"4864\"><strong data-start=\"4102\" data-end=\"4123\">Kr\u0101sni\u0146u sader\u012bba<\/strong><br data-start=\"4123\" data-end=\"4126\" \/>Visas CanvasCamp teltis ir viegli piel\u0101gojamas, lai izmantotu malkas deg\u013cu telt\u012b. Pareiza kr\u0101sns izvieto\u0161ana ir atkar\u012bga no kr\u0101sns izm\u0113ra, teltis izm\u0113ra, d\u016bmu izvades stila, v\u0113lam\u0101s temperat\u016bras un videi, kur\u0101 pl\u0101nojat nometni. Univers\u0101ls &#8220;viens izm\u0113rs der visiem&#8221; iepriek\u0161 uzst\u0101d\u012btie kr\u0101sns savienojumi nesp\u0113j nodro\u0161in\u0101t piel\u0101go\u0161anas l\u012bmeni, lai sasniegtu ide\u0101lu kr\u0101sns novietojumu un maksim\u0101lu efektivit\u0101ti. Lai nodro\u0161in\u0101tu pareizu novieto\u0161anu un ide\u0101lu efektivit\u0101ti, CanvasCamp pied\u0101v\u0101 modu\u013cu kr\u0101sns savienojumus (p\u0101rdod atsevi\u0161\u0137i), kurus var viegli uzst\u0101d\u012bt jebkur\u0101 kokvilnas kanvas zvana formas telt\u012b da\u017eu min\u016b\u0161u laik\u0101. Kr\u0101sns savienojumi ir pieejami da\u017e\u0101dos izm\u0113ros, lai j\u016bs var\u0113tu izv\u0113l\u0113ties savam teltim un kr\u0101snij vispiem\u0113rot\u0101ko.<\/p>\n<p class=\"\" data-start=\"4866\" data-end=\"5544\">Canvas zvana formas teltis nav paredz\u0113tas lieto\u0161anai ar atkl\u0101tiem ugunskuriem. Ugunsdro\u0161\u012bba ir lietot\u0101ja atbild\u012bba. M\u0113s aicin\u0101m j\u016bs izgl\u012btot sevi un iev\u0113rot ugunsdro\u0161\u012bbas noteikumus. Lasiet m\u016bsu FAQ un blogus, lai uzzin\u0101tu vair\u0101k par ugunsdro\u0161\u012bbu. Nep\u0101rtrauciet sazin\u0101ties ar mums, ja jums ir jaut\u0101jumi vai ba\u017eas jebkur\u0101 laik\u0101. Vienm\u0113r p\u0101rbaudiet viet\u0113jos uguns ierobe\u017eojumus pirms uguns uzs\u0101k\u0161anas, jo noteikumi var main\u012bties bie\u017ei visa gada laik\u0101. CanvasCamp nevar b\u016bt atbild\u012bgs par jebk\u0101diem boj\u0101jumiem vai ievainojumiem person\u0101m vai \u012bpa\u0161umam, kas radu\u0161ies uguns vai viegli uzliesmojo\u0161u materi\u0101lu izmanto\u0161anas vai \u013caunpr\u0101t\u012bgas izmanto\u0161anas rezult\u0101t\u0101 m\u016bsu telt\u012bs vai apk\u0101rtn\u0113.<\/p>\n<p class=\"\" data-start=\"5546\" data-end=\"6261\"><strong data-start=\"5546\" data-end=\"5569\">Papildu inform\u0101cija<\/strong><br data-start=\"5569\" data-end=\"5572\" \/>Gr\u012bdas plat\u012bba: 16 m\u00b2 (172 ft\u00b2)<br data-start=\"5603\" data-end=\"5606\" \/>Diametrs: 450 (4.5m\/14ft 9in)<br data-start=\"5635\" data-end=\"5638\" \/>Augstums: 275 cm (9ft)<br data-start=\"5660\" data-end=\"5663\" \/>Durvju augstums: 165 cm (5ft 5in)<br data-start=\"5696\" data-end=\"5699\" \/>Maksim\u0101l\u0101 jauda: 6<br data-start=\"5717\" data-end=\"5720\" \/>Kanvas veids: Classic (285 gr\/m\u00b2 vai 8.44 oz\/yd\u00b2)<br data-start=\"5769\" data-end=\"5772\" \/>\u016adens kolonna: 3000mm<br data-start=\"5793\" data-end=\"5796\" \/>Gr\u012bdas materi\u0101ls: Classic (540 gr\/m\u00b2 vai 15.93 oz\/yd\u00b2)<br data-start=\"5850\" data-end=\"5853\" \/>Gr\u012bdas piestiprin\u0101jums: r\u0101v\u0113jsl\u0113dz\u0113js<br data-start=\"5890\" data-end=\"5893\" \/>Sieta durvju tips: pie\u0161\u016btas integr\u0113tas sieta sienas<br data-start=\"5944\" data-end=\"5947\" \/>Enkura tips: Classic<br data-start=\"5967\" data-end=\"5970\" \/>Sader\u012bba ar iek\u0161\u0113jo telti: j\u0101<br data-start=\"5999\" data-end=\"6002\" \/>Kop\u0113jais svars (kg \/ lbs): 33.6 \/ 74.7<br data-start=\"6040\" data-end=\"6043\" \/>Kanvas svars (kg \/ lbs): 27.6 \/ 61.3<br data-start=\"6079\" data-end=\"6082\" \/>Stabu svars (kg \/ lbs): 6 \/ 13.3<br data-start=\"6114\" data-end=\"6117\" \/>Iepriek\u0161\u0113j\u0101s dimensijas (1) (cm): 79 x 27 x 24<br data-start=\"6163\" data-end=\"6166\" \/>Iepriek\u0161\u0113j\u0101s dimensijas (2) (cm): 79 x 27 x 13<br data-start=\"6212\" data-end=\"6215\" \/>Iepriek\u0161\u0113j\u0101s dimensijas (3) (cm): 93 x 18 x 13<\/p>\n<p class=\"\" data-start=\"6263\" data-end=\"6939\"><strong data-start=\"6263\" data-end=\"6278\">Instrukcija<\/strong><br data-start=\"6278\" data-end=\"6281\" \/>Sibley Ultimate Classic Canvas Telts (285 gr\/m\u00b2 vai 8.44 oz\/yd\u00b2 Polycottons)<br data-start=\"6357\" data-end=\"6360\" \/>R\u0101v\u0113jsl\u0113dz\u0113js gr\u012bdas p\u0101rkl\u0101js (540 gr\/m\u00b2 vai 15.93 oz\/yd\u00b2)<br data-start=\"6418\" data-end=\"6421\" \/>Integr\u0113ta sieta durvis<br data-start=\"6443\" data-end=\"6446\" \/>32mm (1-1\/4\u201d) atsperes ni\u0137el\u0113ta t\u0113rauda centr\u0101lais stabs ar gumijas k\u0101j\u0101m<br data-start=\"6519\" data-end=\"6522\" \/>23mm (7\/8&#8243;) atsperes ni\u0137el\u0113ta t\u0113rauda A formas stabs ar gumijas k\u0101j\u0101m<br data-start=\"6591\" data-end=\"6594\" \/>14x 5mm stiprin\u0101juma auklas ar spriegot\u0101jiem, kas j\u0101piesien pirmreiz\u0113jai uzst\u0101d\u012b\u0161anai<br data-start=\"6679\" data-end=\"6682\" \/>14x stiprin\u0101juma enkuri<br data-start=\"6705\" data-end=\"6708\" \/>13x gr\u012bdas enkuri<br data-start=\"6725\" data-end=\"6728\" \/>4x no-see-um sieta p\u0101rkl\u0101tas ventil\u0101cijas atveres<br data-start=\"6777\" data-end=\"6780\" \/>4x no-see-um sieta pusm\u0113ness formas logi ar r\u0101v\u0113jsl\u0113dz\u0113ja kanvas p\u0101rkl\u0101jumu<br data-start=\"6855\" data-end=\"6858\" \/>Kokvilnas kanvas nesamais maisi\u0146\u0161<br data-start=\"6891\" data-end=\"6894\" \/>Stabu un enkuru maisi<br data-start=\"6915\" data-end=\"6918\" \/>Stabu atsperu remonts<\/p>\n","protected":false},"excerpt":{"rendered":"<p>450 ir ide\u0101ls 3 glamp\u0113riem uz queen izm\u0113ra matrac\u012b\u0161a un gultas vai l\u012bdz pat 6 kempingot\u0101jiem uz gu\u013camajiem pakl\u0101jiem. Queen<\/p>\n","protected":false},"featured_media":16478,"comment_status":"closed","ping_status":"closed","template":"","meta":[],"product_brand":[80],"product_cat":[118,124],"product_tag":[],"class_list":{"0":"post-17360","1":"product","2":"type-product","3":"status-publish","4":"has-post-thumbnail","6":"product_brand-canvas-camps","7":"product_cat-audekla-teltis","8":"product_cat-sibley-ultimate-lv","10":"first","11":"instock","12":"purchasable","13":"product-type-simple"},"jetpack_sharing_enabled":true,"_links":{"self":[{"href":"https:\/\/fancyadventurefactory.com\/lv\/wp-json\/wp\/v2\/product\/17360","targetHints":{"allow":["GET"]}}],"collection":[{"href":"https:\/\/fancyadventurefactory.com\/lv\/wp-json\/wp\/v2\/product"}],"about":[{"href":"https:\/\/fancyadventurefactory.com\/lv\/wp-json\/wp\/v2\/types\/product"}],"replies":[{"embeddable":true,"href":"https:\/\/fancyadventurefactory.com\/lv\/wp-json\/wp\/v2\/comments?post=17360"}],"version-history":[{"count":1,"href":"https:\/\/fancyadventurefactory.com\/lv\/wp-json\/wp\/v2\/product\/17360\/revisions"}],"predecessor-version":[{"id":17361,"href":"https:\/\/fancyadventurefactory.com\/lv\/wp-json\/wp\/v2\/product\/17360\/revisions\/17361"}],"wp:featuredmedia":[{"embeddable":true,"href":"https:\/\/fancyadventurefactory.com\/lv\/wp-json\/wp\/v2\/media\/16478"}],"wp:attachment":[{"href":"https:\/\/fancyadventurefactory.com\/lv\/wp-json\/wp\/v2\/media?parent=17360"}],"wp:term":[{"taxonomy":"product_brand","embeddable":true,"href":"https:\/\/fancyadventurefactory.com\/lv\/wp-json\/wp\/v2\/product_brand?post=17360"},{"taxonomy":"product_cat","embeddable":true,"href":"https:\/\/fancyadventurefactory.com\/lv\/wp-json\/wp\/v2\/product_cat?post=17360"},{"taxonomy":"product_tag","embeddable":true,"href":"https:\/\/fancyadventurefactory.com\/lv\/wp-json\/wp\/v2\/product_tag?post=17360"}],"curies":[{"name":"wp","href":"https:\/\/api.w.org\/{rel}","templated":true}]}}