{"id":17368,"date":"2025-02-07T07:23:20","date_gmt":"2025-02-07T07:23:20","guid":{"rendered":"https:\/\/fancyadventurefactory.com\/?post_type=product&#038;p=17368"},"modified":"2025-03-26T17:42:01","modified_gmt":"2025-03-26T17:42:01","slug":"sibley-500-pro-zala","status":"publish","type":"product","link":"https:\/\/fancyadventurefactory.com\/lv\/product\/sibley-500-pro-zala\/","title":{"rendered":"Sibley 500 Pro &#8211; Za\u013ca"},"content":{"rendered":"<p class=\"\" data-start=\"0\" data-end=\"99\">500 ir ide\u0101ls 4 glampiem ar karalienes gult\u0101m vai l\u012bdz pat 8 kempingot\u0101jiem ar gu\u013camaj\u0101m pakl\u0101jiem.<\/p>\n<p class=\"\" data-start=\"101\" data-end=\"339\">Pro Integr\u0113t\u0101s t\u012bkla durvis<br data-start=\"128\" data-end=\"131\" \/>Sibley 500 Pro ietver ie\u0161\u016btas &#8220;ne-redzam\u0101s&#8221; t\u012bkla durvis, papildus tradicion\u0101laj\u0101m auduma durv\u012bm. Telts ir apr\u012bkota ar cilp\u0101m uz ab\u0101m durvju pus\u0113m, lai k\u0101rt\u012bgi sasietu t\u012bkla durvis, kad t\u0101s netiek izmantotas.<\/p>\n<p class=\"\" data-start=\"341\" data-end=\"1176\">Izvelkam\u0101s s\u0101nu sienas un r\u0101v\u0113jsl\u0113dz\u0113ja grunts p\u0101rkl\u0101jums: Pro kvalit\u0101te<br data-start=\"413\" data-end=\"416\" \/>M\u016bsu Pro grunts p\u0101rkl\u0101jumi tiek piestiprin\u0101ti pie telts ar r\u0101v\u0113jsl\u0113dz\u0113ju un ir izgatavoti no bieza, termiski savienota, r\u012bpa iztur\u012bga PVC (540 gr\/m\u00b2 vai 15.93 oz\/yd\u00b2). Piln\u012bgi \u016bdens un tvaiku necaurlaid\u012bgi, \u201cvannas formas\u201d gr\u012bda pac\u0113l\u0101s par 10 cm, lai j\u016bs paliktu sausi pat st\u0101vo\u0161\u0101 \u016bden\u012b. Izmantojot smaga darba izm\u0113ra 10 r\u0101v\u0113jsl\u0113dz\u0113ju, lai piestiprin\u0101tu s\u0101nu sienu pie grunts p\u0101rkl\u0101juma, j\u016bs varat attais\u012bt gr\u012bdu, lai izveltu auduma sienas, lai nodro\u0161in\u0101tu maksim\u0101lu ventil\u0101ciju, vai piln\u012bb\u0101 no\u0146emt grunts p\u0101rkl\u0101jumu transport\u0113\u0161anai, glab\u0101\u0161anai, t\u012br\u012b\u0161anai vai, lai izbaud\u012btu z\u0101li vai smiltis zem k\u0101j\u0101m. Aizmugur\u0113 eso\u0161ais nelielais \u0161\u0137ir\u0161an\u0101s vieta starp diviem r\u0101v\u0113jsl\u0113dz\u0113jiem \u013cauj ievietot elektrisko vadu telt\u012b, nezaud\u0113jot aizsardz\u012bbu no lietus un kukai\u0146iem.<\/p>\n<p class=\"\" data-start=\"1178\" data-end=\"1604\">Pro Saisto\u0161\u0101s virves un spriegot\u0101ji<br data-start=\"1213\" data-end=\"1216\" \/>Pirm\u0101 uzst\u0101d\u012b\u0161ana ir viegla ar Pro saisto\u0161aj\u0101m virv\u0113m, kas jau ir piestiprin\u0101tas pie telts un izstaig\u0101tas caur m\u016bsu spriegot\u0101jiem. Pro kvalit\u0101tes saisto\u0161\u0101s virves ir uzlabotas ar virv\u0113m no neilona, lai viegl\u0101k piel\u0101gotu spriegumu. Pro saisto\u0161\u0101s virves ir 5 mm biezas un t\u0101m ir papildu UV aizsardz\u012bba. Plastmasas spriegot\u0101ji nov\u0113r\u0161 malu saskr\u0101p\u0113\u0161anu un pagarin\u0101s j\u016bsu teltis dz\u012bves ilgumu.<\/p>\n<p class=\"\" data-start=\"1606\" data-end=\"2219\">Pro Stabi un mieti<br data-start=\"1624\" data-end=\"1627\" \/>\u012apa\u0161i izstr\u0101d\u0101ti augsta v\u0113ja vai ciet\u0101m un akme\u0146ain\u0101m virsm\u0101m, m\u016bsu Pro mieti ir izgatavoti no t\u0101da pa\u0161a augstas kvalit\u0101tes ni\u0137el\u0113ta t\u0113rauda, no kura izgatavoti m\u016bsu stabi. CanvasCamp ekskluz\u012bvie Pro saisto\u0161\u0101s virves mieti ir 24 cm (9,5 collas) sl\u012bpi un sakosts, lai iztur\u0113tu triecienus sald\u0113t\u0101 vai akme\u0146ain\u0101 zem\u0113. T-veida \u0101\u0137is ir r\u016bp\u012bgi uzsist pie stopa, lai nov\u0113rstu saisto\u0161o virvju nokri\u0161anu pat augst\u0101 v\u0113j\u0101. Pro grunts p\u0101rkl\u0101juma mieti ir par 50% biez\u0101ki nek\u0101 standarta mieti. Mieti gr\u012bdai ir noapa\u013cota forma, lai tie viegli ieiet caur grunts p\u0101rkl\u0101juma caurumiem un satur\u0113tu gr\u012bdu viet\u0101.<\/p>\n<p class=\"\" data-start=\"2221\" data-end=\"2644\">Pro Pavasara stabi<br data-start=\"2239\" data-end=\"2242\" \/>Pro s\u0113rijas stabi ir stiprin\u0101ti, sal\u012bdzinot ar standarta stabiem, kas iek\u013cauti Standard, Deluxe un Ultimate s\u0113rij\u0101s. Pro durvju stabi ir 23 mm (.91 collas), bet centr\u0101lais stabs ir 32 mm (1.25 collas) diametr\u0101. Iek\u0161\u0113jie pavasara stieples vad\u012bt\u0101ji pal\u012bdz \u0101tri un viegli samont\u0113t staba da\u013cas. Centr\u0101lais stabs ir apr\u012bkots ar saliektu gredzenu, kuru var izmantot, lai pievienotu iek\u0161\u0113jo telti vai lustras.<\/p>\n<p class=\"\" data-start=\"2646\" data-end=\"3876\">Pro Audums<br data-start=\"2656\" data-end=\"2659\" \/>Pro Audums (320 gr\/m\u00b2 vai 9.44 oz\/yd\u00b2) ir lab\u0101kais audums augst\u0101k\u0101s kvalit\u0101tes zvanu telt\u012bm, ta\u010du tas nav tikai par svaru. M\u016bsu patent\u0113ta Pro apstr\u0101de pievieno papildu \u016bdensiztur\u012bbu dabiskajai auduma \u016bdens iztur\u012bbai, k\u0101 ar\u012b pel\u0113juma un UV iztur\u012bbu. Pro audums ir paredz\u0113ts ilgtermi\u0146a lieto\u0161anai un pla\u0161am klimatu diapazonam. Elpojam\u012bbas, \u016bdensiztur\u012bbas un iztur\u012bbas l\u012bdzsvars; Pro audums ir ide\u0101ls \u0113rta kempinga viet\u0101m visos 4 gadalaikos. Labojams un atk\u0101rtoti apstr\u0101d\u0101jams, pareizi uztur\u0113ts Pro audums var ilgt gadiem. Dubult\u0101 \u0161uve, plakani \u0161uves, \u0161uve p\u0101rkl\u0101jumi un dubult\u0101 sl\u0101\u0146a konstrukcija vis\u0101s slodzes viet\u0101s veido zvanu telti, kas ir tikpat iztur\u012bga k\u0101 skaista. 100% Kokvilnas audums nodro\u0161ina dabisku \u016bdensiztur\u012bbu un elpojam\u012bbu. Kokvilnas \u0161\u0137iedras uzbriest, kad t\u0101s ir mitras, bl\u012bvs austums nov\u0113r\u0161 lietus iepl\u016b\u0161anu, un mitruma pilienu virsmas spriedze \u0101rpus\u0113 apvienojum\u0101 ar straujo p\u0101rsega sl\u012bpumu \u013cauj \u016bdenim veidoties un nob\u0113rties. Mitrums, kas saglab\u0101jas gais\u0101 iek\u0161pus\u0113, joproj\u0101m sp\u0113j izpl\u016bst tie\u0161i caur audumu, saglab\u0101jot iek\u0161\u0113jo mitrumu zemu un samazinot kondens\u0101ciju. Skatiet m\u016bsu FAQ, lai ieg\u016btu vair\u0101k inform\u0101cijas, nek\u0101 j\u016bs var\u0113tu jebkad v\u0113l\u0113ties zin\u0101t par kokvilnas audumu un pareizu telts apkopi.<\/p>\n<p class=\"\" data-start=\"3878\" data-end=\"4311\">100% Kokvilnas audums<br data-start=\"3899\" data-end=\"3902\" \/>M\u016bsu Sibley audums ir izgatavots tikai no 100% kokvilnas. Kokvilna tiek ieg\u016bta no \u0161\u012bs iztur\u012bg\u0101s un sausuma iztur\u012bg\u0101s augu s\u0113klu matiem. Ilgtsp\u0113j\u012bgs, atjaunojams un viens no visvair\u0101k biolo\u0123iski no\u0101rd\u0101miem audumiem uz zemes. M\u016bsu audums ir maigs, dab\u012bgs, zemes kr\u0101sas b\u0113\u0161s, kas mirdz iek\u0161pus\u0113 un \u0101rpus\u0113 ar dabisko vai m\u0101ksl\u012bgo gaismu. CanvasCamp ir vien\u012bgais tel\u0161u ra\u017eot\u0101js, kas nes kokvilnas ofici\u0101lo z\u012bmogu\u00ae.<\/p>\n<p class=\"\" data-start=\"4313\" data-end=\"4758\">Logi un ventil\u0101cijas<br data-start=\"4333\" data-end=\"4336\" \/>Katrs Sibley ir piln\u012bb\u0101 apr\u012bkots ar logiem un ventil\u0101cij\u0101m, kas p\u0101rkl\u0101ti ar &#8220;ne-redzam\u0101 t\u012bkla&#8221; materi\u0101lu, lai tur\u0113tu kukai\u0146us \u0101rpus\u0113, nodro\u0161inot ventil\u0101ciju un gaisa pl\u016bsmu. M\u016bsu pusm\u0113ness logi ir ar r\u0101v\u0113jsl\u0113dz\u0113jiem v\u0101kiem, lai j\u016bs var\u0113tu piel\u0101got v\u0113lamo ventil\u0101cijas un priv\u0101tuma l\u012bmeni. Katrs logs ir apr\u012bkots ar cilpu stiprin\u0101jumiem, lai k\u0101rt\u012bgi tur\u0113tu v\u0101ku, kad logi ir atv\u0113rti. Sibley 500 ir 4 logi un 4 ventil\u0101cijas.<\/p>\n<p class=\"\" data-start=\"4760\" data-end=\"6305\">Kr\u0101sns sader\u012bba<br data-start=\"4775\" data-end=\"4778\" \/>Visas CanvasCamp teltis viegli piel\u0101gojamas izmanto\u0161anai ar koka deg\u0161anas telts kr\u0101sni. Pareiza kr\u0101sns novieto\u0161ana ir atkar\u012bga no kr\u0101sns lieluma, telts izm\u0113ra, d\u016bmvadu izejas veida, v\u0113lam\u0101s temperat\u016bras un vides, kur\u0101 j\u016bs pl\u0101nojat kempingot. Viena izm\u0113ra iepriek\u0161 uzst\u0101d\u012btas kr\u0101sns atveres ne\u013cauj klientiem izv\u0113l\u0113ties optim\u0101lu kr\u0101sns novietojumu un maksim\u0101lu efektivit\u0101ti. Lai nodro\u0161in\u0101tu pareizu novieto\u0161anu un ide\u0101lu efektivit\u0101ti, CanvasCamp pied\u0101v\u0101 modul\u0101ras kr\u0101sns atveres (p\u0101rdo\u0161an\u0101 atsevi\u0161\u0137i), kuras var viegli uzst\u0101d\u012bt jebkur\u0101 kokvilnas zvanu telt\u012b tikai da\u017e\u0101s min\u016bt\u0113s. Kr\u0101sns atveres ir pieejamas da\u017e\u0101d\u0101s form\u0101s un izm\u0113ros, lai j\u016bs var\u0113tu izv\u0113l\u0113ties atveri, kas piln\u012bb\u0101 atbilst j\u016bsu telts un kr\u0101sns pras\u012bb\u0101m. Lasiet m\u016bsu emu\u0101ru vai sazinieties ar mums, lai uzzin\u0101tu vair\u0101k par lab\u0101ko kr\u0101sni un novietojumu j\u016bsu konkr\u0113tajai lieto\u0161anai. Canvas zvanu teltis nav paredz\u0113tas izmanto\u0161anai ar atkl\u0101tiem uguns bedriem. Ugunsdro\u0161\u012bba ir lietot\u0101ja atbild\u012bba. M\u0113s aicin\u0101m j\u016bs izgl\u012btot sevi un iev\u0113rot r\u016bp\u012bgu ugunsdro\u0161\u012bbas praksi. Lasiet m\u016bsu FAQ un emu\u0101rus, lai uzzin\u0101tu vair\u0101k par ugunsdro\u0161\u012bbu. Nevilcinieties sazin\u0101ties ar mums, ja jums ir k\u0101di jaut\u0101jumi vai ba\u017eas jebkur\u0101 laik\u0101. Vienm\u0113r p\u0101rbaudiet viet\u0113jos uguns ierobe\u017eojumus pirms uguns uzs\u0101k\u0161anas, jo noteikumi un regulas var bie\u017ei main\u012bties visas sezonas laik\u0101. CanvasCamp nevar uz\u0146emties atbild\u012bbu par jebk\u0101diem boj\u0101jumiem vai ievainojumiem, kas radu\u0161ies cilv\u0113kiem vai \u012bpa\u0161umam, lietojot vai \u013caunpr\u0101t\u012bgi izmantojot uguni vai uzliesmojo\u0161us materi\u0101lus m\u016bsu telt\u012bs vai ap t\u0101s.<\/p>\n<p class=\"\" data-start=\"6307\" data-end=\"7039\">Papildu inform\u0101cija<br data-start=\"6326\" data-end=\"6329\" \/>Gr\u012bdas plat\u012bba: 19,6 m\u00b2 (210 ft\u00b2)<br data-start=\"6362\" data-end=\"6365\" \/>Diametrs: 500 cm (5m\/16ft 5in)<br data-start=\"6395\" data-end=\"6398\" \/>Augstums: 300 cm (9ft 10in)<br data-start=\"6425\" data-end=\"6428\" \/>Durvju augstums: 175 cm (5ft 9in)<br data-start=\"6461\" data-end=\"6464\" \/>Maksim\u0101l\u0101 ietilp\u012bba: 8<br data-start=\"6486\" data-end=\"6489\" \/>Auduma veids: Pro (320 gr\/m\u00b2 vai 9.44 oz\/yd\u00b2)<br data-start=\"6534\" data-end=\"6537\" \/>\u016adens kolonna: 3500 mm<br data-start=\"6559\" data-end=\"6562\" \/>Gr\u012bdas materi\u0101ls: Pro (650 gr\/m\u00b2 vai 19.17 oz\/yd\u00b2)<br data-start=\"6612\" data-end=\"6615\" \/>Gr\u012bdas piestiprin\u0101\u0161ana: R\u0101v\u0113jsl\u0113dz\u0113js<br data-start=\"6652\" data-end=\"6655\" \/>T\u012bkla durvju veids: Ie\u0161\u016btas integr\u0113tas t\u012bkla durvis<br data-start=\"6706\" data-end=\"6709\" \/>S\u0101nu sienas: Nav<br data-start=\"6725\" data-end=\"6728\" \/>Mietu veids: Smaga darba kvalit\u0101te<br data-start=\"6762\" data-end=\"6765\" \/>Sader\u012bba ar iek\u0161\u0113jo telti: J\u0101<br data-start=\"6794\" data-end=\"6797\" \/>Kop\u0113jais svars (kg \/ lbs): 38.6 \/ 85.8<br data-start=\"6835\" data-end=\"6838\" \/>Auduma svars (kg \/ lbs): 32 \/ 71.1<br data-start=\"6872\" data-end=\"6875\" \/>Stabu svars (kg \/ lbs): 6.6 \/ 14.7<br data-start=\"6909\" data-end=\"6912\" \/>Iepakojuma izm\u0113ri (1) (cm): 78 x 39 x 28<br data-start=\"6952\" data-end=\"6955\" \/>Iepakojuma izm\u0113ri (2) (cm): 78 x 39 x 17<br data-start=\"6995\" data-end=\"6998\" \/>Iepakojuma izm\u0113ri (3) (cm): 100 x 16 x 12<\/p>\n<p>Rokas uzst\u0101d\u012b\u0161anas nor\u0101d\u012bjumi Sibley PRO<\/p>\n<p>Pro kanvas telts (320 gr\/m\u00b2 vai 9.44 oz\/yd\u00b2)<\/p>\n<p>Zips, kas ieb\u016bv\u0113ts\/iz\u0146emams Pro gr\u012bdas p\u0101rkl\u0101jums (650 gr\/m\u00b2 vai 19.17 oz\/yd\u00b2)<\/p>\n<p>32mm (1-1\/4\u201d) atsper\u0113m iel\u0101d\u0113ta pulverkr\u0101sota t\u0113rauda centr\u0101l\u0101 stabi ar gumijas k\u0101j\u0101m<\/p>\n<p>23mm (7\/8\u201d) atsper\u0113m iel\u0101d\u0113ts pulverkr\u0101sots A formas stabi ar gumijas k\u0101j\u0101m<\/p>\n<p>1 ieb\u016bv\u0113ta sieta durvis<\/p>\n<p>14 5mm UV iztur\u012bgas piekabes virves ar spriegot\u0101jiem<\/p>\n<p>14 pro piekabes virves stake<\/p>\n<p>13 pro gr\u012bdas stake<\/p>\n<p>4 sieta p\u0101rkl\u0101tas aug\u0161\u0113j\u0101s ventil\u0101cijas l\u016bkas<\/p>\n<p>4 sieta p\u0101rkl\u0101tas pusm\u0113ness logi ar zipsa kanvas p\u0101rkl\u0101jumu<\/p>\n<p>Kokvilnas kanvas soma<\/p>\n<p>Stabu un stake somas<\/p>\n<p>Stabu atsperes remontkomplekts<\/p>\n","protected":false},"excerpt":{"rendered":"<p>500 ir ide\u0101ls 4 glampiem ar karalienes gult\u0101m vai l\u012bdz pat 8 kempingot\u0101jiem ar gu\u013camaj\u0101m pakl\u0101jiem. Pro Integr\u0113t\u0101s t\u012bkla durvisSibley<\/p>\n","protected":false},"featured_media":16460,"comment_status":"closed","ping_status":"closed","template":"","meta":[],"product_brand":[],"product_cat":[118,122],"product_tag":[],"class_list":{"0":"post-17368","1":"product","2":"type-product","3":"status-publish","4":"has-post-thumbnail","6":"product_cat-audekla-teltis","7":"product_cat-sibley-pro-lv","9":"first","10":"instock","11":"purchasable","12":"product-type-simple"},"jetpack_sharing_enabled":true,"_links":{"self":[{"href":"https:\/\/fancyadventurefactory.com\/lv\/wp-json\/wp\/v2\/product\/17368","targetHints":{"allow":["GET"]}}],"collection":[{"href":"https:\/\/fancyadventurefactory.com\/lv\/wp-json\/wp\/v2\/product"}],"about":[{"href":"https:\/\/fancyadventurefactory.com\/lv\/wp-json\/wp\/v2\/types\/product"}],"replies":[{"embeddable":true,"href":"https:\/\/fancyadventurefactory.com\/lv\/wp-json\/wp\/v2\/comments?post=17368"}],"version-history":[{"count":1,"href":"https:\/\/fancyadventurefactory.com\/lv\/wp-json\/wp\/v2\/product\/17368\/revisions"}],"predecessor-version":[{"id":17370,"href":"https:\/\/fancyadventurefactory.com\/lv\/wp-json\/wp\/v2\/product\/17368\/revisions\/17370"}],"wp:featuredmedia":[{"embeddable":true,"href":"https:\/\/fancyadventurefactory.com\/lv\/wp-json\/wp\/v2\/media\/16460"}],"wp:attachment":[{"href":"https:\/\/fancyadventurefactory.com\/lv\/wp-json\/wp\/v2\/media?parent=17368"}],"wp:term":[{"taxonomy":"product_brand","embeddable":true,"href":"https:\/\/fancyadventurefactory.com\/lv\/wp-json\/wp\/v2\/product_brand?post=17368"},{"taxonomy":"product_cat","embeddable":true,"href":"https:\/\/fancyadventurefactory.com\/lv\/wp-json\/wp\/v2\/product_cat?post=17368"},{"taxonomy":"product_tag","embeddable":true,"href":"https:\/\/fancyadventurefactory.com\/lv\/wp-json\/wp\/v2\/product_tag?post=17368"}],"curies":[{"name":"wp","href":"https:\/\/api.w.org\/{rel}","templated":true}]}}