{"id":17379,"date":"2025-02-07T07:29:35","date_gmt":"2025-02-07T07:29:35","guid":{"rendered":"https:\/\/fancyadventurefactory.com\/?post_type=product&#038;p=17379"},"modified":"2025-03-26T17:54:09","modified_gmt":"2025-03-26T17:54:09","slug":"sibley-500-protech-double-door","status":"publish","type":"product","link":"https:\/\/fancyadventurefactory.com\/lv\/product\/sibley-500-protech-double-door\/","title":{"rendered":"Sibley 500 ProTech Double Door"},"content":{"rendered":"<p class=\"\" data-start=\"31\" data-end=\"143\"><strong data-start=\"31\" data-end=\"143\">500 ir ide\u0101li piem\u0113rots 4 glampingajiem uz &#8220;queen&#8221; gult\u0101m vai l\u012bdz pat 8 kempingiem uz gu\u013camt\u012bklu pakl\u0101jiem.<\/strong><\/p>\n<p class=\"\" data-start=\"145\" data-end=\"1415\"><strong data-start=\"145\" data-end=\"172\">Dubult\u0101s A veida durvis<\/strong><br data-start=\"172\" data-end=\"175\" \/>Ar div\u0101m A veida durv\u012bm uz pret\u0113jiem teltis s\u0101niem, 500 Double Door Pro ir m\u016bsu liel\u0101k\u0101 un pieejam\u0101k\u0101 Sibley telts l\u012bdz \u0161im! Dubult\u0101s durvis ir ide\u0101las, lai ieg\u016btu netrauc\u0113tus skatus div\u0101s virzienos. Otr\u0101s durvis \u013cauj liel\u0101k\u0101m grup\u0101m vai \u0123imen\u0113m iek\u013c\u016bt vai iziet no telts no jebkuras puses, netrauc\u0113jot otru pusi.<br data-start=\"488\" data-end=\"491\" \/>Sibley paraksta A veida durvis \u013cauj viegli iek\u013c\u016bt un izk\u013c\u016bt, un tur audumu 90 gr\u0101du le\u0146\u0137\u012b pret zemi, nov\u0113r\u0161ot lietus iek\u013c\u016b\u0161anu telt\u012b, kad p\u0101rvietojaties iek\u0161\u0101 un \u0101r\u0101. Gr\u012bda ir apr\u012bkota ar \u010detriem st\u012bp\u0101m, kas dro\u0161i notur durvju stabi\u0146us viet\u0101. A veida durvju aug\u0161da\u013ca ir apr\u012bkota ar tapas, kas atrodas durvju virsotn\u0113 eso\u0161aj\u0101 stiepl\u0113, nodro\u0161inot pareizu novietojumu. Lietus v\u0101ci\u0146\u0161 tiek novietots virs tapas un stieples, lai nov\u0113rstu lietus nok\u013c\u016b\u0161anu pa stabiem. Auduma durvis tiek savilktas vertik\u0101li un gar \u201cvannas\u201d gr\u012bdu. Katram durvju pus\u0113 ir cilpas un auklas, lai \u0113rti piekabin\u0101tu auduma un\/vai sieta durvis, lai t\u0101s b\u016btu atv\u0113rtas, kad t\u0101s netiek izmantotas.<br data-start=\"1152\" data-end=\"1155\" \/>Katrs Sibley ir savietojams ar <strong data-start=\"1186\" data-end=\"1206\">Sibley Connector<\/strong>, izliektu pievienojumu, kuru var izmantot k\u0101 nojumi. Sibley Connector var ar\u012b tikt izmantots k\u0101 p\u0101rkl\u0101ta tilta savienojums starp vien\u0101m dubult\u0101m durv\u012bm un otro zvana teltu, \u013caujot izveidot vair\u0101kistabu telti.<\/p>\n<p class=\"\" data-start=\"1417\" data-end=\"2212\"><strong data-start=\"1417\" data-end=\"1451\">Sieta sienas: 360\u00b0 ProTechtion<\/strong><br data-start=\"1451\" data-end=\"1454\" \/>Tradicion\u0101lie kempinga kait\u0113k\u013ci, piem\u0113ram, kukai\u0146i un dz\u012bvnieki, rada liel\u0101ku draudu kempingiem, \u0146emot v\u0113r\u0101 pieaugo\u0161o vektoru p\u0101rn\u0113s\u0101to slim\u012bbu izplat\u012bbu, piem\u0113ram, Ziku, Rietumu N\u012blu un m\u0113ri. M\u016bsu ProTech s\u0113rija ietver sieta sienas, kas pievienojas gr\u012bdas segumam un nojumei ar r\u0101v\u0113jsl\u0113dz\u0113ju, \u013caujot pacelt auduma sienas maksim\u0101lai ventil\u0101cijai, saglab\u0101jot telti aizv\u0113rtu pret kait\u0113k\u013ciem. Sieta sienas savienojas ar sieta durv\u012bm ar papildu l\u012bm\u0113jo\u0161o Velcro, lai nodro\u0161in\u0101tu dro\u0161u herm\u0113tisku nosl\u0113gumu, pied\u0101v\u0101jot pilnu 360\u00b0 sieta apst\u0101k\u013cus. Kad t\u0101s netiek izmantotas, sieta sienas var tikt sarull\u0113tas un sak\u0101rtotas ar ieb\u016bv\u0113to \u0101\u0137a un cilpas sist\u0113mu nojumes iek\u0161pus\u0113, vai t\u0101s var piln\u012bb\u0101 iz\u0146emt. Sieta sienas ir paz\u012bstamas ar\u012b k\u0101 dubult\u0101s sienas zvanu telt\u0113s.<\/p>\n<p class=\"\" data-start=\"2214\" data-end=\"3185\"><strong data-start=\"2214\" data-end=\"2282\">Rull\u0113jo\u0161\u0101s s\u0101nu sienas un r\u0101v\u0113jsl\u0113dz\u0113ja gr\u012bdas segums: Pro klase<\/strong><br data-start=\"2282\" data-end=\"2285\" \/>M\u016bsu ProTech gr\u012bdas segumi tiek pievienoti telts ar r\u0101v\u0113jsl\u0113dz\u0113ju un ir izgatavoti no bieza, termiski saveld\u0113ta, ripojo\u0161a PVC (650 gr\/m\u00b2 vai 19,17 oz\/yd\u00b2). Piln\u012bgi \u016bdens- un tvaiku necaurlaid\u012bgi, &#8220;vannas stila&#8221; gr\u012bda pace\u013cas 4 collu augstum\u0101, lai j\u016bs paliktu sausi, pat st\u0101vo\u0161\u0101 \u016bden\u012b. Izmantojot iztur\u012bgu 10. izm\u0113ra r\u0101v\u0113jsl\u0113dz\u0113ju, lai pievienotu s\u0101nu sienu gr\u012bdas segumam, j\u016bs varat atv\u0113rt gr\u012bdu, lai rull\u0113tu auduma sienas maksim\u0101lai ventil\u0101cijai vai piln\u012bb\u0101 no\u0146emt gr\u012bdas segumu transport\u0113\u0161anai, uzglab\u0101\u0161anai, t\u012br\u012b\u0161anai vai lai izbaud\u012btu z\u0101li vai smiltis zem k\u0101j\u0101m. Aizmugur\u0113jais p\u0101rkl\u0101juma stila sist\u0113ma ar dro\u0161iem \u0101\u0137iem un cilp\u0101m \u013cauj nokarot vannas sienu net\u0101lu no durv\u012bm un piestiprin\u0101t to plakani, lai nov\u0113rstu apst\u0101\u0161an\u0101s risku un atvieglotu t\u012br\u012b\u0161anu. Neliels att\u0101lums starp diviem r\u0101v\u0113jsl\u0113dz\u0113jiem aizmugur\u0113 \u013cauj elektr\u012bbas vadiem iek\u013c\u016bt telt\u012b, nenov\u0113r\u0161ot aizsardz\u012bbu pret lietus un kait\u0113k\u013ciem.<\/p>\n<p class=\"\" data-start=\"3187\" data-end=\"3428\"><strong data-start=\"3187\" data-end=\"3216\">Pro ieb\u016bv\u0113ta sieta durvis<\/strong><br data-start=\"3216\" data-end=\"3219\" \/>Sibley 500 ProTech ietver ieb\u016bv\u0113tas \u201cno-see-um\u201d sieta durvis, papildus tradicion\u0101laj\u0101m auduma durv\u012bm. Teltis ir apr\u012bkotas ar cilp\u0101m ab\u0101s durvju pus\u0113s, lai \u0113rti piesietu sieta durvis, kad t\u0101s netiek izmantotas.<\/p>\n<p class=\"\" data-start=\"3430\" data-end=\"3899\"><strong data-start=\"3430\" data-end=\"3474\">Pro pal\u012bgstr\u0113les un sprieguma regulatoru<\/strong><br data-start=\"3474\" data-end=\"3477\" \/>Pirmo reizi uzst\u0101d\u012b\u0161ana ir viegla ar Pro pal\u012bgstr\u0113l\u0113m, kas jau ir pievienotas telts un ieaustas m\u016bsu sprieguma regulatoros. Pro klases pal\u012bgstr\u0113les ir uzlabotas ar auklu izgatavotu neilona virvi, lai viegl\u0101k regul\u0113tu spriedzi l\u012bnij\u0101. Pro pal\u012bgstr\u0113les ir 5mm biezas un papildus apstr\u0101d\u0101tas ar UV iztur\u012bgu p\u0101rkl\u0101jumu. Plastik\u0101ta sprieguma regulatori nov\u0113r\u0161 st\u016bru iek\u013c\u016b\u0161anu pal\u012bgstr\u0113l\u0113s, pagarina j\u016bsu telts kalpo\u0161anas laiku.<\/p>\n<p class=\"\" data-start=\"3901\" data-end=\"4507\"><strong data-start=\"3901\" data-end=\"3924\">Pro enkuri un tapas<\/strong><br data-start=\"3924\" data-end=\"3927\" \/>Speci\u0101li izstr\u0101d\u0101ti augsta v\u0113ja vai gr\u016btiem un akme\u0146ainiem zemes gabaliem, m\u016bsu Pro enkuri ir izgatavoti no t\u0101 pa\u0161a augstas kvalit\u0101tes nikel\u0113ta t\u0113rauda, no kura izgatavoti m\u016bsu stabi. CanvasCamp ekskluz\u012bvie Pro pal\u012bgstr\u0113les enkuri ir 24 cm (9,5 collas) le\u0146\u0137oti un zobveida, lai tur\u0113tos pret cietiem vai sald\u0113tiem akme\u0146ainiem laukiem. T veida \u0101\u0137is tiek dro\u0161i pievienots piestiprin\u0101t\u0101 gal\u0101, lai nov\u0113rstu pal\u012bgstr\u0113les sl\u012bd\u0113\u0161anu pat augst\u0101 v\u0113ja laik\u0101. Pro gr\u012bdas tap\u0101m ir 50% biez\u0101ks nek\u0101 standarta tapas. Gr\u012bdas tapas ir apa\u013cas un sl\u012bd caur gr\u012bdas seguma ac\u012bm un t\u0101s tur gr\u012bdu viet\u0101.<\/p>\n<p class=\"\" data-start=\"4509\" data-end=\"4940\"><strong data-start=\"4509\" data-end=\"4530\">Pro atsperu stabi<\/strong><br data-start=\"4530\" data-end=\"4533\" \/>Pro s\u0113rijas stabi ir pastiprin\u0101ti sal\u012bdzin\u0101jum\u0101 ar standarta stabiem, kas iek\u013cauti Standarta, Deluxe un Ultimate s\u0113rij\u0101s. Pro durvju stabi ir 23mm (.91 collas) un centr\u0101lais stabs ir 32mm (1.25 collas) diametr\u0101. Iek\u0161\u0113jie atsperu stieples vada stabu sekcijas kop\u0101 \u0101trai un vieglai mont\u0101\u017eai. Centr\u0101lajam stabam ir pievienota metin\u0101ta lenti gredzens, kuru var izmantot, lai pakarin\u0101tu iek\u0161\u0113jo telti vai lustru.<\/p>\n<p class=\"\" data-start=\"4942\" data-end=\"6190\"><strong data-start=\"4942\" data-end=\"4956\">Pro audums<\/strong><br data-start=\"4956\" data-end=\"4959\" \/>Pro audums (320 gr\/m\u00b2 vai 9,44 oz\/yd\u00b2) ir lab\u0101kais audums premium zvanu telt\u0113m; bet tas nav tikai par svaru. M\u016bsu patent\u0113t\u0101 Pro apstr\u0101de pievieno papildus \u016bdensnecaurlaid\u012bbu, l\u012bdztekus auduma dabiskajai \u016bdens iztur\u012bbai, pel\u0113juma un UV iztur\u012bbai. Pro audums ir paredz\u0113ts ilgsto\u0161ai lieto\u0161anai un pla\u0161am klimata apst\u0101k\u013cu diapazonam. Elpojam\u012bbas, \u016bdensiztur\u012bbas un iztur\u012bbas l\u012bdzsvars padara Pro audumu ide\u0101li piem\u0113rotu kempingam vis\u0101s 4 sezon\u0101s. Remont\u0113jams un atk\u0101rtoti apstr\u0101d\u0101jams, pareizi uztur\u0113ts Pro audums var kalpot gadiem. Divk\u0101r\u0161i \u0161\u016bti, plakani \u0161\u016bti jumta un s\u0101nu sienu \u0161uves, \u0161uvju stiprin\u0101jumi un dubult\u0101 sl\u0101\u0146a konstrukcija visos stresa punktos veido zvanu teltu, kas ir tikpat iztur\u012bga, cik skaista.<br data-start=\"5668\" data-end=\"5671\" \/>100% kokvilnas audums nodro\u0161ina dabisku \u016bdensiztur\u012bbu un elpojam\u012bbu. Kokvilnas \u0161\u0137iedras uzbriest, kad t\u0101s ir mitras, cie\u0161i austais audums nov\u0113r\u0161 lietus iek\u013c\u016b\u0161anu, un mitruma pilienu virsmas spriedze, kas ir uz \u0101ru, kombin\u0113jot ar nojumes st\u0101vo le\u0146\u0137i, \u013cauj \u016bdenim veidoties pilieniem un nopl\u016bst. Mitrums gais\u0101 iek\u0161pus\u0113 joproj\u0101m sp\u0113j izk\u013c\u016bt tie\u0161i caur audumu, uzturot zemu iek\u0161\u0113jo mitrumu un nov\u0113r\u0161ot kondens\u0101ciju.<br data-start=\"6082\" data-end=\"6085\" \/>P\u0101rbaudiet m\u016bsu <strong data-start=\"6101\" data-end=\"6108\">FAQ<\/strong>, lai ieg\u016btu vair\u0101k inform\u0101cijas par kokvilnas audumu un pareizu telts uztur\u0113\u0161anu.<\/p>\n<p class=\"\" data-start=\"6192\" data-end=\"6607\"><strong data-start=\"6192\" data-end=\"6217\">100% kokvilnas audums<\/strong><br data-start=\"6217\" data-end=\"6220\" \/>M\u016bsu Sibley audums ir izgatavots tikai no 100% kokvilnas. Kokvilna tiek ieg\u016bta no \u0161\u012b iztur\u012bg\u0101 un sausumu iztur\u012bg\u0101 auga s\u0113klu \u0161\u0137iedr\u0101m. Ilgtsp\u0113j\u012bga, atjaunojama un viena no biolo\u0123iski sadal\u0101m\u0101kaj\u0101m audumiem uz zemes. M\u016bsu audums ir m\u012bksts, dabisks, zemes to\u0146u b\u0113\u0161s, kas staro gan dabiskaj\u0101, gan m\u0101ksl\u012bgaj\u0101 gaism\u0101. CanvasCamp ir vien\u012bgais tel\u0161u ra\u017eot\u0101js, kas n\u0113s\u0101 ofici\u0101lo Seal of Cotton\u00ae.<\/p>\n<p class=\"\" data-start=\"6609\" data-end=\"7087\"><strong data-start=\"6609\" data-end=\"6641\">Logi un ventil\u0101cijas atveres<\/strong><br data-start=\"6641\" data-end=\"6644\" \/>Katrs Sibley komplekt\u0101 ietilpst logi un ventil\u0101cijas atveres, kas ir p\u0101rkl\u0101ti ar &#8220;no-see-um&#8221; sieta audumu, lai tur\u0113tu kukai\u0146us \u0101rpus telts, nodro\u0161inot ventil\u0101ciju un gaisa pl\u016bsmu. M\u016bsu pusm\u0113ness logiem ir r\u0101v\u0113jsl\u0113dz\u0113ju aizsargi, lai \u013cautu piel\u0101got v\u0113lamo ventil\u0101cijas un priv\u0101tuma l\u012bmeni. Katrs logs ir apr\u012bkots ar cilpu \u0101\u0137iem, lai k\u0101rt\u012bgi notur\u0113tu aizsargus, kad logi nav atv\u0113rti. Sibley 500 ir apr\u012bkots ar 4 logiem un 4 ventil\u0101cijas atver\u0113m.<\/p>\n<p class=\"\" data-start=\"7089\" data-end=\"7888\"><strong data-start=\"7089\" data-end=\"7120\">Kurin\u0101\u0161anas kam\u012bna sader\u012bba<\/strong><br data-start=\"7120\" data-end=\"7123\" \/>Visas CanvasCamp teltis ir viegli piel\u0101gojamas lieto\u0161anai ar koka kurin\u0101majiem tel\u0161u kam\u012bniem. Pareiza kam\u012bna izvieto\u0161ana ir atkar\u012bga no kam\u012bna izm\u0113ra, teltis izm\u0113ra, d\u016bmu izejas stila, v\u0113lam\u0101s temperat\u016bras un vides, kur\u0101 pl\u0101nojat kempingot. Viena izm\u0113ra visiem, iepriek\u0161 uzst\u0101d\u012bti kam\u012bnu caurules p\u0101rliecinieties, ka klientiem nav nepiecie\u0161am\u0101 piel\u0101gojam\u012bba, lai sasniegtu ide\u0101lu kam\u012bna novietojumu un maksim\u0101lu efektivit\u0101ti. Lai nodro\u0161in\u0101tu pareizu novietojumu un ide\u0101lu efektivit\u0101ti, CanvasCamp pied\u0101v\u0101 modul\u0101rus kam\u012bnu caurules (p\u0101rdo\u0161an\u0101 atsevi\u0161\u0137i), kuras var viegli uzst\u0101d\u012bt jebkur\u0101 kokvilnas auduma zvanu telt\u012b tikai da\u017e\u0101s min\u016bt\u0113s. Kam\u012bnu caurules ir pieejamas da\u017e\u0101dos izm\u0113ros un form\u0101s, lai j\u016bs var\u0113tu izv\u0113l\u0113ties t\u0101du, kas ide\u0101li der j\u016bsu teltij un kam\u012bnam.<\/p>\n<p class=\"\" data-start=\"7890\" data-end=\"8648\">Skatiet m\u016bsu <strong data-start=\"7903\" data-end=\"7912\">blogu<\/strong> vai sazinieties ar mums, lai uzzin\u0101tu vair\u0101k par lab\u0101ko kam\u012bnu un izvietojumu j\u016bsu konkr\u0113taj\u0101 lietojum\u0101.<br data-start=\"8017\" data-end=\"8020\" \/>Canvas zvanu teltis nav paredz\u0113tas lieto\u0161anai ar atkl\u0101t\u0101m uguns bedres. Uguns dro\u0161\u012bba ir lietot\u0101ja atbild\u012bba. M\u0113s aicin\u0101m j\u016bs izgl\u012btoties un iev\u0113rot ugunsdro\u0161\u012bbas pas\u0101kumus. Lasiet m\u016bsu <strong data-start=\"8206\" data-end=\"8213\">FAQ<\/strong> un blogus, lai uzzin\u0101tu vair\u0101k par ugunsdro\u0161\u012bbu. Nevilcinieties sazin\u0101ties ar mums, ja jums ir k\u0101di jaut\u0101jumi vai ba\u017eas jebkur\u0101 laik\u0101. Vienm\u0113r p\u0101rbaudiet viet\u0113jos uguns ierobe\u017eojumus pirms uguns uzs\u0101k\u0161anas, jo noteikumi un regul\u0113jumi var main\u012bties bie\u017ei vis\u0101 gad\u0101. CanvasCamp nevar b\u016bt atbild\u012bgs par jebk\u0101diem boj\u0101jumiem vai ievainojumiem, kas radu\u0161ies no uguns vai uzliesmojo\u0161u materi\u0101lu nepareizas izmanto\u0161anas telt\u012b vai t\u0101s tuvum\u0101.<\/p>\n<p class=\"\" data-start=\"8650\" data-end=\"9352\"><strong data-start=\"8650\" data-end=\"8673\">Papildu inform\u0101cija<\/strong> Gr\u012bdas plat\u012bba: 19,6 m\u00b2 (210 ft\u00b2)<br data-start=\"8707\" data-end=\"8710\" \/>Diametrs: 500 (5m\/16ft 5in)<br data-start=\"8737\" data-end=\"8740\" \/>Augstums: 300 cm (9ft 10in)<br data-start=\"8767\" data-end=\"8770\" \/>Durvju augstums: 175 cm (5ft 9in)<br data-start=\"8803\" data-end=\"8806\" \/>Maksim\u0101l\u0101 kapacit\u0101te: 8<br data-start=\"8829\" data-end=\"8832\" \/>Auduma veids: Pro (320 gr\/m\u00b2 vai 9.44 oz\/yd\u00b2)<br data-start=\"8877\" data-end=\"8880\" \/>\u016adens kolonna: 3500mm<br data-start=\"8901\" data-end=\"8904\" \/>Gr\u012bdas materi\u0101ls: Pro (650 gr\/m\u00b2 vai 19.17 oz\/yd\u00b2)<br data-start=\"8954\" data-end=\"8957\" \/>Gr\u012bdas pievieno\u0161ana: r\u0101v\u0113jsl\u0113dz\u0113js<br data-start=\"8991\" data-end=\"8994\" \/>Sieta durvis veids: Ieb\u016bv\u0113ta integr\u0113ta sieta siena: J\u0101<br data-start=\"9048\" data-end=\"9051\" \/>Tapu veids: Heavy Duty<br data-start=\"9073\" data-end=\"9076\" \/>Sader\u012bba ar iek\u0161\u0113jo telti: J\u0101<br data-start=\"9105\" data-end=\"9108\" \/>Kop\u0113jais svars (kg \/ lbs): 40.6 \/ 90.2<br data-start=\"9146\" data-end=\"9149\" \/>Auduma svars (kg \/ lbs): 34 \/ 75.6<br data-start=\"9183\" data-end=\"9186\" \/>Stabu svars (kg \/ lbs): 6.6 \/ 14.7<br data-start=\"9220\" data-end=\"9223\" \/>Iepakojuma izm\u0113ri (1) (cm): 78 x 39 x 30<br data-start=\"9263\" data-end=\"9266\" \/>Iepakojuma izm\u0113ri (2) (cm): 78 x 39 x 17<br data-start=\"9306\" data-end=\"9309\" \/>Iepakojuma izm\u0113ri (3) (cm): 100 x 16 x 12<\/p>\n<p class=\"\" data-start=\"8650\" data-end=\"9352\">Pro Canvas telts (320 gr\/m\u00b2 vai 9.44 oz\/yd\u00b2)<br \/>\nIevilk\u0161anas\/iz\u0146em\u0161anas ProTech gr\u012bdas segums (650 gr\/m\u00b2 vai 19.17 oz\/yd\u00b2)<br \/>\n32mm (1-1\/4\u201d) atsperu uzl\u0101d\u0113ts pulverkr\u0101sots t\u0113rauda centr\u0101lais stabs ar gumijas k\u0101j\u0101m<br \/>\n23mm (7\/8\u201d) atsperu uzl\u0101d\u0113ts pulverkr\u0101sots t\u0113rauda A-veida stabs ar gumijas k\u0101j\u0101m<br \/>\n1 ie\u0161\u016bta sieta durvis<br \/>\nNo-see-um sieta sienas, ar r\u0101v\u0113jsl\u0113dz\u0113ju ievilk\u0161anai\/iz\u0146em\u0161anai<br \/>\n14 5mm UV iztur\u012bgi virves ar spriego\u0161anas ier\u012bc\u0113m<br \/>\n14 pro virves stabi<br \/>\n13 pro gr\u012bdas seguma naglas<br \/>\n4 no-see-um sieta p\u0101rkl\u0101ti virsotnes ventil\u0101cijas caurumi<br \/>\n4 no-see-um sieta pusm\u0113ness logi ar r\u0101v\u0113jsl\u0113dz\u0113ju auduma p\u0101rsegu<br \/>\nKokvilnas auduma p\u0101rvad\u0101\u0161anas soma<br \/>\nStabu un naglu somas<br \/>\nStabu atsperes remontkomplekts<\/p>\n","protected":false},"excerpt":{"rendered":"<p>500 ir ide\u0101li piem\u0113rots 4 glampingajiem uz &#8220;queen&#8221; gult\u0101m vai l\u012bdz pat 8 kempingiem uz gu\u013camt\u012bklu pakl\u0101jiem. Dubult\u0101s A veida<\/p>\n","protected":false},"featured_media":16540,"comment_status":"closed","ping_status":"closed","template":"","meta":[],"product_brand":[80],"product_cat":[118,123],"product_tag":[],"class_list":{"0":"post-17379","1":"product","2":"type-product","3":"status-publish","4":"has-post-thumbnail","6":"product_brand-canvas-camps","7":"product_cat-audekla-teltis","8":"product_cat-sibley-protech-lv","10":"first","11":"instock","12":"purchasable","13":"product-type-simple"},"jetpack_sharing_enabled":true,"_links":{"self":[{"href":"https:\/\/fancyadventurefactory.com\/lv\/wp-json\/wp\/v2\/product\/17379","targetHints":{"allow":["GET"]}}],"collection":[{"href":"https:\/\/fancyadventurefactory.com\/lv\/wp-json\/wp\/v2\/product"}],"about":[{"href":"https:\/\/fancyadventurefactory.com\/lv\/wp-json\/wp\/v2\/types\/product"}],"replies":[{"embeddable":true,"href":"https:\/\/fancyadventurefactory.com\/lv\/wp-json\/wp\/v2\/comments?post=17379"}],"version-history":[{"count":1,"href":"https:\/\/fancyadventurefactory.com\/lv\/wp-json\/wp\/v2\/product\/17379\/revisions"}],"predecessor-version":[{"id":17380,"href":"https:\/\/fancyadventurefactory.com\/lv\/wp-json\/wp\/v2\/product\/17379\/revisions\/17380"}],"wp:featuredmedia":[{"embeddable":true,"href":"https:\/\/fancyadventurefactory.com\/lv\/wp-json\/wp\/v2\/media\/16540"}],"wp:attachment":[{"href":"https:\/\/fancyadventurefactory.com\/lv\/wp-json\/wp\/v2\/media?parent=17379"}],"wp:term":[{"taxonomy":"product_brand","embeddable":true,"href":"https:\/\/fancyadventurefactory.com\/lv\/wp-json\/wp\/v2\/product_brand?post=17379"},{"taxonomy":"product_cat","embeddable":true,"href":"https:\/\/fancyadventurefactory.com\/lv\/wp-json\/wp\/v2\/product_cat?post=17379"},{"taxonomy":"product_tag","embeddable":true,"href":"https:\/\/fancyadventurefactory.com\/lv\/wp-json\/wp\/v2\/product_tag?post=17379"}],"curies":[{"name":"wp","href":"https:\/\/api.w.org\/{rel}","templated":true}]}}