{"id":17382,"date":"2025-02-07T07:29:35","date_gmt":"2025-02-07T07:29:35","guid":{"rendered":"https:\/\/fancyadventurefactory.com\/?post_type=product&#038;p=17382"},"modified":"2025-03-26T17:57:00","modified_gmt":"2025-03-26T17:57:00","slug":"sibley-500-protech-double-door-zala","status":"publish","type":"product","link":"https:\/\/fancyadventurefactory.com\/lv\/product\/sibley-500-protech-double-door-zala\/","title":{"rendered":"Sibley 500 ProTech Double Door &#8211; Za\u013ca"},"content":{"rendered":"<ol start=\"500\" data-start=\"0\" data-end=\"102\">\n<li class=\"\" data-start=\"0\" data-end=\"102\">\n<p class=\"\" data-start=\"5\" data-end=\"102\">modelis ir ide\u0101ls 4 glamp\u0113riem uz \u0137\u0113ni\u0161a gult\u0101m vai l\u012bdz pat 8 kempingot\u0101jiem uz gu\u013camspilveniem.<\/p>\n<\/li>\n<\/ol>\n<p class=\"\" data-start=\"104\" data-end=\"894\">Sieta sienas: 360\u00b0 ProTechtion<br data-start=\"134\" data-end=\"137\" \/>Tradicion\u0101l\u0101s kempinga kait\u0113k\u013ci, piem\u0113ram, kukai\u0146i un zv\u0113ri, apdraud kempingot\u0101jus ar pieaugo\u0161o vektoru p\u0101rn\u0113s\u0101to slim\u012bbu, piem\u0113ram, Zika, Rietumu N\u012blas un m\u0113ra, izplat\u012bbu. M\u016bsu ProTech s\u0113rij\u0101 ietilpst sieta siena, kas pievienojas pie gr\u012bdas p\u0101rkl\u0101ja un nojumes ar r\u0101v\u0113jsl\u0113dz\u0113ju, \u013caujot jums sarull\u0113t auduma sienas maksim\u0101lai ventil\u0101cijai, saglab\u0101jot telti nosl\u0113gtu pret kait\u0113k\u013ciem. Sieta sienas savienojas ar sieta durv\u012bm, izmantojot papildu sp\u0113c\u012bgu velcro, lai nodro\u0161in\u0101tu dro\u0161u bl\u012bv\u0113jumu, pied\u0101v\u0101jot pilnu 360\u00b0 sietu. Kad sienas netiek izmantotas, t\u0101s var sarull\u0113t un uzglab\u0101t k\u0101rt\u012bgi ar ieb\u016bv\u0113to \u0101\u0137u un cilpu sist\u0113mu nojumes iek\u0161pus\u0113, vai t\u0101s var piln\u012bb\u0101 iz\u0146emt ar r\u0101v\u0113jsl\u0113dz\u0113ju. Sieta sienas tiek d\u0113v\u0113tas ar\u012b par dubult\u0101m sien\u0101m zvana teltu industrij\u0101.<\/p>\n<p class=\"\" data-start=\"896\" data-end=\"1681\">Rull\u0113jamas s\u0101nu sienas un r\u0101v\u0113jsl\u0113dz\u0113ja gr\u012bdas p\u0101rkl\u0101js: Pro kvalit\u0101te<br data-start=\"966\" data-end=\"969\" \/>M\u016bsu ProTech gr\u012bdas segumi pievienojas teltij ar r\u0101v\u0113jsl\u0113dz\u0113ju un ir izgatavoti no bieza, termiski salod\u0113ta, p\u0101rtraukta PVC (650 gr\/m\u00b2 vai 19.17 oz\/yd\u00b2). Piln\u012bgi \u016bdens un tvaiku necaurlaid\u012bgs, &#8220;vannas stila&#8221; gr\u012bdas segums pace\u013cas par 10 cm, lai saglab\u0101tu sausumu pat st\u0101vo\u0161\u0101 \u016bden\u012b. Izmantojot iztur\u012bgu 10. izm\u0113ra r\u0101v\u0113jsl\u0113dz\u0113ju, lai pievienotu s\u0101nu sienu gr\u012bdas p\u0101rkl\u0101jam, j\u016bs varat atv\u0113rt gr\u012bdu, lai sarull\u0113tu auduma sienas maksim\u0101lai ventil\u0101cijai, vai piln\u012bb\u0101 no\u0146emt gr\u012bdas p\u0101rkl\u0101ju transport\u0113\u0161anai, uzglab\u0101\u0161anai, t\u012br\u012b\u0161anai vai lai izbaud\u012btu z\u0101li vai smiltis zem k\u0101j\u0101m. Aizmugur\u0113 eso\u0161\u0101 maza plaisa starp diviem r\u0101v\u0113jsl\u0113dz\u0113jiem \u013cauj ievad\u012bt elektrisko vadu telt\u012b, netrauc\u0113jot aizsardz\u012bbu pret lietu un kukai\u0146iem.<\/p>\n<p class=\"\" data-start=\"1683\" data-end=\"1905\">Pro integr\u0113tas sieta durvis<br data-start=\"1710\" data-end=\"1713\" \/>Sibley 500 ProTech ietver ie\u0161\u016btas no-see-um sieta durvis papildus tradicion\u0101laj\u0101m auduma durv\u012bm. Telt\u012b ir cilpas ab\u0101s durvju pus\u0113s, lai k\u0101rt\u012bgi sasietu sieta durvis, kad t\u0101s netiek izmantotas.<\/p>\n<p class=\"\" data-start=\"1907\" data-end=\"2337\">Pro virves un spriego\u0161anas ier\u012bces<br data-start=\"1941\" data-end=\"1944\" \/>Pirm\u0101s uzst\u0101d\u012b\u0161anas process ir \u013coti viegls ar Pro virv\u0113m, kas jau ir pievienotas teltij un v\u0113rstas caur m\u016bsu spriego\u0161anas ier\u012bc\u0113m. Pro kvalit\u0101tes virves ir uzlabotas ar neilona aukl\u0101m, lai padar\u012btu spriegojuma regul\u0113\u0161anu viegl\u0101ku. Pro virves ir 5mm biezas un t\u0101m ir papildu UV iztur\u012bgs p\u0101rkl\u0101jums. Plastmasas spriego\u0161anas ier\u012bces nov\u0113r\u0161 malu saskari ar virv\u0113m un pagarina teltis dz\u012bves ilgumu.<\/p>\n<p class=\"\" data-start=\"2339\" data-end=\"2986\">Pro naglas un naglas<br data-start=\"2359\" data-end=\"2362\" \/>\u012apa\u0161i izstr\u0101d\u0101tas augst\u0101m v\u0113ja vai ciet\u0101m un akme\u0146ain\u0101m virsm\u0101m, m\u016bsu Pro naglas ir izgatavotas no t\u0101da pa\u0161a augstas kvalit\u0101tes ni\u0137el\u0113ta t\u0113rauda, no kura izgatavoti m\u016bsu stabi. CanvasCamp ekskluz\u012bvas Pro virvju naglas ir 24 cm (9,5 collas) sl\u012bp\u0113tas un z\u0101\u0123\u0113tas, lai iztur\u0113tu iesist pa sald\u0113tiem vai akme\u0146ainiem ap\u013ciem. T formas \u0101\u0137is ir stingri piegriezts pie aug\u0161\u0113j\u0101s da\u013cas, lai nov\u0113rstu virvju sl\u012bd\u0113\u0161anu pat sp\u0113c\u012bg\u0101 v\u0113j\u0101. Pro gr\u012bdas seguma naglas ir par 50% biez\u0101kas nek\u0101 standarta naglas. Naglas gr\u012bdai ir apa\u013cas, lai t\u0101s var\u0113tu iek\u013c\u016bt caur gr\u012bdas p\u0101rkl\u0101juma caurumiem, un t\u0101m ir \u0101\u0137a formas aug\u0161da\u013ca, kas notur gr\u012bdu viet\u0101.<\/p>\n<p class=\"\" data-start=\"2988\" data-end=\"3382\">Pro atsperu stabi<br data-start=\"3005\" data-end=\"3008\" \/>Pro s\u0113rijas stabi ir stiprin\u0101ti no standarta stabiem, kas iek\u013cauti Standard, Deluxe un Ultimate s\u0113rij\u0101s. Pro durvju stabi ir 23mm (.91 collas) un centr\u0101lais stabs ir 32mm (1.25 collas) diametr\u0101. Iek\u0161\u0113jie atsperu stieples vadi vada stabu da\u013cas kop\u0101 \u0101trai un vieglai mont\u0101\u017eai. Centr\u0101lais stabs ir apr\u012bkots ar metin\u0101tu lanyard gredzenu, kuru var izmantot, lai piek\u0101rtu lustras.<\/p>\n<p class=\"\" data-start=\"3384\" data-end=\"4094\">Pro audums<br data-start=\"3394\" data-end=\"3397\" \/>Pro audums (320 gr\/m\u00b2 vai 9.44 oz\/yd\u00b2) ir lab\u0101kais audums augst\u0101k\u0101s kvalit\u0101tes zvana telt\u0113m; bet svaram nav viss. M\u016bsu patent\u0113tais Pro apstr\u0101des process pievieno papildu \u016bdensiztur\u012bbu dabiskajai auduma \u016bdens iztur\u012bbai, k\u0101 ar\u012b pel\u0113juma un UV iztur\u012bbu. Pro audums ir izstr\u0101d\u0101ts ilgtermi\u0146a lieto\u0161anai un pla\u0161am klimatu diapazonam. Elpojam\u012bba, \u016bdensiztur\u012bba un iztur\u012bba; Pro audums ir ide\u0101ls \u0113rtai kemping\u0113\u0161anai visos 4 gadalaikos. Remont\u0113jams un atk\u0101rtoti apstr\u0101d\u0101jams, pareizi uztur\u0113ts Pro var kalpot gadiem ilgi. Divk\u0101r\u0161i \u0161\u016btas, plakani fel\u0113tas jumta un s\u0101nu sienas \u0161uves, \u0161uvju pastiprin\u0101jumi un divsl\u0101\u0146u konstrukcija visos spriedzes punktos veido zvana telti, kas ir tikpat iztur\u012bga, cik skaista.<\/p>\n<p class=\"\" data-start=\"4096\" data-end=\"4663\">100% kokvilnas audums nodro\u0161ina dabisku \u016bdensiztur\u012bbu un elpojam\u012bbu. Kokvilnas \u0161\u0137iedras uzbriest, kad t\u0101s ir mitras, bl\u012bvais audums nov\u0113r\u0161 lietus iek\u013c\u016b\u0161anu un mitruma pilienu virsmas spriedze uz \u0101rpuses kop\u0101 ar nojumes st\u0101vo le\u0146\u0137i \u013cauj \u016bdenim veidoties pilieni un nov\u0113rst tos. Mitrums, kas turas gais\u0101 iek\u0161pus\u0113, joproj\u0101m var iztikt tie\u0161i caur audumu, saglab\u0101jot zemu iek\u0161\u0113jo mitrumu un samazinot kondens\u0101ciju.<br data-start=\"4505\" data-end=\"4508\" \/>Piez\u012bme: Audumi, kas izgatavoti no dabisk\u0101m \u0161\u0137iedr\u0101m, piem\u0113ram, kokvilnas, ir jut\u012bgi pret izbal\u0113\u0161anu saul\u0113. Za\u013c\u0101s kokvilnas teltis laika gait\u0101 var izbal\u0113t.<\/p>\n<p class=\"\" data-start=\"4665\" data-end=\"4978\">100% kokvilnas audums<br data-start=\"4686\" data-end=\"4689\" \/>M\u016bsu Sibley audums ir izgatavots tikai no 100% kokvilnas. Kokvilna tiek ieg\u016bta no \u0161\u012b iztur\u012bg\u0101 un sausuma iztur\u012bg\u0101 auga s\u0113klas matiem. Ilgtsp\u0113j\u012bgs, atjaunojams un viens no biolo\u0123iski no\u0101rd\u0101m\u0101kajiem audumiem uz zemes. CanvasCamp ir vien\u012bgais tel\u0161u ra\u017eot\u0101js, kas nes ofici\u0101lo Seal of Cotton\u00ae.<\/p>\n<p class=\"\" data-start=\"4980\" data-end=\"5444\">Logi un ventil\u0101cijas atveres<br data-start=\"5008\" data-end=\"5011\" \/>Katr\u0101 Sibley telt\u012b ir logi un ventil\u0101cijas atveres, kas p\u0101rkl\u0101ti ar no-see-um sietu, lai tur\u0113tu kukai\u0146us \u0101rpus\u0113, vienlaikus nodro\u0161inot ventil\u0101ciju un gaisa pl\u016bsmu. M\u016bsu pusm\u0113ness logiem ir r\u0101v\u0113jsl\u0113dz\u0113ju p\u0101rkl\u0101ji, lai \u013cautu jums piel\u0101got v\u0113lamo ventil\u0101cijas un priv\u0101tuma l\u012bmeni. Katrs logs ir apr\u012bkots ar cilpu stiprin\u0101jumiem, lai k\u0101rt\u012bgi notur\u0113tu p\u0101rkl\u0101jus, kad logi ir atv\u0113rtie. Sibley 500 telt\u012b ir 4 logi un 4 ventil\u0101cijas atveres.<\/p>\n<p class=\"\" data-start=\"5446\" data-end=\"6204\">Kr\u0101sns sader\u012bba<br data-start=\"5461\" data-end=\"5464\" \/>Visas CanvasCamp teltis ir viegli piel\u0101gojamas lieto\u0161anai ar koka dedzin\u0101mo tel\u0161u kr\u0101sni. Pareiza kr\u0101sns novieto\u0161ana ir atkar\u012bga no kr\u0101sns izm\u0113ra, teltis izm\u0113ra, izpl\u016bdes stila, v\u0113lam\u0101s temperat\u016bras un vides, kur\u0101 j\u016bs pl\u0101nojat kempingot. Viena izm\u0113ra piem\u0113ro\u0161ana visiem, iepriek\u0161 uzst\u0101d\u012btie kr\u0101sns caurumi nesp\u0113j nodro\u0161in\u0101t klientiem nepiecie\u0161amo piel\u0101gojumu ide\u0101lai kr\u0101sns novieto\u0161anai un maksim\u0101lai lietder\u012bbai. Lai nodro\u0161in\u0101tu pareizu novietojumu un ide\u0101lu efektivit\u0101ti, CanvasCamp pied\u0101v\u0101 modul\u0101ras kr\u0101sns caurules (p\u0101rdod atsevi\u0161\u0137i), kuras var viegli uzst\u0101d\u012bt jebkur\u0101 kokvilnas zvana telt\u012b tikai da\u017eu min\u016b\u0161u laik\u0101. Kr\u0101sns caurules ir pieejamas da\u017e\u0101dos izm\u0113ros, lai j\u016bs var\u0113tu izv\u0113l\u0113ties to, kas vislab\u0101k atbilst j\u016bsu teltim un kr\u0101snij.<\/p>\n<p class=\"\" data-start=\"6206\" data-end=\"6896\">Pla\u0161\u0101ka inform\u0101cija:<br data-start=\"6226\" data-end=\"6229\" \/>Gr\u012bdas plat\u012bba: 19,6 m\u00b2 (210 ft\u00b2)<br data-start=\"6262\" data-end=\"6265\" \/>Diametrs: 500 (5m\/16ft 5in)<br data-start=\"6292\" data-end=\"6295\" \/>Augstums: 300 cm (9ft 10in)<br data-start=\"6322\" data-end=\"6325\" \/>Durvju augstums: 175 cm (5ft 9in)<br data-start=\"6358\" data-end=\"6361\" \/>Maksim\u0101l\u0101 jauda: 8<br data-start=\"6379\" data-end=\"6382\" \/>Auduma veids: Pro (320 gr\/m\u00b2 vai 9.44 oz\/yd\u00b2)<br data-start=\"6427\" data-end=\"6430\" \/>\u016adens kolonna: 3500mm<br data-start=\"6451\" data-end=\"6454\" \/>Gr\u012bdas materi\u0101ls: Pro (650 gr\/m\u00b2 vai 19.17 oz\/yd\u00b2)<br data-start=\"6504\" data-end=\"6507\" \/>Gr\u012bdas pievieno\u0161ana: R\u0101v\u0113jsl\u0113dz\u0113js<br data-start=\"6541\" data-end=\"6544\" \/>Sieta durvju tips: Ie\u0161\u016btas integr\u0113tas sieta sienas<br data-start=\"6594\" data-end=\"6597\" \/>Nagu veids: Heavy Duty<br data-start=\"6619\" data-end=\"6622\" \/>Sader\u012bba ar iek\u0161\u0113jo telti: J\u0101<br data-start=\"6651\" data-end=\"6654\" \/>Kop\u0113jais svars (kg \/ lbs): 40.6 \/ 90.2<br data-start=\"6692\" data-end=\"6695\" \/>Auduma svars (kg \/ lbs): 34 \/ 75.6<br data-start=\"6729\" data-end=\"6732\" \/>Stabu svars (kg \/ lbs): 6.6 \/ 14.7<br data-start=\"6766\" data-end=\"6769\" \/>Iepakojuma izm\u0113ri (1) (cm): 78 x 39 x 30<br data-start=\"6809\" data-end=\"6812\" \/>Iepakojuma izm\u0113ri (2) (cm): 78 x 39 x 17<br data-start=\"6852\" data-end=\"6855\" \/>Iepakojuma izm\u0113ri (3) (cm): 100 x 16 x 12<\/p>\n<p>Pro Canvas Tent (320 gr\/m\u00b2 or 9.44 oz\/yd\u00b2)<br \/>\nR\u0101v\u0113jsl\u0113dz\u0113js iek\u0161\u0101\/\u0101r\u0101 ProTech gr\u012bdas segums (650 gr\/m\u00b2 vai 19.17 oz\/yd\u00b2)<br \/>\n32mm (1-1\/4\u201d) atsperu stieples p\u0101rkl\u0101ts t\u0113rauda centr\u0101lais stabs ar gumijas k\u0101j\u0101m<br \/>\n23mm (7\/8\u201d) atsperu stieples p\u0101rkl\u0101ts t\u0113rauda A-veida stabs ar gumijas k\u0101j\u0101m<br \/>\n2 ie\u0161\u016btas sieta durvis<br \/>\nNo-see-um sieta sienas, r\u0101v\u0113jsl\u0113dz\u0113js iek\u0161\u0101\/\u0101r\u0101<br \/>\n14 5mm UV iztur\u012bgas virves ar spriego\u0161anas ier\u012bc\u0113m<br \/>\n14 Pro virvju naglas<br \/>\n13 Pro gr\u012bdas naglas<br \/>\n4 no-see-um sieta p\u0101rkl\u0101ti virsotnes ventil\u0101cijas atveres<br \/>\n4 no-see-um sieta pusm\u0113ness logi ar r\u0101v\u0113jsl\u0113dz\u0113ju auduma p\u0101rkl\u0101ju<br \/>\nKokvilnas auduma p\u0101rn\u0113s\u0101\u0161anas soma<br \/>\nStabu un naglu somas<br \/>\nStabu atsperu remonta komplekts<\/p>\n","protected":false},"excerpt":{"rendered":"<p>modelis ir ide\u0101ls 4 glamp\u0113riem uz \u0137\u0113ni\u0161a gult\u0101m vai l\u012bdz pat 8 kempingot\u0101jiem uz gu\u013camspilveniem. Sieta sienas: 360\u00b0 ProTechtionTradicion\u0101l\u0101s kempinga<\/p>\n","protected":false},"featured_media":16536,"comment_status":"closed","ping_status":"closed","template":"","meta":[],"product_brand":[80],"product_cat":[118,123],"product_tag":[],"class_list":{"0":"post-17382","1":"product","2":"type-product","3":"status-publish","4":"has-post-thumbnail","6":"product_brand-canvas-camps","7":"product_cat-audekla-teltis","8":"product_cat-sibley-protech-lv","10":"first","11":"instock","12":"purchasable","13":"product-type-simple"},"jetpack_sharing_enabled":true,"_links":{"self":[{"href":"https:\/\/fancyadventurefactory.com\/lv\/wp-json\/wp\/v2\/product\/17382","targetHints":{"allow":["GET"]}}],"collection":[{"href":"https:\/\/fancyadventurefactory.com\/lv\/wp-json\/wp\/v2\/product"}],"about":[{"href":"https:\/\/fancyadventurefactory.com\/lv\/wp-json\/wp\/v2\/types\/product"}],"replies":[{"embeddable":true,"href":"https:\/\/fancyadventurefactory.com\/lv\/wp-json\/wp\/v2\/comments?post=17382"}],"version-history":[{"count":1,"href":"https:\/\/fancyadventurefactory.com\/lv\/wp-json\/wp\/v2\/product\/17382\/revisions"}],"predecessor-version":[{"id":17383,"href":"https:\/\/fancyadventurefactory.com\/lv\/wp-json\/wp\/v2\/product\/17382\/revisions\/17383"}],"wp:featuredmedia":[{"embeddable":true,"href":"https:\/\/fancyadventurefactory.com\/lv\/wp-json\/wp\/v2\/media\/16536"}],"wp:attachment":[{"href":"https:\/\/fancyadventurefactory.com\/lv\/wp-json\/wp\/v2\/media?parent=17382"}],"wp:term":[{"taxonomy":"product_brand","embeddable":true,"href":"https:\/\/fancyadventurefactory.com\/lv\/wp-json\/wp\/v2\/product_brand?post=17382"},{"taxonomy":"product_cat","embeddable":true,"href":"https:\/\/fancyadventurefactory.com\/lv\/wp-json\/wp\/v2\/product_cat?post=17382"},{"taxonomy":"product_tag","embeddable":true,"href":"https:\/\/fancyadventurefactory.com\/lv\/wp-json\/wp\/v2\/product_tag?post=17382"}],"curies":[{"name":"wp","href":"https:\/\/api.w.org\/{rel}","templated":true}]}}