{"id":17500,"date":"2025-03-04T12:31:42","date_gmt":"2025-03-04T12:31:42","guid":{"rendered":"https:\/\/fancyadventurefactory.com\/?post_type=product&#038;p=17500"},"modified":"2025-03-28T20:36:12","modified_gmt":"2025-03-28T20:36:12","slug":"pirts-krasns-skamet-sy-116-gl-bt-ar-apalu-rezga-korpusu-8-18-m%c2%b3","status":"publish","type":"product","link":"https:\/\/fancyadventurefactory.com\/lv\/product\/pirts-krasns-skamet-sy-116-gl-bt-ar-apalu-rezga-korpusu-8-18-m%c2%b3\/","title":{"rendered":"Pirts kr\u0101sns Skamet SY-116-GL-BT ar apa\u013cu re\u017e\u0123a korpusu (8-18 m\u00b3)"},"content":{"rendered":"<p>Kr\u0101sns tiek kurin\u0101ta pirts telp\u0101. Standarta mode\u013cus var savienot ar skursteni tikai aug\u0161pus\u0113, durti\u0146u pus\u0113. Iesp\u0113jams pas\u016bt\u012bt modeli, kas ar skursteni tiek savienots caur aizmugur\u0113jo sienu, vai no aug\u0161as, aizmugures durti\u0146u puses, t.i. apgriezt\u0101 veid\u0101.<\/p>\n<p>Pieg\u0101de vis\u0101 Latvij\u0101!<\/p>\n","protected":false},"excerpt":{"rendered":"<p>Pirts kr\u0101sns augstums 81 cm; Nepiecie\u0161amais akmens daudzums \u2013 140 kg (nav iek\u013cauts); Izm\u0113ri \u2013 81 x 56 x 56 cm (augstums x platums x dzi\u013cums); Re\u017e\u0123a diametrs \u2013 56cm; Svars \u2013 60kg; Durvis ar stiklu (230 x 230 mm) vai bez stikla; Durvju e\u0146\u0123es kreisaj\u0101 pus\u0113; Kr\u0101sa \u2013 melna (karstumiztur\u012bga); Savienojums ar d\u016bmvadu aug\u0161\u0101. D=115mm<\/p>\n","protected":false},"featured_media":17006,"comment_status":"closed","ping_status":"closed","template":"","meta":[],"product_brand":[],"product_cat":[142,129],"product_tag":[],"class_list":{"0":"post-17500","1":"product","2":"type-product","3":"status-publish","4":"has-post-thumbnail","6":"product_cat-kurinamas-pertuves-telpa","7":"product_cat-pirts-krasnis-rezga-korpusa","9":"first","10":"instock","11":"taxable","12":"shipping-taxable","13":"purchasable","14":"product-type-simple"},"jetpack_sharing_enabled":true,"_links":{"self":[{"href":"https:\/\/fancyadventurefactory.com\/lv\/wp-json\/wp\/v2\/product\/17500","targetHints":{"allow":["GET"]}}],"collection":[{"href":"https:\/\/fancyadventurefactory.com\/lv\/wp-json\/wp\/v2\/product"}],"about":[{"href":"https:\/\/fancyadventurefactory.com\/lv\/wp-json\/wp\/v2\/types\/product"}],"replies":[{"embeddable":true,"href":"https:\/\/fancyadventurefactory.com\/lv\/wp-json\/wp\/v2\/comments?post=17500"}],"version-history":[{"count":1,"href":"https:\/\/fancyadventurefactory.com\/lv\/wp-json\/wp\/v2\/product\/17500\/revisions"}],"predecessor-version":[{"id":17501,"href":"https:\/\/fancyadventurefactory.com\/lv\/wp-json\/wp\/v2\/product\/17500\/revisions\/17501"}],"wp:featuredmedia":[{"embeddable":true,"href":"https:\/\/fancyadventurefactory.com\/lv\/wp-json\/wp\/v2\/media\/17006"}],"wp:attachment":[{"href":"https:\/\/fancyadventurefactory.com\/lv\/wp-json\/wp\/v2\/media?parent=17500"}],"wp:term":[{"taxonomy":"product_brand","embeddable":true,"href":"https:\/\/fancyadventurefactory.com\/lv\/wp-json\/wp\/v2\/product_brand?post=17500"},{"taxonomy":"product_cat","embeddable":true,"href":"https:\/\/fancyadventurefactory.com\/lv\/wp-json\/wp\/v2\/product_cat?post=17500"},{"taxonomy":"product_tag","embeddable":true,"href":"https:\/\/fancyadventurefactory.com\/lv\/wp-json\/wp\/v2\/product_tag?post=17500"}],"curies":[{"name":"wp","href":"https:\/\/api.w.org\/{rel}","templated":true}]}}