{"id":17506,"date":"2025-03-04T12:31:10","date_gmt":"2025-03-04T12:31:10","guid":{"rendered":"https:\/\/fancyadventurefactory.com\/?post_type=product&#038;p=17506"},"modified":"2025-03-28T20:40:05","modified_gmt":"2025-03-28T20:40:05","slug":"kupinatava-gss-200","status":"publish","type":"product","link":"https:\/\/fancyadventurefactory.com\/lv\/product\/kupinatava-gss-200\/","title":{"rendered":"K\u016bpin\u0101tava GSS-200"},"content":{"rendered":"","protected":false},"excerpt":{"rendered":"<p>Vid\u0113jais k\u016bpin\u0101t\u0101js GSS-200 ir kvadr\u0101tveida un no trim pus\u0113m ieskauts ar dubultsienu (tas ar\u012b nodro\u0161ina kvalitat\u012bvu darbu aukst\u0101 laik\u0101). \u0100r\u0113jie izm\u0113ri ir 170x50x50cm (4 plaukti) Kr\u0101sns ir apr\u012bkota ar \u010detr\u0101m ner\u016bs\u0113jo\u0161\u0101 t\u0113rauda rest\u0113m un stie\u0146iem. Skurstenis ir no\u0146emams. K\u016bpin\u0101tavas ir paredz\u0113tas karstai k\u016bpin\u0101\u0161anai ziv\u012bm, ga\u013cai un m\u0101jputniem. Kr\u0101sns ir piem\u0113rota lieto\u0161anai dab\u0101, priv\u0101tm\u0101jas d\u0101rz\u0101 vai citur. K\u016bpin\u0101tavai s\u0101nos un aizmugur\u0113 ir dubult\u0101s sienas, starp kur\u0101m apkures d\u016bmi uztur kr\u0101sni stabil\u0101 temperat\u016br\u0101. Ja \u0101r\u0113j\u0101 temperat\u016bra ir zema, dubult\u0101s sienas nov\u0113r\u0161 kondens\u0101ciju k\u016bpin\u0101tav\u0101. K\u016bpin\u0101tava ir apr\u012bkota ar ner\u016bs\u0113jo\u0161\u0101 t\u0113rauda papl\u0101t\u0113m, met\u0101la stie\u0146iem (zivju piek\u0101r\u0161anai); \u016bdens un e\u013c\u013cas notekas, pelnu pannas, termometrs. GSS-200 un GSS-200XL kr\u0101sn\u012bs ir no\u0146emama d\u016bmvada caurule un no\u0146emams aizb\u012bdnis. J\u016bs varat uzst\u0101d\u012bt rite\u0146us zem vid\u0113ja un liela izm\u0113ra k\u016bpin\u0101tav\u0101m to \u0113rt\u0101kai p\u0101rvieto\u0161anai.<\/p>\n","protected":false},"featured_media":17035,"comment_status":"closed","ping_status":"closed","template":"","meta":[],"product_brand":[],"product_cat":[126],"product_tag":[],"class_list":{"0":"post-17506","1":"product","2":"type-product","3":"status-publish","4":"has-post-thumbnail","6":"product_cat-kupinatavas-grili","8":"first","9":"instock","10":"taxable","11":"shipping-taxable","12":"purchasable","13":"product-type-simple"},"jetpack_sharing_enabled":true,"_links":{"self":[{"href":"https:\/\/fancyadventurefactory.com\/lv\/wp-json\/wp\/v2\/product\/17506","targetHints":{"allow":["GET"]}}],"collection":[{"href":"https:\/\/fancyadventurefactory.com\/lv\/wp-json\/wp\/v2\/product"}],"about":[{"href":"https:\/\/fancyadventurefactory.com\/lv\/wp-json\/wp\/v2\/types\/product"}],"replies":[{"embeddable":true,"href":"https:\/\/fancyadventurefactory.com\/lv\/wp-json\/wp\/v2\/comments?post=17506"}],"version-history":[{"count":1,"href":"https:\/\/fancyadventurefactory.com\/lv\/wp-json\/wp\/v2\/product\/17506\/revisions"}],"predecessor-version":[{"id":17507,"href":"https:\/\/fancyadventurefactory.com\/lv\/wp-json\/wp\/v2\/product\/17506\/revisions\/17507"}],"wp:featuredmedia":[{"embeddable":true,"href":"https:\/\/fancyadventurefactory.com\/lv\/wp-json\/wp\/v2\/media\/17035"}],"wp:attachment":[{"href":"https:\/\/fancyadventurefactory.com\/lv\/wp-json\/wp\/v2\/media?parent=17506"}],"wp:term":[{"taxonomy":"product_brand","embeddable":true,"href":"https:\/\/fancyadventurefactory.com\/lv\/wp-json\/wp\/v2\/product_brand?post=17506"},{"taxonomy":"product_cat","embeddable":true,"href":"https:\/\/fancyadventurefactory.com\/lv\/wp-json\/wp\/v2\/product_cat?post=17506"},{"taxonomy":"product_tag","embeddable":true,"href":"https:\/\/fancyadventurefactory.com\/lv\/wp-json\/wp\/v2\/product_tag?post=17506"}],"curies":[{"name":"wp","href":"https:\/\/api.w.org\/{rel}","templated":true}]}}