{"id":17561,"date":"2025-02-07T07:23:20","date_gmt":"2025-02-07T07:23:20","guid":{"rendered":"https:\/\/fancyadventurefactory.com\/?post_type=product&#038;p=17561"},"modified":"2025-04-05T10:29:32","modified_gmt":"2025-04-05T10:29:32","slug":"sibley-600-twin-pro","status":"publish","type":"product","link":"https:\/\/fancyadventurefactory.com\/lv\/product\/sibley-600-twin-pro\/","title":{"rendered":"Sibley 600 Twin Pro"},"content":{"rendered":"<p class=\"\" data-start=\"70\" data-end=\"321\"><strong data-start=\"70\" data-end=\"321\">600 Twin ir ide\u0101li piem\u0113rota 4 glampot\u0101jiem uz divgu\u013camaj\u0101m gult\u0101m ar pilnu dz\u012bvojam\u0101s istabas iek\u0101rtojumu vai l\u012bdz pat 10 nometniekiem uz gu\u013camajiem pakl\u0101ji\u0146iem. Divi centr\u0101lie stabi un ov\u0101l\u0101 forma nodro\u0161ina pietiekami daudz vietas p\u0101rvieto\u0161anai.<\/strong><\/p>\n<h3 class=\"\" data-start=\"323\" data-end=\"350\">Dubultas A-r\u0101mja durvis<\/h3>\n<p class=\"\" data-start=\"351\" data-end=\"1104\">600 Twin ir apr\u012bkots ar priek\u0161\u0113j\u0101m un s\u0101nu durv\u012bm. S\u0101nu durv\u012bm ir divi kvadr\u0101tveida sieti\u0146a logi ar uzrull\u0113jam\u0101m brezentu aizseg\u0101m. Sibley firmas A-r\u0101mja durvis atvieglo iek\u013c\u016b\u0161anu un izk\u013c\u016b\u0161anu no telts, tur brezentu 90 gr\u0101du le\u0146\u0137\u012b no zemes un ne\u013cauj lietum iek\u013c\u016bt telt\u012b ieejot vai izejot. Pavasara meh\u0101nisma stabi \u0101tri savienojas un vienk\u0101r\u0161i salok\u0101s uzglab\u0101\u0161anai. Durvju aug\u0161da\u013c\u0101 ir tapas, kas nostiprin\u0101s st\u016bros, virs kur\u0101m tiek uzlikts lietus v\u0101ci\u0146\u0161, lai ne\u013cautu \u016bdenim tec\u0113t pa stabiem. Durvis aizveras vertik\u0101li ar r\u0101v\u0113jsl\u0113dz\u0113ju, un katrai pusei ir virves un cilpas, lai t\u0101s eleganti atv\u0113rtu un nostiprin\u0101tu.<br data-start=\"964\" data-end=\"967\" \/>600 Twin var savienot ar citu Sibley telti caur s\u0101nu durv\u012bm, izmantojot Sibley savienot\u0101ju, lai izveidotu vair\u0101ku istabu telts kompleksu.<\/p>\n<h3 class=\"\" data-start=\"1106\" data-end=\"1157\">Dubult\u0101s kupola zonas un ov\u0101ls gr\u012bdas pl\u0101nojums<\/h3>\n<p class=\"\" data-start=\"1158\" data-end=\"1735\">600 Twin apvieno divas kupolveida teltis, savienotas ar horizont\u0101lu balstu. Ov\u0101l\u0101 forma veido divus \u201csp\u0101rnus\u201d ar centr\u0101lu dz\u012bvojamo zonu. Auduma st\u0101v\u0101 strukt\u016bra un \u201ckatedr\u0101les\u201d tipa griesti nodro\u0161ina daudz vietas un pla\u0161u interjeru.<br data-start=\"1390\" data-end=\"1393\" \/>Diviem cilv\u0113kiem ir nepiecie\u0161ams pacelt divus centr\u0101los stabus. Formas d\u0113\u013c ir j\u0101uztur vienm\u0113r\u012bgs spriegojums vis\u0101m stiprin\u0101juma virv\u0113m. Telts v\u0113ja ietekm\u0113 var nedaudz main\u012bt formu, t\u0101p\u0113c j\u0101piel\u0101go spriegojums. Svar\u012bgi: jebkur\u0161 sniega vai ledus daudzums var apdraud\u0113t konstrukciju. Vair\u0101k inform\u0101cijas par sniega slodzi mekl\u0113jiet m\u016bsu\u00a0<strong data-start=\"1727\" data-end=\"1734\">BUJ<\/strong>.<\/p>\n<h3 class=\"\" data-start=\"1737\" data-end=\"1798\">Atloc\u0101mas s\u0101nu sienas un r\u0101v\u0113jsl\u0113dz\u0113ja gr\u012bda: Pro l\u012bmenis<\/h3>\n<p class=\"\" data-start=\"1799\" data-end=\"2343\">Pro gr\u012bdas p\u0101rkl\u0101js pievienojas teltij ar r\u0101v\u0113jsl\u0113dz\u0113ju un ir izgatavots no termiski savienota, pretpl\u012bsuma PVC (540 gr\/m\u00b2). Tas ir 100% \u016bdensnecaurlaid\u012bgs un nepie\u013cauj tvaika iek\u013c\u016b\u0161anu. \u201cVannas tipa\u201d gr\u012bda pace\u013cas 10 cm augstum\u0101, lai pasarg\u0101tu no appl\u016b\u0161anas. R\u0101v\u0113jsl\u0113dz\u0113js Nr. 10 \u013cauj atvienot sienas no gr\u012bdas ventil\u0101cijai vai piln\u012bgai gr\u012bdas iz\u0146em\u0161anai. Teltij pie ieejas ir \u012bpa\u0161a sist\u0113ma ar \u0101\u0137iem un cilp\u0101m, lai gr\u012bdu pie durv\u012bm nolaistu l\u012bdz zemei, nov\u0113r\u0161ot klup\u0161anu. Aizmugur\u0113 starp r\u0101v\u0113jsl\u0113dz\u0113jiem ir neliela sprauga elektroinstal\u0101cijai.<\/p>\n<h3 class=\"\" data-start=\"2345\" data-end=\"2377\">Ieb\u016bv\u0113tas Pro sieti\u0146a durvis<\/h3>\n<p class=\"\" data-start=\"2378\" data-end=\"2578\">600 Twin Pro ir apr\u012bkots ar div\u0101m mosk\u012btu t\u012bkla durv\u012bm \u2013 priek\u0161\u0101 un s\u0101nos. S\u0101nu durv\u012bm ir ar\u012b divi kvadr\u0101tveida logi ar auduma p\u0101rsegu. Durvju malas var nostiprin\u0101t ar cilp\u0101m, kad t\u0101s netiek lietotas.<\/p>\n<h3 class=\"\" data-start=\"2580\" data-end=\"2622\">Pro stiprin\u0101juma virves un spriegot\u0101ji<\/h3>\n<p class=\"\" data-start=\"2623\" data-end=\"2914\">Pro s\u0113rijas stiprin\u0101juma virves jau ir piestiprin\u0101tas un ievietotas spriegot\u0101jos. Pro virves ir izgatavotas no 5 mm aukl\u0101m ar UV aizsardz\u012bbu. Plastmasas spriegot\u0101ji nov\u0113r\u0161 virvju boj\u0101\u0161anos. \u0145emot v\u0113r\u0101 telts formu, ir 25 stiprin\u0101juma punkti \u2013 j\u0101r\u0113\u0137in\u0101s ar papildu laiku pareizam spriegojumam.<\/p>\n<h3 class=\"\" data-start=\"2916\" data-end=\"2940\">Pro mieti\u0146i un tapas<\/h3>\n<p class=\"\" data-start=\"2941\" data-end=\"3237\">Izgatavoti no augstas kvalit\u0101tes ni\u0137el\u0113ta t\u0113rauda, piem\u0113roti stipram v\u0113jam vai cietai zemei. Pro mieti\u0146i ir 24 cm gari ar robainu virsmu, kas viegli ieiet zem\u0113. T formas \u0101\u0137is nov\u0113r\u0161 virvju nosl\u012bd\u0113\u0161anu. Gr\u012bdas tapas ir par 50% biez\u0101kas nek\u0101 standarta. T\u0101s ir apa\u013cas, ar \u0101\u0137veida galu stiprin\u0101\u0161anai.<\/p>\n<h3 class=\"\" data-start=\"3239\" data-end=\"3273\">Pro pavasar\u012b nospriegoti stabi<\/h3>\n<p class=\"\" data-start=\"3274\" data-end=\"3526\">Pro s\u0113rijas stabi ir iztur\u012bg\u0101ki nek\u0101 cit\u0101s CanvasCamp s\u0113rij\u0101s. Durvju stabi ir 23 mm, bet centr\u0101lais \u2013 32 mm diametr\u0101. Iek\u0161\u0113j\u0101s atsperes \u013cauj stabiem viegli savienoties. Centr\u0101lajam stabam ir metin\u0101ts gredzens lustras vai iek\u0161\u0113j\u0101s telts piekarin\u0101\u0161anai.<\/p>\n<h3 class=\"\" data-start=\"3528\" data-end=\"3549\">Pro brezentaudums<\/h3>\n<p class=\"\" data-start=\"3550\" data-end=\"3845\">Pro brezentaudums (320 gr\/m\u00b2) ir augst\u0101k\u0101s kvalit\u0101tes risin\u0101jums \u2013 \u016bdensiztur\u012bgs, pret pel\u0113jumu, UV aizsarg\u0101ts. Piem\u0113rots ilgsto\u0161ai lieto\u0161anai un visiem gadalaikiem. Labi elpojo\u0161s, mitrumiztur\u012bgs un iztur\u012bgs. Divk\u0101r\u0161\u0101s \u0161uves, dubultas stiprin\u0101juma zonas \u2013 viss izveidots ilgm\u016b\u017e\u012bbai un komfortam.<\/p>\n<h3 class=\"\" data-start=\"3847\" data-end=\"3879\">100% kokvilnas brezentaudums<\/h3>\n<p class=\"\" data-start=\"3880\" data-end=\"4104\">M\u016bsu brezentaudums tiek ra\u017eots tikai no 100% kokvilnas \u2013 atjaunojams, biolo\u0123iski no\u0101rd\u0101ms un dab\u012bgs. Auduma b\u0113\u0161\u0101 kr\u0101sa rada siltu gaismu dien\u0101 un vakar\u0101. CanvasCamp ir vien\u012bgais ra\u017eot\u0101js, kam ir ofici\u0101lais \u201cSeal of Cotton\u00ae\u201d.<\/p>\n<h3 class=\"\" data-start=\"4106\" data-end=\"4129\">Logi un ventil\u0101cija<\/h3>\n<p class=\"\" data-start=\"4130\" data-end=\"4346\">Katram Sibley ir logi un ventil\u0101cijas atveres ar smalku mosk\u012btu t\u012bklu. Pusm\u0113ness formas logiem ir r\u0101v\u0113jsl\u0113dz\u0113ji un cilpas, lai piel\u0101gotu priv\u0101tumu un gaisa caurpl\u016bdi. 600 Twin Pro ir 9 logi un 4 ventil\u0101cijas atveres.<\/p>\n<h3 class=\"\" data-start=\"4348\" data-end=\"4367\">Kr\u0101sns sader\u012bba<\/h3>\n<p class=\"\" data-start=\"4368\" data-end=\"4794\">CanvasCamp teltis ir piel\u0101gojamas malkas kr\u0101sn\u012bm (nav iek\u013cautas). M\u0113s iesak\u0101m izmantot atsevi\u0161\u0137i ieg\u0101d\u0101jamus modul\u0101rus kr\u0101sns izvada elementus. M\u016bsu kr\u0101sns izvada atveres ir da\u017e\u0101dos izm\u0113ros un form\u0101s, lai t\u0101s var\u0113tu uzst\u0101d\u012bt sev piem\u0113rot\u0101kaj\u0101 viet\u0101. Telts nav paredz\u0113ta atkl\u0101tai ugunij. Dro\u0161\u012bba vienm\u0113r ir lietot\u0101ja atbild\u012bba \u2013 izgl\u012btojieties, iev\u0113rojiet viet\u0113jos noteikumus un, ja rodas jaut\u0101jumi \u2013 dro\u0161i sazinieties ar mums.<\/p>\n<hr class=\"\" data-start=\"4796\" data-end=\"4799\" \/>\n<h3 class=\"\" data-start=\"4801\" data-end=\"4826\">Tehnisk\u0101 inform\u0101cija:<\/h3>\n<ul data-start=\"4828\" data-end=\"5537\">\n<li class=\"\" data-start=\"4828\" data-end=\"4869\">\n<p class=\"\" data-start=\"4830\" data-end=\"4869\"><strong data-start=\"4830\" data-end=\"4849\">Gr\u012bdas plat\u012bba:<\/strong> 20,5 m\u00b2 (220 ft\u00b2)<\/p>\n<\/li>\n<li class=\"\" data-start=\"4870\" data-end=\"4926\">\n<p class=\"\" data-start=\"4872\" data-end=\"4926\"><strong data-start=\"4872\" data-end=\"4883\">Izm\u0113ri:<\/strong> 600 Twin (6m x 4m \/ 19ft 8in x 13ft 1in)<\/p>\n<\/li>\n<li class=\"\" data-start=\"4927\" data-end=\"4962\">\n<p class=\"\" data-start=\"4929\" data-end=\"4962\"><strong data-start=\"4929\" data-end=\"4942\">Augstums:<\/strong> 300 cm (9ft 10in)<\/p>\n<\/li>\n<li class=\"\" data-start=\"4963\" data-end=\"5004\">\n<p class=\"\" data-start=\"4965\" data-end=\"5004\"><strong data-start=\"4965\" data-end=\"4985\">Durvju augstums:<\/strong> 185 cm (6ft 1in)<\/p>\n<\/li>\n<li class=\"\" data-start=\"5005\" data-end=\"5036\">\n<p class=\"\" data-start=\"5007\" data-end=\"5036\"><strong data-start=\"5007\" data-end=\"5031\">Maksim\u0101l\u0101 ietilp\u012bba:<\/strong> 10<\/p>\n<\/li>\n<li class=\"\" data-start=\"5037\" data-end=\"5074\">\n<p class=\"\" data-start=\"5039\" data-end=\"5074\"><strong data-start=\"5039\" data-end=\"5056\">Auduma veids:<\/strong> Pro (320 gr\/m\u00b2)<\/p>\n<\/li>\n<li class=\"\" data-start=\"5075\" data-end=\"5104\">\n<p class=\"\" data-start=\"5077\" data-end=\"5104\"><strong data-start=\"5077\" data-end=\"5095\">\u016adens kolonna:<\/strong> 3500mm<\/p>\n<\/li>\n<li class=\"\" data-start=\"5105\" data-end=\"5150\">\n<p class=\"\" data-start=\"5107\" data-end=\"5150\"><strong data-start=\"5107\" data-end=\"5128\">Gr\u012bdas materi\u0101ls:<\/strong> Pro PVC (650 gr\/m\u00b2)<\/p>\n<\/li>\n<li class=\"\" data-start=\"5151\" data-end=\"5193\">\n<p class=\"\" data-start=\"5153\" data-end=\"5193\"><strong data-start=\"5153\" data-end=\"5177\">Gr\u012bdas pievienojums:<\/strong> r\u0101v\u0113jsl\u0113dz\u0113js<\/p>\n<\/li>\n<li class=\"\" data-start=\"5194\" data-end=\"5230\">\n<p class=\"\" data-start=\"5196\" data-end=\"5230\"><strong data-start=\"5196\" data-end=\"5218\">Durvis ar sieti\u0146u:<\/strong> Ieb\u016bv\u0113tas<\/p>\n<\/li>\n<li class=\"\" data-start=\"5231\" data-end=\"5258\">\n<p class=\"\" data-start=\"5233\" data-end=\"5258\"><strong data-start=\"5233\" data-end=\"5252\">Sienas sieti\u0146\u0161:<\/strong> Nav<\/p>\n<\/li>\n<li class=\"\" data-start=\"5259\" data-end=\"5292\">\n<p class=\"\" data-start=\"5261\" data-end=\"5292\"><strong data-start=\"5261\" data-end=\"5276\">Tapu veids:<\/strong> Pastiprin\u0101tas<\/p>\n<\/li>\n<li class=\"\" data-start=\"5293\" data-end=\"5328\">\n<p class=\"\" data-start=\"5295\" data-end=\"5328\"><strong data-start=\"5295\" data-end=\"5323\">Iek\u0161\u0113j\u0101s telts sader\u012bba:<\/strong> J\u0101<\/p>\n<\/li>\n<li class=\"\" data-start=\"5329\" data-end=\"5358\">\n<p class=\"\" data-start=\"5331\" data-end=\"5358\"><strong data-start=\"5331\" data-end=\"5350\">Kop\u0113jais svars:<\/strong> 61 kg<\/p>\n<\/li>\n<li class=\"\" data-start=\"5359\" data-end=\"5388\">\n<p class=\"\" data-start=\"5361\" data-end=\"5388\"><strong data-start=\"5361\" data-end=\"5378\">Auduma svars:<\/strong> 45.4 kg<\/p>\n<\/li>\n<li class=\"\" data-start=\"5389\" data-end=\"5417\">\n<p class=\"\" data-start=\"5391\" data-end=\"5417\"><strong data-start=\"5391\" data-end=\"5407\">Stabu svars:<\/strong> 15.6 kg<\/p>\n<\/li>\n<li class=\"\" data-start=\"5418\" data-end=\"5537\">\n<p class=\"\" data-start=\"5420\" data-end=\"5444\"><strong data-start=\"5420\" data-end=\"5442\">Iepakojuma izm\u0113ri:<\/strong><\/p>\n<ul data-start=\"5447\" data-end=\"5537\">\n<li class=\"\" data-start=\"5447\" data-end=\"5475\">\n<p class=\"\" data-start=\"5449\" data-end=\"5475\">Kaste 1: 78 x 39 x 41 cm<\/p>\n<\/li>\n<li class=\"\" data-start=\"5478\" data-end=\"5506\">\n<p class=\"\" data-start=\"5480\" data-end=\"5506\">Kaste 2: 78 x 39 x 19 cm<\/p>\n<\/li>\n<li class=\"\" data-start=\"5509\" data-end=\"5537\">\n<p class=\"\" data-start=\"5511\" data-end=\"5537\">Kaste 3: 98 x 25 x 23 cm<\/p>\n<\/li>\n<\/ul>\n<\/li>\n<\/ul>\n<h3 class=\"\" data-start=\"5539\" data-end=\"5562\">Iek\u013cauts komplekt\u0101:<\/h3>\n<ul data-start=\"5564\" data-end=\"5912\">\n<li class=\"\" data-start=\"5564\" data-end=\"5584\">\n<p class=\"\" data-start=\"5566\" data-end=\"5584\">Pro Canvas telts<\/p>\n<\/li>\n<li class=\"\" data-start=\"5585\" data-end=\"5617\">\n<p class=\"\" data-start=\"5587\" data-end=\"5617\">No\u0146emams Pro gr\u012bdas p\u0101rkl\u0101js<\/p>\n<\/li>\n<li class=\"\" data-start=\"5618\" data-end=\"5646\">\n<p class=\"\" data-start=\"5620\" data-end=\"5646\">2 \u00d7 32mm centr\u0101lie stabi<\/p>\n<\/li>\n<li class=\"\" data-start=\"5647\" data-end=\"5675\">\n<p class=\"\" data-start=\"5649\" data-end=\"5675\">1 \u00d7 horizont\u0101lais balsts<\/p>\n<\/li>\n<li class=\"\" data-start=\"5676\" data-end=\"5709\">\n<p class=\"\" data-start=\"5678\" data-end=\"5709\">3 \u00d7 20mm A-r\u0101mja durvju stabi<\/p>\n<\/li>\n<li class=\"\" data-start=\"5710\" data-end=\"5738\">\n<p class=\"\" data-start=\"5712\" data-end=\"5738\">25 \u00d7 spriego\u0161anas virves<\/p>\n<\/li>\n<li class=\"\" data-start=\"5739\" data-end=\"5755\">\n<p class=\"\" data-start=\"5741\" data-end=\"5755\">25 \u00d7 mieti\u0146i<\/p>\n<\/li>\n<li class=\"\" data-start=\"5756\" data-end=\"5777\">\n<p class=\"\" data-start=\"5758\" data-end=\"5777\">31 \u00d7 gr\u012bdas tapas<\/p>\n<\/li>\n<li class=\"\" data-start=\"5778\" data-end=\"5806\">\n<p class=\"\" data-start=\"5780\" data-end=\"5806\">4 \u00d7 ventil\u0101cijas atveres<\/p>\n<\/li>\n<li class=\"\" data-start=\"5807\" data-end=\"5830\">\n<p class=\"\" data-start=\"5809\" data-end=\"5830\">9 \u00d7 logi ar sieti\u0146u<\/p>\n<\/li>\n<li class=\"\" data-start=\"5831\" data-end=\"5863\">\n<p class=\"\" data-start=\"5833\" data-end=\"5863\">Kokvilnas maisi p\u0101rn\u0113s\u0101\u0161anai<\/p>\n<\/li>\n<li class=\"\" data-start=\"5864\" data-end=\"5890\">\n<p class=\"\" data-start=\"5866\" data-end=\"5890\">Stabu un mieti\u0146u maisi<\/p>\n<\/li>\n<\/ul>\n","protected":false},"excerpt":{"rendered":"<p>600 Twin ir ide\u0101li piem\u0113rota 4 glampot\u0101jiem uz divgu\u013camaj\u0101m gult\u0101m ar pilnu dz\u012bvojam\u0101s istabas iek\u0101rtojumu vai l\u012bdz pat 10 nometniekiem<\/p>\n","protected":false},"featured_media":16468,"comment_status":"closed","ping_status":"closed","template":"","meta":[],"product_brand":[],"product_cat":[118,122],"product_tag":[],"class_list":{"0":"post-17561","1":"product","2":"type-product","3":"status-publish","4":"has-post-thumbnail","6":"product_cat-audekla-teltis","7":"product_cat-sibley-pro-lv","9":"first","10":"instock","11":"purchasable","12":"product-type-simple"},"jetpack_sharing_enabled":true,"_links":{"self":[{"href":"https:\/\/fancyadventurefactory.com\/lv\/wp-json\/wp\/v2\/product\/17561","targetHints":{"allow":["GET"]}}],"collection":[{"href":"https:\/\/fancyadventurefactory.com\/lv\/wp-json\/wp\/v2\/product"}],"about":[{"href":"https:\/\/fancyadventurefactory.com\/lv\/wp-json\/wp\/v2\/types\/product"}],"replies":[{"embeddable":true,"href":"https:\/\/fancyadventurefactory.com\/lv\/wp-json\/wp\/v2\/comments?post=17561"}],"version-history":[{"count":1,"href":"https:\/\/fancyadventurefactory.com\/lv\/wp-json\/wp\/v2\/product\/17561\/revisions"}],"predecessor-version":[{"id":17562,"href":"https:\/\/fancyadventurefactory.com\/lv\/wp-json\/wp\/v2\/product\/17561\/revisions\/17562"}],"wp:featuredmedia":[{"embeddable":true,"href":"https:\/\/fancyadventurefactory.com\/lv\/wp-json\/wp\/v2\/media\/16468"}],"wp:attachment":[{"href":"https:\/\/fancyadventurefactory.com\/lv\/wp-json\/wp\/v2\/media?parent=17561"}],"wp:term":[{"taxonomy":"product_brand","embeddable":true,"href":"https:\/\/fancyadventurefactory.com\/lv\/wp-json\/wp\/v2\/product_brand?post=17561"},{"taxonomy":"product_cat","embeddable":true,"href":"https:\/\/fancyadventurefactory.com\/lv\/wp-json\/wp\/v2\/product_cat?post=17561"},{"taxonomy":"product_tag","embeddable":true,"href":"https:\/\/fancyadventurefactory.com\/lv\/wp-json\/wp\/v2\/product_tag?post=17561"}],"curies":[{"name":"wp","href":"https:\/\/api.w.org\/{rel}","templated":true}]}}