{"id":17564,"date":"2025-02-07T07:23:20","date_gmt":"2025-02-07T07:23:20","guid":{"rendered":"https:\/\/fancyadventurefactory.com\/?post_type=product&#038;p=17564"},"modified":"2025-04-05T10:32:38","modified_gmt":"2025-04-05T10:32:38","slug":"sibley-600-twin-pro-zala","status":"publish","type":"product","link":"https:\/\/fancyadventurefactory.com\/lv\/product\/sibley-600-twin-pro-zala\/","title":{"rendered":"Sibley 600 Twin Pro &#8211; Za\u013ca"},"content":{"rendered":"<p class=\"\" data-start=\"153\" data-end=\"382\"><strong data-start=\"153\" data-end=\"165\">600 Twin<\/strong> ir ide\u0101li piem\u0113rota 4 cilv\u0113kiem ar &#8220;queen&#8221; izm\u0113ra gult\u0101m un pilnu dz\u012bvojamo zonu vai l\u012bdz pat 10 cilv\u0113kiem, kas gu\u013c uz pakl\u0101ji\u0146iem. Divi centr\u0101lie stabi un ov\u0101la forma nodro\u0161ina pla\u0161u vietu kust\u012bb\u0101m (\u201cpacing space\u201d).<\/p>\n<hr class=\"\" data-start=\"384\" data-end=\"387\" \/>\n<h3 class=\"\" data-start=\"389\" data-end=\"417\"><strong data-start=\"393\" data-end=\"417\">Divas A-r\u0101mja durvis<\/strong><\/h3>\n<p class=\"\" data-start=\"418\" data-end=\"1027\">600 Twin ir apr\u012bkota ar priek\u0161\u0113j\u0101m un s\u0101nu durv\u012bm. S\u0101nu durv\u012bm ir divi kvadr\u0101tveida sieti\u0146a logi ar uzrull\u0113jam\u0101m auduma p\u0101rseguma \u017eal\u016bzij\u0101m. Sibley rakstur\u012bg\u0101s A-r\u0101mja durvis \u013cauj \u0113rti ieiet un iziet, tur audumu 90\u00b0 le\u0146\u0137\u012b pret zemi, nov\u0113r\u0161ot lietus iepl\u016b\u0161anu telt\u012b. Atsperes meh\u0101nisma stabi \u0101tri sastiprin\u0101s un tikpat viegli izjaucami. Durvju aug\u0161pus\u0113 ir tapas, kas ievietojas caurumos (grommet) durvju virsotn\u0113. Virs t\u0101m liek lietus v\u0101ci\u0146u, kas nov\u0113r\u0161 \u016bdens notec\u0113\u0161anu pa stabiem. Auduma durvis vertik\u0101li aizvelkamas ar r\u0101v\u0113jsl\u0113dz\u0113ju. Katru durvju pusi var piesiet atpaka\u013c ar aukl\u0101m, kad t\u0101s netiek lietotas.<\/p>\n<p class=\"\" data-start=\"1029\" data-end=\"1154\">600 Twin var savienot ar citu Sibley telti caur s\u0101nu durv\u012bm, izmantojot <strong data-start=\"1101\" data-end=\"1121\">Sibley Connector<\/strong>, veidojot daudzistabu kompleksu.<\/p>\n<hr class=\"\" data-start=\"1156\" data-end=\"1159\" \/>\n<h3 class=\"\" data-start=\"1161\" data-end=\"1210\"><strong data-start=\"1165\" data-end=\"1210\">Divas kupolveida da\u013cas un ov\u0101ls pl\u0101nojums<\/strong><\/h3>\n<p class=\"\" data-start=\"1211\" data-end=\"1426\">600 Twin apvieno divas bell tipa teltis, savienotas ar horizont\u0101lu jumta stieni. Ov\u0101l\u0101 forma rada divus \u201csp\u0101rnus\u201d un centr\u0101lo dz\u012bvojamo zonu. St\u0101v\u0101s sienas un \u201ckatedr\u0101les\u201d tipa griesti nodro\u0161ina pla\u0161umu un komfortu.<\/p>\n<p class=\"\" data-start=\"1428\" data-end=\"1795\">Telts pacel\u0161anai nepiecie\u0161ami divi cilv\u0113ki. Ov\u0101l\u0101 forma un strukt\u016bra prasa vienm\u0113r\u012bgu spriegojumu uz <strong data-start=\"1529\" data-end=\"1558\">vis\u0101m 25 spriegot\u0101jvirv\u0113m<\/strong>. Kad telts piel\u0101gojas v\u0113jam un zemes reljefam, spriegumu vajadz\u0113s regul\u0101ri p\u0101rbaud\u012bt. Sakar\u0101 ar auduma svaru un izm\u0113ru, <strong data-start=\"1679\" data-end=\"1751\">jebkur\u0161 sniega vai ledus uzkr\u0101jums var rad\u012bt konstrukcijas boj\u0101jumus<\/strong> \u2014 vair\u0101k par to lasiet m\u016bsu <strong data-start=\"1780\" data-end=\"1787\">BUJ<\/strong> sada\u013c\u0101.<\/p>\n<hr class=\"\" data-start=\"1797\" data-end=\"1800\" \/>\n<h3 class=\"\" data-start=\"1802\" data-end=\"1864\"><strong data-start=\"1806\" data-end=\"1864\">Uzrull\u0113jamas sienas un r\u0101v\u0113jsl\u0113dz\u0113ja gr\u012bda \u2014 Pro klase<\/strong><\/h3>\n<p class=\"\" data-start=\"1865\" data-end=\"2234\"><strong data-start=\"1865\" data-end=\"1878\">Pro gr\u012bda<\/strong> stiprin\u0101s ar r\u0101v\u0113jsl\u0113dz\u0113ju pie telts sien\u0101m. T\u0101 ir izgatavota no termiski sakaus\u0113ta, pl\u012bsumiztur\u012bga PVC (540 g\/m\u00b2). \u201cVannas tipa\u201d gr\u012bda ir 10 cm augsta, lai aizsarg\u0101tu pret mitrumu. R\u0101v\u0113jsl\u0113dz\u0113js \u013cauj uzrull\u0113t auduma sienas ventil\u0101cijai vai ar\u012b piln\u012bb\u0101 no\u0146emt gr\u012bdu \u2014 transport\u0113\u0161anai, uzglab\u0101\u0161anai, t\u012br\u012b\u0161anai vai, lai izbaud\u012btu z\u0101li vai smiltis zem k\u0101j\u0101m.<\/p>\n<p class=\"\" data-start=\"2236\" data-end=\"2474\"><strong data-start=\"2236\" data-end=\"2254\">Durvju priek\u0161\u0101<\/strong> \u201cvannas sienu\u201d var nolaist un piespraust pie zemes, nov\u0113r\u0161ot paklup\u0161anu un atvieglojot uzkop\u0161anu. Mazs spraudzi\u0146\u0161 starp r\u0101v\u0113jsl\u0113dz\u0113jiem aizmugur\u0113 \u013cauj ievest elektr\u012bbas vadu, neapdraudot mitruma vai kukai\u0146u aizsardz\u012bbu.<\/p>\n<hr class=\"\" data-start=\"2476\" data-end=\"2479\" \/>\n<h3 class=\"\" data-start=\"2481\" data-end=\"2514\"><strong data-start=\"2485\" data-end=\"2514\">Integr\u0113t\u0101s sieti\u0146a durvis<\/strong><\/h3>\n<p class=\"\" data-start=\"2515\" data-end=\"2761\">Sibley 600 Twin Pro ir apr\u012bkota ar div\u0101m <strong data-start=\"2556\" data-end=\"2569\">no-see-um<\/strong> (smalko sieti\u0146u) durv\u012bm priek\u0161\u0101 un s\u0101nos. S\u0101nu durv\u012bm ar\u012b ir divi kvadr\u0101tveida sieti\u0146a logi ar uzrull\u0113jam\u0101m auduma p\u0101rseg\u017eal\u016bzij\u0101m. Ab\u0101s durvju pus\u0113s ir cilpi\u0146as, lai piesietu atpaka\u013c durvis.<\/p>\n<hr class=\"\" data-start=\"2763\" data-end=\"2766\" \/>\n<h3 class=\"\" data-start=\"2768\" data-end=\"2811\"><strong data-start=\"2772\" data-end=\"2811\">Pro spriegot\u0101jvirves un spriegot\u0101ji<\/strong><\/h3>\n<p class=\"\" data-start=\"2812\" data-end=\"3091\">Pirm\u0101 uzst\u0101d\u012b\u0161ana ir vienk\u0101r\u0161a, jo <strong data-start=\"2847\" data-end=\"2890\">Pro klases virves jau ir piestiprin\u0101tas<\/strong> un ievietotas spriegot\u0101jos. T\u0101s ir no <strong data-start=\"2929\" data-end=\"2945\">corded nylon<\/strong>, 5 mm biezas, ar UV aizsardz\u012bbu. Plastmasas spriegot\u0101ji ne\u013cauj virv\u0113m p\u0101rpl\u012bst. Kop\u0101 ir <strong data-start=\"3034\" data-end=\"3057\">25 spriegot\u0101jvirves<\/strong>, kas katrai j\u0101pievelk vienm\u0113r\u012bgi.<\/p>\n<hr class=\"\" data-start=\"3093\" data-end=\"3096\" \/>\n<h3 class=\"\" data-start=\"3098\" data-end=\"3126\"><strong data-start=\"3102\" data-end=\"3126\">Pro mieti\u0146i un tapas<\/strong><\/h3>\n<p class=\"\" data-start=\"3127\" data-end=\"3417\">Izstr\u0101d\u0101ti stipram v\u0113jam un cietai\/akme\u0146ainai zemei. <strong data-start=\"3180\" data-end=\"3191\">Mieti\u0146i<\/strong> izgatavoti no ni\u0137el\u0113ta t\u0113rauda \u2014 24 cm gari, ar zobotu le\u0146\u0137i, lai iztur\u0113tu iedz\u012b\u0161anu ciet\u0101 zem\u0113. <strong data-start=\"3289\" data-end=\"3304\">T-veida \u0101\u0137i<\/strong> nov\u0113r\u0161 virvju nosl\u012bd\u0113\u0161anu. Gr\u012bdas tapas ir <strong data-start=\"3348\" data-end=\"3368\">par 50% biez\u0101kas<\/strong> nek\u0101 standarta, ar \u0101\u0137veida galu nostiprin\u0101\u0161anai.<\/p>\n<hr class=\"\" data-start=\"3419\" data-end=\"3422\" \/>\n<h3 class=\"\" data-start=\"3424\" data-end=\"3456\"><strong data-start=\"3428\" data-end=\"3456\">Atsperes meh\u0101nisma stabi<\/strong><\/h3>\n<p class=\"\" data-start=\"3457\" data-end=\"3689\">Stabi <strong data-start=\"3463\" data-end=\"3477\">Pro s\u0113rij\u0101<\/strong> ir biez\u0101ki: durvju stabi \u2013 23 mm, centr\u0101lie \u2013 32 mm diametr\u0101. Iek\u0161\u0113jie stieples savienojumi \u013cauj tos \u0101tri salikt. Centr\u0101lajam stabam ir <strong data-start=\"3614\" data-end=\"3642\">metin\u0101ts cilpas gredzens<\/strong>, pie kura var piek\u0101rt iek\u0161\u0113jo telti vai lampu.<\/p>\n<hr class=\"\" data-start=\"3691\" data-end=\"3694\" \/>\n<h3 class=\"\" data-start=\"3696\" data-end=\"3721\"><strong data-start=\"3700\" data-end=\"3721\">Pro klases audums<\/strong><\/h3>\n<p class=\"\" data-start=\"3722\" data-end=\"4052\"><strong data-start=\"3722\" data-end=\"3747\">Pro Canvas (320 g\/m\u00b2)<\/strong> ir lab\u0101kais bell tipa tel\u0161u audums. \u012apa\u0161s <strong data-start=\"3790\" data-end=\"3847\">\u016bdensnotur\u012bgs, pel\u0113juma un UV aizsardz\u012bbas p\u0101rkl\u0101jums<\/strong> padara to piem\u0113rotu lieto\u0161anai visu gadu. Labi elpo, iztur mitrumu un kalpo ilgtermi\u0146\u0101. Audums ir <strong data-start=\"3946\" data-end=\"3976\">atjaunojams un remont\u0113jams<\/strong>. \u0160uvju vietas ir dubultotas, pastiprin\u0101tas un nostiprin\u0101tas stresa punktos.<\/p>\n<p class=\"\" data-start=\"4054\" data-end=\"4197\"><strong data-start=\"4054\" data-end=\"4071\">100% kokvilna<\/strong> nodro\u0161ina dab\u012bgu \u016bdensiztur\u012bbu un elpojam\u012bbu. Mitrum\u0101 \u0161\u0137iedras uzbriest, nosl\u0113dzot ce\u013cu lietum, bet \u013cauj tvaikiem izk\u013c\u016bt \u0101r\u0101.<\/p>\n<blockquote data-start=\"4199\" data-end=\"4298\">\n<p class=\"\" data-start=\"4201\" data-end=\"4298\"><strong data-start=\"4201\" data-end=\"4213\">Piez\u012bme:<\/strong> Dabiski audumi, piem\u0113ram, kokvilna, <strong data-start=\"4250\" data-end=\"4266\">izbal\u0113 saul\u0113<\/strong>. Za\u013cie audumi ar laiku izbal\u0113s.<\/p>\n<\/blockquote>\n<hr class=\"\" data-start=\"4300\" data-end=\"4303\" \/>\n<h3 class=\"\" data-start=\"4305\" data-end=\"4332\"><strong data-start=\"4309\" data-end=\"4332\">Logi un ventil\u0101cija<\/strong><\/h3>\n<p class=\"\" data-start=\"4333\" data-end=\"4508\">Katram Sibley modelim ir logi un ventil\u0101cijas atveres ar sieti\u0146u. <strong data-start=\"4399\" data-end=\"4417\">Pusm\u0113ness logi<\/strong> ir ar r\u0101v\u0113jsl\u0113dz\u0113jiem un auduma p\u0101rsegiem, kurus var uzrull\u0113t un piestiprin\u0101t ar cilpi\u0146\u0101m.<\/p>\n<p class=\"\" data-start=\"4510\" data-end=\"4522\">600 Twin ir:<\/p>\n<ul data-start=\"4523\" data-end=\"4688\">\n<li class=\"\" data-start=\"4523\" data-end=\"4657\">\n<p class=\"\" data-start=\"4525\" data-end=\"4531\">9 logi<\/p>\n<ul data-start=\"4534\" data-end=\"4657\">\n<li class=\"\" data-start=\"4534\" data-end=\"4560\">\n<p class=\"\" data-start=\"4536\" data-end=\"4560\">6 pusm\u0113ness formas s\u0101nos<\/p>\n<\/li>\n<li class=\"\" data-start=\"4563\" data-end=\"4610\">\n<p class=\"\" data-start=\"4565\" data-end=\"4610\">1 lielais \u201cpanor\u0101mas\u201d logs pie kreis\u0101s ieejas<\/p>\n<\/li>\n<li class=\"\" data-start=\"4613\" data-end=\"4657\">\n<p class=\"\" data-start=\"4615\" data-end=\"4657\">2 kvadr\u0101tveida logi pie lab\u0101s durvju puses<\/p>\n<\/li>\n<\/ul>\n<\/li>\n<li class=\"\" data-start=\"4658\" data-end=\"4688\">\n<p class=\"\" data-start=\"4660\" data-end=\"4688\">4 ventil\u0101cijas atveres jumt\u0101<\/p>\n<\/li>\n<\/ul>\n<hr class=\"\" data-start=\"4690\" data-end=\"4693\" \/>\n<h3 class=\"\" data-start=\"4695\" data-end=\"4720\"><strong data-start=\"4699\" data-end=\"4720\">Kurtuves sader\u012bba<\/strong><\/h3>\n<p class=\"\" data-start=\"4721\" data-end=\"5051\">Visas CanvasCamp teltis var piel\u0101got lieto\u0161anai ar <strong data-start=\"4772\" data-end=\"4783\">kurtuvi<\/strong>. Katrai telts un kr\u0101sns kombin\u0101cijai vajadz\u012bga individu\u0101la piel\u0101go\u0161ana \u2014 t\u0101p\u0113c netiek uzst\u0101d\u012bti standarta kurtuvju izvadi. <strong data-start=\"4907\" data-end=\"4936\">Modul\u0101rie kurtuvju izvadi<\/strong> (nop\u0113rkami atsevi\u0161\u0137i) ir pieejami da\u017e\u0101dos izm\u0113ros un var tikt uzst\u0101d\u012bti jebkur\u0101 kokvilnas telt\u012b da\u017eu min\u016b\u0161u laik\u0101.<\/p>\n<p class=\"\" data-start=\"5053\" data-end=\"5202\"><strong data-start=\"5053\" data-end=\"5095\">Nekad nelietojiet atkl\u0101tu uguni telt\u012b!<\/strong> Vienm\u0113r iev\u0113rojiet ugunsdro\u0161\u012bbas noteikumus. Iepaz\u012bstieties ar m\u016bsu <strong data-start=\"5164\" data-end=\"5180\">BUJ un blogu<\/strong>, lai uzzin\u0101tu vair\u0101k.<\/p>\n<hr class=\"\" data-start=\"5204\" data-end=\"5207\" \/>\n<h3 class=\"\" data-start=\"5209\" data-end=\"5237\"><strong data-start=\"5213\" data-end=\"5237\">Tehnisk\u0101 inform\u0101cija<\/strong><\/h3>\n<ul data-start=\"5238\" data-end=\"5808\">\n<li class=\"\" data-start=\"5238\" data-end=\"5267\">\n<p class=\"\" data-start=\"5240\" data-end=\"5267\"><strong data-start=\"5240\" data-end=\"5258\">Gr\u012bdas laukums<\/strong>: 20,5 m\u00b2<\/p>\n<\/li>\n<li class=\"\" data-start=\"5268\" data-end=\"5302\">\n<p class=\"\" data-start=\"5270\" data-end=\"5302\"><strong data-start=\"5270\" data-end=\"5282\">Diametrs<\/strong>: 6m x 4m (600 Twin)<\/p>\n<\/li>\n<li class=\"\" data-start=\"5303\" data-end=\"5325\">\n<p class=\"\" data-start=\"5305\" data-end=\"5325\"><strong data-start=\"5305\" data-end=\"5317\">Augstums<\/strong>: 300 cm<\/p>\n<\/li>\n<li class=\"\" data-start=\"5326\" data-end=\"5355\">\n<p class=\"\" data-start=\"5328\" data-end=\"5355\"><strong data-start=\"5328\" data-end=\"5347\">Durvju augstums<\/strong>: 185 cm<\/p>\n<\/li>\n<li class=\"\" data-start=\"5356\" data-end=\"5390\">\n<p class=\"\" data-start=\"5358\" data-end=\"5390\"><strong data-start=\"5358\" data-end=\"5378\">Maks. kapacit\u0101te<\/strong>: 10 cilv\u0113ki<\/p>\n<\/li>\n<li class=\"\" data-start=\"5391\" data-end=\"5426\">\n<p class=\"\" data-start=\"5393\" data-end=\"5426\"><strong data-start=\"5393\" data-end=\"5403\">Audums<\/strong>: Pro Canvas (320 g\/m\u00b2)<\/p>\n<\/li>\n<li class=\"\" data-start=\"5427\" data-end=\"5456\">\n<p class=\"\" data-start=\"5429\" data-end=\"5456\"><strong data-start=\"5429\" data-end=\"5447\">\u016adens notur\u012bba<\/strong>: 3500 mm<\/p>\n<\/li>\n<li class=\"\" data-start=\"5457\" data-end=\"5503\">\n<p class=\"\" data-start=\"5459\" data-end=\"5503\"><strong data-start=\"5459\" data-end=\"5468\">Gr\u012bda<\/strong>: Pro PVC (650 g\/m\u00b2), r\u0101v\u0113jsl\u0113dz\u0113js<\/p>\n<\/li>\n<li class=\"\" data-start=\"5504\" data-end=\"5535\">\n<p class=\"\" data-start=\"5506\" data-end=\"5535\"><strong data-start=\"5506\" data-end=\"5524\">Sieti\u0146a durvis<\/strong>: Ieb\u016bv\u0113tas<\/p>\n<\/li>\n<li class=\"\" data-start=\"5536\" data-end=\"5560\">\n<p class=\"\" data-start=\"5538\" data-end=\"5560\"><strong data-start=\"5538\" data-end=\"5555\">Sienu sieti\u0146\u0161<\/strong>: Nav<\/p>\n<\/li>\n<li class=\"\" data-start=\"5561\" data-end=\"5591\">\n<p class=\"\" data-start=\"5563\" data-end=\"5591\"><strong data-start=\"5563\" data-end=\"5572\">Tapas<\/strong>: Pro (stiprin\u0101tas)<\/p>\n<\/li>\n<li class=\"\" data-start=\"5592\" data-end=\"5624\">\n<p class=\"\" data-start=\"5594\" data-end=\"5624\"><strong data-start=\"5594\" data-end=\"5620\">Iek\u0161\u0113j\u0101 telts sader\u012bba<\/strong>: J\u0101<\/p>\n<\/li>\n<li class=\"\" data-start=\"5625\" data-end=\"5648\">\n<p class=\"\" data-start=\"5627\" data-end=\"5648\"><strong data-start=\"5627\" data-end=\"5641\">Svars kop\u0101<\/strong>: 61 kg<\/p>\n<\/li>\n<li class=\"\" data-start=\"5649\" data-end=\"5676\">\n<p class=\"\" data-start=\"5651\" data-end=\"5676\"><strong data-start=\"5651\" data-end=\"5667\">Auduma svars<\/strong>: 45.4 kg<\/p>\n<\/li>\n<li class=\"\" data-start=\"5677\" data-end=\"5703\">\n<p class=\"\" data-start=\"5679\" data-end=\"5703\"><strong data-start=\"5679\" data-end=\"5694\">Stabu svars<\/strong>: 15.6 kg<\/p>\n<\/li>\n<li class=\"\" data-start=\"5704\" data-end=\"5808\">\n<p class=\"\" data-start=\"5706\" data-end=\"5721\"><strong data-start=\"5706\" data-end=\"5720\">Iepakojumi<\/strong>:<\/p>\n<ul data-start=\"5724\" data-end=\"5808\">\n<li class=\"\" data-start=\"5724\" data-end=\"5750\">\n<p class=\"\" data-start=\"5726\" data-end=\"5750\">Kaste 1: 78 x 39 x 41 cm<\/p>\n<\/li>\n<li class=\"\" data-start=\"5753\" data-end=\"5779\">\n<p class=\"\" data-start=\"5755\" data-end=\"5779\">Kaste 2: 78 x 39 x 19 cm<\/p>\n<\/li>\n<li class=\"\" data-start=\"5782\" data-end=\"5808\">\n<p class=\"\" data-start=\"5784\" data-end=\"5808\">Kaste 3: 98 x 25 x 23 cm<\/p>\n<\/li>\n<\/ul>\n<\/li>\n<\/ul>\n<hr class=\"\" data-start=\"5810\" data-end=\"5813\" \/>\n<h3 class=\"\" data-start=\"5815\" data-end=\"5841\"><strong data-start=\"5819\" data-end=\"5841\">Komplekt\u0101 iek\u013cauts<\/strong><\/h3>\n<ul data-start=\"5842\" data-end=\"6258\">\n<li class=\"\" data-start=\"5842\" data-end=\"5871\">\n<p class=\"\" data-start=\"5844\" data-end=\"5871\">Pro Canvas telts (320 g\/m\u00b2)<\/p>\n<\/li>\n<li class=\"\" data-start=\"5872\" data-end=\"5908\">\n<p class=\"\" data-start=\"5874\" data-end=\"5908\">R\u0101v\u0113jsl\u0113dzama Pro gr\u012bda (650 g\/m\u00b2)<\/p>\n<\/li>\n<li class=\"\" data-start=\"5909\" data-end=\"5953\">\n<p class=\"\" data-start=\"5911\" data-end=\"5953\">2 centr\u0101lie stabi 32 mm, ar gumijas galiem<\/p>\n<\/li>\n<li class=\"\" data-start=\"5954\" data-end=\"5985\">\n<p class=\"\" data-start=\"5956\" data-end=\"5985\">Horizont\u0101ls savienot\u0101js 32 mm<\/p>\n<\/li>\n<li class=\"\" data-start=\"5986\" data-end=\"6016\">\n<p class=\"\" data-start=\"5988\" data-end=\"6016\">3 A-r\u0101mja durvju stabi 20 mm<\/p>\n<\/li>\n<li class=\"\" data-start=\"6017\" data-end=\"6055\">\n<p class=\"\" data-start=\"6019\" data-end=\"6055\">25 spriegot\u0101jvirves ar spriegot\u0101jiem<\/p>\n<\/li>\n<li class=\"\" data-start=\"6056\" data-end=\"6079\">\n<p class=\"\" data-start=\"6058\" data-end=\"6079\">25 Pro virvju mieti\u0146i<\/p>\n<\/li>\n<li class=\"\" data-start=\"6080\" data-end=\"6100\">\n<p class=\"\" data-start=\"6082\" data-end=\"6100\">31 Pro gr\u012bdas tapa<\/p>\n<\/li>\n<li class=\"\" data-start=\"6101\" data-end=\"6131\">\n<p class=\"\" data-start=\"6103\" data-end=\"6131\">4 ventil\u0101cijas sieti\u0146i jumt\u0101<\/p>\n<\/li>\n<li class=\"\" data-start=\"6132\" data-end=\"6171\">\n<p class=\"\" data-start=\"6134\" data-end=\"6171\">9 logi ar sieti\u0146u un auduma p\u0101rsegiem<\/p>\n<\/li>\n<li class=\"\" data-start=\"6172\" data-end=\"6195\">\n<p class=\"\" data-start=\"6174\" data-end=\"6195\">Auduma maisi\u0146\u0161 teltij<\/p>\n<\/li>\n<li class=\"\" data-start=\"6196\" data-end=\"6224\">\n<p class=\"\" data-start=\"6198\" data-end=\"6224\">Maisi stabiem un mieti\u0146iem<\/p>\n<\/li>\n<li class=\"\" data-start=\"6225\" data-end=\"6258\">\n<p class=\"\" data-start=\"6227\" data-end=\"6258\">Stabu atsperu remonta komplekts<\/p>\n<\/li>\n<\/ul>\n","protected":false},"excerpt":{"rendered":"<p>600 Twin ir ide\u0101li piem\u0113rota 4 cilv\u0113kiem ar &#8220;queen&#8221; izm\u0113ra gult\u0101m un pilnu dz\u012bvojamo zonu vai l\u012bdz pat 10 cilv\u0113kiem,<\/p>\n","protected":false},"featured_media":16458,"comment_status":"closed","ping_status":"closed","template":"","meta":[],"product_brand":[],"product_cat":[118,122],"product_tag":[],"class_list":{"0":"post-17564","1":"product","2":"type-product","3":"status-publish","4":"has-post-thumbnail","6":"product_cat-audekla-teltis","7":"product_cat-sibley-pro-lv","9":"first","10":"instock","11":"purchasable","12":"product-type-simple"},"jetpack_sharing_enabled":true,"_links":{"self":[{"href":"https:\/\/fancyadventurefactory.com\/lv\/wp-json\/wp\/v2\/product\/17564","targetHints":{"allow":["GET"]}}],"collection":[{"href":"https:\/\/fancyadventurefactory.com\/lv\/wp-json\/wp\/v2\/product"}],"about":[{"href":"https:\/\/fancyadventurefactory.com\/lv\/wp-json\/wp\/v2\/types\/product"}],"replies":[{"embeddable":true,"href":"https:\/\/fancyadventurefactory.com\/lv\/wp-json\/wp\/v2\/comments?post=17564"}],"version-history":[{"count":1,"href":"https:\/\/fancyadventurefactory.com\/lv\/wp-json\/wp\/v2\/product\/17564\/revisions"}],"predecessor-version":[{"id":17565,"href":"https:\/\/fancyadventurefactory.com\/lv\/wp-json\/wp\/v2\/product\/17564\/revisions\/17565"}],"wp:featuredmedia":[{"embeddable":true,"href":"https:\/\/fancyadventurefactory.com\/lv\/wp-json\/wp\/v2\/media\/16458"}],"wp:attachment":[{"href":"https:\/\/fancyadventurefactory.com\/lv\/wp-json\/wp\/v2\/media?parent=17564"}],"wp:term":[{"taxonomy":"product_brand","embeddable":true,"href":"https:\/\/fancyadventurefactory.com\/lv\/wp-json\/wp\/v2\/product_brand?post=17564"},{"taxonomy":"product_cat","embeddable":true,"href":"https:\/\/fancyadventurefactory.com\/lv\/wp-json\/wp\/v2\/product_cat?post=17564"},{"taxonomy":"product_tag","embeddable":true,"href":"https:\/\/fancyadventurefactory.com\/lv\/wp-json\/wp\/v2\/product_tag?post=17564"}],"curies":[{"name":"wp","href":"https:\/\/api.w.org\/{rel}","templated":true}]}}