{"id":17570,"date":"2025-02-07T07:24:50","date_gmt":"2025-02-07T07:24:50","guid":{"rendered":"https:\/\/fancyadventurefactory.com\/?post_type=product&#038;p=17570"},"modified":"2025-04-05T10:40:14","modified_gmt":"2025-04-05T10:40:14","slug":"sibley-600-ultimate","status":"publish","type":"product","link":"https:\/\/fancyadventurefactory.com\/lv\/product\/sibley-600-ultimate\/","title":{"rendered":"Sibley 600 Ultimate"},"content":{"rendered":"<p class=\"\" data-start=\"154\" data-end=\"287\"><strong data-start=\"154\" data-end=\"287\">Sibley 600 ir ide\u0101ls risin\u0101jums 6 glamping ce\u013cot\u0101jiem ar &#8220;queen&#8221; izm\u0113ra gult\u0101m vai l\u012bdz pat 12 nometniekiem ar gu\u013cam\u0101m pakl\u0101jiem.<\/strong><\/p>\n<p class=\"\" data-start=\"289\" data-end=\"635\">M\u0113s esam pa\u0146\u0113mu\u0161i klasisko zvanu formas telts dizainu un pievienoju\u0161i daudz funkcionalit\u0101tes ar fokusu uz lieto\u0161anas \u0113rtumu, komfortu, stilu un daudzpus\u012bbu. Ultimate modelis atbilst vis\u0101m pras\u012bb\u0101m \u0123imenes kempingam, luksusa nometn\u0113m, ikdieni\u0161\u0137am glampingam, festiv\u0101liem, d\u0101rza ball\u012bt\u0113m, auto kempingam, atp\u016btai pagalm\u0101 un lieto\u0161anai tr\u012bs sezon\u0101s.<\/p>\n<p class=\"\" data-start=\"637\" data-end=\"938\">Ripu\u0161ais, \u016bdens un tvaika necaurlaid\u012bgais gr\u012bdas segums piestiprin\u0101s pie telts ar iztur\u012bgu 10. izm\u0113ra r\u0101v\u0113jsl\u0113dz\u0113ju, kas iet pa visu telts perimetru. Tas \u013cauj tev uzrull\u0113t s\u0101nu sienas un ielaist v\u0113ju vai ar\u012b piln\u012bb\u0101 no\u0146emt gr\u012bdu transport\u0113\u0161anai, t\u012br\u012b\u0161anai, glab\u0101\u0161anai vai lai izbaud\u012btu z\u0101li zem k\u0101j\u0101m!<\/p>\n<hr class=\"\" data-start=\"940\" data-end=\"943\" \/>\n<h3 class=\"\" data-start=\"945\" data-end=\"996\">Uzrull\u0113jamas s\u0101nu sienas un r\u0101v\u0113jsl\u0113dz\u0113ja gr\u012bda<\/h3>\n<p class=\"\" data-start=\"998\" data-end=\"1630\">M\u016bsu Ultimate gr\u012bdas segumi ir piestiprin\u0101mi teltij ar r\u0101v\u0113jsl\u0113dz\u0113ju un izgatavoti no iztur\u012bga, termiski sakaus\u0113ta PVC (540 gr\/m\u00b2 vai 15.93 oz\/yd\u00b2). Piln\u012bb\u0101 \u016bdens un tvaika necaurlaid\u012bgi. \u201cVannas stila\u201d gr\u012bda ce\u013cas 10 cm augstum\u0101, lai uztur\u0113tu tevi sausu pat st\u0101vo\u0161\u0101 \u016bden\u012b. Izmantojot smagsvara 10. izm\u0113ra r\u0101v\u0113jsl\u0113dz\u0113ju, s\u0101nu sienas var uzrull\u0113t maksim\u0101lai ventil\u0101cijai vai no\u0146emt gr\u012bdu pavisam. \u012apa\u0161\u0101 \u201ctailgate\u201d sist\u0113ma \u013cauj noloc\u012bt sienu pie ieejas un piestiprin\u0101t to pie zemes, lai nov\u0113rstu klup\u0161anu. Neliels spraudzi\u0146\u0161 starp r\u0101v\u0113jsl\u0113dz\u0113jiem aizmugur\u0113 \u013cauj ievad\u012bt elektr\u012bbas vadu, nezaud\u0113jot aizsardz\u012bbu pret lietu un kukai\u0146iem.<\/p>\n<hr class=\"\" data-start=\"1632\" data-end=\"1635\" \/>\n<h3 class=\"\" data-start=\"1637\" data-end=\"1676\">Pro v\u0113jdro\u0161ie stri\u0137i un spriegot\u0101ji<\/h3>\n<p class=\"\" data-start=\"1678\" data-end=\"1984\">Pirm\u0101 uzst\u0101d\u012b\u0161ana ir \u013coti vienk\u0101r\u0161a, jo Pro l\u012bme\u0146a stiprin\u0101juma auklas jau ir iepriek\u0161 piestiprin\u0101tas pie telts un ievilktas spriegot\u0101jos. Pro kvalit\u0101tes virves ir izgatavotas no sav\u012bt\u0101 neilona, 5 mm biezas un ar papildu UV aizsardz\u012bbu. Plastmasas spriegot\u0101ji nov\u0113r\u0161 auklu grie\u0161anu un paildzina telts m\u016b\u017eu.<\/p>\n<hr class=\"\" data-start=\"1986\" data-end=\"1989\" \/>\n<h3 class=\"\" data-start=\"1991\" data-end=\"2022\">Pro mieti\u0146i un stiprin\u0101jumi<\/h3>\n<p class=\"\" data-start=\"2024\" data-end=\"2370\">\u012apa\u0161i izstr\u0101d\u0101ti stipram v\u0113jam vai cietai, akme\u0146ainai zemei. Pro mieti\u0146i ir izgatavoti no t\u0101da pa\u0161a augstas kvalit\u0101tes ni\u0137el\u0113ta t\u0113rauda k\u0101 m\u016bsu stie\u0146i. 24 cm gari, le\u0146\u0137veid\u012bgi un ar z\u0101\u0123veida malu. T veida \u0101\u0137is ne\u013cauj virv\u0113m nosl\u012bd\u0113t pat stipr\u0101 v\u0113j\u0101. Gr\u012bdas mieti\u0146i ir par 50% biez\u0101ki nek\u0101 standarta un ar \u0101\u0137veida galu, lai stingri notur\u0113tu gr\u012bdu.<\/p>\n<hr class=\"\" data-start=\"2372\" data-end=\"2375\" \/>\n<h3 class=\"\" data-start=\"2377\" data-end=\"2405\">Atsperes meh\u0101nisma stabi<\/h3>\n<p class=\"\" data-start=\"2407\" data-end=\"2664\">Iek\u0161\u0113jie atsperu vadi autom\u0101tiski savieno stabu sekcijas \u0113rtai un \u0101trai mont\u0101\u017eai. Stabi izgatavoti no iztur\u012bga ni\u0137el\u0113ta t\u0113rauda. Durvju stabi \u2013 20 mm, centr\u0101lais stabs \u2013 32 mm. Centr\u0101lajam stabam ir metin\u0101ts gredzens iek\u0161\u0113jai teltij vai lustras piek\u0101r\u0161anai.<\/p>\n<hr class=\"\" data-start=\"2666\" data-end=\"2669\" \/>\n<h3 class=\"\" data-start=\"2671\" data-end=\"2697\">Klasisk\u0101 auduma teltis<\/h3>\n<p class=\"\" data-start=\"2699\" data-end=\"3087\">M\u016bsu klasisk\u0101 auduma (285 gr\/m\u00b2 vai 8.44 oz\/yd\u00b2 polikotons) teltis ir ide\u0101ls l\u012bdzsvars starp funkcionalit\u0101ti un elpojam\u012bbu. \u012apa\u0161ais p\u0101rkl\u0101jums uzlabo dabisko \u016bdens notur\u012bbu un nodro\u0161ina lielisku aizsardz\u012bbu m\u0113renam klimatam un ikdieni\u0161\u0137ai lieto\u0161anai. Remont\u0113jama un atk\u0101rtoti impregn\u0113jama. Divk\u0101rt\u0113ji \u0161uves, stiprin\u0101jumi stresa punktos un dubult\u0101 konstrukcija nodro\u0161ina ilgsto\u0161u iztur\u012bbu.<\/p>\n<hr class=\"\" data-start=\"3089\" data-end=\"3092\" \/>\n<h3 class=\"\" data-start=\"3094\" data-end=\"3117\">Logi un ventil\u0101cija<\/h3>\n<p class=\"\" data-start=\"3119\" data-end=\"3412\">Katram Sibley modelim ir logi un ventil\u0101cijas atveres, aizsarg\u0101tas ar \u201cno-see-um\u201d sietu, kas pasarg\u0101 no kukai\u0146iem un nodro\u0161ina gaisa pl\u016bsmu. Pusm\u0113ness formas logiem ir aizveramas auduma p\u0101rkl\u0101jumi, ko iesp\u0113jams atv\u0113rt vai aizv\u0113rt p\u0113c vajadz\u012bbas. Sibley 600 ir 4 logi un 4 ventil\u0101cijas atveres.<\/p>\n<hr class=\"\" data-start=\"3414\" data-end=\"3417\" \/>\n<h3 class=\"\" data-start=\"3419\" data-end=\"3446\">Integr\u0113t\u0101s sieta durvis<\/h3>\n<p class=\"\" data-start=\"3448\" data-end=\"3671\">Sibley 600 Ultimate modelim ir ie\u0161\u016btas \u201cno-see-um\u201d sieta durvis papildus tradicion\u0101laj\u0101m auduma durv\u012bm. Uz katras durvju puses ir cilpi\u0146as, lai var\u0113tu k\u0101rt\u012bgi atgai\u0146\u0101t un nostiprin\u0101t sieta durvis, kad t\u0101s netiek izmantotas.<\/p>\n<hr class=\"\" data-start=\"3673\" data-end=\"3676\" \/>\n<h3 class=\"\" data-start=\"3678\" data-end=\"3697\">Kr\u0101sns sader\u012bba<\/h3>\n<p class=\"\" data-start=\"3699\" data-end=\"4215\">Visas CanvasCamp teltis ir viegli piel\u0101gojamas malkas kr\u0101sn\u012bm. Pareiza kr\u0101sns novieto\u0161ana ir atkar\u012bga no kr\u0101sns izm\u0113ra, telts izm\u0113ra, d\u016bmvada izvades veida un vides. Iepriek\u0161 uzst\u0101d\u012bti d\u016bmvada izejas risin\u0101jumi ne\u013cauj piel\u0101got novietojumu. CanvasCamp pied\u0101v\u0101 modul\u0101ros kr\u0101sns adapterus (nop\u0113rkami atsevi\u0161\u0137i), kas \u013cauj uzst\u0101d\u012bt d\u016bmvada izvadi da\u017eu min\u016b\u0161u laik\u0101. <strong data-start=\"4060\" data-end=\"4127\">Zvana formas teltis nav paredz\u0113tas lieto\u0161anai ar atkl\u0101tu uguni.<\/strong> Vienm\u0113r iev\u0113rojiet ugunsdro\u0161\u012bbas noteikumus un p\u0101rbaudiet viet\u0113jos uguns ierobe\u017eojumus.<\/p>\n<hr class=\"\" data-start=\"4217\" data-end=\"4220\" \/>\n<h3 class=\"\" data-start=\"4222\" data-end=\"4240\">Specifik\u0101cija:<\/h3>\n<ul data-start=\"4242\" data-end=\"4967\">\n<li class=\"\" data-start=\"4242\" data-end=\"4284\">\n<p class=\"\" data-start=\"4244\" data-end=\"4284\"><strong data-start=\"4244\" data-end=\"4263\">Gr\u012bdas plat\u012bba:<\/strong> 28,25 m\u00b2 (306 ft\u00b2)<\/p>\n<\/li>\n<li class=\"\" data-start=\"4285\" data-end=\"4322\">\n<p class=\"\" data-start=\"4287\" data-end=\"4322\"><strong data-start=\"4287\" data-end=\"4300\">Diametrs:<\/strong> 600 (6m \/ 19ft 8in)<\/p>\n<\/li>\n<li class=\"\" data-start=\"4323\" data-end=\"4358\">\n<p class=\"\" data-start=\"4325\" data-end=\"4358\"><strong data-start=\"4325\" data-end=\"4338\">Augstums:<\/strong> 355 cm (11ft 8in)<\/p>\n<\/li>\n<li class=\"\" data-start=\"4359\" data-end=\"4400\">\n<p class=\"\" data-start=\"4361\" data-end=\"4400\"><strong data-start=\"4361\" data-end=\"4381\">Durvju augstums:<\/strong> 185 cm (6ft 1in)<\/p>\n<\/li>\n<li class=\"\" data-start=\"4401\" data-end=\"4443\">\n<p class=\"\" data-start=\"4403\" data-end=\"4443\"><strong data-start=\"4403\" data-end=\"4430\">Maksim\u0101lais kapacit\u0101te:<\/strong> 12 cilv\u0113ki<\/p>\n<\/li>\n<li class=\"\" data-start=\"4444\" data-end=\"4501\">\n<p class=\"\" data-start=\"4446\" data-end=\"4501\"><strong data-start=\"4446\" data-end=\"4462\">Auduma tips:<\/strong> Klasisks (285 gr\/m\u00b2 vai 8.44 oz\/yd\u00b2)<\/p>\n<\/li>\n<li class=\"\" data-start=\"4502\" data-end=\"4532\">\n<p class=\"\" data-start=\"4504\" data-end=\"4532\"><strong data-start=\"4504\" data-end=\"4522\">\u016adens kolonna:<\/strong> 3000 mm<\/p>\n<\/li>\n<li class=\"\" data-start=\"4533\" data-end=\"4591\">\n<p class=\"\" data-start=\"4535\" data-end=\"4591\"><strong data-start=\"4535\" data-end=\"4556\">Gr\u012bdas materi\u0101ls:<\/strong> PVC (540 gr\/m\u00b2 vai 15.93 oz\/yd\u00b2)<\/p>\n<\/li>\n<li class=\"\" data-start=\"4592\" data-end=\"4634\">\n<p class=\"\" data-start=\"4594\" data-end=\"4634\"><strong data-start=\"4594\" data-end=\"4618\">Gr\u012bdas stiprin\u0101jums:<\/strong> R\u0101v\u0113jsl\u0113dz\u0113js<\/p>\n<\/li>\n<li class=\"\" data-start=\"4635\" data-end=\"4664\">\n<p class=\"\" data-start=\"4637\" data-end=\"4664\"><strong data-start=\"4637\" data-end=\"4654\">Sieta durvis:<\/strong> Ie\u0161\u016btas<\/p>\n<\/li>\n<li class=\"\" data-start=\"4665\" data-end=\"4695\">\n<p class=\"\" data-start=\"4667\" data-end=\"4695\"><strong data-start=\"4667\" data-end=\"4690\">Sienas ventil\u0101cija:<\/strong> J\u0101<\/p>\n<\/li>\n<li class=\"\" data-start=\"4696\" data-end=\"4726\">\n<p class=\"\" data-start=\"4698\" data-end=\"4726\"><strong data-start=\"4698\" data-end=\"4715\">Mieti\u0146u tips:<\/strong> Iztur\u012bgi<\/p>\n<\/li>\n<li class=\"\" data-start=\"4727\" data-end=\"4762\">\n<p class=\"\" data-start=\"4729\" data-end=\"4762\"><strong data-start=\"4729\" data-end=\"4757\">Iek\u0161\u0113j\u0101s telts sader\u012bba:<\/strong> J\u0101<\/p>\n<\/li>\n<li class=\"\" data-start=\"4763\" data-end=\"4794\">\n<p class=\"\" data-start=\"4765\" data-end=\"4794\"><strong data-start=\"4765\" data-end=\"4784\">Kop\u0113jais svars:<\/strong> 49,5 kg<\/p>\n<\/li>\n<li class=\"\" data-start=\"4795\" data-end=\"4824\">\n<p class=\"\" data-start=\"4797\" data-end=\"4824\"><strong data-start=\"4797\" data-end=\"4814\">Auduma svars:<\/strong> 38,5 kg<\/p>\n<\/li>\n<li class=\"\" data-start=\"4825\" data-end=\"4851\">\n<p class=\"\" data-start=\"4827\" data-end=\"4851\"><strong data-start=\"4827\" data-end=\"4843\">Stabu svars:<\/strong> 11 kg<\/p>\n<\/li>\n<li class=\"\" data-start=\"4852\" data-end=\"4967\">\n<p class=\"\" data-start=\"4854\" data-end=\"4883\"><strong data-start=\"4854\" data-end=\"4881\">Iepakojuma izm\u0113ri (cm):<\/strong><\/p>\n<ul data-start=\"4886\" data-end=\"4967\">\n<li class=\"\" data-start=\"4886\" data-end=\"4911\">\n<p class=\"\" data-start=\"4888\" data-end=\"4911\">Kaste 1: 79 x 39 x 21<\/p>\n<\/li>\n<li class=\"\" data-start=\"4914\" data-end=\"4939\">\n<p class=\"\" data-start=\"4916\" data-end=\"4939\">Kaste 2: 79 x 39 x 15<\/p>\n<\/li>\n<li class=\"\" data-start=\"4942\" data-end=\"4967\">\n<p class=\"\" data-start=\"4944\" data-end=\"4967\">Kaste 3: 97 x 21 x 14<\/p>\n<\/li>\n<\/ul>\n<\/li>\n<\/ul>\n<hr class=\"\" data-start=\"4969\" data-end=\"4972\" \/>\n<p class=\"\" data-start=\"4974\" data-end=\"4992\"><strong data-start=\"4974\" data-end=\"4992\">Komplekt\u0101cija:<\/strong><\/p>\n<ul data-start=\"4994\" data-end=\"5535\">\n<li class=\"\" data-start=\"4994\" data-end=\"5042\">\n<p class=\"\" data-start=\"4996\" data-end=\"5042\">Klasisk\u0101 auduma telts (285 gr\/m\u00b2 polikotons)<\/p>\n<\/li>\n<li class=\"\" data-start=\"5043\" data-end=\"5094\">\n<p class=\"\" data-start=\"5045\" data-end=\"5094\">Iz\u0146emama PVC gr\u012bda ar r\u0101v\u0113jsl\u0113dz\u0113ju (540 gr\/m\u00b2)<\/p>\n<\/li>\n<li class=\"\" data-start=\"5095\" data-end=\"5120\">\n<p class=\"\" data-start=\"5097\" data-end=\"5120\">1 ie\u0161\u016bta sieta durvis<\/p>\n<\/li>\n<li class=\"\" data-start=\"5121\" data-end=\"5174\">\n<p class=\"\" data-start=\"5123\" data-end=\"5174\">42mm atsperes centr\u0101lais stabs ar gumijas k\u0101ji\u0146\u0101m<\/p>\n<\/li>\n<li class=\"\" data-start=\"5175\" data-end=\"5213\">\n<p class=\"\" data-start=\"5177\" data-end=\"5213\">20mm atsperes durvju A-r\u0101mja stabs<\/p>\n<\/li>\n<li class=\"\" data-start=\"5214\" data-end=\"5290\">\n<p class=\"\" data-start=\"5216\" data-end=\"5290\">16 spriegot\u0101ji ar virv\u0113m (pirmreiz\u0113jai uzst\u0101d\u012b\u0161anai j\u0101piestiprina pa\u0161am)<\/p>\n<\/li>\n<li class=\"\" data-start=\"5291\" data-end=\"5312\">\n<p class=\"\" data-start=\"5293\" data-end=\"5312\">16 virvju mieti\u0146i<\/p>\n<\/li>\n<li class=\"\" data-start=\"5313\" data-end=\"5334\">\n<p class=\"\" data-start=\"5315\" data-end=\"5334\">17 gr\u012bdas mieti\u0146i<\/p>\n<\/li>\n<li class=\"\" data-start=\"5335\" data-end=\"5379\">\n<p class=\"\" data-start=\"5337\" data-end=\"5379\">4 \u201cno-see-um\u201d sieta ventil\u0101cijas atveres<\/p>\n<\/li>\n<li class=\"\" data-start=\"5380\" data-end=\"5433\">\n<p class=\"\" data-start=\"5382\" data-end=\"5433\">4 \u201cno-see-um\u201d pusm\u0113ness logi ar aizveramu p\u0101rsegu<\/p>\n<\/li>\n<li class=\"\" data-start=\"5434\" data-end=\"5472\">\n<p class=\"\" data-start=\"5436\" data-end=\"5472\">Kokvilnas auduma p\u0101rn\u0113s\u0101\u0161anas soma<\/p>\n<\/li>\n<li class=\"\" data-start=\"5473\" data-end=\"5505\">\n<p class=\"\" data-start=\"5475\" data-end=\"5505\">Maisi\u0146i stabiem un mieti\u0146iem<\/p>\n<\/li>\n<li class=\"\" data-start=\"5506\" data-end=\"5535\">\n<p class=\"\" data-start=\"5508\" data-end=\"5535\">Atsperu remonta komplekts<\/p>\n<\/li>\n<\/ul>\n","protected":false},"excerpt":{"rendered":"<p>Sibley 600 ir ide\u0101ls risin\u0101jums 6 glamping ce\u013cot\u0101jiem ar &#8220;queen&#8221; izm\u0113ra gult\u0101m vai l\u012bdz pat 12 nometniekiem ar gu\u013cam\u0101m pakl\u0101jiem.<\/p>\n","protected":false},"featured_media":16482,"comment_status":"closed","ping_status":"closed","template":"","meta":[],"product_brand":[80],"product_cat":[118,124],"product_tag":[],"class_list":{"0":"post-17570","1":"product","2":"type-product","3":"status-publish","4":"has-post-thumbnail","6":"product_brand-canvas-camps","7":"product_cat-audekla-teltis","8":"product_cat-sibley-ultimate-lv","10":"first","11":"instock","12":"purchasable","13":"product-type-simple"},"jetpack_sharing_enabled":true,"_links":{"self":[{"href":"https:\/\/fancyadventurefactory.com\/lv\/wp-json\/wp\/v2\/product\/17570","targetHints":{"allow":["GET"]}}],"collection":[{"href":"https:\/\/fancyadventurefactory.com\/lv\/wp-json\/wp\/v2\/product"}],"about":[{"href":"https:\/\/fancyadventurefactory.com\/lv\/wp-json\/wp\/v2\/types\/product"}],"replies":[{"embeddable":true,"href":"https:\/\/fancyadventurefactory.com\/lv\/wp-json\/wp\/v2\/comments?post=17570"}],"version-history":[{"count":1,"href":"https:\/\/fancyadventurefactory.com\/lv\/wp-json\/wp\/v2\/product\/17570\/revisions"}],"predecessor-version":[{"id":17571,"href":"https:\/\/fancyadventurefactory.com\/lv\/wp-json\/wp\/v2\/product\/17570\/revisions\/17571"}],"wp:featuredmedia":[{"embeddable":true,"href":"https:\/\/fancyadventurefactory.com\/lv\/wp-json\/wp\/v2\/media\/16482"}],"wp:attachment":[{"href":"https:\/\/fancyadventurefactory.com\/lv\/wp-json\/wp\/v2\/media?parent=17570"}],"wp:term":[{"taxonomy":"product_brand","embeddable":true,"href":"https:\/\/fancyadventurefactory.com\/lv\/wp-json\/wp\/v2\/product_brand?post=17570"},{"taxonomy":"product_cat","embeddable":true,"href":"https:\/\/fancyadventurefactory.com\/lv\/wp-json\/wp\/v2\/product_cat?post=17570"},{"taxonomy":"product_tag","embeddable":true,"href":"https:\/\/fancyadventurefactory.com\/lv\/wp-json\/wp\/v2\/product_tag?post=17570"}],"curies":[{"name":"wp","href":"https:\/\/api.w.org\/{rel}","templated":true}]}}