{"id":17586,"date":"2025-02-07T07:29:35","date_gmt":"2025-02-07T07:29:35","guid":{"rendered":"https:\/\/fancyadventurefactory.com\/?post_type=product&#038;p=17586"},"modified":"2025-04-05T10:53:19","modified_gmt":"2025-04-05T10:53:19","slug":"sibley-800-protech-double-door","status":"publish","type":"product","link":"https:\/\/fancyadventurefactory.com\/lv\/product\/sibley-800-protech-double-door\/","title":{"rendered":"Sibley 800 ProTech Double Door"},"content":{"rendered":"<p class=\"\" data-start=\"47\" data-end=\"407\">Sibley 800 ir milz\u012bgs kanvas telts, kura diametrs ir 8 m (26 p\u0113das 3 collas), ar gr\u012bdas plat\u012bbu 47 m\u00b2 (506 kv. p\u0113das). Sibley 800 \u0113rti uz\u0146ems visu un visus. Pla\u0161\u0101 gr\u012bdas plat\u012bba, augst\u0101s griesti un divas A-veida durvis nodro\u0161ina bezgal\u012bgas iesp\u0113jas gan ultra-luksus glampinga konfigur\u0101cij\u0101m ar pilnu m\u0113be\u013cu komplektu, gan lielas grupas kempinga pielietojumiem.<\/p>\n<p class=\"\" data-start=\"409\" data-end=\"891\">Visi m\u016bsu ProTech mode\u013ci ir piln\u012bb\u0101 apr\u012bkoti ar funkcij\u0101m \u0113rtai lieto\u0161anai un piel\u0101gojam\u012bbai da\u017e\u0101d\u0101s klimata zon\u0101s. \u013boti elpojo\u0161a m\u016bsu PRO kanvas (320 gr\/m\u00b2 vai 9.44 oz\/yd\u00b2) ir impregn\u0113ta ar \u016bdens, pel\u0113juma un UV iztur\u012bbu. Gr\u012bdas segums, kas ne\u013cauj \u016bdenim un tvaikiem iek\u013c\u016bt, ir tagad ultra-p\u0101rkl\u0101ts ar rip-stop tehnolo\u0123iju (650 gr\/m\u00b2 vai 19.17 oz\/yd\u00b2). 360\u00b0 sieta sienas ventil\u0101cijai un insektu aizsardz\u012bbai var tikt \u0113rti uzglab\u0101tas vai piln\u012bb\u0101 no\u0146emtas, kad t\u0101s netiek izmantotas.<\/p>\n<p class=\"\" data-start=\"893\" data-end=\"1379\"><strong data-start=\"893\" data-end=\"917\">Divas A-veida durvis<\/strong> Divas A-veida durvis, kas atrodas pret\u0113j\u0101s pus\u0113s Sibley 800 telt\u012b, nodro\u0161ina br\u012bvu piek\u013cuvi ar 200 cm (6,5 p\u0113du) br\u012bvu vietu. Dubultas durvis \u013cauj liel\u0101k\u0101m grup\u0101m vai \u0123imen\u0113m \u0113rti ieiet vai iziet no telts no ab\u0101m pus\u0113m, netrauc\u0113jot otru pusi. Dvielu durvju sist\u0113ma padara &#8220;priek\u0161\u0113jo d\u0101rzu&#8221; un &#8220;aizmugur\u0113jo d\u0101rzu&#8221; pieejamus un pievilc\u012bgus. Telt\u012b ir netrauc\u0113tas skatu iesp\u0113jas divos virzienos, un Sibley 800 Double Door izskat\u0101s lieliski gan iek\u0161pus\u0113, gan \u0101rpus\u0113.<\/p>\n<p class=\"\" data-start=\"1381\" data-end=\"2037\">Sibley rakstur\u012bg\u0101s A-veida durvis \u013cauj viegli ieiet un iziet, un t\u0101s notur kanvas 90 gr\u0101du le\u0146\u0137\u012b attiec\u012bb\u0101 pret zemi, nov\u0113r\u0161ot lietus iek\u013c\u016b\u0161anu telt\u012b, kad ieejat vai izn\u0101ciet. Gr\u012bda ir apr\u012bkota ar \u010detr\u0101m siksn\u0101m, kas dro\u0161i notur durvju stabus viet\u0101. A-veida durvju aug\u0161da\u013c\u0101 ir piestiprin\u0101ts pins, kas s\u0113\u017e caurum\u0101 durvju virsotn\u0113, nodro\u0161inot pareizu izvietojumu. Virs pin un cauruma tiek novietota lietus v\u0101ci\u0146\u0161, lai nov\u0113rstu lietus notec\u0113\u0161anu pa stabiem. Kanvas durvis aizveras vertik\u0101li un gar vannojo\u0161o gr\u012bdu. Katrs durvju s\u0101ns ir apr\u012bkots ar cilp\u0101m un virv\u0113m, lai k\u0101rt\u012bgi sasietu kanvas un\/vai sieta durvis un tur\u0113tu t\u0101s va\u013c\u0101, kad t\u0101s netiek izmantotas.<\/p>\n<p class=\"\" data-start=\"2039\" data-end=\"2779\"><strong data-start=\"2039\" data-end=\"2073\">Sieta sienas: 360\u00b0 ProTechtion<\/strong> Tradicion\u0101lie kempinga kait\u0113k\u013ci, piem\u0113ram, kukai\u0146i un dz\u012bvnieki, k\u013c\u016bst par liel\u0101ku draudu kempingot\u0101jiem, \u0146emot v\u0113r\u0101 vektoru izrais\u012btu slim\u012bbu, piem\u0113ram, Ziku, Rietumu N\u012blas un m\u0113ra, pieaugumu. M\u016bsu ProTech s\u0113rij\u0101 ir sieta siena, kas piestiprin\u0101s pie gr\u012bdas seguma un p\u0101rsega, \u013caujot jums pacelt kanvas sienas maksim\u0101lai ventil\u0101cijai, vienlaikus saglab\u0101jot j\u016bsu telti sl\u0113gtu pret kait\u0113k\u013ciem. Sieta sienas tiek savienotas ar sieta durv\u012bm, izmantojot papildu Velcro, lai nodro\u0161in\u0101tu dro\u0161u bl\u012bv\u0113jumu, pied\u0101v\u0101jot pilnu 360\u00b0 sieta p\u0101rkl\u0101jumu. Kad t\u0101s netiek izmantotas, sieta sienas var tikt paceltas un \u0113rti uzglab\u0101tas ar iek\u0161\u0113jo cilpu un cilpu sist\u0113mu uz p\u0101rsega iek\u0161puses, vai t\u0101s var tikt iz\u0146emtas piln\u012bb\u0101.<\/p>\n<p class=\"\" data-start=\"2781\" data-end=\"3437\"><strong data-start=\"2781\" data-end=\"2849\">Rull\u0113jam\u0101s s\u0101nu sienas un r\u0101v\u0113jsl\u0113dz\u0113js gr\u012bdas segums: Pro Grade<\/strong> M\u016bsu ProTech gr\u012bdas segumi tiek piestiprin\u0101ti pie telts ar r\u0101v\u0113jsl\u0113dz\u0113ju un ir izgatavoti no bieza, termiski metin\u0101ta, rip-stop PVC (650 gr\/m\u00b2 vai 19.17 oz\/yd\u00b2). Piln\u012bb\u0101 \u016bdens un tvaikiem necaurlaid\u012bgs &#8220;vannas stila&#8221; gr\u012bdas segums pace\u013cas 10 cm (4 collas) augstum\u0101, lai saglab\u0101tu sausu pat st\u0101vo\u0161\u0101 \u016bden\u012b. Izmantojot smag\u0101 izm\u0113ra 10 r\u0101v\u0113jsl\u0113dz\u0113ju, lai piestiprin\u0101tu s\u0101nu sienu pie gr\u012bdas seguma, varat atv\u0113rt gr\u012bdu, lai paceltu kanvas sienas maksim\u0101lai ventil\u0101cijai vai piln\u012bb\u0101 no\u0146emt gr\u012bdas segumu transport\u0113\u0161anai, uzglab\u0101\u0161anai, t\u012br\u012b\u0161anai vai vienk\u0101r\u0161i baud\u012bt z\u0101li vai smiltis zem k\u0101j\u0101m.<\/p>\n<p class=\"\" data-start=\"3439\" data-end=\"3692\"><strong data-start=\"3439\" data-end=\"3470\">Pro Integr\u0113tas sieta durvis<\/strong> Sibley 800 ProTech Double Door ir divas ie\u0161\u016btas &#8220;no-see-um&#8221; sieta durvis, papildus tradicion\u0101laj\u0101m kanvas durv\u012bm. Telts ir apr\u012bkota ar cilp\u0101m ab\u0101s durvju pus\u0113s, lai k\u0101rt\u012bgi sasietu sieta durvis, kad t\u0101s netiek izmantotas.<\/p>\n<p class=\"\" data-start=\"3694\" data-end=\"4103\"><strong data-start=\"3694\" data-end=\"3723\">Pro Virves un Spriegot\u0101ji<\/strong> Pirm\u0101s uzst\u0101d\u012b\u0161anas laik\u0101 b\u016bs viegli izmantot Pro virves, kas ir jau pievienotas pie telts un cauri m\u016bsu spriegot\u0101jiem. Pro kvalit\u0101tes virves ir atjaunin\u0101tas ar ad\u012bto neilona virvi, lai padar\u012btu sprieguma regul\u0113\u0161anu viegl\u0101ku. Pro virves ir 5 mm biezas un apstr\u0101d\u0101tas ar papildu UV iztur\u012bbu. Plastmasas spriegot\u0101ji nov\u0113r\u0161 malas grie\u0161anos virv\u0113s, pagarina j\u016bsu telts dz\u012bves ilgumu.<\/p>\n<p class=\"\" data-start=\"4105\" data-end=\"4758\"><strong data-start=\"4105\" data-end=\"4135\">Pro Stiprin\u0101jumi un Kolos\u0101<\/strong> \u012apa\u0161i paredz\u0113ti liel\u0101m v\u0113jam vai ciet\u0101m un akme\u0146ain\u0101m virsm\u0101m, m\u016bsu Pro stiprin\u0101jumi ir izgatavoti no t\u0101 pa\u0161a augst\u0101k\u0101s kvalit\u0101tes nikel\u0113ta t\u0113rauda, no kura tiek ra\u017eoti m\u016bsu stabi. CanvasCamp ekskluz\u012bvie Pro virves stiprin\u0101jumi ir 24 cm (9,5 collas) sl\u012bpi un ar asiem galiem, lai notur\u0113tu ar\u012b uz sasalu\u0161a vai akme\u0146aina zemes. T-veida \u0101\u0137is ir metin\u0101ts pie stie\u0146a galvas, lai nov\u0113rstu virves sl\u012bd\u0113\u0161anu pat stipr\u0101 v\u0113ja laik\u0101. Pro gr\u012bdas stiprin\u0101jumi ir 50% biez\u0101ki nek\u0101 standarta stiprin\u0101jumi. Gr\u012bdas stiprin\u0101jumi ir apa\u013ci, lai viegli sl\u012bd\u0113tu caur caurumiem gr\u012bdas segum\u0101, un tiem ir \u0101\u0137veida aug\u0161da\u013ca, lai tur\u0113tu gr\u012bdu viet\u0101.<\/p>\n<p class=\"\" data-start=\"4760\" data-end=\"5178\"><strong data-start=\"4760\" data-end=\"4790\">Pro Pavasara Iel\u0101des Stabi<\/strong> PRO s\u0113rijas stabi ir padar\u012bti daudz stipr\u0101ki nek\u0101 standarta stabi, kas iek\u013cauti Standard, Deluxe un Ultimate s\u0113rij\u0101s. Papildu smagais centr\u0101lais stabs 800 ir 50 mm (2 collas) diametr\u0101. Iek\u0161\u0113jie stieples, kas ir iel\u0101d\u0113tas ar atsper\u0113m, vada stabu da\u013cas kop\u0101 \u0101trai un vieglai mont\u0101\u017eai. Centr\u0101laj\u0101 stab\u0101 ir metin\u0101ts lanyard gredzens, ko var izmantot, lai pievienotu iek\u0161\u0113jo telti vai lustru.<\/p>\n<p class=\"\" data-start=\"5180\" data-end=\"5886\"><strong data-start=\"5180\" data-end=\"5194\">Pro Kanvas<\/strong> Pro kanvas (320 gr\/m\u00b2 vai 9.44 oz\/yd\u00b2) ir vislab\u0101kais kanvas premium zvanu telt\u012bm, bet tas nav tikai par svaru. M\u016bsu patent\u0113tais Pro p\u0101rkl\u0101jums pievieno papildu \u016bdensnecaurlaid\u012bbu dabiskajai kanvas \u016bdensiztur\u012bbai, k\u0101 ar\u012b pel\u0113juma un UV iztur\u012bbu. Pro kanvas ir paredz\u0113ta ilgtermi\u0146a lieto\u0161anai un da\u017e\u0101diem klimatiem. Sabalans\u0113ta elpojam\u012bba, \u016bdensnecaurlaid\u012bba un iztur\u012bba; Pro kanvas ir ide\u0101li piem\u0113rota \u0113rtam kempingam visos 4 gadalaikos. Ar laiku remont\u0113jama un atjaunojama, pareizi uztur\u0113ta, Pro kanvas var kalpot gadiem ilgi. D\u016briens, plakans stils jumta un s\u0101nu sienu \u0161uv\u0113s, \u0161uvju pleci, un dubult\u0101 konstrukcija visos stresu punktos veido zvanu telti, kas ir tikpat iztur\u012bga, cik skaista.<\/p>\n<p class=\"\" data-start=\"5888\" data-end=\"6328\">100% Kokvilnas kanvas M\u016bsu Sibley kanvas ir izgatavota tikai no 100% kokvilnas. Kokvilna tiek ieg\u016bta no \u0161\u012b iztur\u012bg\u0101 un sausumu iztur\u012bg\u0101 auga s\u0113klu mati\u0146iem. Ilgtsp\u0113j\u012bga, atjaunojama un viena no visvair\u0101k biolo\u0123iski no\u0101rd\u0101m\u0101m audumiem uz zemes. M\u016bsu kanvas ir m\u012bksta, dabiska, zemes to\u0146a smil\u0161kr\u0101sas, kas mirdz iek\u0161pus\u0113 un \u0101rpus\u0113 ar dabisku vai m\u0101ksl\u012bgu apgaismojumu. CanvasCamp ir vien\u012bgais teltis ra\u017eot\u0101js, kas nes ofici\u0101lo Cotton\u00ae z\u012bmogu.<\/p>\n<p class=\"\" data-start=\"6330\" data-end=\"6729\"><strong data-start=\"6330\" data-end=\"6354\">Logi un ventil\u0101cijas<\/strong> Katrai Sibley telt\u012bm ir logi un ventil\u0101cijas ar &#8220;no-see-um&#8221; sieta p\u0101rkl\u0101jumu, lai tur\u0113tu kukai\u0146us \u0101r\u0101, vienlaikus nodro\u0161inot ventil\u0101ciju un gaisa pl\u016bsmu. M\u016bsu pusm\u0113ness logiem ir r\u0101v\u0113jsl\u0113dz\u0113ja p\u0101rkl\u0101ji, kas \u013cauj piel\u0101got v\u0113lamo ventil\u0101cijas un priv\u0101tuma l\u012bmeni. Katram logam ir cilpas stiprin\u0101jumi, lai k\u0101rt\u012bgi tur\u0113tu p\u0101rkl\u0101jus, kad logi tiek atv\u0113rtas. Sibley 700 ir 4 logi.<\/p>\n<p class=\"\" data-start=\"0\" data-end=\"19\"><strong data-start=\"0\" data-end=\"19\">Kr\u0101sns sader\u012bba<\/strong><\/p>\n<p class=\"\" data-start=\"21\" data-end=\"802\">Visas CanvasCamp teltis viegli piel\u0101gojamas izmanto\u0161anai ar koka dedzin\u0101\u0161anas kr\u0101sni. Pareiza kr\u0101sns novietojums ir atkar\u012bgs no kr\u0101sns lieluma, telts lieluma, d\u016bmu izvades stila, v\u0113lam\u0101s temperat\u016bras un vides, kur\u0101 pl\u0101nojat apmesties. Viena izm\u0113ra pieeja visiem, pirmsinstal\u0113ti kr\u0101sns izpl\u016bdes atveres nodro\u0161ina tikai ierobe\u017eotu piel\u0101go\u0161anas iesp\u0113ju, lai nodro\u0161in\u0101tu ide\u0101lu kr\u0101sns novietojumu un maksim\u0101lu lietder\u012bbu. Lai nodro\u0161in\u0101tu pareizu novietojumu un ide\u0101lu efektivit\u0101ti, CanvasCamp pied\u0101v\u0101 modul\u0101ras kr\u0101sns izpl\u016bdes atveres (p\u0101rdodamas atsevi\u0161\u0137i), kuras var viegli uzst\u0101d\u012bt jebkur\u0101 kokvilnas kanvas zvanu telt\u012b tikai da\u017eu min\u016b\u0161u laik\u0101. Kr\u0101sns izpl\u016bdes atveres ir pieejamas da\u017e\u0101dos formas un izm\u0113ros, t\u0101p\u0113c varat izv\u0113l\u0113ties atveri, kas piln\u012bgi atbilst j\u016bsu teltij un kr\u0101snij.<\/p>\n<p class=\"\" data-start=\"804\" data-end=\"943\">Lasiet m\u016bsu blogu vai sazinieties ar mums, lai uzzin\u0101tu vair\u0101k par lab\u0101ko kr\u0101sni un t\u0101s novietojumu j\u016bsu konkr\u0113tajai lieto\u0161anas vajadz\u012bbai.<\/p>\n<p class=\"\" data-start=\"945\" data-end=\"1603\">Canvas zvanu teltis nav paredz\u0113tas izmanto\u0161anai ar atkl\u0101t\u0101m ugunskura bedr\u0113m. Ugunsdro\u0161\u012bba ir lietot\u0101ja atbild\u012bba. M\u0113s aicin\u0101m j\u016bs izgl\u012btot sevi un iev\u0113rot r\u016bp\u012bgu ugunsdro\u0161\u012bbu. Lasiet m\u016bsu FAQ un blogus, lai uzzin\u0101tu vair\u0101k par ugunsdro\u0161\u012bbu. Nevilcinieties sazin\u0101ties ar mums, ja jums ir k\u0101di jaut\u0101jumi vai ba\u017eas jebkur\u0101 laik\u0101. Pirms uguns iedeg\u0161anas vienm\u0113r p\u0101rbaudiet viet\u0113jos ugunsdro\u0161\u012bbas ierobe\u017eojumus, jo noteikumi un regulas var main\u012bties bie\u017ei vis\u0101 gad\u0101. CanvasCamp nevar uz\u0146emties atbild\u012bbu par jebk\u0101diem boj\u0101jumiem vai traum\u0101m, kas radu\u0161\u0101s no uguns vai viegli uzliesmojo\u0161u materi\u0101lu izmanto\u0161anas vai nepareizas lieto\u0161anas m\u016bsu telt\u012bs vai to tuvum\u0101.<\/p>\n<p class=\"\" data-start=\"1605\" data-end=\"2421\"><strong data-start=\"1605\" data-end=\"1628\">Papildu inform\u0101cija<\/strong><br data-start=\"1628\" data-end=\"1631\" \/>Gr\u012bdas plat\u012bba: 47,7 m\u00b2 (513 ft\u00b2)<br data-start=\"1664\" data-end=\"1667\" \/>Diametrs: 800 (8m\/26ft)<br data-start=\"1690\" data-end=\"1693\" \/>Augstums: 400 cm (13ft 1in)<br data-start=\"1720\" data-end=\"1723\" \/>Durvju augstums: 200 cm (6ft 6in)<br data-start=\"1756\" data-end=\"1759\" \/>Maksim\u0101l\u0101 kapacit\u0101te: 20 cilv\u0113ki<br data-start=\"1791\" data-end=\"1794\" \/>Kanvas veids: Pro (320 gr\/m\u00b2 vai 9.44 oz\/yd\u00b2)<br data-start=\"1839\" data-end=\"1842\" \/>\u016adens kolonna: 3500mm<br data-start=\"1863\" data-end=\"1866\" \/>Gr\u012bdas materi\u0101ls: Pro (650 gr\/m\u00b2 vai 19.17 oz\/yd\u00b2)<br data-start=\"1916\" data-end=\"1919\" \/>Gr\u012bdas stiprin\u0101jums: R\u0101v\u0113jsl\u0113dz\u0113js<br data-start=\"1953\" data-end=\"1956\" \/>Atsperu durvju veids: \u0160\u016bts iek\u0161\u0113jais<br data-start=\"1992\" data-end=\"1995\" \/>Iek\u0161\u0113j\u0101s sieta sienas: J\u0101<br data-start=\"2020\" data-end=\"2023\" \/>Stiprin\u0101jumu veids: Augstas iztur\u012bbas<br data-start=\"2060\" data-end=\"2063\" \/>Sader\u012bba ar iek\u0161\u0113jo telti: Nav<br data-start=\"2093\" data-end=\"2096\" \/>Sienas augstums: 75 cm<br data-start=\"2118\" data-end=\"2121\" \/>Iepakojuma izm\u0113ri (1) (cm): 78 x 39 x 52<br data-start=\"2161\" data-end=\"2164\" \/>Iepakojuma izm\u0113ri (2) (cm): 78 x 39 x 24<br data-start=\"2204\" data-end=\"2207\" \/>Iepakojuma izm\u0113ri (3) (cm): 120 x 20 x 20<br data-start=\"2248\" data-end=\"2251\" \/>Iepakojums 1 (gr\u012bdas segums): 78 x 39 x 24 cm &#8211; 27,50 kg<br data-start=\"2307\" data-end=\"2310\" \/>Iepakojums 2 (kanvas): 78 x 39 x 53 cm &#8211; 53,50 kg<br data-start=\"2359\" data-end=\"2362\" \/>Iepakojums 3 (stabu komplekts): 120 x 20 x 20 cm &#8211; 17,50 kg<\/p>\n","protected":false},"excerpt":{"rendered":"<p>Sibley 800 ir milz\u012bgs kanvas telts, kura diametrs ir 8 m (26 p\u0113das 3 collas), ar gr\u012bdas plat\u012bbu 47 m\u00b2<\/p>\n","protected":false},"featured_media":16522,"comment_status":"closed","ping_status":"closed","template":"","meta":[],"product_brand":[80],"product_cat":[118,123],"product_tag":[],"class_list":{"0":"post-17586","1":"product","2":"type-product","3":"status-publish","4":"has-post-thumbnail","6":"product_brand-canvas-camps","7":"product_cat-audekla-teltis","8":"product_cat-sibley-protech-lv","10":"first","11":"instock","12":"purchasable","13":"product-type-simple"},"jetpack_sharing_enabled":true,"_links":{"self":[{"href":"https:\/\/fancyadventurefactory.com\/lv\/wp-json\/wp\/v2\/product\/17586","targetHints":{"allow":["GET"]}}],"collection":[{"href":"https:\/\/fancyadventurefactory.com\/lv\/wp-json\/wp\/v2\/product"}],"about":[{"href":"https:\/\/fancyadventurefactory.com\/lv\/wp-json\/wp\/v2\/types\/product"}],"replies":[{"embeddable":true,"href":"https:\/\/fancyadventurefactory.com\/lv\/wp-json\/wp\/v2\/comments?post=17586"}],"version-history":[{"count":1,"href":"https:\/\/fancyadventurefactory.com\/lv\/wp-json\/wp\/v2\/product\/17586\/revisions"}],"predecessor-version":[{"id":17587,"href":"https:\/\/fancyadventurefactory.com\/lv\/wp-json\/wp\/v2\/product\/17586\/revisions\/17587"}],"wp:featuredmedia":[{"embeddable":true,"href":"https:\/\/fancyadventurefactory.com\/lv\/wp-json\/wp\/v2\/media\/16522"}],"wp:attachment":[{"href":"https:\/\/fancyadventurefactory.com\/lv\/wp-json\/wp\/v2\/media?parent=17586"}],"wp:term":[{"taxonomy":"product_brand","embeddable":true,"href":"https:\/\/fancyadventurefactory.com\/lv\/wp-json\/wp\/v2\/product_brand?post=17586"},{"taxonomy":"product_cat","embeddable":true,"href":"https:\/\/fancyadventurefactory.com\/lv\/wp-json\/wp\/v2\/product_cat?post=17586"},{"taxonomy":"product_tag","embeddable":true,"href":"https:\/\/fancyadventurefactory.com\/lv\/wp-json\/wp\/v2\/product_tag?post=17586"}],"curies":[{"name":"wp","href":"https:\/\/api.w.org\/{rel}","templated":true}]}}