{"id":17592,"date":"2025-02-07T07:28:36","date_gmt":"2025-02-07T07:28:36","guid":{"rendered":"https:\/\/fancyadventurefactory.com\/?post_type=product&#038;p=17592"},"modified":"2025-04-05T10:58:09","modified_gmt":"2025-04-05T10:58:09","slug":"tipi-500-ultimate","status":"publish","type":"product","link":"https:\/\/fancyadventurefactory.com\/lv\/product\/tipi-500-ultimate\/","title":{"rendered":"Tipi 500 Ultimate"},"content":{"rendered":"<p class=\"\" data-start=\"60\" data-end=\"174\"><strong data-start=\"60\" data-end=\"174\">500 ir ide\u0101ls 4 luksusa kempinga viesiem uz karalienes gult\u0101m vai l\u012bdz pat 8 kemp\u0113jo\u0161ajiem uz gu\u013camspilveniem.<\/strong><\/p>\n<p class=\"\" data-start=\"176\" data-end=\"524\"><strong data-start=\"176\" data-end=\"213\">Dinamisks konisk\u0101s formas dizains<\/strong><br data-start=\"213\" data-end=\"216\" \/>Tipi konisk\u0101 forma, ko pla\u0161i izmantoja Zieme\u013camerikas indi\u0101\u0146i Lielajos l\u012bdzenumos, lab\u0101k nek\u0101 jebkura cita teltis forma atbr\u012bvo no v\u0113ja, lietus un sniega. Viena centr\u0101l\u0101 stabs nodro\u0161ina nep\u0101rsp\u0113jamu stiep\u0161an\u0101s sp\u0113ku, kas sasniedz pat zemi. Pareizi uzsistais tipi var iztur\u0113t v\u0113tras sp\u0113ka v\u0113ju un smagu snigu!<\/p>\n<p class=\"\" data-start=\"526\" data-end=\"863\"><strong data-start=\"526\" data-end=\"548\">Savilk\u0161anas sienas<\/strong><br data-start=\"548\" data-end=\"551\" \/>Vai karstaj\u0101s vasaras dien\u0101s v\u0113laties vair\u0101k gaisa pl\u016bsmas telt\u012b? Tipi virves sist\u0113ma ir \u012bpa\u0161i izstr\u0101d\u0101ta, lai to saspringtu un nodro\u0161in\u0101tu papildu gaisa pl\u016bsmu! Vienk\u0101r\u0161i atveriet gr\u012bdu, atbr\u012bvojiet audumu no stabiem un sasprindziniet virves, lai izveidotu &#8220;peld\u0113jo\u0161u&#8221; tipi, kas nodro\u0161ina maksim\u0101lu ventil\u0101ciju.<\/p>\n<p class=\"\" data-start=\"865\" data-end=\"1292\"><strong data-start=\"865\" data-end=\"882\">V\u0113tras durvis<\/strong><br data-start=\"882\" data-end=\"885\" \/>Tipi trijst\u016bra formas priek\u0161\u0113j\u0101s durvis ir apr\u012bkotas ar vienu r\u0101v\u0113jsl\u0113dz\u0113ju, kas norakst\u0101s l\u012bdz gr\u012bdai. Katru durvju pusi var dro\u0161i noraut pie gr\u012bdas vai, ja t\u0101s netiek lietotas, saloc\u012bt un k\u0101rt\u012bgi uzglab\u0101t ar \u0101\u0137iem un cilp\u0101m. Ieb\u016bv\u0113ta sieta durvju sist\u0113ma nodro\u0161ina tipi ar vieglu v\u0113din\u0101\u0161anu. Ziemas apst\u0101k\u013ciem durvju r\u0101v\u0113jsl\u0113dz\u0113js ir aizsarg\u0101ts ar v\u0113tras aizsargu, lai nov\u0113rstu ledus un sniega uzkr\u0101\u0161anos.<\/p>\n<p class=\"\" data-start=\"1294\" data-end=\"1624\"><strong data-start=\"1294\" data-end=\"1314\">Aug\u0161\u0113jais v\u0101ci\u0146\u0161<\/strong><br data-start=\"1314\" data-end=\"1317\" \/>Katram tipi ir auduma lietus v\u0101ci\u0146\u0161, kas piln\u012bb\u0101 ir no\u0146emams, lai tipi kr\u0101sns skurstenis var\u0113tu izpl\u016bst caur tipi virsotni. V\u0101ci\u0146am ir papildus garas virves, ko var izmantot, lai notur\u0113tu to viet\u0101 stipros v\u0113jos vai, ja nepiecie\u0161ams, atv\u0113rtu to no zemes, lai nodro\u0161in\u0101tu papildu ventil\u0101ciju karstaj\u0101s dien\u0101s.<\/p>\n<p class=\"\" data-start=\"1626\" data-end=\"2287\"><strong data-start=\"1626\" data-end=\"1647\">Gr\u012bdas p\u0101rkl\u0101jums<\/strong><br data-start=\"1647\" data-end=\"1650\" \/>M\u016bsu Ultimate gr\u012bdas p\u0101rkl\u0101ji ir iztur\u012bgi, termiski sastiprin\u0101ti, 15,9 oz\/yd\u00b2 ripstop PVC. Piln\u012bgi \u016bdens un tvaiku necaurlaid\u012bgi, &#8220;vannas stila&#8221; gr\u012bda pace\u013cas 4 collas augstu, lai saglab\u0101tu sausumu pat st\u0101vo\u0161\u0101 \u016bden\u012b. Izmantojot smago, izm\u0113ra 10 r\u0101v\u0113jsl\u0113dz\u0113ju, lai pievienotu audumu pie gr\u012bdas, varat atv\u0113rt gr\u012bdu un izmantot virves, lai sasprindzin\u0101tu auduma sienas maksim\u0101lai ventil\u0101cijai. Gr\u012bdu var piln\u012bb\u0101 no\u0146emt p\u0101rvad\u0101\u0161anai, glab\u0101\u0161anai, t\u012br\u012b\u0161anai vai lai baud\u012btu z\u0101li vai smiltis zem k\u0101j\u0101m. Mazs att\u0101lums starp diviem r\u0101v\u0113jsl\u0113dz\u0113jiem aizmugur\u0113 \u013cauj elektriskajam kabelim iek\u013c\u016bt telt\u012b, netrauc\u0113jot aizsardz\u012bbu no lietus un kukai\u0146iem.<\/p>\n<p class=\"\" data-start=\"2289\" data-end=\"2654\"><strong data-start=\"2289\" data-end=\"2333\">Viens pavasara iel\u0101d\u0113ts centr\u0101lais stabs<\/strong><br data-start=\"2333\" data-end=\"2336\" \/>Kas padara CanvasCamp tipi unik\u0101lu, ir tas, ka tas piln\u012bb\u0101 balst\u0101s uz vienu smago centr\u0101lo stabu un auduma stiep\u0161an\u0101s sp\u0113ku, kas tiek nostiprin\u0101ts pie zemes. Iztur\u012bgais ni\u0137el\u0113tais t\u0113rauda stabs ir 30 mm (1,2 collas) diametr\u0101, un taj\u0101 ir iek\u0161\u0113jie pavasara iel\u0101d\u0113ti vadi, kas pal\u012bdz \u0101tri un viegli salikt staba sekcijas.<\/p>\n<p class=\"\" data-start=\"2656\" data-end=\"3026\"><strong data-start=\"2656\" data-end=\"2691\">Iztur\u012bgas virves un spriegot\u0101ji<\/strong><br data-start=\"2691\" data-end=\"2694\" \/>Lai \u0101tri uzsistu maigos laika apst\u0101k\u013cos, tipi var st\u0101v\u0113t ar\u012b bez virv\u0113m. Kad v\u0113j\u0161 g\u0101\u017eas, sniegs kr\u012bt vai, ja j\u016bs kemp\u0113jat ilgsto\u0161i, virves ir ieteicamas. M\u016bsu Ultimate s\u0113rija n\u0101k ar 3 mm virv\u0113m, kas j\u0101pievelk pirms pirm\u0101 uzst\u0101d\u012b\u0161anas. P\u0101rbaudiet m\u016bsu mont\u0101\u017eas instrukcijas, lai ieg\u016btu priek\u0161statu par s\u0101kotn\u0113jo uzst\u0101d\u012b\u0161anas procesu.<\/p>\n<p class=\"\" data-start=\"3028\" data-end=\"3511\"><strong data-start=\"3028\" data-end=\"3055\">T\u0113rauda stabi un naglas<\/strong><br data-start=\"3055\" data-end=\"3058\" \/>Tipi stabi ir paredz\u0113ti vieglai ievieto\u0161anai un iz\u0146em\u0161anai no vid\u0113ja veida zemes, piem\u0113ram, z\u0101les vai me\u017ea gr\u012bdas. Tipi ir tr\u012bs naglu komplekti: viens komplekts gr\u012bdai, viens audumam un viens virv\u0113m. Virvju naglas ir izliekta k\u0101 l\u0101psta, lai dro\u0161i tur\u0113tu spriegumu zem\u0113, un t\u0101m ir mala, lai nov\u0113rstu virves nokri\u0161anu. Gr\u012bdas naglas ir apa\u013cas, lai t\u0101s var\u0113tu izsl\u012bd\u0113t caur gromet\u0113m uz gr\u012bdas p\u0101rkl\u0101ja, un t\u0101m ir \u0101\u0137veida aug\u0161da\u013ca, lai notur\u0113tu gr\u012bdu viet\u0101.<\/p>\n<p class=\"\" data-start=\"3513\" data-end=\"3908\"><strong data-start=\"3513\" data-end=\"3534\">Klasiskais audums<\/strong><br data-start=\"3534\" data-end=\"3537\" \/>M\u016bsu Klasiskais audums (320 gr\/m\u00b2 vai 9.5 oz\/yd\u00b2) ir ide\u0101la l\u012bdzsvara kombin\u0101cija starp veiktsp\u0113ju un elpojam\u012bbu. M\u016bsu patent\u0113ta apstr\u0101de uzlabo auduma dabisko \u016bdensiztur\u012bbu un nodro\u0161ina lielisku aizsardz\u012bbu m\u0113renos klimatiskos apst\u0101k\u013cos un ikdienas lieto\u0161anai. T\u0101 ir labojama un atk\u0101rtoti apstr\u0101d\u0101jama, un pareizi uztur\u0113ts Klasiskais auduma telts var kalpot gadiem ilgi.<\/p>\n<p class=\"\" data-start=\"3910\" data-end=\"4370\"><strong data-start=\"3910\" data-end=\"3935\">100% kokvilnas audums<\/strong><br data-start=\"3935\" data-end=\"3938\" \/>M\u016bsu Sibley audums ir izgatavots tikai no 100% kokvilnas. Kokvilna tiek ieg\u016bta no \u0161\u012b iztur\u012bg\u0101 un sausuma iztur\u012bg\u0101 auga s\u0113klu \u0161\u0137iedr\u0101m. Ilgtsp\u0113j\u012bga, atjaunojama un viena no visbiolo\u0123iski no\u0101rd\u0101m\u0101m audumiem uz zemes. M\u016bsu audums ir maigs, dab\u012bgs, zemes kr\u0101sas b\u0113\u0161s, kas izstaro gaismu gan no iek\u0161puses, gan no \u0101rpuses gan dab\u012bgaj\u0101, gan m\u0101ksl\u012bgaj\u0101 apgaismojum\u0101. CanvasCamp ir vien\u012bgais tel\u0161u ra\u017eot\u0101js, kas n\u0113s\u0101 ofici\u0101lo Cotton\u00ae z\u012bmogu.<\/p>\n<p class=\"\" data-start=\"4372\" data-end=\"4853\"><strong data-start=\"4372\" data-end=\"4396\">Kr\u0101sns savietojam\u012bba<\/strong><br data-start=\"4396\" data-end=\"4399\" \/>Tipi ir savietojams ar jebkuru no m\u016bsu tel\u0161u kr\u0101sn\u012bm. Frontier Portat\u012bv\u0101 kr\u0101sns ir pieejama ar izv\u0113les Tipi piedurkn\u0113m (p\u0101rdod atsevi\u0161\u0137i), kas speci\u0101li paredz\u0113tas skurste\u0146a izpl\u016bdei caur CanvasCamp tipi virsotni. Visas citas kr\u0101snis var tikt ventil\u0113tas, izmantojot m\u016bsu modul\u0101ro kr\u0101sns ligzdu sist\u0113mu. Pareiza kr\u0101sns novietojums ir atkar\u012bgs no kr\u0101sns izm\u0113ra, tipi izm\u0113ra, skurste\u0146a izpl\u016bdes stila, v\u0113lam\u0101s temperat\u016bras un vides, kur\u0101 j\u016bs v\u0113laties kemp\u0113t.<\/p>\n<p class=\"\" data-start=\"4855\" data-end=\"5259\"><strong data-start=\"4855\" data-end=\"4878\">Papildu inform\u0101cija<\/strong><br data-start=\"4878\" data-end=\"4881\" \/>Canvas tips: Classic (285 gr\/m\u00b2 vai 8.44 oz\/yd\u00b2)<br data-start=\"4929\" data-end=\"4932\" \/>\u016adens kolonna: 3000mm<br data-start=\"4953\" data-end=\"4956\" \/>Max kapacit\u0101te: 8<br data-start=\"4973\" data-end=\"4976\" \/>Diametrs: 500 (5m\/16ft 5in)<br data-start=\"5003\" data-end=\"5006\" \/>Gr\u012bdas plat\u012bba: 19,6 m\u00b2 (210 ft\u00b2)<br data-start=\"5039\" data-end=\"5042\" \/>Gr\u012bdas materi\u0101ls: Classic (540 gr\/m\u00b2 vai 15.93 oz\/yd\u00b2)<br data-start=\"5096\" data-end=\"5099\" \/>Gr\u012bdas pievieno\u0161ana: R\u0101v\u0113jsl\u0113dz\u0113js<br data-start=\"5133\" data-end=\"5136\" \/>T\u012bkla durvju tips: Ieg\u016bts<br data-start=\"5161\" data-end=\"5164\" \/>Augstums: 355 cm (11ft 8in)<br data-start=\"5191\" data-end=\"5194\" \/>Naglas tips: Smag\u0101s duty<br data-start=\"5218\" data-end=\"5221\" \/>Kop\u0113jais svars (kg \/ lbs): 27.1 \/ 60.2<\/p>\n","protected":false},"excerpt":{"rendered":"<p>500 ir ide\u0101ls 4 luksusa kempinga viesiem uz karalienes gult\u0101m vai l\u012bdz pat 8 kemp\u0113jo\u0161ajiem uz gu\u013camspilveniem. Dinamisks konisk\u0101s formas<\/p>\n","protected":false},"featured_media":16508,"comment_status":"closed","ping_status":"closed","template":"","meta":[],"product_brand":[],"product_cat":[118,132],"product_tag":[],"class_list":{"0":"post-17592","1":"product","2":"type-product","3":"status-publish","4":"has-post-thumbnail","6":"product_cat-audekla-teltis","7":"product_cat-tipi-audekla-telts","9":"first","10":"instock","11":"purchasable","12":"product-type-simple"},"jetpack_sharing_enabled":true,"_links":{"self":[{"href":"https:\/\/fancyadventurefactory.com\/lv\/wp-json\/wp\/v2\/product\/17592","targetHints":{"allow":["GET"]}}],"collection":[{"href":"https:\/\/fancyadventurefactory.com\/lv\/wp-json\/wp\/v2\/product"}],"about":[{"href":"https:\/\/fancyadventurefactory.com\/lv\/wp-json\/wp\/v2\/types\/product"}],"replies":[{"embeddable":true,"href":"https:\/\/fancyadventurefactory.com\/lv\/wp-json\/wp\/v2\/comments?post=17592"}],"version-history":[{"count":1,"href":"https:\/\/fancyadventurefactory.com\/lv\/wp-json\/wp\/v2\/product\/17592\/revisions"}],"predecessor-version":[{"id":17593,"href":"https:\/\/fancyadventurefactory.com\/lv\/wp-json\/wp\/v2\/product\/17592\/revisions\/17593"}],"wp:featuredmedia":[{"embeddable":true,"href":"https:\/\/fancyadventurefactory.com\/lv\/wp-json\/wp\/v2\/media\/16508"}],"wp:attachment":[{"href":"https:\/\/fancyadventurefactory.com\/lv\/wp-json\/wp\/v2\/media?parent=17592"}],"wp:term":[{"taxonomy":"product_brand","embeddable":true,"href":"https:\/\/fancyadventurefactory.com\/lv\/wp-json\/wp\/v2\/product_brand?post=17592"},{"taxonomy":"product_cat","embeddable":true,"href":"https:\/\/fancyadventurefactory.com\/lv\/wp-json\/wp\/v2\/product_cat?post=17592"},{"taxonomy":"product_tag","embeddable":true,"href":"https:\/\/fancyadventurefactory.com\/lv\/wp-json\/wp\/v2\/product_tag?post=17592"}],"curies":[{"name":"wp","href":"https:\/\/api.w.org\/{rel}","templated":true}]}}