{"id":17622,"date":"2025-04-22T19:44:07","date_gmt":"2025-04-22T19:44:07","guid":{"rendered":"https:\/\/fancyadventurefactory.com\/?post_type=product&#038;p=17622"},"modified":"2025-04-22T19:50:07","modified_gmt":"2025-04-22T19:50:07","slug":"alembiks-eko-iesaceja-pamata-komplekts","status":"publish","type":"product","link":"https:\/\/fancyadventurefactory.com\/lv\/product\/alembiks-eko-iesaceja-pamata-komplekts\/","title":{"rendered":"Alembiks -EKO ies\u0101c\u0113ja pamata komplekts"},"content":{"rendered":"<h3 class=\"\" data-start=\"164\" data-end=\"244\"><strong data-start=\"168\" data-end=\"244\">Ies\u0101c\u0113ju EKO pamata komplekts \u2013 Ide\u0101ls s\u0101kums augu un ziedu destil\u0101cijai<\/strong><\/h3>\n<p class=\"\" data-start=\"246\" data-end=\"383\">Iepaz\u012bstin\u0101m ar <strong data-start=\"262\" data-end=\"297\">\u201cIes\u0101c\u0113ju EKO pamata komplektu\u201d<\/strong> \u2013 lielisku izv\u0113li ikvienam, kur\u0161 v\u0113las s\u0101kt destil\u0113t augus un ziedus m\u0101jas apst\u0101k\u013cos.<\/p>\n<p class=\"\" data-start=\"385\" data-end=\"735\">Komplekt\u0101 ietilpst <strong data-start=\"404\" data-end=\"441\">daudzfunkcion\u0101ls 3 litru alembiks<\/strong> ar kolonu, kas sp\u0113j uz\u0146emt l\u012bdz <strong data-start=\"474\" data-end=\"489\">200 gramiem<\/strong> augu vai ziedu. Viena no \u0161\u012b komplekta priek\u0161roc\u012bb\u0101m ir iesp\u0113ja kolonnu tuk\u0161ot un atk\u0101rtoti uzpild\u012bt, kad no augiem vai ziediem ir izdal\u012bjusies visa e\u013c\u013ca. Tas \u013cauj kolonnu uzpild\u012bt 3 l\u012bdz 5 reizes vien\u0101 destil\u0101cij\u0101, nodro\u0161inot optim\u0101lu rezult\u0101tu.<\/p>\n<p class=\"\" data-start=\"737\" data-end=\"902\">Vien\u0101 destil\u0101cij\u0101 iesp\u0113jams apstr\u0101d\u0101t no <strong data-start=\"778\" data-end=\"803\">200 l\u012bdz 1000 gramiem<\/strong> augu vai ziedu, ieg\u016bstot l\u012bdz pat <strong data-start=\"838\" data-end=\"863\">2\u20133 litriem hidrol\u0101ta<\/strong> un <strong data-start=\"867\" data-end=\"901\">10\u201312 ml t\u012bras \u0113terisk\u0101s e\u013c\u013cas<\/strong>.<\/p>\n<p class=\"\" data-start=\"904\" data-end=\"1092\">Alembiks ir izgatavots no <strong data-start=\"930\" data-end=\"960\">0.7 mm biezas vara loksnes<\/strong> ar <strong data-start=\"964\" data-end=\"988\">kalta virsmas apdari<\/strong>, k\u0101 ar\u012b misi\u0146a rokturiem un skr\u016bv\u0113m. T\u0101s savienojumi ir <strong data-start=\"1045\" data-end=\"1057\">knied\u0113ti<\/strong>, nodro\u0161inot ilgm\u016b\u017e\u012bbu un iztur\u012bbu.<\/p>\n<hr class=\"\" data-start=\"1094\" data-end=\"1097\" \/>\n<h3 class=\"\" data-start=\"1099\" data-end=\"1126\"><strong data-start=\"1103\" data-end=\"1126\">Komplekt\u0101 ietilpst:<\/strong><\/h3>\n<ul data-start=\"1128\" data-end=\"1392\">\n<li class=\"\" data-start=\"1128\" data-end=\"1204\">\n<p class=\"\" data-start=\"1130\" data-end=\"1204\">Vid\u0113ja izm\u0113ra <strong data-start=\"1144\" data-end=\"1168\">termometrs (0\u2013120\u00b0C)<\/strong> \u2013 prec\u012bzai temperat\u016bras kontrolei<\/p>\n<\/li>\n<li class=\"\" data-start=\"1205\" data-end=\"1264\">\n<p class=\"\" data-start=\"1207\" data-end=\"1264\"><strong data-start=\"1207\" data-end=\"1237\">Kolonnu atdal\u012b\u0161anas re\u017e\u0123is<\/strong> \u2013 nov\u0113r\u0161 aizsprostojumus<\/p>\n<\/li>\n<li class=\"\" data-start=\"1265\" data-end=\"1324\">\n<p class=\"\" data-start=\"1267\" data-end=\"1324\"><strong data-start=\"1267\" data-end=\"1295\">Katla atdal\u012b\u0161anas re\u017e\u0123is<\/strong> \u2013 nov\u0113r\u0161 piedeg\u0161anu apak\u0161\u0101<\/p>\n<\/li>\n<li class=\"\" data-start=\"1325\" data-end=\"1392\">\n<p class=\"\" data-start=\"1327\" data-end=\"1392\"><strong data-start=\"1327\" data-end=\"1357\">100 ml atdal\u012b\u0161anas piltuve<\/strong> \u2013 \u0113rtai e\u013c\u013cas un \u016bdens atdal\u012b\u0161anai<\/p>\n<\/li>\n<\/ul>\n<hr class=\"\" data-start=\"1394\" data-end=\"1397\" \/>\n<h3 class=\"\" data-start=\"1399\" data-end=\"1433\"><strong data-start=\"1403\" data-end=\"1433\">Kvalit\u0101te\u00a0<\/strong><\/h3>\n<p class=\"\" data-start=\"1435\" data-end=\"1660\">\u00a0Visi\u00a0 alembiki ir <strong data-start=\"1567\" data-end=\"1581\">roku darbs<\/strong>, tradicion\u0101li izgatavoti no <strong data-start=\"1610\" data-end=\"1628\">100% t\u012bra vara<\/strong>, bez svina vai kait\u012bg\u0101m viel\u0101m.<\/p>\n<p class=\"\" data-start=\"1662\" data-end=\"1790\">M\u0113s pied\u0101v\u0101jam ar\u012b pla\u0161u <strong data-start=\"1687\" data-end=\"1738\">dekorat\u012bvo, funkcion\u0101lo un industri\u0101lo alembiku<\/strong> kl\u0101stu, k\u0101 ar\u012b rezerves da\u013cas visiem m\u016bsu mode\u013ciem.<\/p>\n<hr class=\"\" data-start=\"1792\" data-end=\"1795\" \/>\n<h3 class=\"\" data-start=\"1797\" data-end=\"1835\"><strong data-start=\"1801\" data-end=\"1835\">Iek\u013cauti ar\u012b m\u0101c\u012bbu materi\u0101li:<\/strong><\/h3>\n<ul data-start=\"1837\" data-end=\"2224\">\n<li class=\"\" data-start=\"1837\" data-end=\"2005\">\n<p class=\"\" data-start=\"1839\" data-end=\"2005\"><strong data-start=\"1839\" data-end=\"1878\">DVD ar distil\u0101cijas video pam\u0101c\u012bb\u0101m<\/strong>, tostarp alkohometra darb\u012bbas demonstr\u0101cija un da\u017e\u0101du produktu destil\u0101cija (piem\u0113ram, v\u012bns, lavanda, piparm\u0113tra, salvija u.c.)<\/p>\n<\/li>\n<li class=\"\" data-start=\"2006\" data-end=\"2166\">\n<p class=\"\" data-start=\"2008\" data-end=\"2166\"><strong data-start=\"2008\" data-end=\"2048\">Detaliz\u0113ts destil\u0101cijas rokasgr\u0101mata<\/strong>, kas ietver t\u0113mas par da\u017e\u0101diem destil\u0101cijas veidiem, aromterapiju, \u0113terisko e\u013c\u013cu ieguvi un m\u0101j\u0101s gatavotiem li\u0137ieriem<\/p>\n<\/li>\n<li class=\"\" data-start=\"2167\" data-end=\"2224\">\n<p class=\"\" data-start=\"2169\" data-end=\"2224\"><strong data-start=\"2169\" data-end=\"2196\">Vair\u0101k nek\u0101 50 receptes<\/strong> m\u0101jas li\u0137ieru pagatavo\u0161anai<\/p>\n<\/li>\n<\/ul>\n<hr class=\"\" data-start=\"2226\" data-end=\"2229\" \/>\n<h3 class=\"\" data-start=\"2231\" data-end=\"2263\"><strong data-start=\"2235\" data-end=\"2263\">Uzticam\u012bba un garantija:<\/strong><\/h3>\n<ul data-start=\"2265\" data-end=\"2376\">\n<li class=\"\" data-start=\"2265\" data-end=\"2312\">\n<p class=\"\" data-start=\"2267\" data-end=\"2312\"><strong data-start=\"2267\" data-end=\"2279\">15 dienu<\/strong> p\u0101rbaudes periods p\u0113c sa\u0146em\u0161anas<\/p>\n<\/li>\n<li class=\"\" data-start=\"2313\" data-end=\"2353\">\n<p class=\"\" data-start=\"2315\" data-end=\"2353\"><strong data-start=\"2315\" data-end=\"2335\">3 gadu garantija<\/strong> visiem produktiem<\/p>\n<\/li>\n<li class=\"\" data-start=\"2354\" data-end=\"2376\">\n<p class=\"\" data-start=\"2356\" data-end=\"2376\">Pieg\u0101de vis\u0101 pasaul\u0113<\/p>\n<\/li>\n<\/ul>\n<hr class=\"\" data-start=\"2378\" data-end=\"2381\" \/>\n<p class=\"\" data-start=\"2383\" data-end=\"2580\"><strong data-start=\"2383\" data-end=\"2418\">\u201cIes\u0101c\u0113ju EKO pamata komplekts\u201d<\/strong> ir ide\u0101la izv\u0113le retai vai neregul\u0101rai lieto\u0161anai m\u0101j\u0101s \u2013 vienk\u0101r\u0161s, uzticams un efekt\u012bvs risin\u0101jums, lai s\u0101ktu savu ce\u013cu dabas sp\u0113ka atkl\u0101\u0161an\u0101 caur destil\u0101ciju.<\/p>\n","protected":false},"excerpt":{"rendered":"<p class=\"\" data-start=\"162\" data-end=\"226\"><strong data-start=\"162\" data-end=\"226\">EKO pamata komplekts augu un ziedu destil\u0101cijai (ies\u0101c\u0113jiem)<\/strong><\/p>\n<hr class=\"\" data-start=\"228\" data-end=\"231\" \/>\n<h3 class=\"\" data-start=\"233\" data-end=\"253\">\ud83c\udf3f <strong data-start=\"240\" data-end=\"253\">Apraksts:<\/strong><\/h3>\n<p class=\"\" data-start=\"255\" data-end=\"586\">Speci\u0101li izveidots komplekts augu un ziedu destil\u0101cijai m\u0101jas apst\u0101k\u013cos. ECO modelis ir ekonomiskais variants, ide\u0101li piem\u0113rots lieto\u0161anai m\u0101j\u0101s \u2013 gan retai, gan neregul\u0101rai destil\u0101cijai. \u0160is komplekts ir lieliska izv\u0113le ies\u0101c\u0113jiem, kuri v\u0113las izzin\u0101t \u0113terisko e\u013c\u013cu un hidrol\u0101tu pasauli, izmantojot vienk\u0101r\u0161as un efekt\u012bvas metodes.<\/p>\n","protected":false},"featured_media":17608,"comment_status":"open","ping_status":"closed","template":"","meta":[],"product_brand":[153],"product_cat":[155,157],"product_tag":[],"class_list":{"0":"post-17622","1":"product","2":"type-product","3":"status-publish","4":"has-post-thumbnail","6":"product_brand-maritas-stills","7":"product_cat-alembiki","8":"product_cat-augu-un-ziedu-destilacija","10":"first","11":"onbackorder","12":"taxable","13":"shipping-taxable","14":"purchasable","15":"product-type-simple"},"jetpack_sharing_enabled":true,"_links":{"self":[{"href":"https:\/\/fancyadventurefactory.com\/lv\/wp-json\/wp\/v2\/product\/17622","targetHints":{"allow":["GET"]}}],"collection":[{"href":"https:\/\/fancyadventurefactory.com\/lv\/wp-json\/wp\/v2\/product"}],"about":[{"href":"https:\/\/fancyadventurefactory.com\/lv\/wp-json\/wp\/v2\/types\/product"}],"replies":[{"embeddable":true,"href":"https:\/\/fancyadventurefactory.com\/lv\/wp-json\/wp\/v2\/comments?post=17622"}],"version-history":[{"count":2,"href":"https:\/\/fancyadventurefactory.com\/lv\/wp-json\/wp\/v2\/product\/17622\/revisions"}],"predecessor-version":[{"id":17624,"href":"https:\/\/fancyadventurefactory.com\/lv\/wp-json\/wp\/v2\/product\/17622\/revisions\/17624"}],"wp:featuredmedia":[{"embeddable":true,"href":"https:\/\/fancyadventurefactory.com\/lv\/wp-json\/wp\/v2\/media\/17608"}],"wp:attachment":[{"href":"https:\/\/fancyadventurefactory.com\/lv\/wp-json\/wp\/v2\/media?parent=17622"}],"wp:term":[{"taxonomy":"product_brand","embeddable":true,"href":"https:\/\/fancyadventurefactory.com\/lv\/wp-json\/wp\/v2\/product_brand?post=17622"},{"taxonomy":"product_cat","embeddable":true,"href":"https:\/\/fancyadventurefactory.com\/lv\/wp-json\/wp\/v2\/product_cat?post=17622"},{"taxonomy":"product_tag","embeddable":true,"href":"https:\/\/fancyadventurefactory.com\/lv\/wp-json\/wp\/v2\/product_tag?post=17622"}],"curies":[{"name":"wp","href":"https:\/\/api.w.org\/{rel}","templated":true}]}}