{"id":17642,"date":"2025-04-22T20:11:59","date_gmt":"2025-04-22T20:11:59","guid":{"rendered":"https:\/\/fancyadventurefactory.com\/?post_type=product&#038;p=17642"},"modified":"2025-04-22T20:15:35","modified_gmt":"2025-04-22T20:15:35","slug":"alembiks-popularakais-iesaceju-pamata-komplekts","status":"publish","type":"product","link":"https:\/\/fancyadventurefactory.com\/lv\/product\/alembiks-popularakais-iesaceju-pamata-komplekts\/","title":{"rendered":"Alembiks- Popul\u0101r\u0101kais ies\u0101c\u0113ju pamata komplekts"},"content":{"rendered":"<p data-sourcepos=\"1:1-1:214\">Iepaz\u012bstin\u0101m ar <strong>&#8220;Top Ies\u0101c\u0113ju Pamata Komplektu&#8221;<\/strong> \u2013 izcilu modeli, kas apr\u012bkots ar e\u0146\u0123i, pateicoties kurai var\u0113siet \u0113rti iztuk\u0161ot un atk\u0101rtoti piepild\u012bt kolonnu, kad augu vai ziedu \u0113terisk\u0101 e\u013c\u013ca b\u016bs iztvaikojusi.<\/p>\n<p data-sourcepos=\"3:1-3:61\">\u0160is komplekts iek\u013cauj <strong>3 litru rot\u0113jo\u0161u kolonnas alembiku<\/strong>.<\/p>\n<p data-sourcepos=\"5:1-5:231\">Katla tilpums ir 3 litri, savuk\u0101rt aptuven\u0101 ievietojam\u0101 masa kolonn\u0101 ir 300 g augu vai ziedu. Tas noz\u012bm\u0113, ka, piepildot kolonnu 3 l\u012bdz 5 reizes vien\u0101 destil\u0101cijas proces\u0101, j\u016bs varat destil\u0113t no 300 l\u012bdz 1500 gramiem augu vai ziedu.<\/p>\n<p data-sourcepos=\"7:1-7:102\">Ar \u0161o alembiku j\u016bs ieg\u016bsiet no 2 l\u012bdz 2,5 litriem hidrol\u0101ta un no 10 l\u012bdz 15 ml t\u012bras \u0113terisk\u0101s e\u013c\u013cas.<\/p>\n<p data-sourcepos=\"9:1-9:150\">Turkl\u0101t tas ir izgatavots no 1 mm biezas kalta vara loksnes, ar kaltu apdari, misi\u0146a rokturiem un uzgrie\u017e\u0146iem, k\u0101 ar\u012b ar metin\u0101t\u0101m savienojuma viet\u0101m.<\/p>\n<p data-sourcepos=\"11:1-11:74\"><strong>&#8220;Top Ies\u0101c\u0113ju Pamata Komplekt\u0101&#8221;<\/strong> ir iek\u013cauti vair\u0101ki b\u016btiski piederumi.<\/p>\n<p data-sourcepos=\"13:1-13:14\">Starp tiem ir:<\/p>\n<ul data-sourcepos=\"15:1-20:0\">\n<li data-sourcepos=\"15:1-15:40\"><strong>3 litru rot\u0113jo\u0161a kolonnas alembiks<\/strong><\/li>\n<li data-sourcepos=\"16:1-16:73\"><strong>Vid\u0113ja izm\u0113ra 0\u2013120\u00ba termometrs<\/strong> destil\u0101cijas temperat\u016bras kontrolei<\/li>\n<li data-sourcepos=\"17:1-17:117\"><strong>Kolonnas atdal\u012b\u0161anas re\u017e\u0123is<\/strong>, lai nov\u0113rstu augu pacel\u0161anos un caurules, kas ved uz kondensatoru, aizsprosto\u0161anos<\/li>\n<li data-sourcepos=\"18:1-18:112\"><strong>Katla atdal\u012b\u0161anas re\u017e\u0123is<\/strong>, lai nov\u0113rstu ciet\u0101 produkta pielip\u0161anu katla dibenam tie\u0161\u0101s destil\u0101cijas proces\u0101<\/li>\n<li data-sourcepos=\"19:1-20:0\"><strong>100 ml atdal\u012b\u0161anas piltuve<\/strong> e\u013c\u013cas atdal\u012b\u0161anai no \u016bdens<\/li>\n<\/ul>\n<p data-sourcepos=\"21:1-21:52\"><strong>K\u0101p\u0113c uztic\u0113ties Maritas destil\u0101cijas apar\u0101tiem?<\/strong><\/p>\n<p data-sourcepos=\"23:1-23:208\">Jo m\u0113s esam ra\u017eot\u0101ji, un j\u016bs p\u0113rkat tie\u0161i no r\u016bpn\u012bcas, bez starpniekiem vai komisijas maksas. M\u016bsu alembiki ir roku darbs un tradicion\u0101li izgatavoti no 100% vara, neizmantojot svinu vai citas kait\u012bgas vielas.<\/p>\n<p data-sourcepos=\"25:1-25:188\">M\u0113s pied\u0101v\u0101jam pla\u0161u dekorat\u012bvu, funkcion\u0101lu, industri\u0101lu alembiku un rezerves da\u013cu kl\u0101stu visiem m\u016bsu mode\u013ciem. M\u0113s izce\u013camies ar savu produktu kvalit\u0101ti un piln\u012bgu klientu apmierin\u0101t\u012bbu.<\/p>\n<p data-sourcepos=\"27:1-27:214\">Turkl\u0101t m\u0113s pied\u0101v\u0101jam 15 dienu garantiju, lai p\u0101rbaud\u012btu m\u016bsu produktu kvalit\u0101ti, un 3 gadu garantiju visiem m\u016bsu produktiem. M\u0113s pieg\u0101d\u0101jam vis\u0101 pasaul\u0113 un komplekt\u0101 iek\u013caujam DVD ar destil\u0101cijas video pam\u0101c\u012bb\u0101m.<\/p>\n<p data-sourcepos=\"29:1-29:213\">DVD iek\u013cauti video, kas skaidro, k\u0101 darbojas alkoholmetrs, v\u012bna, v\u012bnogu izspa\u017eu, b\u0101zes spirta destil\u0101cija un rektifik\u0101cija, k\u0101 ar\u012b lavandas, piparm\u0113tras, salvijas destil\u0101cija un aug\u013cu un b\u0101zes spirta ferment\u0101cija.<\/p>\n<p data-sourcepos=\"31:1-31:225\">M\u0113s nodro\u0161in\u0101m ar\u012b visaptvero\u0161u destil\u0101cijas rokasgr\u0101matu, kas aptver t\u0101das t\u0113mas k\u0101 destil\u0101cijas veidi, stiprie alkoholiskie dz\u0113rieni (an\u012bsa degv\u012bns, brendijs, konjaks, d\u017eins, li\u0137ieri, rums, viskijs, pisco) un li\u0137ieru veidi.<\/p>\n<p data-sourcepos=\"33:1-33:242\">Papildus tam j\u016bs atrad\u012bsiet inform\u0101ciju par Gal\u012bcijas v\u012bnogu izspa\u017eu ra\u017eo\u0161anu, k\u0101 pagatavot m\u0101jas li\u0137ierus ar vair\u0101k nek\u0101 50 recept\u0113m, aromterapiju, \u0113terisko e\u013c\u013cu ieguvi, piesardz\u012bbas pas\u0101kumiem un padomiem, k\u0101 ar\u012b praktiskiem vingrin\u0101jumiem.<\/p>\n<p data-sourcepos=\"35:1-35:180\">Rezum\u0113jot, <strong>&#8220;Top Ies\u0101c\u0113ju Pamata Komplekts&#8221;<\/strong> ir lieliski piem\u0113rots augu un ziedu destil\u0101cijai. Tas ir ide\u0101li piem\u0113rots tiem, kas s\u0101k savu ce\u013cu \u0113terisko e\u013c\u013cu destil\u0101cijas pasaul\u0113.<\/p>\n<p data-sourcepos=\"37:1-37:103\">\u0160is <strong>TOP modelis<\/strong> ir visaugst\u0101k\u0101s kvalit\u0101tes un ir ieteicams intens\u012bvai vai profesion\u0101lai lieto\u0161anai.<\/p>\n","protected":false},"excerpt":{"rendered":"<p><strong>Ies\u0101c\u0113ju komplekts augu un ziedu destil\u0101cijai:<\/strong> Speriet pirmos so\u013cus \u0113terisko e\u013c\u013cu pasaul\u0113 ar m\u016bsu speci\u0101li izstr\u0101d\u0101to komplektu. M\u016bsu <strong>TOP modelis<\/strong> ir augst\u0101k\u0101s kvalit\u0101tes iek\u0101rta, kas paredz\u0113ta gan intens\u012bvai lieto\u0161anai, gan profesion\u0101\u013ciem, nodro\u0161inot izcilus rezult\u0101tus.<\/p>\n","protected":false},"featured_media":17640,"comment_status":"open","ping_status":"closed","template":"","meta":[],"product_brand":[153],"product_cat":[155,157],"product_tag":[],"class_list":{"0":"post-17642","1":"product","2":"type-product","3":"status-publish","4":"has-post-thumbnail","6":"product_brand-maritas-stills","7":"product_cat-alembiki","8":"product_cat-augu-un-ziedu-destilacija","10":"first","11":"onbackorder","12":"taxable","13":"shipping-taxable","14":"purchasable","15":"product-type-simple"},"jetpack_sharing_enabled":true,"_links":{"self":[{"href":"https:\/\/fancyadventurefactory.com\/lv\/wp-json\/wp\/v2\/product\/17642","targetHints":{"allow":["GET"]}}],"collection":[{"href":"https:\/\/fancyadventurefactory.com\/lv\/wp-json\/wp\/v2\/product"}],"about":[{"href":"https:\/\/fancyadventurefactory.com\/lv\/wp-json\/wp\/v2\/types\/product"}],"replies":[{"embeddable":true,"href":"https:\/\/fancyadventurefactory.com\/lv\/wp-json\/wp\/v2\/comments?post=17642"}],"version-history":[{"count":1,"href":"https:\/\/fancyadventurefactory.com\/lv\/wp-json\/wp\/v2\/product\/17642\/revisions"}],"predecessor-version":[{"id":17643,"href":"https:\/\/fancyadventurefactory.com\/lv\/wp-json\/wp\/v2\/product\/17642\/revisions\/17643"}],"wp:featuredmedia":[{"embeddable":true,"href":"https:\/\/fancyadventurefactory.com\/lv\/wp-json\/wp\/v2\/media\/17640"}],"wp:attachment":[{"href":"https:\/\/fancyadventurefactory.com\/lv\/wp-json\/wp\/v2\/media?parent=17642"}],"wp:term":[{"taxonomy":"product_brand","embeddable":true,"href":"https:\/\/fancyadventurefactory.com\/lv\/wp-json\/wp\/v2\/product_brand?post=17642"},{"taxonomy":"product_cat","embeddable":true,"href":"https:\/\/fancyadventurefactory.com\/lv\/wp-json\/wp\/v2\/product_cat?post=17642"},{"taxonomy":"product_tag","embeddable":true,"href":"https:\/\/fancyadventurefactory.com\/lv\/wp-json\/wp\/v2\/product_tag?post=17642"}],"curies":[{"name":"wp","href":"https:\/\/api.w.org\/{rel}","templated":true}]}}