{"id":17843,"date":"2025-08-20T18:14:12","date_gmt":"2025-08-20T18:14:12","guid":{"rendered":"https:\/\/fancyadventurefactory.com\/?post_type=product&#038;p=17843"},"modified":"2025-08-20T18:15:05","modified_gmt":"2025-08-20T18:15:05","slug":"karcher-wd-1-compact-battery-set-a-multi-purpose-vacuum-cleaner","status":"publish","type":"product","link":"https:\/\/fancyadventurefactory.com\/lv\/product\/karcher-wd-1-compact-battery-set-a-multi-purpose-vacuum-cleaner\/","title":{"rendered":"K\u00e4rcher WD 1 Compact Battery Set  a multi-purpose vacuum cleaner"},"content":{"rendered":"<p>Want the full functionality of a multi-purpose vacuum cleaner without having to rely on mains power? No problem for the cordless entry-level multi-purpose vacuum cleaner WD 1 Compact Battery Set with its compact, portable design. The battery included in the set provides a run time of 10 minutes and uses Real Time Technology to show the battery status on the integrated LCD display at all times.<br \/>\nA robust, shock-proof plastic container with a seven-litre capacity. Thanks to the cartridge filter, it&#8217;s easy to vacuum up dry and wet dirt without having to change the filter.<br \/>\nA flow-optimised suction hose and the special accessories for cleaning car interiors, such as the crevice nozzle and upholstery nozzle, ensure that dirt is completely removed. Accessories can be conveniently tidied away when taking a break from work or for storage.Further equipment features: blower function, &#8220;Pull &#038; Push&#8221; locking system, ergonomic carrying handle and practical accessory and hose storage with rubber band.Thanks to its compatibility with the 18 V Battery Power battery platform, the battery can also be used in other devices on this platform.<\/p>\n<p>Features and benefits<br \/>\n18 V Battery Power exchangeable battery<br \/>\nMakes it possible to work without the need for a power supply and therefore achieve maximum freedom of movement.<br \/>\nReal Time Technology with LCD battery display: remaining running time, remaining charging time and battery capacity.<br \/>\nCompatible with all devices in the 18 V Battery Power system.<br \/>\nCompact, portable design<br \/>\nIndividual and flexible use. Convenient to transport.<br \/>\nSpecial cartridge filter<br \/>\nFor wet and dry vacuuming without filter replacement.<br \/>\nSpecial accessories for interior car cleaning<br \/>\nIdeal for interior car cleaning.<br \/>\nFor the best cleaning results \u2013 whether dry, wet, fine or coarse dirt.<br \/>\nFor maximum vacuuming convenience and flexibility.<br \/>\nPractical blower function<br \/>\nWhere vacuuming is not possible, the practical blower function can be used.<br \/>\nEffortless dirt removal, e.g. from a gravel bed.<br \/>\nPractical hose storage<br \/>\nSimple to secure the suction hose for transport using the rubber band.<br \/>\nPractical accessory storage<br \/>\nSpace-saving, secure and easily accessible accessory storage.<br \/>\n&#8220;Pull &#038; Push&#8221; locking system<br \/>\nFor quick, easy and safe opening and closing of the container.<br \/>\nErgonomically shaped carrying handle<br \/>\nMachine is easy and convenient to transport.<\/p>\n","protected":false},"excerpt":{"rendered":"<p>Product Specifications<\/p>\n<p>Rated Input Power: 230 W<br \/>\nContainer Capacity: 7 L<br \/>\nContainer Material: Plastic<\/p>\n<p>Battery Type: Lithium-ion replacement battery<br \/>\nBattery Platform: Battery Power<br \/>\nBattery Voltage: 18 V<br \/>\nBattery Capacity (Manufacturer\u2019s Specs): 2.5 Ah<br \/>\nBattery Capacity (IEC EN 61690): 2.4 Ah<br \/>\nBattery Running Time: 10 min<br \/>\nCharging Time (Standard Charger): 5 h<br \/>\nCharger Current Type: 100\u2013240 V \/ 50\u201360 Hz<br \/>\nOutput Power: 0.5 A<\/p>\n<p>Weight (without accessories): 3.1 kg<br \/>\nDimensions (L \u00d7 W \u00d7 H): 386 \u00d7 279 \u00d7 312 mm<\/p>\n<p>Functions:<\/p>\n<p>Blower function<\/p>\n<p>Accessory storage<\/p>\n<p>Included Equipment<\/p>\n<p>1 \u00d7 Suction hose, 1.2 m (\u00d8 35 mm)<\/p>\n<p>1 \u00d7 Rechargeable lithium-ion battery (18 V, 2.5 Ah)<\/p>\n<p>1 \u00d7 Charger<\/p>\n<p>1 \u00d7 Cartridge filter, PES (rot-proof)<\/p>\n<p>1 \u00d7 Crevice nozzle<\/p>\n<p>1 \u00d7 Upholstery nozzle<\/p>\n<p>1 \u00d7 Paper filter bag<\/p>\n","protected":false},"featured_media":17844,"comment_status":"open","ping_status":"closed","template":"","meta":[],"product_brand":[177],"product_cat":[178,179],"product_tag":[],"class_list":{"0":"post-17843","1":"product","2":"type-product","3":"status-publish","4":"has-post-thumbnail","6":"product_brand-karcher","7":"product_cat-karcher","8":"product_cat-vacuum-cleaner","10":"first","11":"instock","12":"taxable","13":"shipping-taxable","14":"purchasable","15":"product-type-simple"},"jetpack_sharing_enabled":true,"_links":{"self":[{"href":"https:\/\/fancyadventurefactory.com\/lv\/wp-json\/wp\/v2\/product\/17843","targetHints":{"allow":["GET"]}}],"collection":[{"href":"https:\/\/fancyadventurefactory.com\/lv\/wp-json\/wp\/v2\/product"}],"about":[{"href":"https:\/\/fancyadventurefactory.com\/lv\/wp-json\/wp\/v2\/types\/product"}],"replies":[{"embeddable":true,"href":"https:\/\/fancyadventurefactory.com\/lv\/wp-json\/wp\/v2\/comments?post=17843"}],"version-history":[{"count":2,"href":"https:\/\/fancyadventurefactory.com\/lv\/wp-json\/wp\/v2\/product\/17843\/revisions"}],"predecessor-version":[{"id":17855,"href":"https:\/\/fancyadventurefactory.com\/lv\/wp-json\/wp\/v2\/product\/17843\/revisions\/17855"}],"wp:featuredmedia":[{"embeddable":true,"href":"https:\/\/fancyadventurefactory.com\/lv\/wp-json\/wp\/v2\/media\/17844"}],"wp:attachment":[{"href":"https:\/\/fancyadventurefactory.com\/lv\/wp-json\/wp\/v2\/media?parent=17843"}],"wp:term":[{"taxonomy":"product_brand","embeddable":true,"href":"https:\/\/fancyadventurefactory.com\/lv\/wp-json\/wp\/v2\/product_brand?post=17843"},{"taxonomy":"product_cat","embeddable":true,"href":"https:\/\/fancyadventurefactory.com\/lv\/wp-json\/wp\/v2\/product_cat?post=17843"},{"taxonomy":"product_tag","embeddable":true,"href":"https:\/\/fancyadventurefactory.com\/lv\/wp-json\/wp\/v2\/product_tag?post=17843"}],"curies":[{"name":"wp","href":"https:\/\/api.w.org\/{rel}","templated":true}]}}